{"id":8918348,"date":"2018-09-07T13:32:08","date_gmt":"2018-09-07T11:32:08","guid":{"rendered":"https:\/\/regiontatry.sk\/ubytovanie\/kulonleges-ajanlatok\/kongresy\/"},"modified":"2025-02-17T21:45:40","modified_gmt":"2025-02-17T20:45:40","slug":"kongresszusok","status":"publish","type":"page","link":"https:\/\/regiontatry.sk\/hu\/ubytovanie\/kulonleges-ajanlatok\/kongresszusok\/","title":{"rendered":"Kongresszusok"},"content":{"rendered":"\n<p>V\u00e1lasszon az al\u00e1bbi terek k\u00f6z\u00fcl kongresszusok, konferenci\u00e1k, \u00fczleti tal\u00e1lkoz\u00f3k, v\u00e1llalati, kultur\u00e1lis \u00e9s t\u00e1rsadalmi esem\u00e9nyek lebonyol\u00edt\u00e1s\u00e1ra. Saj\u00e1tos term\u00e9szeti, kultur\u00e1lis \u00e9s t\u00f6rt\u00e9nelmi h\u00e1tter\u00e9nek k\u00f6sz\u00f6nhet\u0151en a Magas-T\u00e1tra ide\u00e1lis kongresszusi c\u00e9lpontj\u00e1v\u00e1 is v\u00e1lhat.<\/p>\n\n\n\n<p><\/p>\n","protected":false},"excerpt":{"rendered":"<p>V\u00e1lasszon az al\u00e1bbi terek k\u00f6z\u00fcl kongresszusok, konferenci\u00e1k, \u00fczleti tal\u00e1lkoz\u00f3k, v\u00e1llalati, kultur\u00e1lis \u00e9s t\u00e1rsadalmi esem\u00e9nyek lebonyol\u00edt\u00e1s\u00e1ra. Saj\u00e1tos term\u00e9szeti, kultur\u00e1lis \u00e9s t\u00f6rt\u00e9nelmi h\u00e1tter\u00e9nek k\u00f6sz\u00f6nhet\u0151en a Magas-T\u00e1tra ide\u00e1lis kongresszusi c\u00e9lpontj\u00e1v\u00e1 is v\u00e1lhat.<\/p>\n","protected":false},"author":1,"featured_media":0,"parent":8918336,"menu_order":0,"comment_status":"closed","ping_status":"closed","template":"template-objects.php","meta":{"footnotes":""},"class_list":["post-8918348","page","type-page","status-publish","hentry"],"_links":{"self":[{"href":"https:\/\/regiontatry.sk\/hu\/wp-json\/wp\/v2\/pages\/8918348"}],"collection":[{"href":"https:\/\/regiontatry.sk\/hu\/wp-json\/wp\/v2\/pages"}],"about":[{"href":"https:\/\/regiontatry.sk\/hu\/wp-json\/wp\/v2\/types\/page"}],"author":[{"embeddable":true,"href":"https:\/\/regiontatry.sk\/hu\/wp-json\/wp\/v2\/users\/1"}],"replies":[{"embeddable":true,"href":"https:\/\/regiontatry.sk\/hu\/wp-json\/wp\/v2\/comments?post=8918348"}],"version-history":[{"count":2,"href":"https:\/\/regiontatry.sk\/hu\/wp-json\/wp\/v2\/pages\/8918348\/revisions"}],"predecessor-version":[{"id":10119138,"href":"https:\/\/regiontatry.sk\/hu\/wp-json\/wp\/v2\/pages\/8918348\/revisions\/10119138"}],"up":[{"embeddable":true,"href":"https:\/\/regiontatry.sk\/hu\/wp-json\/wp\/v2\/pages\/8918336"}],"wp:attachment":[{"href":"https:\/\/regiontatry.sk\/hu\/wp-json\/wp\/v2\/media?parent=8918348"}],"curies":[{"name":"wp","href":"https:\/\/api.w.org\/{rel}","templated":true}]}}