{"id":8918352,"date":"2018-09-07T13:30:21","date_gmt":"2018-09-07T11:30:21","guid":{"rendered":"https:\/\/regiontatry.sk\/ubytovanie\/kulonleges-ajanlatok\/dog-pet-friendly\/"},"modified":"2025-02-17T21:44:51","modified_gmt":"2025-02-17T20:44:51","slug":"dog-pet-friendly","status":"publish","type":"page","link":"https:\/\/regiontatry.sk\/hu\/ubytovanie\/kulonleges-ajanlatok\/dog-pet-friendly\/","title":{"rendered":"Kutya\/\u00e1llatbar\u00e1t"},"content":{"rendered":"\n<p>Sz\u00e1lljon meg ezeken a sz\u00e1ll\u00e1shelyeken kedvenc\u00e9vel \u00e9s \u00e9lvezze egy\u00fctt a t\u00e1trai nyaral\u00e1st!\u00a0\u00a0<\/p>\n","protected":false},"excerpt":{"rendered":"<p>Sz\u00e1lljon meg ezeken a sz\u00e1ll\u00e1shelyeken kedvenc\u00e9vel \u00e9s \u00e9lvezze egy\u00fctt a t\u00e1trai nyaral\u00e1st!\u00a0\u00a0<\/p>\n","protected":false},"author":1,"featured_media":0,"parent":8918336,"menu_order":0,"comment_status":"closed","ping_status":"closed","template":"template-objects.php","meta":{"footnotes":""},"class_list":["post-8918352","page","type-page","status-publish","hentry"],"_links":{"self":[{"href":"https:\/\/regiontatry.sk\/hu\/wp-json\/wp\/v2\/pages\/8918352"}],"collection":[{"href":"https:\/\/regiontatry.sk\/hu\/wp-json\/wp\/v2\/pages"}],"about":[{"href":"https:\/\/regiontatry.sk\/hu\/wp-json\/wp\/v2\/types\/page"}],"author":[{"embeddable":true,"href":"https:\/\/regiontatry.sk\/hu\/wp-json\/wp\/v2\/users\/1"}],"replies":[{"embeddable":true,"href":"https:\/\/regiontatry.sk\/hu\/wp-json\/wp\/v2\/comments?post=8918352"}],"version-history":[{"count":1,"href":"https:\/\/regiontatry.sk\/hu\/wp-json\/wp\/v2\/pages\/8918352\/revisions"}],"predecessor-version":[{"id":10119137,"href":"https:\/\/regiontatry.sk\/hu\/wp-json\/wp\/v2\/pages\/8918352\/revisions\/10119137"}],"up":[{"embeddable":true,"href":"https:\/\/regiontatry.sk\/hu\/wp-json\/wp\/v2\/pages\/8918336"}],"wp:attachment":[{"href":"https:\/\/regiontatry.sk\/hu\/wp-json\/wp\/v2\/media?parent=8918352"}],"curies":[{"name":"wp","href":"https:\/\/api.w.org\/{rel}","templated":true}]}}