{"id":8918354,"date":"2018-09-07T13:24:21","date_gmt":"2018-09-07T11:24:21","guid":{"rendered":"https:\/\/regiontatry.sk\/ubytovanie\/kulonleges-ajanlatok\/family-friendly\/"},"modified":"2025-02-17T21:43:40","modified_gmt":"2025-02-17T20:43:40","slug":"family-friendly","status":"publish","type":"page","link":"https:\/\/regiontatry.sk\/hu\/ubytovanie\/kulonleges-ajanlatok\/family-friendly\/","title":{"rendered":"Csal\u00e1dbar\u00e1t"},"content":{"rendered":"\n<p>Tal\u00e1lja meg csal\u00e1dja sz\u00e1m\u00e1ra a megfelel\u0151 sz\u00e1ll\u00e1st ezen CSAL\u00c1Dbar\u00e1t sz\u00e1ll\u00e1shelyek egyik\u00e9ben, \u00e9s \u00e9ljen \u00e1t egy csod\u00e1latos, csal\u00e1di k\u00e9nyelemmel teli nyaral\u00e1st k\u00f6zvetlen\u00fcl a Magas-T\u00e1tr\u00e1ban!<\/p>\n","protected":false},"excerpt":{"rendered":"<p>Tal\u00e1lja meg csal\u00e1dja sz\u00e1m\u00e1ra a megfelel\u0151 sz\u00e1ll\u00e1st ezen CSAL\u00c1Dbar\u00e1t sz\u00e1ll\u00e1shelyek egyik\u00e9ben, \u00e9s \u00e9ljen \u00e1t egy csod\u00e1latos, csal\u00e1di k\u00e9nyelemmel teli nyaral\u00e1st k\u00f6zvetlen\u00fcl a Magas-T\u00e1tr\u00e1ban!<\/p>\n","protected":false},"author":1,"featured_media":0,"parent":8918336,"menu_order":0,"comment_status":"closed","ping_status":"closed","template":"template-objects.php","meta":{"footnotes":""},"class_list":["post-8918354","page","type-page","status-publish","hentry"],"_links":{"self":[{"href":"https:\/\/regiontatry.sk\/hu\/wp-json\/wp\/v2\/pages\/8918354"}],"collection":[{"href":"https:\/\/regiontatry.sk\/hu\/wp-json\/wp\/v2\/pages"}],"about":[{"href":"https:\/\/regiontatry.sk\/hu\/wp-json\/wp\/v2\/types\/page"}],"author":[{"embeddable":true,"href":"https:\/\/regiontatry.sk\/hu\/wp-json\/wp\/v2\/users\/1"}],"replies":[{"embeddable":true,"href":"https:\/\/regiontatry.sk\/hu\/wp-json\/wp\/v2\/comments?post=8918354"}],"version-history":[{"count":2,"href":"https:\/\/regiontatry.sk\/hu\/wp-json\/wp\/v2\/pages\/8918354\/revisions"}],"predecessor-version":[{"id":10119135,"href":"https:\/\/regiontatry.sk\/hu\/wp-json\/wp\/v2\/pages\/8918354\/revisions\/10119135"}],"up":[{"embeddable":true,"href":"https:\/\/regiontatry.sk\/hu\/wp-json\/wp\/v2\/pages\/8918336"}],"wp:attachment":[{"href":"https:\/\/regiontatry.sk\/hu\/wp-json\/wp\/v2\/media?parent=8918354"}],"curies":[{"name":"wp","href":"https:\/\/api.w.org\/{rel}","templated":true}]}}