{"id":8918356,"date":"2018-09-07T13:28:28","date_gmt":"2018-09-07T11:28:28","guid":{"rendered":"https:\/\/regiontatry.sk\/ubytovanie\/kulonleges-ajanlatok\/bike-friendly\/"},"modified":"2025-02-17T21:44:13","modified_gmt":"2025-02-17T20:44:13","slug":"bike-friendly","status":"publish","type":"page","link":"https:\/\/regiontatry.sk\/hu\/ubytovanie\/kulonleges-ajanlatok\/bike-friendly\/","title":{"rendered":"Ker\u00e9kp\u00e1rbar\u00e1t"},"content":{"rendered":"\n<p>K\u00e9nyeztesse mag\u00e1t egy felejthetetlen \u00e9lm\u00e9nnyel. Fedezze fel ker\u00e9kp\u00e1rja nyerg\u00e9b\u0151l a Magas-T\u00e1tr\u00e1t, \u00e9s sz\u00e1lljon meg a BIKE-bar\u00e1t sz\u00e1ll\u00e1sok egyik\u00e9ben, k\u00f6zvetlen\u00fcl a T\u00e1tra r\u00e9gi\u00f3ban, amely t\u00f6bb mint 300 km jelzett ker\u00e9kp\u00e1r\u00fatvonalat k\u00edn\u00e1l.<\/p>\n","protected":false},"excerpt":{"rendered":"<p>K\u00e9nyeztesse mag\u00e1t egy felejthetetlen \u00e9lm\u00e9nnyel. Fedezze fel ker\u00e9kp\u00e1rja nyerg\u00e9b\u0151l a Magas-T\u00e1tr\u00e1t, \u00e9s sz\u00e1lljon meg a BIKE-bar\u00e1t sz\u00e1ll\u00e1sok egyik\u00e9ben, k\u00f6zvetlen\u00fcl a T\u00e1tra r\u00e9gi\u00f3ban, amely t\u00f6bb mint 300 km jelzett ker\u00e9kp\u00e1r\u00fatvonalat k\u00edn\u00e1l.<\/p>\n","protected":false},"author":1,"featured_media":0,"parent":8918336,"menu_order":0,"comment_status":"closed","ping_status":"closed","template":"template-objects.php","meta":{"footnotes":""},"class_list":["post-8918356","page","type-page","status-publish","hentry"],"_links":{"self":[{"href":"https:\/\/regiontatry.sk\/hu\/wp-json\/wp\/v2\/pages\/8918356"}],"collection":[{"href":"https:\/\/regiontatry.sk\/hu\/wp-json\/wp\/v2\/pages"}],"about":[{"href":"https:\/\/regiontatry.sk\/hu\/wp-json\/wp\/v2\/types\/page"}],"author":[{"embeddable":true,"href":"https:\/\/regiontatry.sk\/hu\/wp-json\/wp\/v2\/users\/1"}],"replies":[{"embeddable":true,"href":"https:\/\/regiontatry.sk\/hu\/wp-json\/wp\/v2\/comments?post=8918356"}],"version-history":[{"count":1,"href":"https:\/\/regiontatry.sk\/hu\/wp-json\/wp\/v2\/pages\/8918356\/revisions"}],"predecessor-version":[{"id":10119136,"href":"https:\/\/regiontatry.sk\/hu\/wp-json\/wp\/v2\/pages\/8918356\/revisions\/10119136"}],"up":[{"embeddable":true,"href":"https:\/\/regiontatry.sk\/hu\/wp-json\/wp\/v2\/pages\/8918336"}],"wp:attachment":[{"href":"https:\/\/regiontatry.sk\/hu\/wp-json\/wp\/v2\/media?parent=8918356"}],"curies":[{"name":"wp","href":"https:\/\/api.w.org\/{rel}","templated":true}]}}