{"id":9999423,"date":"2018-07-18T14:48:09","date_gmt":"2018-07-18T12:48:09","guid":{"rendered":"https:\/\/regiontatry.sk\/excursii-de-iarna\/"},"modified":"2024-11-20T22:53:56","modified_gmt":"2024-11-20T21:53:56","slug":"teli-kirandulasok","status":"publish","type":"page","link":"https:\/\/regiontatry.sk\/hu\/teli-kirandulasok\/","title":{"rendered":"T\u00e9li kir\u00e1ndul\u00e1sok"},"content":{"rendered":"\n<p>A t\u00e9l meg\u00e9rkez\u00e9s\u00e9vel Magas T\u00e1tr\u00e1ban az igazi kaland csak kezd\u0151dik.<\/p>\n\n\n\n<p>A t\u00f6k\u00e9letesen kezelt s\u00edp\u00e1ly\u00e1kon val\u00f3 s\u00edel\u00e9sen k\u00edv\u00fcl a feh\u00e9r t\u00e1trai term\u00e9szetre val\u00f3 legszebb kil\u00e1t\u00e1sokkal \u00e9s a lejt\u0151n val\u00f3 nem v\u00e9gz\u0151d\u0151 sz\u00f3rakoz\u00e1son k\u00edv\u00fcl t\u00f6bb val\u00f3di t\u00e9li kaland \u00e9s \u00e9lm\u00e9ny v\u00e1r \u00d6n\u00f6kre.<\/p>\n\n\n\n<p>Kiruccanhatnak <strong>a t\u00e1trai v\u00f6lgyekbe romantikus s\u00e9t\u00e1ra<\/strong>, ahol a t\u00e9li szezon folyam\u00e1n ak\u00e1r <strong>20 km jel\u00f6lt turisztikai \u00f6sv\u00e9ny <\/strong>van kit\u0171zve, megk\u00f3stolhatj\u00e1k a <strong>h\u00edres mened\u00e9kh\u00e1zas te\u00e1t a 12 magashegyi mened\u00e9kh\u00e1z egyik\u00e9ben<\/strong>, amelyek ajtaja l\u00e1togat\u00f3ik sz\u00e1m\u00e1ra eg\u00e9sz \u00e9vben nyitva van vagy nekiindulhatnak eg\u00e9szen az <strong>\u00f3ri\u00e1shegys\u00e9g havas cs\u00facs\u00e1ra hegyi vezet\u0151vel<\/strong>.<\/p>\n\n\n\n<p>Adrenalin adagra van sz\u00fcks\u00e9g\u00fck? Ha tapasztalt s\u00edz\u0151k \u00e9s a hegyek megrend\u00edthetetlen im\u00e1d\u00f3ik,&nbsp;<strong>lesikl\u00e1s a sz\u0171zies h\u00f3ban egyed\u00fcl\u00e1ll\u00f3 kil\u00e1t\u00e1ssal <\/strong>t\u00f6k\u00e9letes \u00e9lm\u00e9ny lesz \u00d6n\u00f6k sz\u00e1m\u00e1ra. Adj\u00e1k meg magukat a term\u00e9szetnek skialpinizmuson kereszt\u00fcl!<\/p>\n\n\n\n<p>Szeretne gyermekei sz\u00e1m\u00e1ra valami rendk\u00edv\u00fclit k\u00e9sz\u00edteni? Vigy\u00e9k \u0151ket <strong>kir\u00e1ndul\u00e1sra k\u00f6t\u00e9lp\u00e1ly\u00e1val eg\u00e9szen a <\/strong>t\u00e1trai \u00f3ri\u00e1sok<strong> meredek cs\u00facsai al\u00e1<\/strong>. Gy\u00f6ny\u00f6r\u0171 \u00e9lm\u00e9nyeket visznek el magukkal \u00e9s \u00d6n\u00f6k \u00e9lvezhetik a <strong>legszebb t\u00e1trai panor\u00e1m\u00e1kat<\/strong>.<\/p>\n\n\n\n<p>A t\u00e9li \u00fcd\u00fcl\u00e9s Magas T\u00e1tr\u00e1ban pihen\u00e9shez, akt\u00edv relaxhoz vagy \u00faj sportok kiv\u00e1laszt\u00e1s\u00e1nak lehet\u0151s\u00e9g\u00e9hez a legjobb v\u00e1laszt\u00e1s.<\/p>\n\n\n\n<p>&nbsp;<\/p>\n\n\n\t<div class=\"wp-block-cgb-block-creanet-grid category-list cell small-12 medium-4 cg\">\n\t\t<div class=\"cell small-12 medium-12 large-12 medium-order-1\">\n\t\t\t<a href=\"https:\/\/regiontatry.sk\/hu\/teli-kirandulasok\/teli-turizmus\/\">\n\t\t\t\t<div class=\"background-grid-color\"><\/div>\n\t\t\t\t\t\t\t\t\t<figure><img decoding=\"async\" src=\"https:\/\/regiontatry.sk\/wp-content\/uploads\/2018\/07\/DSC_1373_2000.jpg\" alt=\"\"\n\t\t\t\t\t\t\t\t title=\"DSC_1373_2000\"\/><\/figure>\n\t\t\t\t\t\t\t\t<h3>T\u00e9li turizmus<\/h3>\t\t\t\t\t\t\t<\/a>\n\t\t<\/div>\n\t<\/div>\n\t\n\n\t<div class=\"wp-block-cgb-block-creanet-grid category-list cell small-12 medium-4 cg\">\n\t\t<div class=\"cell small-12 medium-12 large-12 medium-order-1\">\n\t\t\t<a href=\"https:\/\/regiontatry.sk\/hu\/teli-kirandulasok\/skialpinizmus\/\">\n\t\t\t\t<div class=\"background-grid-color\"><\/div>\n\t\t\t\t\t\t\t\t\t<figure><img decoding=\"async\" src=\"https:\/\/regiontatry.sk\/wp-content\/uploads\/2024\/02\/9_Martin-Kolba.jpg\" alt=\"\"\n\t\t\t\t\t\t\t\t title=\"_9_Martin Kolba\"\/><\/figure>\n\t\t\t\t\t\t\t\t<h3>Skialpinizmus<\/h3>\t\t\t\t\t\t\t<\/a>\n\t\t<\/div>\n\t<\/div>\n\t\n\n\t<div class=\"wp-block-cgb-block-creanet-grid category-list cell small-12 medium-4 cg\">\n\t\t<div class=\"cell small-12 medium-12 large-12 medium-order-1\">\n\t\t\t<a href=\"https:\/\/regiontatry.sk\/hu\/teli-kirandulasok\/magashegyi-menedekhazak-2\/\">\n\t\t\t\t<div class=\"background-grid-color\"><\/div>\n\t\t\t\t\t\t\t\t\t<figure><img decoding=\"async\" src=\"https:\/\/regiontatry.sk\/wp-content\/uploads\/2024\/02\/IMG_2214-Edit-Edit-Edit.jpg\" alt=\"\"\n\t\t\t\t\t\t\t\t title=\"IMG_2214-Edit-Edit-Edit\"\/><\/figure>\n\t\t\t\t\t\t\t\t<h3>Magashegyi mened\u00e9kh\u00e1zak<\/h3>\t\t\t\t\t\t\t<\/a>\n\t\t<\/div>\n\t<\/div>\n\t\n\n\t<div class=\"wp-block-cgb-block-creanet-grid category-list cell small-12 medium-4 cg\">\n\t\t<div class=\"cell small-12 medium-12 large-12 medium-order-1\">\n\t\t\t<a href=\"https:\/\/regiontatry.sk\/hu\/teli-kirandulasok\/kotelpalyakkal-a-kilatasokhoz-2\/\">\n\t\t\t\t<div class=\"background-grid-color\"><\/div>\n\t\t\t\t\t\t\t\t\t<figure><img decoding=\"async\" src=\"https:\/\/regiontatry.sk\/wp-content\/uploads\/2024\/02\/c-Marek-Hajkovsky-foto-LS-2020_134_11zon-1.jpg\" alt=\"\"\n\t\t\t\t\t\t\t\t title=\"c Marek Hajkovsky foto LS 2020_134_11zon (1)\"\/><\/figure>\n\t\t\t\t\t\t\t\t<h3>K\u00f6t\u00e9lp\u00e1ly\u00e1kkal a kil\u00e1t\u00e1sokhoz<\/h3>\t\t\t\t\t\t\t<\/a>\n\t\t<\/div>\n\t<\/div>\n\t","protected":false},"excerpt":{"rendered":"<p>A t\u00e9l meg\u00e9rkez\u00e9s\u00e9vel Magas T\u00e1tr\u00e1ban az igazi kaland csak kezd\u0151dik. A t\u00f6k\u00e9letesen kezelt s\u00edp\u00e1ly\u00e1kon val\u00f3 s\u00edel\u00e9sen k\u00edv\u00fcl a feh\u00e9r t\u00e1trai term\u00e9szetre val\u00f3 legszebb kil\u00e1t\u00e1sokkal \u00e9s a lejt\u0151n val\u00f3 nem v\u00e9gz\u0151d\u0151 sz\u00f3rakoz\u00e1son k\u00edv\u00fcl t\u00f6bb val\u00f3di t\u00e9li kaland \u00e9s \u00e9lm\u00e9ny v\u00e1r \u00d6n\u00f6kre. Kiruccanhatnak a t\u00e1trai v\u00f6lgyekbe romantikus s\u00e9t\u00e1ra, ahol a t\u00e9li szezon folyam\u00e1n ak\u00e1r 20 km jel\u00f6lt [&hellip;]<\/p>\n","protected":false},"author":1,"featured_media":9999424,"parent":0,"menu_order":0,"comment_status":"closed","ping_status":"closed","template":"template-list.php","meta":{"footnotes":""},"class_list":["post-9999423","page","type-page","status-publish","has-post-thumbnail","hentry"],"_links":{"self":[{"href":"https:\/\/regiontatry.sk\/hu\/wp-json\/wp\/v2\/pages\/9999423"}],"collection":[{"href":"https:\/\/regiontatry.sk\/hu\/wp-json\/wp\/v2\/pages"}],"about":[{"href":"https:\/\/regiontatry.sk\/hu\/wp-json\/wp\/v2\/types\/page"}],"author":[{"embeddable":true,"href":"https:\/\/regiontatry.sk\/hu\/wp-json\/wp\/v2\/users\/1"}],"replies":[{"embeddable":true,"href":"https:\/\/regiontatry.sk\/hu\/wp-json\/wp\/v2\/comments?post=9999423"}],"version-history":[{"count":4,"href":"https:\/\/regiontatry.sk\/hu\/wp-json\/wp\/v2\/pages\/9999423\/revisions"}],"predecessor-version":[{"id":9999438,"href":"https:\/\/regiontatry.sk\/hu\/wp-json\/wp\/v2\/pages\/9999423\/revisions\/9999438"}],"wp:featuredmedia":[{"embeddable":true,"href":"https:\/\/regiontatry.sk\/hu\/wp-json\/wp\/v2\/media\/9999424"}],"wp:attachment":[{"href":"https:\/\/regiontatry.sk\/hu\/wp-json\/wp\/v2\/media?parent=9999423"}],"curies":[{"name":"wp","href":"https:\/\/api.w.org\/{rel}","templated":true}]}}