{"id":13239226,"date":"2026-01-14T08:19:56","date_gmt":"2026-01-14T07:19:56","guid":{"rendered":"https:\/\/regiontatry.sk\/enjoy-tatras-2\/"},"modified":"2026-01-20T09:28:36","modified_gmt":"2026-01-20T08:28:36","slug":"enjoy-tatras-2","status":"publish","type":"page","link":"https:\/\/regiontatry.sk\/pl\/enjoy-tatras-2\/","title":{"rendered":"Enjoy Tatras"},"content":{"rendered":"\n<p><strong>Enjoy Tatras<\/strong> to ekskluzywna marka organizacji zarz\u0105dzaj\u0105cej destynacj\u0105 (DMO) dla dw\u00f3ch silnych region\u00f3w S\u0142owacji \u2013 <strong>Tatr Wysokich i Liptowa<\/strong>. Promujemy niezapomniane wra\u017cenia dla ka\u017cdego.<\/p>\n\n\n\n<p>Planujesz je\u017adzi\u0107 na nartach w najs\u0142ynniejszych o\u015brodkach narciarskich, wynaj\u0105\u0107 luksusowy g\u00f3rski domek, odkrywa\u0107 zapieraj\u0105ce dech w piersiach g\u00f3ry lub miejsca pe\u0142ne dziedzictwa kulturowego?<\/p>\n\n\n\n<p>A mo\u017ce pop\u0142ywa\u0107 po Liptowskiej Marze, podziwia\u0107 pi\u0119kne w\u0105wozy, wodospady i jaskinie ? Pomo\u017cemy Ci odkry\u0107 ukryte skarby naszego niesamowitego kraju.<\/p>\n\n\n\n<p>Nasz\u0105 pasj\u0105 jest prezentowanie <strong>autentycznych lokalnych atrakcji<\/strong>, aby\u015b m\u00f3g\u0142 naprawd\u0119 <em>dozna\u0107 prawdziwej S\u0142owacji<\/em>.<\/p>\n\n\n\n<figure class=\"wp-block-gallery has-nested-images columns-default is-cropped wp-block-gallery-2 is-layout-flex wp-block-gallery-is-layout-flex\">\n<figure class=\"wp-block-image size-large\"><img loading=\"lazy\" decoding=\"async\" width=\"1024\" height=\"684\" data-id=\"8876110\" src=\"https:\/\/regiontatry.sk\/wp-content\/uploads\/2023\/04\/17_11zon-1024x684.jpg\" alt=\"\" class=\"wp-image-8876110\" srcset=\"https:\/\/regiontatry.sk\/wp-content\/uploads\/2023\/04\/17_11zon-1024x684.jpg 1024w, https:\/\/regiontatry.sk\/wp-content\/uploads\/2023\/04\/17_11zon-300x200.jpg 300w, https:\/\/regiontatry.sk\/wp-content\/uploads\/2023\/04\/17_11zon-768x513.jpg 768w, https:\/\/regiontatry.sk\/wp-content\/uploads\/2023\/04\/17_11zon-1536x1025.jpg 1536w, https:\/\/regiontatry.sk\/wp-content\/uploads\/2023\/04\/17_11zon-1920x1282.jpg 1920w, https:\/\/regiontatry.sk\/wp-content\/uploads\/2023\/04\/17_11zon-1705x1138.jpg 1705w, https:\/\/regiontatry.sk\/wp-content\/uploads\/2023\/04\/17_11zon-860x574.jpg 860w, https:\/\/regiontatry.sk\/wp-content\/uploads\/2023\/04\/17_11zon-698x466.jpg 698w, https:\/\/regiontatry.sk\/wp-content\/uploads\/2023\/04\/17_11zon-552x368.jpg 552w, https:\/\/regiontatry.sk\/wp-content\/uploads\/2023\/04\/17_11zon.jpg 2048w\" sizes=\"(max-width: 1024px) 100vw, 1024px\" \/><\/figure>\n\n\n\n<figure class=\"wp-block-image size-large\"><img loading=\"lazy\" decoding=\"async\" width=\"1024\" height=\"683\" data-id=\"13227962\" src=\"https:\/\/regiontatry.sk\/wp-content\/uploads\/2026\/01\/09-small-1024x683.jpg\" alt=\"\" class=\"wp-image-13227962\" srcset=\"https:\/\/regiontatry.sk\/wp-content\/uploads\/2026\/01\/09-small-1024x683.jpg 1024w, https:\/\/regiontatry.sk\/wp-content\/uploads\/2026\/01\/09-small-300x200.jpg 300w, https:\/\/regiontatry.sk\/wp-content\/uploads\/2026\/01\/09-small-768x512.jpg 768w, https:\/\/regiontatry.sk\/wp-content\/uploads\/2026\/01\/09-small-1536x1024.jpg 1536w, https:\/\/regiontatry.sk\/wp-content\/uploads\/2026\/01\/09-small-2048x1365.jpg 2048w, https:\/\/regiontatry.sk\/wp-content\/uploads\/2026\/01\/09-small-1920x1280.jpg 1920w, https:\/\/regiontatry.sk\/wp-content\/uploads\/2026\/01\/09-small-1705x1137.jpg 1705w, https:\/\/regiontatry.sk\/wp-content\/uploads\/2026\/01\/09-small-860x573.jpg 860w, https:\/\/regiontatry.sk\/wp-content\/uploads\/2026\/01\/09-small-698x465.jpg 698w, https:\/\/regiontatry.sk\/wp-content\/uploads\/2026\/01\/09-small-552x368.jpg 552w\" sizes=\"(max-width: 1024px) 100vw, 1024px\" \/><\/figure>\n\n\n\n<figure class=\"wp-block-image size-large\"><img loading=\"lazy\" decoding=\"async\" width=\"1024\" height=\"722\" data-id=\"13227942\" src=\"https:\/\/regiontatry.sk\/wp-content\/uploads\/2026\/01\/MalyJavorovystit_01-1024x722.jpg\" alt=\"\" class=\"wp-image-13227942\" srcset=\"https:\/\/regiontatry.sk\/wp-content\/uploads\/2026\/01\/MalyJavorovystit_01-1024x722.jpg 1024w, https:\/\/regiontatry.sk\/wp-content\/uploads\/2026\/01\/MalyJavorovystit_01-300x212.jpg 300w, https:\/\/regiontatry.sk\/wp-content\/uploads\/2026\/01\/MalyJavorovystit_01-768x541.jpg 768w, https:\/\/regiontatry.sk\/wp-content\/uploads\/2026\/01\/MalyJavorovystit_01-1536x1083.jpg 1536w, https:\/\/regiontatry.sk\/wp-content\/uploads\/2026\/01\/MalyJavorovystit_01-2048x1444.jpg 2048w, https:\/\/regiontatry.sk\/wp-content\/uploads\/2026\/01\/MalyJavorovystit_01-1920x1354.jpg 1920w, https:\/\/regiontatry.sk\/wp-content\/uploads\/2026\/01\/MalyJavorovystit_01-1705x1202.jpg 1705w, https:\/\/regiontatry.sk\/wp-content\/uploads\/2026\/01\/MalyJavorovystit_01-860x606.jpg 860w, https:\/\/regiontatry.sk\/wp-content\/uploads\/2026\/01\/MalyJavorovystit_01-698x492.jpg 698w, https:\/\/regiontatry.sk\/wp-content\/uploads\/2026\/01\/MalyJavorovystit_01-552x389.jpg 552w\" sizes=\"(max-width: 1024px) 100vw, 1024px\" \/><\/figure>\n<\/figure>\n\n\n\n<p><\/p>\n\n\n\n<p><strong>ENJOY TATRAS <\/strong>\u2013 pilota\u017cowy projekt, pierwszy tego rodzaju na S\u0142owacji, to firma oparta na zarz\u0105dzaniu destynacj\u0105, kt\u00f3ra \u0142\u0105czy dwie niezawodne i silne regionalne organizacje turystyczne \u2013 <strong>OOCR Region Liptov oraz OOCR Region Vysok\u00e9 Tatry, <\/strong>uosabiaj\u0105c ich wiedz\u0119 i do\u015bwiadczenie. Jej g\u0142\u00f3wnym celem jest promocja wspania\u0142ego regionu tatrza\u0144skiego na S\u0142owacji.<\/p>\n\n\n\n<p>Nie chcemy powtarza\u0107 pustych frazes\u00f3w. Chcemy przedstawi\u0107 pi\u0119kny region Tatr, jaki znamy, podkre\u015bli\u0107 jego znacz\u0105c\u0105 pozycj\u0119 w Europie Wschodniej. Nasz\u0105 si\u0142\u0105 nap\u0119dow\u0105 jest entuzjazm. Jeste\u015bmy gotowi pokaza\u0107 wyj\u0105tkowo\u015b\u0107 tego regionu, zaoferowa\u0107 niezwyk\u0142e i wyj\u0105tkowe wra\u017cenia.<\/p>\n\n\n\n<p>Jeste\u015bmy gotowi doradzi\u0107 odwiedzaj\u0105cym w planowaniu pobytu w Tatrach Wysokich i na Liptowie:&nbsp;<\/p>\n\n\n\n<ul class=\"wp-block-list\">\n<li>Wskaz\u00f3wki dotycz\u0105ce najpi\u0119kniejszych tras turystycznych<\/li>\n\n\n\n<li>Propozycje najlepszego zakwaterowania w pensjonatach, domkach, hotelach i kompleksach rekreacyjnych r\u00f3\u017cnych kategorii \u2013 od najprostszych po najbardziej luksusowe<\/li>\n\n\n\n<li>&nbsp;Us\u0142ugi w regionie: skipassy, wypo\u017cyczalnie sprz\u0119tu sportowego, transport, wynajem samochod\u00f3w, us\u0142ugi przewodnickie, wst\u0119py do aquapark\u00f3w, zaj\u0119cia rekreacyjne,<\/li>\n\n\n\n<li>us\u0142ugi dodatkowe \u2013 nauka jazdy na nartach w szko\u0142ach narciarskich, fresh track, zwiedzanie jaski\u0144, loty widokowe, rozrywka apr\u00e8s ski, golf<\/li>\n<\/ul>\n\n\n\n<p><\/p>\n\n\n\n<figure class=\"wp-block-gallery has-nested-images columns-default is-cropped wp-block-gallery-3 is-layout-flex wp-block-gallery-is-layout-flex\">\n<figure class=\"wp-block-image size-large\"><img loading=\"lazy\" decoding=\"async\" width=\"1024\" height=\"719\" data-id=\"9994770\" src=\"https:\/\/regiontatry.sk\/wp-content\/uploads\/2024\/11\/\u00a9-Marek-Hajkovsky-foto-VT-kampan-zima-2024_115-e1732222566500-1024x719.jpg\" alt=\"ly\u017eovanie Skalnat\u00e9 pleso\" class=\"wp-image-9994770\" srcset=\"https:\/\/regiontatry.sk\/wp-content\/uploads\/2024\/11\/\u00a9-Marek-Hajkovsky-foto-VT-kampan-zima-2024_115-e1732222566500-1024x719.jpg 1024w, https:\/\/regiontatry.sk\/wp-content\/uploads\/2024\/11\/\u00a9-Marek-Hajkovsky-foto-VT-kampan-zima-2024_115-e1732222566500-300x211.jpg 300w, https:\/\/regiontatry.sk\/wp-content\/uploads\/2024\/11\/\u00a9-Marek-Hajkovsky-foto-VT-kampan-zima-2024_115-e1732222566500-768x540.jpg 768w, https:\/\/regiontatry.sk\/wp-content\/uploads\/2024\/11\/\u00a9-Marek-Hajkovsky-foto-VT-kampan-zima-2024_115-e1732222566500-860x604.jpg 860w, https:\/\/regiontatry.sk\/wp-content\/uploads\/2024\/11\/\u00a9-Marek-Hajkovsky-foto-VT-kampan-zima-2024_115-e1732222566500-698x490.jpg 698w, https:\/\/regiontatry.sk\/wp-content\/uploads\/2024\/11\/\u00a9-Marek-Hajkovsky-foto-VT-kampan-zima-2024_115-e1732222566500-552x388.jpg 552w, https:\/\/regiontatry.sk\/wp-content\/uploads\/2024\/11\/\u00a9-Marek-Hajkovsky-foto-VT-kampan-zima-2024_115-e1732222566500.jpg 1096w\" sizes=\"(max-width: 1024px) 100vw, 1024px\" \/><\/figure>\n\n\n\n<figure class=\"wp-block-image size-large\"><img loading=\"lazy\" decoding=\"async\" width=\"1024\" height=\"662\" data-id=\"10270045\" src=\"https:\/\/regiontatry.sk\/wp-content\/uploads\/2025\/06\/c-Marek-Hajkovsky-foto-VT-letna-kampan-2024_39-1024x662.jpg\" alt=\"\" class=\"wp-image-10270045\" srcset=\"https:\/\/regiontatry.sk\/wp-content\/uploads\/2025\/06\/c-Marek-Hajkovsky-foto-VT-letna-kampan-2024_39-1024x662.jpg 1024w, https:\/\/regiontatry.sk\/wp-content\/uploads\/2025\/06\/c-Marek-Hajkovsky-foto-VT-letna-kampan-2024_39-300x194.jpg 300w, https:\/\/regiontatry.sk\/wp-content\/uploads\/2025\/06\/c-Marek-Hajkovsky-foto-VT-letna-kampan-2024_39-768x496.jpg 768w, https:\/\/regiontatry.sk\/wp-content\/uploads\/2025\/06\/c-Marek-Hajkovsky-foto-VT-letna-kampan-2024_39-860x556.jpg 860w, https:\/\/regiontatry.sk\/wp-content\/uploads\/2025\/06\/c-Marek-Hajkovsky-foto-VT-letna-kampan-2024_39-698x451.jpg 698w, https:\/\/regiontatry.sk\/wp-content\/uploads\/2025\/06\/c-Marek-Hajkovsky-foto-VT-letna-kampan-2024_39-552x357.jpg 552w, https:\/\/regiontatry.sk\/wp-content\/uploads\/2025\/06\/c-Marek-Hajkovsky-foto-VT-letna-kampan-2024_39.jpg 1400w\" sizes=\"(max-width: 1024px) 100vw, 1024px\" \/><\/figure>\n\n\n\n<figure class=\"wp-block-image size-full\"><img loading=\"lazy\" decoding=\"async\" width=\"800\" height=\"480\" data-id=\"13228816\" src=\"https:\/\/regiontatry.sk\/wp-content\/uploads\/2026\/01\/c-Marek-Hajkovsky-foto-VT-letna-kampan-2024_179-1.webp\" alt=\"\" class=\"wp-image-13228816\" srcset=\"https:\/\/regiontatry.sk\/wp-content\/uploads\/2026\/01\/c-Marek-Hajkovsky-foto-VT-letna-kampan-2024_179-1.webp 800w, https:\/\/regiontatry.sk\/wp-content\/uploads\/2026\/01\/c-Marek-Hajkovsky-foto-VT-letna-kampan-2024_179-1-300x180.webp 300w, https:\/\/regiontatry.sk\/wp-content\/uploads\/2026\/01\/c-Marek-Hajkovsky-foto-VT-letna-kampan-2024_179-1-768x461.webp 768w, https:\/\/regiontatry.sk\/wp-content\/uploads\/2026\/01\/c-Marek-Hajkovsky-foto-VT-letna-kampan-2024_179-1-698x419.webp 698w, https:\/\/regiontatry.sk\/wp-content\/uploads\/2026\/01\/c-Marek-Hajkovsky-foto-VT-letna-kampan-2024_179-1-552x331.webp 552w\" sizes=\"(max-width: 800px) 100vw, 800px\" \/><\/figure>\n<\/figure>\n\n\n\n<h3 class=\"wp-block-heading\"><br><br>Z KIM WSP\u00d3\u0141PRACUJEMY?<br><\/h3>\n\n\n\n<p>Jako firma oparta na zarz\u0105dzaniu destynacj\u0105, stworzona przez dwie najsilniejsze organizacje turystyczne na S\u0142owacji, \u0142\u0105czymy wszystkich kluczowych partner\u00f3w w regionach Lipt\u00f3w i Tatry Wysokie. Jeste\u015bmy partnerami hoteli i pensjonat\u00f3w wszystkich kategorii, o\u015brodk\u00f3w narciarskich, park\u00f3w wodnych i termalnych, uzdrowisk, organizator\u00f3w zimowych i letnich atrakcji, w\u0142adz miejskich, park\u00f3w rozrywki oraz wszelkich us\u0142ug, kt\u00f3rych turysta potrzebuje, aby sp\u0119dzi\u0107 idealne wakacje.<\/p>\n\n\n\n<figure class=\"wp-block-gallery has-nested-images columns-default is-cropped wp-block-gallery-4 is-layout-flex wp-block-gallery-is-layout-flex\">\n<figure class=\"wp-block-image size-large\"><img loading=\"lazy\" decoding=\"async\" width=\"1024\" height=\"693\" data-id=\"10345533\" src=\"https:\/\/regiontatry.sk\/wp-content\/uploads\/2025\/07\/AquaCity_Poprad_Leto_MH_web_013-1024x693.jpg\" alt=\"\" class=\"wp-image-10345533\" srcset=\"https:\/\/regiontatry.sk\/wp-content\/uploads\/2025\/07\/AquaCity_Poprad_Leto_MH_web_013-1024x693.jpg 1024w, https:\/\/regiontatry.sk\/wp-content\/uploads\/2025\/07\/AquaCity_Poprad_Leto_MH_web_013-300x203.jpg 300w, https:\/\/regiontatry.sk\/wp-content\/uploads\/2025\/07\/AquaCity_Poprad_Leto_MH_web_013-768x520.jpg 768w, https:\/\/regiontatry.sk\/wp-content\/uploads\/2025\/07\/AquaCity_Poprad_Leto_MH_web_013-1536x1039.jpg 1536w, https:\/\/regiontatry.sk\/wp-content\/uploads\/2025\/07\/AquaCity_Poprad_Leto_MH_web_013-1705x1154.jpg 1705w, https:\/\/regiontatry.sk\/wp-content\/uploads\/2025\/07\/AquaCity_Poprad_Leto_MH_web_013-860x582.jpg 860w, https:\/\/regiontatry.sk\/wp-content\/uploads\/2025\/07\/AquaCity_Poprad_Leto_MH_web_013-698x472.jpg 698w, https:\/\/regiontatry.sk\/wp-content\/uploads\/2025\/07\/AquaCity_Poprad_Leto_MH_web_013-552x373.jpg 552w, https:\/\/regiontatry.sk\/wp-content\/uploads\/2025\/07\/AquaCity_Poprad_Leto_MH_web_013.jpg 1920w\" sizes=\"(max-width: 1024px) 100vw, 1024px\" \/><\/figure>\n\n\n\n<figure class=\"wp-block-image size-large\"><img loading=\"lazy\" decoding=\"async\" width=\"1024\" height=\"684\" data-id=\"9214198\" src=\"https:\/\/regiontatry.sk\/wp-content\/uploads\/2023\/08\/15-1024x684.jpg\" alt=\"\" class=\"wp-image-9214198\" srcset=\"https:\/\/regiontatry.sk\/wp-content\/uploads\/2023\/08\/15-1024x684.jpg 1024w, https:\/\/regiontatry.sk\/wp-content\/uploads\/2023\/08\/15-300x200.jpg 300w, https:\/\/regiontatry.sk\/wp-content\/uploads\/2023\/08\/15-768x513.jpg 768w, https:\/\/regiontatry.sk\/wp-content\/uploads\/2023\/08\/15-1920x1282.jpg 1920w, https:\/\/regiontatry.sk\/wp-content\/uploads\/2023\/08\/15-1705x1138.jpg 1705w, https:\/\/regiontatry.sk\/wp-content\/uploads\/2023\/08\/15-698x466.jpg 698w, https:\/\/regiontatry.sk\/wp-content\/uploads\/2023\/08\/15-552x368.jpg 552w, https:\/\/regiontatry.sk\/wp-content\/uploads\/2023\/08\/15.jpg 2048w\" sizes=\"(max-width: 1024px) 100vw, 1024px\" \/><\/figure>\n\n\n\n<figure class=\"wp-block-image size-large\"><img loading=\"lazy\" decoding=\"async\" width=\"1024\" height=\"671\" data-id=\"8927744\" src=\"https:\/\/regiontatry.sk\/wp-content\/uploads\/2023\/04\/Kempinski_exterier_zima_11zon-1024x671.jpg\" alt=\"\" class=\"wp-image-8927744\" srcset=\"https:\/\/regiontatry.sk\/wp-content\/uploads\/2023\/04\/Kempinski_exterier_zima_11zon-1024x671.jpg 1024w, https:\/\/regiontatry.sk\/wp-content\/uploads\/2023\/04\/Kempinski_exterier_zima_11zon-300x197.jpg 300w, https:\/\/regiontatry.sk\/wp-content\/uploads\/2023\/04\/Kempinski_exterier_zima_11zon-768x504.jpg 768w, https:\/\/regiontatry.sk\/wp-content\/uploads\/2023\/04\/Kempinski_exterier_zima_11zon-1920x1259.jpg 1920w, https:\/\/regiontatry.sk\/wp-content\/uploads\/2023\/04\/Kempinski_exterier_zima_11zon-1705x1118.jpg 1705w, https:\/\/regiontatry.sk\/wp-content\/uploads\/2023\/04\/Kempinski_exterier_zima_11zon-698x458.jpg 698w, https:\/\/regiontatry.sk\/wp-content\/uploads\/2023\/04\/Kempinski_exterier_zima_11zon-552x362.jpg 552w\" sizes=\"(max-width: 1024px) 100vw, 1024px\" \/><\/figure>\n<\/figure>\n\n\n\n<h4 class=\"elementor-icon-box-title\"><img loading=\"lazy\" decoding=\"async\" class=\"alignnone size-medium wp-image-13157589\" src=\"https:\/\/regiontatry.sk\/wp-content\/uploads\/2025\/12\/EnjoyTatras_logo_color_final-300x160.jpg\" alt=\"\" width=\"300\" height=\"160\" srcset=\"https:\/\/regiontatry.sk\/wp-content\/uploads\/2025\/12\/EnjoyTatras_logo_color_final-300x160.jpg 300w, https:\/\/regiontatry.sk\/wp-content\/uploads\/2025\/12\/EnjoyTatras_logo_color_final-1024x545.jpg 1024w, https:\/\/regiontatry.sk\/wp-content\/uploads\/2025\/12\/EnjoyTatras_logo_color_final-768x409.jpg 768w, https:\/\/regiontatry.sk\/wp-content\/uploads\/2025\/12\/EnjoyTatras_logo_color_final-860x458.jpg 860w, https:\/\/regiontatry.sk\/wp-content\/uploads\/2025\/12\/EnjoyTatras_logo_color_final-698x371.jpg 698w, https:\/\/regiontatry.sk\/wp-content\/uploads\/2025\/12\/EnjoyTatras_logo_color_final-552x294.jpg 552w, https:\/\/regiontatry.sk\/wp-content\/uploads\/2025\/12\/EnjoyTatras_logo_color_final.jpg 1231w\" sizes=\"(max-width: 300px) 100vw, 300px\" \/><\/h4>\n<h4 class=\"elementor-icon-box-title\">Email: info@enjoytatras.com<br \/>web: <a href=\"https:\/\/enjoytatras.com\/\">www.enjoytatras.com<\/a><\/h4>\n<p>\u00a0<\/p>\n<p>\u00a0<\/p>\n","protected":false},"excerpt":{"rendered":"<p>Enjoy Tatras to ekskluzywna marka organizacji zarz\u0105dzaj\u0105cej destynacj\u0105 (DMO) dla dw\u00f3ch silnych region\u00f3w S\u0142owacji \u2013 Tatr Wysokich i Liptowa. Promujemy niezapomniane wra\u017cenia dla ka\u017cdego. Planujesz je\u017adzi\u0107 na nartach w najs\u0142ynniejszych o\u015brodkach narciarskich, wynaj\u0105\u0107 luksusowy g\u00f3rski domek, odkrywa\u0107 zapieraj\u0105ce dech w piersiach g\u00f3ry lub miejsca pe\u0142ne dziedzictwa kulturowego? A mo\u017ce pop\u0142ywa\u0107 po Liptowskiej Marze, podziwia\u0107 pi\u0119kne [&hellip;]<\/p>\n","protected":false},"author":12,"featured_media":0,"parent":0,"menu_order":0,"comment_status":"closed","ping_status":"closed","template":"template-simple-page.php","meta":{"footnotes":""},"class_list":["post-13239226","page","type-page","status-publish","hentry"],"_links":{"self":[{"href":"https:\/\/regiontatry.sk\/pl\/wp-json\/wp\/v2\/pages\/13239226"}],"collection":[{"href":"https:\/\/regiontatry.sk\/pl\/wp-json\/wp\/v2\/pages"}],"about":[{"href":"https:\/\/regiontatry.sk\/pl\/wp-json\/wp\/v2\/types\/page"}],"author":[{"embeddable":true,"href":"https:\/\/regiontatry.sk\/pl\/wp-json\/wp\/v2\/users\/12"}],"replies":[{"embeddable":true,"href":"https:\/\/regiontatry.sk\/pl\/wp-json\/wp\/v2\/comments?post=13239226"}],"version-history":[{"count":2,"href":"https:\/\/regiontatry.sk\/pl\/wp-json\/wp\/v2\/pages\/13239226\/revisions"}],"predecessor-version":[{"id":13239242,"href":"https:\/\/regiontatry.sk\/pl\/wp-json\/wp\/v2\/pages\/13239226\/revisions\/13239242"}],"wp:attachment":[{"href":"https:\/\/regiontatry.sk\/pl\/wp-json\/wp\/v2\/media?parent=13239226"}],"curies":[{"name":"wp","href":"https:\/\/api.w.org\/{rel}","templated":true}]}}