{"id":14699,"date":"2018-09-13T15:46:54","date_gmt":"2018-09-13T13:46:54","guid":{"rendered":"https:\/\/regiontatry.sk\/zimne-vylety\/zimne-vylety-2\/"},"modified":"2019-03-11T20:12:58","modified_gmt":"2019-03-11T19:12:58","slug":"zimowe-wypady","status":"publish","type":"page","link":"https:\/\/regiontatry.sk\/pl\/zimowe-wycieczki\/zimowe-wypady\/","title":{"rendered":"Zimowe wypady"},"content":{"rendered":"\n<p>Zim\u0105 w Tatrach Wysokich prawdziwa przygoda dopiero si\u0119 zaczyna.<\/p>\n\n\n\n<p>Opr\u00f3cz szusowania na doskonale przygotowanych trasach narciarskich z najpi\u0119kniejszymi widokami na bia\u0142y tatrza\u0144ski krajobraz i nieko\u0144cz\u0105c\u0105 si\u0119 zabaw\u0105 na stoku, czeka na Ciebie mn\u00f3stwo prawdziwych zimowych przyg\u00f3d i dozna\u0144.<br><\/p>\n\n\n\n<p>Urlop zimowy w Tatrach Wysokich to odpoczynek i aktywny relaks, a wypr\u00f3bowanie nowych sport\u00f3w b\u0119dzie w\u0142a\u015bciwym wyborem.<\/p>\n\n\n\t<a href=\"\/pl\/zimowe-wycieczki\/zimowa-turystyka-gorska\/\" class=\"wp-block-cgb-block-creanet-list category-list grid-x grid-padding-x align-middle\">\n\t\t\t\t\t<div class=\"small-12 medium-6 large-5\">\n\t\t\t\t<figure><img src='https:\/\/regiontatry.sk\/wp-content\/uploads\/2018\/10\/symbolickycintorin.jpg'\n\t\t\t\t\t\talt=''\n\t\t\t\t\t\ttitle='symbolickycintorin'\n\t\t\t\t\t\/><\/figure>\n\t\t\t<\/div>\n\t\t\n\n\t\t<div class=\"cell small-12 medium-5 large-7\">\n\t\t\t<h3>W\u0119dr\u00f3wki po za\u015bnie\u017conej krainie<\/h3>\n\t\t\t<p>Tury\u015bci w Tatrach Wysokich mog\u0105 w pe\u0142ni korzysta\u0107 z zimowego wypoczynku. W wysokich partiach g\u00f3r wytyczono oko\u0142o\u00a0<strong>20 km szlak\u00f3w turystycznych.<\/strong><br><strong>Lodowa szopka betlejemska przy Rainerowej Chacie, Wodospady Zimnej Wody (Vodop\u00e1dy Studen\u00e9ho potoka), wycieczki do tatrza\u0144skich dolin czy romantyczne spacery zimow\u0105 krain\u0105\u00a0<\/strong>to tylko kilka z atrakcji, jakie zim\u0105 czekaj\u0105 na turyst\u00f3w w Tatrach.<\/p>\n\t\t<\/div>\n\t<\/a>\n\n\t\n\n\t<a href=\"\/pl\/zimowe-wycieczki\/skialpinizm\/\" class=\"wp-block-cgb-block-creanet-list category-list grid-x grid-padding-x align-middle\">\n\t\t\t\t\t<div class=\"small-12 medium-6 large-5\">\n\t\t\t\t<figure><img src='https:\/\/regiontatry.sk\/wp-content\/uploads\/2018\/10\/skialp-1-1.jpg'\n\t\t\t\t\t\talt=''\n\t\t\t\t\t\ttitle='skialp (1)'\n\t\t\t\t\t\/><\/figure>\n\t\t\t<\/div>\n\t\t\n\n\t\t<div class=\"cell small-12 medium-5 large-7\">\n\t\t\t<h3>Skitury w krainie ciszy<\/h3>\n\t\t\t<p>Pragniesz uciec od zat\u0142oczonych stok\u00f3w i znale\u017a\u0107 si\u0119 w g\u00f3rskim zaciszu, <strong>szusowa\u0107 po \u015bwie\u017cym puchu<\/strong>, podziwia\u0107 niezapomnian\u0105 sceneri\u0119 i pokryte \u015bwie\u017cym \u015bniegiem szczyty? Wejd\u017a z nami do \u015bwiata skialpinizmu.<\/p>\n\t\t<\/div>\n\t<\/a>\n\n\t\n\n\t<a href=\"\/pl\/zimowe-wycieczki\/schroniska-gorskie\/\" class=\"wp-block-cgb-block-creanet-list category-list grid-x grid-padding-x align-middle\">\n\t\t\t\t\t<div class=\"small-12 medium-6 large-5\">\n\t\t\t\t<figure><img src='https:\/\/regiontatry.sk\/wp-content\/uploads\/2018\/10\/plesnivec-1.jpg'\n\t\t\t\t\t\talt=''\n\t\t\t\t\t\ttitle='plesnivec'\n\t\t\t\t\t\/><\/figure>\n\t\t\t<\/div>\n\t\t\n\n\t\t<div class=\"cell small-12 medium-5 large-7\">\n\t\t\t<h3>Do schroniska na ciep\u0142\u0105 herbatk\u0119 <\/h3>\n\t\t\t<p>Najbardziej ulubionym celem wypraw turystycznych zim\u0105 bywa przewa\u017cnie jedno z tatrza\u0144skich schronisk wysokog\u00f3rskich. W okresie zimowym szlaki turystyczne w Tatrach Wysokich doprowadz\u0105 turyst\u00f3w a\u017c do\u00a0<strong>12 schronisk wysokog\u00f3rskich<\/strong>. Opr\u00f3cz ciep\u0142ej herbaty \u201eserwowane\u201d s\u0105 tak\u017ce przepi\u0119kne widoki na szczyty, rozleg\u0142e doliny lub zamarzni\u0119te stawy tatrza\u0144skie.<br><\/p>\n\t\t<\/div>\n\t<\/a>\n\n\t\n\n\t<a href=\"\/pl\/zimowe-wycieczki\/wycieczki-kolejami-linowymi\/\" class=\"wp-block-cgb-block-creanet-list category-list grid-x grid-padding-x align-middle\">\n\t\t\t\t\t<div class=\"small-12 medium-6 large-5\">\n\t\t\t\t<figure><img src='https:\/\/regiontatry.sk\/wp-content\/uploads\/2018\/10\/69YdhY0w-1.jpeg'\n\t\t\t\t\t\talt=''\n\t\t\t\t\t\ttitle='69YdhY0w'\n\t\t\t\t\t\/><\/figure>\n\t\t\t<\/div>\n\t\t\n\n\t\t<div class=\"cell small-12 medium-5 large-7\">\n\t\t\t<h3>Wjed\u017a kolejk\u0105 ponad chmury<\/h3>\n\t\t\t<p>Chcesz podarowa\u0107 swoim dzieciom co\u015b wyj\u0105tkowego? Zabierz je na <strong>wycieczk\u0119 kolejk\u0105 linow\u0105 na strome szczyty<\/strong> Tatr. B\u0119dzie to dla nich wspania\u0142e prze\u017cycie, a ty b\u0119dziesz upaja\u0107 si\u0119 widokiem na <strong>najpi\u0119kniejsze panoramy Tatr.<\/strong><br><\/p>\n\t\t<\/div>\n\t<\/a>\n\n\t","protected":false},"excerpt":{"rendered":"<p>Zim\u0105 w Tatrach Wysokich prawdziwa przygoda dopiero si\u0119 zaczyna. Opr\u00f3cz szusowania na doskonale przygotowanych trasach narciarskich z najpi\u0119kniejszymi widokami na bia\u0142y tatrza\u0144ski krajobraz i nieko\u0144cz\u0105c\u0105 si\u0119 zabaw\u0105 na stoku, czeka na Ciebie mn\u00f3stwo prawdziwych zimowych przyg\u00f3d i dozna\u0144. Urlop zimowy w Tatrach Wysokich to odpoczynek i aktywny relaks, a wypr\u00f3bowanie nowych sport\u00f3w b\u0119dzie w\u0142a\u015bciwym wyborem.<\/p>\n","protected":false},"author":1,"featured_media":12841,"parent":1553,"menu_order":0,"comment_status":"closed","ping_status":"closed","template":"template-list.php","meta":{"footnotes":""},"class_list":["post-14699","page","type-page","status-publish","has-post-thumbnail","hentry"],"_links":{"self":[{"href":"https:\/\/regiontatry.sk\/pl\/wp-json\/wp\/v2\/pages\/14699"}],"collection":[{"href":"https:\/\/regiontatry.sk\/pl\/wp-json\/wp\/v2\/pages"}],"about":[{"href":"https:\/\/regiontatry.sk\/pl\/wp-json\/wp\/v2\/types\/page"}],"author":[{"embeddable":true,"href":"https:\/\/regiontatry.sk\/pl\/wp-json\/wp\/v2\/users\/1"}],"replies":[{"embeddable":true,"href":"https:\/\/regiontatry.sk\/pl\/wp-json\/wp\/v2\/comments?post=14699"}],"version-history":[{"count":7,"href":"https:\/\/regiontatry.sk\/pl\/wp-json\/wp\/v2\/pages\/14699\/revisions"}],"predecessor-version":[{"id":16424,"href":"https:\/\/regiontatry.sk\/pl\/wp-json\/wp\/v2\/pages\/14699\/revisions\/16424"}],"up":[{"embeddable":true,"href":"https:\/\/regiontatry.sk\/pl\/wp-json\/wp\/v2\/pages\/1553"}],"wp:featuredmedia":[{"embeddable":true,"href":"https:\/\/regiontatry.sk\/pl\/wp-json\/wp\/v2\/media\/12841"}],"wp:attachment":[{"href":"https:\/\/regiontatry.sk\/pl\/wp-json\/wp\/v2\/media?parent=14699"}],"curies":[{"name":"wp","href":"https:\/\/api.w.org\/{rel}","templated":true}]}}