{"id":1553,"date":"2018-07-18T14:48:09","date_gmt":"2018-07-18T12:48:09","guid":{"rendered":"http:\/\/regiontatry.creanet.sk\/zimne-vylety\/"},"modified":"2019-02-27T12:56:14","modified_gmt":"2019-02-27T11:56:14","slug":"zimowe-wycieczki","status":"publish","type":"page","link":"https:\/\/regiontatry.sk\/pl\/zimowe-wycieczki\/","title":{"rendered":"Zimowe wycieczki"},"content":{"rendered":"\n<p>Zim\u0105 w Tatrach Wysokich prawdziwa przygoda dopiero si\u0119 zaczyna.<\/p>\n\n\n\n<p>Opr\u00f3cz szusowania na doskonale przygotowanych trasach narciarskich z najpi\u0119kniejszymi widokami na bia\u0142y tatrza\u0144ski krajobraz i nieko\u0144cz\u0105c\u0105 si\u0119 zabaw\u0105 na stoku, czeka na Ciebie mn\u00f3stwo prawdziwych zimowych przyg\u00f3d i dozna\u0144.<\/p>\n\n\n\n<p>Mo\u017cna wyj\u015b\u0107 na&nbsp;<strong>romantyczny spacer w\u0119druj\u0105c dolinami<\/strong>, gdzie podczas sezonu zimowego znajduje si\u0119 a\u017c&nbsp;<strong>20 km oznakowanych szlak\u00f3w turystycznych<\/strong>, a tak\u017ce&nbsp;<strong>spr\u00f3bowa\u0107 s\u0142ynnej herbaty w jednym z 12 schronisk wysokog\u00f3rskich<\/strong>, kt\u00f3re dla swoich turyst\u00f3w maj\u0105 drzwi otwarte przez ca\u0142y rok lub wyruszy\u0107 na<strong>&nbsp;za\u015bnie\u017cony szczyt z przewodnikiem g\u00f3rskim<\/strong>.<\/p>\n\n\n\n<p>Potrzebujesz dawki adrenaliny? Je\u015bli jeste\u015b do\u015bwiadczonym narciarzem i niepokonanym mi\u0142o\u015bnikiem g\u00f3r, to z<strong>jazd po dziewiczym \u015bniegu z unikalnymi widokami<\/strong>&nbsp;b\u0119dzie dla Ciebie z pewno\u015bci\u0105 doskona\u0142ym prze\u017cyciem. Naciesz si\u0119 przyrod\u0105 dzi\u0119ki skialpinizmowi!<\/p>\n\n\n\n<p>Chcesz przygotowa\u0107 dla swoich dzieci co\u015b wyj\u0105tkowego? Zabierz je na&nbsp;<strong>wycieczk\u0119 kolejk\u0105 linow\u0105 pod strome szczyty<\/strong>&nbsp;tatrza\u0144skich gigant\u00f3w. Do\u015bwiadcz\u0105 niezapomnianych prze\u017cy\u0107, a ty b\u0119dziesz m\u00f3g\u0142 podziwia\u0107&nbsp;<strong>najpi\u0119kniejsz\u0105 panoram\u0119 Tatr<\/strong>.<\/p>\n\n\n\n<p>Urlop zimowy w Tatrach Wysokich to odpoczynek i aktywny relaks, a wypr\u00f3bowanie nowych sport\u00f3w b\u0119dzie w\u0142a\u015bciwym wyborem.<\/p>\n\n\n\t<div class=\"wp-block-cgb-block-creanet-grid category-list cell small-12 medium-4 cg\">\n\t\t<div class=\"cell small-12 medium-12 large-12 medium-order-1\">\n\t\t\t<a href=\"\/pl\/zimowe-wycieczki\/zimowa-turystyka-gorska\/\">\n\t\t\t\t<div class=\"background-grid-color\"><\/div>\n\t\t\t\t\t\t\t\t\t<figure><img decoding=\"async\" src=\"https:\/\/regiontatry.sk\/wp-content\/uploads\/2018\/07\/DSC_1373_2000.jpg\" alt=\"\"\n\t\t\t\t\t\t\t\t title=\"DSC_1373_2000\"\/><\/figure>\n\t\t\t\t\t\t\t\t<h3>Piesze w\u0119dr\u00f3wki<\/h3>\t\t\t\t\t\t\t<\/a>\n\t\t<\/div>\n\t<\/div>\n\t\n\n\t<div class=\"wp-block-cgb-block-creanet-grid category-list cell small-12 medium-4 cg\">\n\t\t<div class=\"cell small-12 medium-12 large-12 medium-order-1\">\n\t\t\t<a href=\"\/pl\/zimowe-wycieczki\/skialpinizm\/\">\n\t\t\t\t<div class=\"background-grid-color\"><\/div>\n\t\t\t\t\t\t\t\t\t<figure><img decoding=\"async\" src=\"https:\/\/regiontatry.sk\/wp-content\/uploads\/2018\/10\/skialp-1-2.jpg\" alt=\"\"\n\t\t\t\t\t\t\t\t title=\"skialp (1)\"\/><\/figure>\n\t\t\t\t\t\t\t\t<h3>Skialpinizm<\/h3>\t\t\t\t\t\t\t<\/a>\n\t\t<\/div>\n\t<\/div>\n\t\n\n\t<div class=\"wp-block-cgb-block-creanet-grid category-list cell small-12 medium-4 cg\">\n\t\t<div class=\"cell small-12 medium-12 large-12 medium-order-1\">\n\t\t\t<a href=\"\/pl\/zimowe-wycieczki\/schroniska-gorskie\/\">\n\t\t\t\t<div class=\"background-grid-color\"><\/div>\n\t\t\t\t\t\t\t\t\t<figure><img decoding=\"async\" src=\"https:\/\/regiontatry.sk\/wp-content\/uploads\/2018\/09\/chata-pri-popradskom.jpg\" alt=\"\"\n\t\t\t\t\t\t\t\t title=\"chata pri popradskom\"\/><\/figure>\n\t\t\t\t\t\t\t\t<h3>Schroniska g\u00f3rskie<\/h3>\t\t\t\t\t\t\t<\/a>\n\t\t<\/div>\n\t<\/div>\n\t\n\n\t<div class=\"wp-block-cgb-block-creanet-grid category-list cell small-12 medium-4 cg\">\n\t\t<div class=\"cell small-12 medium-12 large-12 medium-order-1\">\n\t\t\t<a href=\"\/pl\/zimowe-wycieczki\/wycieczki-kolejami-linowymi\/\">\n\t\t\t\t<div class=\"background-grid-color\"><\/div>\n\t\t\t\t\t\t\t\t\t<figure><img decoding=\"async\" src=\"https:\/\/regiontatry.sk\/wp-content\/uploads\/2018\/09\/lomnicak2-1.jpeg\" alt=\"\"\n\t\t\t\t\t\t\t\t title=\"lomnicak2\"\/><\/figure>\n\t\t\t\t\t\t\t\t<h3>Wycieczki kolejami linowymi<\/h3>\t\t\t\t\t\t\t<\/a>\n\t\t<\/div>\n\t<\/div>\n\t","protected":false},"excerpt":{"rendered":"<p>Zim\u0105 w Tatrach Wysokich prawdziwa przygoda dopiero si\u0119 zaczyna. Opr\u00f3cz szusowania na doskonale przygotowanych trasach narciarskich z najpi\u0119kniejszymi widokami na bia\u0142y tatrza\u0144ski krajobraz i nieko\u0144cz\u0105c\u0105 si\u0119 zabaw\u0105 na stoku, czeka na Ciebie mn\u00f3stwo prawdziwych zimowych przyg\u00f3d i dozna\u0144. Mo\u017cna wyj\u015b\u0107 na&nbsp;romantyczny spacer w\u0119druj\u0105c dolinami, gdzie podczas sezonu zimowego znajduje si\u0119 a\u017c&nbsp;20 km oznakowanych szlak\u00f3w turystycznych, [&hellip;]<\/p>\n","protected":false},"author":1,"featured_media":5540,"parent":0,"menu_order":0,"comment_status":"closed","ping_status":"closed","template":"template-list.php","meta":{"footnotes":""},"class_list":["post-1553","page","type-page","status-publish","has-post-thumbnail","hentry"],"_links":{"self":[{"href":"https:\/\/regiontatry.sk\/pl\/wp-json\/wp\/v2\/pages\/1553"}],"collection":[{"href":"https:\/\/regiontatry.sk\/pl\/wp-json\/wp\/v2\/pages"}],"about":[{"href":"https:\/\/regiontatry.sk\/pl\/wp-json\/wp\/v2\/types\/page"}],"author":[{"embeddable":true,"href":"https:\/\/regiontatry.sk\/pl\/wp-json\/wp\/v2\/users\/1"}],"replies":[{"embeddable":true,"href":"https:\/\/regiontatry.sk\/pl\/wp-json\/wp\/v2\/comments?post=1553"}],"version-history":[{"count":17,"href":"https:\/\/regiontatry.sk\/pl\/wp-json\/wp\/v2\/pages\/1553\/revisions"}],"predecessor-version":[{"id":16152,"href":"https:\/\/regiontatry.sk\/pl\/wp-json\/wp\/v2\/pages\/1553\/revisions\/16152"}],"wp:featuredmedia":[{"embeddable":true,"href":"https:\/\/regiontatry.sk\/pl\/wp-json\/wp\/v2\/media\/5540"}],"wp:attachment":[{"href":"https:\/\/regiontatry.sk\/pl\/wp-json\/wp\/v2\/media?parent=1553"}],"curies":[{"name":"wp","href":"https:\/\/api.w.org\/{rel}","templated":true}]}}