{"id":1561,"date":"2018-07-25T10:27:51","date_gmt":"2018-07-25T08:27:51","guid":{"rendered":"http:\/\/regiontatry.creanet.sk\/turistika\/"},"modified":"2024-10-02T22:44:12","modified_gmt":"2024-10-02T20:44:12","slug":"turystyka","status":"publish","type":"page","link":"https:\/\/regiontatry.sk\/pl\/turystyka\/","title":{"rendered":"Turystyka"},"content":{"rendered":"\n<p>Odkryj i poznaj Tatry Wysokie wszystkimi\nzmys\u0142ami. Porzu\u0107 codzienny stereotyp i naucz si\u0119 na nowo odkrywa\u0107 przyrod\u0119\ni&nbsp;zapieraj\u0105ce dech w piersiach krajobrazy. Tatry Wysokie s\u0105 wyj\u0105tkowym miejscem na ziemi,\nopr\u00f3cz 25 szczyt\u00f3w powy\u017cej 2 500 m n.p.m. posiadaj\u0105 tak\u017ce unikatowe stawy\nlodowcowe, chronione ro\u015bliny i wyj\u0105tkow\u0105 faun\u0119. Tatry zapewni\u0105 Twojemu cia\u0142u i umys\u0142owi odpowiedni\u0105 harmoni\u0119 z natur\u0105.<\/p>\n\n\n\n<p>Oferuj\u0105 turystom oko\u0142o <strong>600 km oznakowanych szlak\u00f3w<\/strong> &#8211; \u015bcie\u017cek <strong>wiod\u0105cych dolinami<\/strong>, szlak\u00f3w prowadz\u0105cych <strong>do schronisk g\u00f3rskich<\/strong>, szlak\u00f3w prowadz\u0105cych <strong>do najpi\u0119kniejszych staw\u00f3w<\/strong>, <strong>na szczyty Tatr<\/strong> i <strong>do prze\u0142\u0119czy<\/strong> z niebia\u0144skimi widokami.<\/p>\n\n\n\n<p>Odwied\u017a najpi\u0119kniejsze miejsca, wdychaj\n\u015bwie\u017ce g\u00f3rskie powietrze i spokojnie obserwuj fascynuj\u0105cy \u015bwiat tatrza\u0144skich\nzwierz\u0105t i ro\u015blin w swojej nienaruszonej przyrodzie.<\/p>\n\n\n\n<p><br><\/p>\n\n\n\t<div class=\"wp-block-cgb-block-creanet-grid category-list cell small-12 medium-4 cg\">\n\t\t<div class=\"cell small-12 medium-12 large-12 medium-order-1\">\n\t\t\t<a href=\"\/pl\/turystyka\/turystyka-gorska\/\">\n\t\t\t\t<div class=\"background-grid-color\"><\/div>\n\t\t\t\t\t\t\t\t\t<figure><img decoding=\"async\" src=\"https:\/\/regiontatry.sk\/wp-content\/uploads\/2024\/07\/Velicka_dol02-scaled.jpg\" alt=\"\"\n\t\t\t\t\t\t\t\t title=\"Velick\u00e1_dol02\"\/><\/figure>\n\t\t\t\t\t\t\t\t<h3>Turystyka g\u00f3rska<\/h3>\t\t\t\t\t\t\t<\/a>\n\t\t<\/div>\n\t<\/div>\n\t\n\n\t<div class=\"wp-block-cgb-block-creanet-grid category-list cell small-12 medium-4 cg\">\n\t\t<div class=\"cell small-12 medium-12 large-12 medium-order-1\">\n\t\t\t<a href=\"\/pl\/turystyka\/turystyka-rodzinna\/\">\n\t\t\t\t<div class=\"background-grid-color\"><\/div>\n\t\t\t\t\t\t\t\t\t<figure><img decoding=\"async\" src=\"https:\/\/regiontatry.sk\/wp-content\/uploads\/2019\/04\/c-Marek-Hajkovsky-foto-Skalnate-pleso-rodina-leto0014-ko\u0301pia.jpg\" alt=\"\"\n\t\t\t\t\t\t\t\t title=\"c Marek Hajkovsky-foto-Skalnate pleso rodina-leto0014 - ko\u0301pia\"\/><\/figure>\n\t\t\t\t\t\t\t\t<h3>Rodzinna turystyka<\/h3>\t\t\t\t\t\t\t<\/a>\n\t\t<\/div>\n\t<\/div>\n\t\n\n\t<div class=\"wp-block-cgb-block-creanet-grid category-list cell small-12 medium-4 cg\">\n\t\t<div class=\"cell small-12 medium-12 large-12 medium-order-1\">\n\t\t\t<a href=\"\/pl\/turystyka\/wycieczki-kolejami-linowymi\/\">\n\t\t\t\t<div class=\"background-grid-color\"><\/div>\n\t\t\t\t\t\t\t\t\t<figure><img decoding=\"async\" src=\"https:\/\/regiontatry.sk\/wp-content\/uploads\/2024\/07\/c-Marek-Hajkovsky-foto-VT-letna-kampan-2024_516-1.jpg\" alt=\"lanovkou za v\u00fdh\u013eadmi\"\n\t\t\t\t\t\t\t\t title=\"c Marek Hajkovsky foto VT letna kampan 2024_516 (1)\"\/><\/figure>\n\t\t\t\t\t\t\t\t<h3>Wycieczki kolejami linowymi<br><\/h3>\t\t\t\t\t\t\t<\/a>\n\t\t<\/div>\n\t<\/div>\n\t\n\n\t<div class=\"wp-block-cgb-block-creanet-grid category-list cell small-12 medium-4 cg\">\n\t\t<div class=\"cell small-12 medium-12 large-12 medium-order-1\">\n\t\t\t<a href=\"https:\/\/regiontatry.sk\/pl\/turystyka\/plywanie-lodka\/\">\n\t\t\t\t<div class=\"background-grid-color\"><\/div>\n\t\t\t\t\t\t\t\t\t<figure><img decoding=\"async\" src=\"https:\/\/regiontatry.sk\/wp-content\/uploads\/2024\/07\/c-Marek-Hajkovsky-foto-VT-letna-kampan-2024_218.jpg\" alt=\"\"\n\t\t\t\t\t\t\t\t title=\"c Marek Hajkovsky foto VT letna kampan 2024_218\"\/><\/figure>\n\t\t\t\t\t\t\t\t<h3>P\u0142ywanie \u0142\u00f3dk\u0105 po Jeziorze Szczyrbskim<\/h3>\t\t\t\t\t\t\t<\/a>\n\t\t<\/div>\n\t<\/div>\n\t\n\n\t<div class=\"wp-block-cgb-block-creanet-grid category-list cell small-12 medium-4 cg\">\n\t\t<div class=\"cell small-12 medium-12 large-12 medium-order-1\">\n\t\t\t<a href=\"https:\/\/regiontatry.sk\/pl\/tatrzanscy-tragarze-swiatowy-unikat-tatr-wysokich\/\">\n\t\t\t\t<div class=\"background-grid-color\"><\/div>\n\t\t\t\t\t\t\t\t\t<figure><img decoding=\"async\" src=\"https:\/\/regiontatry.sk\/wp-content\/uploads\/2024\/04\/DSC2102-Edit.jpg\" alt=\"\"\n\t\t\t\t\t\t\t\t title=\"_DSC2102-Edit\"\/><\/figure>\n\t\t\t\t\t\t\t\t<h3>Tatrza\u0144scy tragarze<\/h3>\t\t\t\t\t\t\t<\/a>\n\t\t<\/div>\n\t<\/div>\n\t\n\n\t<div class=\"wp-block-cgb-block-creanet-grid category-list cell small-12 medium-4 cg\">\n\t\t<div class=\"cell small-12 medium-12 large-12 medium-order-1\">\n\t\t\t<a href=\"https:\/\/regiontatry.sk\/pl\/gdzie-wybrac-sie-z-psem-w-tatrach-wysokich\/\">\n\t\t\t\t<div class=\"background-grid-color\"><\/div>\n\t\t\t\t\t\t\t\t\t<figure><img decoding=\"async\" src=\"https:\/\/regiontatry.sk\/wp-content\/uploads\/2024\/09\/Sunny_leto-pri-Krivani-1024x578.jpg\" alt=\"\"\n\t\t\t\t\t\t\t\t title=\"Sunny_leto pri Krivani\"\/><\/figure>\n\t\t\t\t\t\t\t\t<h3>Gdzie wybra\u0107 si\u0119 z psem w Tatrach Wysokich<\/h3>\t\t\t\t\t\t\t<\/a>\n\t\t<\/div>\n\t<\/div>\n\t\n\n\t<div class=\"wp-block-cgb-block-creanet-grid category-list cell small-12 medium-4 cg\">\n\t\t<div class=\"cell small-12 medium-12 large-12 medium-order-1\">\n\t\t\t<a href=\"\/pl\/turystyka\/schroniska-gorskie\/\">\n\t\t\t\t<div class=\"background-grid-color\"><\/div>\n\t\t\t\t\t\t\t\t\t<figure><img decoding=\"async\" src=\"https:\/\/regiontatry.sk\/wp-content\/uploads\/2018\/09\/brncalka_grip.jpg\" alt=\"\"\n\t\t\t\t\t\t\t\t title=\"brncalka_grip\"\/><\/figure>\n\t\t\t\t\t\t\t\t<h3>Schroniska g\u00f3rskie<\/h3>\t\t\t\t\t\t\t<\/a>\n\t\t<\/div>\n\t<\/div>\n\t\n\n\t<div class=\"wp-block-cgb-block-creanet-grid category-list cell small-12 medium-4 cg\">\n\t\t<div class=\"cell small-12 medium-12 large-12 medium-order-1\">\n\t\t\t<a href=\"\/pl\/turystyka\/przewodnicy-gorscy\/\">\n\t\t\t\t<div class=\"background-grid-color\"><\/div>\n\t\t\t\t\t\t\t\t\t<figure><img decoding=\"async\" src=\"https:\/\/regiontatry.sk\/wp-content\/uploads\/2018\/09\/vodcovia_grip.jpg\" alt=\"\"\n\t\t\t\t\t\t\t\t title=\"vodcovia_grip\"\/><\/figure>\n\t\t\t\t\t\t\t\t<h3>Przewodnicy g\u00f3rscy<\/h3>\t\t\t\t\t\t\t<\/a>\n\t\t<\/div>\n\t<\/div>\n\t\n\n\t<div class=\"wp-block-cgb-block-creanet-grid category-list cell small-12 medium-4 cg\">\n\t\t<div class=\"cell small-12 medium-12 large-12 medium-order-1\">\n\t\t\t<a href=\"\/pl\/turystyka\/sciezki-dydaktyczne\/\">\n\t\t\t\t<div class=\"background-grid-color\"><\/div>\n\t\t\t\t\t\t\t\t\t<figure><img decoding=\"async\" src=\"https:\/\/regiontatry.sk\/wp-content\/uploads\/2018\/09\/naucny-chodnik.jpeg\" alt=\"\"\n\t\t\t\t\t\t\t\t title=\"naucny chodnik\"\/><\/figure>\n\t\t\t\t\t\t\t\t<h3>\u015acie\u017cki dydaktyczne<\/h3>\t\t\t\t\t\t\t<\/a>\n\t\t<\/div>\n\t<\/div>\n\t\n\n\t<div class=\"wp-block-cgb-block-creanet-grid category-list cell small-12 medium-4 cg\">\n\t\t<div class=\"cell small-12 medium-12 large-12 medium-order-1\">\n\t\t\t<a href=\"\/pl\/turystyka\/tatry-bez-barier\/\">\n\t\t\t\t<div class=\"background-grid-color\"><\/div>\n\t\t\t\t\t\t\t\t\t<figure><img decoding=\"async\" src=\"https:\/\/regiontatry.sk\/wp-content\/uploads\/2018\/10\/tatry-bez-barier_01.jpg\" alt=\"\"\n\t\t\t\t\t\t\t\t title=\"tatry-bez-barier_01\"\/><\/figure>\n\t\t\t\t\t\t\t\t<h3>Tatry bez barier<\/h3>\t\t\t\t\t\t\t<\/a>\n\t\t<\/div>\n\t<\/div>\n\t","protected":false},"excerpt":{"rendered":"<p>Odkryj i poznaj Tatry Wysokie wszystkimi zmys\u0142ami. Porzu\u0107 codzienny stereotyp i naucz si\u0119 na nowo odkrywa\u0107 przyrod\u0119 i&nbsp;zapieraj\u0105ce dech w piersiach krajobrazy. Tatry Wysokie s\u0105 wyj\u0105tkowym miejscem na ziemi, opr\u00f3cz 25 szczyt\u00f3w powy\u017cej 2 500 m n.p.m. posiadaj\u0105 tak\u017ce unikatowe stawy lodowcowe, chronione ro\u015bliny i wyj\u0105tkow\u0105 faun\u0119. Tatry zapewni\u0105 Twojemu cia\u0142u i umys\u0142owi odpowiedni\u0105 harmoni\u0119 [&hellip;]<\/p>\n","protected":false},"author":1,"featured_media":8876114,"parent":0,"menu_order":0,"comment_status":"closed","ping_status":"closed","template":"template-list.php","meta":{"footnotes":""},"class_list":["post-1561","page","type-page","status-publish","has-post-thumbnail","hentry"],"_links":{"self":[{"href":"https:\/\/regiontatry.sk\/pl\/wp-json\/wp\/v2\/pages\/1561"}],"collection":[{"href":"https:\/\/regiontatry.sk\/pl\/wp-json\/wp\/v2\/pages"}],"about":[{"href":"https:\/\/regiontatry.sk\/pl\/wp-json\/wp\/v2\/types\/page"}],"author":[{"embeddable":true,"href":"https:\/\/regiontatry.sk\/pl\/wp-json\/wp\/v2\/users\/1"}],"replies":[{"embeddable":true,"href":"https:\/\/regiontatry.sk\/pl\/wp-json\/wp\/v2\/comments?post=1561"}],"version-history":[{"count":23,"href":"https:\/\/regiontatry.sk\/pl\/wp-json\/wp\/v2\/pages\/1561\/revisions"}],"predecessor-version":[{"id":9919159,"href":"https:\/\/regiontatry.sk\/pl\/wp-json\/wp\/v2\/pages\/1561\/revisions\/9919159"}],"wp:featuredmedia":[{"embeddable":true,"href":"https:\/\/regiontatry.sk\/pl\/wp-json\/wp\/v2\/media\/8876114"}],"wp:attachment":[{"href":"https:\/\/regiontatry.sk\/pl\/wp-json\/wp\/v2\/media?parent=1561"}],"curies":[{"name":"wp","href":"https:\/\/api.w.org\/{rel}","templated":true}]}}