{"id":1565,"date":"2018-07-13T11:15:31","date_gmt":"2018-07-13T09:15:31","guid":{"rendered":"http:\/\/regiontatry.creanet.sk\/tatranska-lyzovacka\/"},"modified":"2019-03-11T15:27:21","modified_gmt":"2019-03-11T14:27:21","slug":"narty-w-tatrach","status":"publish","type":"page","link":"https:\/\/regiontatry.sk\/pl\/narciarstwo\/narty-w-tatrach\/","title":{"rendered":"Narty w Tatrach"},"content":{"rendered":"\n<p>Pozw\u00f3l sobie na niepowtarzalny wypoczynek pe\u0142en zimowych przyg\u00f3d i bia\u0142e szale\u0144stwo na stoku. Przyjed\u017a w Tatry Wysokie i korzystaj z&nbsp;<strong>24 km zawsze doskonale wyratrakowanych tras narciarskich&nbsp;<\/strong>z gwarancj\u0105 \u015bniegu przez 5 miesi\u0119cy w roku. W najlepszych o\u015brodkach narciarskich Tatrza\u0144ska \u0141omnica (Tatransk\u00e1 Lomnica), Jezioro Szczyrbskie (\u0160trbsk\u00e9 Pleso) i Stary Smokowiec (Star\u00fd Smokovec) mo\u017cesz si\u0119gn\u0105\u0107 chmur dzi\u0119ki&nbsp;<strong>20 nowoczesnym kolejkom linowym i wyci\u0105gom<\/strong>.<br><\/p>\n\n\n\n<p>W ca\u0142ych Tatrach Wysokich mo\u017cna szusowa\u0107 na&nbsp;<strong>jednym wsp\u00f3lnym karnecie narciarskim,&nbsp;<\/strong>rozgrza\u0107 si\u0119 i&nbsp;zabawi\u0107 w <strong>Apres Ski&nbsp;<\/strong>w ka\u017cdym o\u015brodku, oraz wygodnie dotrze\u0107 na stok <strong><a href=\"https:\/\/regiontatry.sk\/lyzovanie\/ski-aqua-bus\/\">ekologicznym SKIbusem.<\/a><\/strong><\/p>\n\n\n\n<p>Podziwiaj wysokog\u00f3rskie panoramy i poczuj fantastyczn\u0105 atmosfer\u0119, kt\u00f3r\u0105 oferuj\u0105 zim\u0105&nbsp;<strong>najmniejsze wysokie g\u00f3ry<\/strong>&nbsp;na \u015bwiecie.<\/p>\n\n\n\t<a href=\"\/lyzovanie\/tatranska-lomnica\/\" class=\"wp-block-cgb-block-creanet-list category-list grid-x grid-padding-x align-middle\">\n\t\t\t\t\t<div class=\"small-12 medium-6 large-5\">\n\t\t\t\t<figure><img src='https:\/\/regiontatry.sk\/wp-content\/uploads\/2018\/10\/c_Marek_Hajkovsky_foto_Tatry_zimna_sezona_3000.jpg'\n\t\t\t\t\t\talt=''\n\t\t\t\t\t\ttitle='c_Marek_Hajkovsky_foto_Tatry_zimna_sezona_3000'\n\t\t\t\t\t\/><\/figure>\n\t\t\t<\/div>\n\t\t\n\n\t\t<div class=\"cell small-12 medium-5 large-7\">\n\t\t\t<h3>Najbardziej stroma trasa zjazdowa na S\u0142owacji<\/h3>\n\t\t\t<p>W najnowocze\u015bniejszym s\u0142owackim o\u015brodku narciarskim Tatrza\u0144ska \u0141omnica mo\u017cna<strong>\u00a0szusowa\u0107 z najbardziej stromej trasy zjazdowej w \u0141omnickiej Prze\u0142\u0119czy z\u00a0wysoko\u015bci 2190 m n.p.m.<\/strong>\u00a0<br>Przewy\u017cszenie a\u017c 1 300 m, gwarancja \u015bniegu przez 5 miesi\u0119cy w roku,\u00a0<strong>najnowocze\u015bniejsza 15-osobowa kolej gondolowa <\/strong>oraz poszerzone trasy zjazdowe s\u0105 gwarancj\u0105 doskona\u0142ych wra\u017ce\u0144 na<strong>\u00a0najlepszej trasie carvingowej o d\u0142. 5,5 km <\/strong>i szeroko\u015bci do 60 m.<br><\/p>\n\t\t<\/div>\n\t<\/a>\n\n\t\n\n\t<a href=\"\/lyzovanie\/strbske-pleso\/\" class=\"wp-block-cgb-block-creanet-list category-list grid-x grid-padding-x align-middle\">\n\t\t\t\t\t<div class=\"small-12 medium-6 large-5\">\n\t\t\t\t<figure><img src='https:\/\/regiontatry.sk\/wp-content\/uploads\/2018\/10\/ski_strbske.jpeg'\n\t\t\t\t\t\talt=''\n\t\t\t\t\t\ttitle='ski_strbske'\n\t\t\t\t\t\/><\/figure>\n\t\t\t<\/div>\n\t\t\n\n\t\t<div class=\"cell small-12 medium-5 large-7\">\n\t\t\t<h3>Ulubione przez narciarzy Jezioro Szczyrbskie<\/h3>\n\t\t\t<p>O\u015brodek Jezioro Szczyrbskie (s\u0142ow. \u0160trbsk\u00e9 Pleso) to <strong>najwy\u017cej po\u0142o\u017cony o\u015brodek narciarski, <\/strong>w kt\u00f3rym dolna stacja znajduje si\u0119 na wysoko\u015bci a\u017c 1400 m n.p.m., a <strong>sezon narciarski trwa tu najd\u0142u\u017cej na S\u0142owacji<\/strong>.\u00a0<br> O\u015brodek oferuje narciarzom <strong>9 kilometr\u00f3w \u0142atwych i umiarkowanych tras narciarskich<\/strong>, z kt\u00f3rych ch\u0119tnie korzystaj\u0105 rodziny z dzie\u0107mi oraz zaawansowani narciarze. <br><\/p>\n\t\t<\/div>\n\t<\/a>\n\n\t\n\n\t<a href=\"\/lyzovanie\/stary-smokovec\/\" class=\"wp-block-cgb-block-creanet-list category-list grid-x grid-padding-x align-middle\">\n\t\t\t\t\t<div class=\"small-12 medium-6 large-5\">\n\t\t\t\t<figure><img src='https:\/\/regiontatry.sk\/wp-content\/uploads\/2018\/09\/Maxiland-for-children_800.jpg'\n\t\t\t\t\t\talt=''\n\t\t\t\t\t\ttitle='Maxiland-for-children_800'\n\t\t\t\t\t\/><\/figure>\n\t\t\t<\/div>\n\t\t\n\n\t\t<div class=\"cell small-12 medium-5 large-7\">\n\t\t\t<h3>Dla pocz\u0105tkuj\u0105cych<\/h3>\n\t\t\t<p>Stary Smokowiec to idealny wyb\u00f3r dla najm\u0142odszych narciarzy, lub pocz\u0105tkuj\u0105cych. Profesjonalny zesp\u00f3\u0142 <strong>instruktor\u00f3w narciarskich<\/strong> przeka\u017ce Ci wszelkie tajniki tego pi\u0119knego sportu i\u00a0nauczy prawid\u0142owej i bezpiecznej techniki jazdy. <br><\/p>\n\t\t<\/div>\n\t<\/a>\n\n\t\n\n\t<a href=\"\/lyzovanie\/bezecke-lyzovanie\" class=\"wp-block-cgb-block-creanet-list category-list grid-x grid-padding-x align-middle\">\n\t\t\t\t\t<div class=\"small-12 medium-6 large-5\">\n\t\t\t\t<figure><img src='https:\/\/regiontatry.sk\/wp-content\/uploads\/2018\/10\/Sni\u0301mka-obrazovky-2018-10-05-o-14.00.00.png'\n\t\t\t\t\t\talt=''\n\t\t\t\t\t\ttitle='Sni\u0301mka obrazovky 2018-10-05 o\u00a014.00.00'\n\t\t\t\t\t\/><\/figure>\n\t\t\t<\/div>\n\t\t\n\n\t\t<div class=\"cell small-12 medium-5 large-7\">\n\t\t\t<h3>W Tatrach na nartach biegowych<\/h3>\n\t\t\t<p>W Regionie Tatr Wysokich znajduje si\u0119 \u0142\u0105cznie <strong>ponad 61 km przygotowanych tras do uprawiania narciarstwa biegowego<\/strong>. Najwi\u0119kszym o\u015brodkiem koncentruj\u0105cym mi\u0142o\u015bnik\u00f3w tego sportu jest\u00a0<strong>Jezioro Szczyrbskie<\/strong>. W o\u015brodku znajduje si\u0119 8 profesjonalnie przygotowanych tras o d\u0142ugo\u015bci od 0,5 do 5 km. O\u015brodki Tatrza\u0144ska \u0141omnica i Stary Smokowiec oferuj\u0105 \u0142\u0105cznie 30 km tras narciarskich o niskim i \u015brednim stopniu trudno\u015bci. Co\u015b dla siebie znajd\u0105 tu zar\u00f3wno profesjonali\u015bci, jak i pocz\u0105tkuj\u0105cy.\u00a0 <br><\/p>\n\t\t<\/div>\n\t<\/a>\n\n\t\n\n<div class=\"wp-block-cgb-block-creanet-featured-links\">\n<h3><br>Przydatne informacje:<\/h3>\n<ul class=\"featured-links menu vertical\">\n<li><strong><a href=\"\/lyzovanie\/pozicovne\">Wypo\u017cyczalnie nart i sprz\u0119tu narciarskiego\n<\/a><\/strong><\/li>\n<li><strong><a href=\"\/lyzovanie\/lyziarske-skoly\/\">Szko\u0142y narciarskie\n<\/a><\/strong><\/li>\n<li><strong><a href=\"\/lyzovanie\/ski-aqua-bus\/\">SKI &amp; AQUA BUS<\/a><\/strong><\/li>\n<li><strong><a href=\"\/lyzovanie\/rady-horskeho-vodcu-ako-si-uzit-lyzovacku-bez-nehod\/\">Rady przewodnika g\u00f3rskiego dotycz\u0105ce bezpiecznej jazdy na nartach<\/a><\/strong><\/li>\n<\/ul>\n<\/div>\n<p><!-- \/wp:cgb\/block-creanet-featured-links --><\/p>","protected":false},"excerpt":{"rendered":"<p>Pozw\u00f3l sobie na niepowtarzalny wypoczynek pe\u0142en zimowych przyg\u00f3d i bia\u0142e szale\u0144stwo na stoku. Przyjed\u017a w Tatry Wysokie i korzystaj z&nbsp;24 km zawsze doskonale wyratrakowanych tras narciarskich&nbsp;z gwarancj\u0105 \u015bniegu przez 5 miesi\u0119cy w roku. W najlepszych o\u015brodkach narciarskich Tatrza\u0144ska \u0141omnica (Tatransk\u00e1 Lomnica), Jezioro Szczyrbskie (\u0160trbsk\u00e9 Pleso) i Stary Smokowiec (Star\u00fd Smokovec) mo\u017cesz si\u0119gn\u0105\u0107 chmur dzi\u0119ki&nbsp;20 nowoczesnym [&hellip;]<\/p>\n","protected":false},"author":1,"featured_media":7500,"parent":1601,"menu_order":0,"comment_status":"closed","ping_status":"closed","template":"template-simple-page.php","meta":{"footnotes":""},"class_list":["post-1565","page","type-page","status-publish","has-post-thumbnail","hentry"],"_links":{"self":[{"href":"https:\/\/regiontatry.sk\/pl\/wp-json\/wp\/v2\/pages\/1565"}],"collection":[{"href":"https:\/\/regiontatry.sk\/pl\/wp-json\/wp\/v2\/pages"}],"about":[{"href":"https:\/\/regiontatry.sk\/pl\/wp-json\/wp\/v2\/types\/page"}],"author":[{"embeddable":true,"href":"https:\/\/regiontatry.sk\/pl\/wp-json\/wp\/v2\/users\/1"}],"replies":[{"embeddable":true,"href":"https:\/\/regiontatry.sk\/pl\/wp-json\/wp\/v2\/comments?post=1565"}],"version-history":[{"count":43,"href":"https:\/\/regiontatry.sk\/pl\/wp-json\/wp\/v2\/pages\/1565\/revisions"}],"predecessor-version":[{"id":16361,"href":"https:\/\/regiontatry.sk\/pl\/wp-json\/wp\/v2\/pages\/1565\/revisions\/16361"}],"up":[{"embeddable":true,"href":"https:\/\/regiontatry.sk\/pl\/wp-json\/wp\/v2\/pages\/1601"}],"wp:featuredmedia":[{"embeddable":true,"href":"https:\/\/regiontatry.sk\/pl\/wp-json\/wp\/v2\/media\/7500"}],"wp:attachment":[{"href":"https:\/\/regiontatry.sk\/pl\/wp-json\/wp\/v2\/media?parent=1565"}],"curies":[{"name":"wp","href":"https:\/\/api.w.org\/{rel}","templated":true}]}}