{"id":1569,"date":"2018-07-27T14:22:25","date_gmt":"2018-07-27T12:22:25","guid":{"rendered":"http:\/\/regiontatry.creanet.sk\/sport\/"},"modified":"2025-10-14T22:27:49","modified_gmt":"2025-10-14T20:27:49","slug":"sport","status":"publish","type":"page","link":"https:\/\/regiontatry.sk\/pl\/sport\/","title":{"rendered":"Sport"},"content":{"rendered":"\n<p>\u015arodowisko naturalne w Tatrach Wysokich \u0142\u0105czy w sobie kilka aspekt\u00f3w sk\u0142adaj\u0105cych si\u0119 na wspania\u0142e doznania sportowe. Pi\u0119kny krajobraz, \u015bwietne warunki klimatyczne i&nbsp;wysoko\u015b\u0107 nad poziomem morza sprawiaj\u0105, \u017ce ka\u017cda aktywno\u015b\u0107 sportowa jest wyj\u0105tkowa. Je\u015bli lubisz gra\u0107 w golfa, je\u017adzi\u0107 konno, biega\u0107 lub je\u017adzi\u0107 na \u0142y\u017cwach, nie mo\u017cesz przegapi\u0107 uprawiania tego sportu w Tatrach.<\/p>\n\n\n\t<div class=\"wp-block-cgb-block-creanet-grid category-list cell small-12 medium-4 cg\">\n\t\t<div class=\"cell small-12 medium-12 large-12 medium-order-1\">\n\t\t\t<a href=\"\/pl\/sport\/golf\/\">\n\t\t\t\t<div class=\"background-grid-color\"><\/div>\n\t\t\t\t\t\t\t\t\t<figure><img decoding=\"async\" src=\"https:\/\/regiontatry.sk\/wp-content\/uploads\/2018\/09\/golf.jpg\" alt=\"\"\n\t\t\t\t\t\t\t\t title=\"golf\"\/><\/figure>\n\t\t\t\t\t\t\t\t<h3>Golf<\/h3>\t\t\t\t\t\t\t<\/a>\n\t\t<\/div>\n\t<\/div>\n\t\n\n\t<div class=\"wp-block-cgb-block-creanet-grid category-list cell small-12 medium-4 cg\">\n\t\t<div class=\"cell small-12 medium-12 large-12 medium-order-1\">\n\t\t\t<a href=\"\/pl\/sport\/jazda-konna\/\">\n\t\t\t\t<div class=\"background-grid-color\"><\/div>\n\t\t\t\t\t\t\t\t\t<figure><img decoding=\"async\" src=\"https:\/\/regiontatry.sk\/wp-content\/uploads\/2018\/09\/mengusovce-kone.jpg\" alt=\"\"\n\t\t\t\t\t\t\t\t title=\"mengusovce-kone\"\/><\/figure>\n\t\t\t\t\t\t\t\t<h3>Jazda konna<\/h3>\t\t\t\t\t\t\t<\/a>\n\t\t<\/div>\n\t<\/div>\n\t\n\n\t<div class=\"wp-block-cgb-block-creanet-grid category-list cell small-12 medium-4 cg\">\n\t\t<div class=\"cell small-12 medium-12 large-12 medium-order-1\">\n\t\t\t<a href=\"\/pl\/sport\/nordic-walking\">\n\t\t\t\t<div class=\"background-grid-color\"><\/div>\n\t\t\t\t\t\t\t\t\t<figure><img decoding=\"async\" src=\"https:\/\/regiontatry.sk\/wp-content\/uploads\/2018\/09\/NW.jpg\" alt=\"\"\n\t\t\t\t\t\t\t\t title=\"NW\"\/><\/figure>\n\t\t\t\t\t\t\t\t<h3>Nordic Walking<\/h3>\t\t\t\t\t\t\t<\/a>\n\t\t<\/div>\n\t<\/div>\n\t\n\n\t<div class=\"wp-block-cgb-block-creanet-grid category-list cell small-12 medium-4 cg\">\n\t\t<div class=\"cell small-12 medium-12 large-12 medium-order-1\">\n\t\t\t<a href=\"\/pl\/sport\/biegi\/\">\n\t\t\t\t<div class=\"background-grid-color\"><\/div>\n\t\t\t\t\t\t\t\t\t<figure><img decoding=\"async\" src=\"https:\/\/regiontatry.sk\/wp-content\/uploads\/2018\/07\/DSC_3331a_1000.jpg\" alt=\"\"\n\t\t\t\t\t\t\t\t title=\"DSC_3331a_1000\"\/><\/figure>\n\t\t\t\t\t\t\t\t<h3>Biegi<\/h3>\t\t\t\t\t\t\t<\/a>\n\t\t<\/div>\n\t<\/div>\n\t\n\n\t<div class=\"wp-block-cgb-block-creanet-grid category-list cell small-12 medium-4 cg\">\n\t\t<div class=\"cell small-12 medium-12 large-12 medium-order-1\">\n\t\t\t<a href=\"\/pl\/sport\/jazda-na-rolkach-in-line\/\">\n\t\t\t\t<div class=\"background-grid-color\"><\/div>\n\t\t\t\t\t\t\t\t\t<figure><img decoding=\"async\" src=\"https:\/\/regiontatry.sk\/wp-content\/uploads\/2018\/09\/inline.jpg\" alt=\"\"\n\t\t\t\t\t\t\t\t title=\"inline\"\/><\/figure>\n\t\t\t\t\t\t\t\t<h3>Jazda na rolkach In-line<br><\/h3>\t\t\t\t\t\t\t<\/a>\n\t\t<\/div>\n\t<\/div>\n\t","protected":false},"excerpt":{"rendered":"<p>\u015arodowisko naturalne w Tatrach Wysokich \u0142\u0105czy w sobie kilka aspekt\u00f3w sk\u0142adaj\u0105cych si\u0119 na wspania\u0142e doznania sportowe. Pi\u0119kny krajobraz, \u015bwietne warunki klimatyczne i&nbsp;wysoko\u015b\u0107 nad poziomem morza sprawiaj\u0105, \u017ce ka\u017cda aktywno\u015b\u0107 sportowa jest wyj\u0105tkowa. Je\u015bli lubisz gra\u0107 w golfa, je\u017adzi\u0107 konno, biega\u0107 lub je\u017adzi\u0107 na \u0142y\u017cwach, nie mo\u017cesz przegapi\u0107 uprawiania tego sportu w Tatrach.<\/p>\n","protected":false},"author":1,"featured_media":3850,"parent":0,"menu_order":0,"comment_status":"closed","ping_status":"closed","template":"template-list.php","meta":{"footnotes":""},"class_list":["post-1569","page","type-page","status-publish","has-post-thumbnail","hentry"],"_links":{"self":[{"href":"https:\/\/regiontatry.sk\/pl\/wp-json\/wp\/v2\/pages\/1569"}],"collection":[{"href":"https:\/\/regiontatry.sk\/pl\/wp-json\/wp\/v2\/pages"}],"about":[{"href":"https:\/\/regiontatry.sk\/pl\/wp-json\/wp\/v2\/types\/page"}],"author":[{"embeddable":true,"href":"https:\/\/regiontatry.sk\/pl\/wp-json\/wp\/v2\/users\/1"}],"replies":[{"embeddable":true,"href":"https:\/\/regiontatry.sk\/pl\/wp-json\/wp\/v2\/comments?post=1569"}],"version-history":[{"count":11,"href":"https:\/\/regiontatry.sk\/pl\/wp-json\/wp\/v2\/pages\/1569\/revisions"}],"predecessor-version":[{"id":11146025,"href":"https:\/\/regiontatry.sk\/pl\/wp-json\/wp\/v2\/pages\/1569\/revisions\/11146025"}],"wp:featuredmedia":[{"embeddable":true,"href":"https:\/\/regiontatry.sk\/pl\/wp-json\/wp\/v2\/media\/3850"}],"wp:attachment":[{"href":"https:\/\/regiontatry.sk\/pl\/wp-json\/wp\/v2\/media?parent=1569"}],"curies":[{"name":"wp","href":"https:\/\/api.w.org\/{rel}","templated":true}]}}