{"id":1573,"date":"2018-07-18T14:22:55","date_gmt":"2018-07-18T12:22:55","guid":{"rendered":"http:\/\/regiontatry.creanet.sk\/rodina-a-zabava\/"},"modified":"2019-10-10T13:33:03","modified_gmt":"2019-10-10T11:33:03","slug":"rodzina-i-zabawa-lato","status":"publish","type":"page","link":"https:\/\/regiontatry.sk\/pl\/rodzina-i-zabawa-lato\/","title":{"rendered":"Rodzina i zabawa"},"content":{"rendered":"\n<p>Prze\u017cyj w Tatrach&nbsp;<strong>chwile szcz\u0119\u015bcia z rodzin\u0105<\/strong>, sp\u0119d\u017a&nbsp;<strong>lato pe\u0142ne niezapomnianych wra\u017ce\u0144<\/strong>! Tatry Wysokie mog\u0105 sta\u0107 si\u0119 Twoim wakacyjnym rajem. Wybierz si\u0119 na emocjonuj\u0105c\u0105 wypraw\u0119 i sp\u0119d\u017a z dzie\u0107mi letnie dni pe\u0142ne zabawy, frajdy i ruchu na \u015bwie\u017cym powietrzu!<br><br><\/p>\n\n\n\t<a href=\"\/pl\/turystyka\/turystyka-rodzinna\/\" class=\"wp-block-cgb-block-creanet-list category-list grid-x grid-padding-x align-middle\">\n\t\t\t\t\t<div class=\"small-12 medium-6 large-5\">\n\t\t\t\t<figure><img src='https:\/\/regiontatry.sk\/wp-content\/uploads\/2019\/05\/cMarek-Hajkovsky-foto-Strbske-pleso-rodina-leto-42-ko\u0301pia.jpg'\n\t\t\t\t\t\talt=''\n\t\t\t\t\t\ttitle='cMarek Hajkovsky-foto-Strbske pleso-rodina-leto 42 - ko\u0301pia'\n\t\t\t\t\t\/><\/figure>\n\t\t\t<\/div>\n\t\t\n\n\t\t<div class=\"cell small-12 medium-5 large-7\">\n\t\t\t<h3>Z <strong>rodzin\u0105\u00a0na<\/strong> \u0142onie natury<br><\/h3>\n\t\t\t<p>Sku\u015b si\u0119 na jedn\u0105 z wielu rodzinnych wycieczek i zabierz do domu niezatarte wspomnienia z Tatr. To wyj\u0105tkowe miejsce ze szlakami turystycznymi odpowiednimi tak\u017ce dla najmniejszych piechur\u00f3w.<\/p>\n\t\t<\/div>\n\t<\/a>\n\n\t\n\n\t<a href=\"\/pl\/rodzina-i-dzieci-lato\/plywanie-lodka\/\" class=\"wp-block-cgb-block-creanet-list category-list grid-x grid-padding-x align-middle\">\n\t\t\t\t\t<div class=\"small-12 medium-6 large-5\">\n\t\t\t\t<figure><img src='https:\/\/regiontatry.sk\/wp-content\/uploads\/2018\/09\/Boating-at-the-lake2-1024x681.jpg'\n\t\t\t\t\t\talt=''\n\t\t\t\t\t\ttitle='Boating-at-the-lake2-1024x681'\n\t\t\t\t\t\/><\/figure>\n\t\t\t<\/div>\n\t\t\n\n\t\t<div class=\"cell small-12 medium-5 large-7\">\n\t\t\t<h3>\u0141\u00f3dk\u0105 po Jeziorze Szczyrbskim<\/h3>\n\t\t\t<p>Niezapomniane prze\u017cycie nie tylko dla maluch\u00f3w. Nostalgiczny rejs \u0142\u00f3dk\u0105 to doskona\u0142e urozmaicenie wakacji dla ca\u0142ej rodziny, kt\u00f3re zachwyci Twoje pociechy. Na pewno Ci\u0119 nie zawiedzie!<\/p>\n\t\t<\/div>\n\t<\/a>\n\n\t\n\n\t<a href=\"\/pl\/turystyka\/wycieczki-kolejami-linowymi\/\" class=\"wp-block-cgb-block-creanet-list category-list grid-x grid-padding-x align-middle\">\n\t\t\t\t\t<div class=\"small-12 medium-6 large-5\">\n\t\t\t\t<figure><img src='https:\/\/regiontatry.sk\/wp-content\/uploads\/2019\/05\/DSC_0129-ko\u0301pia.jpg'\n\t\t\t\t\t\talt=''\n\t\t\t\t\t\ttitle='DSC_0129 - ko\u0301pia'\n\t\t\t\t\t\/><\/figure>\n\t\t\t<\/div>\n\t\t\n\n\t\t<div class=\"cell small-12 medium-5 large-7\">\n\t\t\t<h3>Kolejk\u0105 linow\u0105 po przygod\u0119<\/h3>\n\t\t\t<p>Dzieci uwielbiaj\u0105 kolejki linowe i wyci\u0105gi. Zabierz rodzin\u0119 na ca\u0142odzienn\u0105 wycieczk\u0119. Skorzystaj z wygodnej kolejki i naciesz oczy pi\u0119knymi widokami. Maluchy warto zabra\u0107 tak\u017ce do popularnego eko-mini parku Kraina \u015awistak\u00f3w nad \u0141omnickim Stawem.<\/p>\n\t\t<\/div>\n\t<\/a>\n\n\t\n\n\t<a href=\"\/pl\/rodzina-i-dzieci-lato\/tatrzanska-dzikolandia\/\" class=\"wp-block-cgb-block-creanet-list category-list grid-x grid-padding-x align-middle\">\n\t\t\t\t\t<div class=\"small-12 medium-6 large-5\">\n\t\t\t\t<figure><img src='https:\/\/regiontatry.sk\/wp-content\/uploads\/2019\/05\/csm_medved_kubo_7c2db2a5d4-ko\u0301pia.jpg'\n\t\t\t\t\t\talt=''\n\t\t\t\t\t\ttitle='csm_medved_kubo_7c2db2a5d4 - ko\u0301pia'\n\t\t\t\t\t\/><\/figure>\n\t\t\t<\/div>\n\t\t\n\n\t\t<div class=\"cell small-12 medium-5 large-7\">\n\t\t\t<h3>Tatrza\u0144ska Dzikolandia<\/h3>\n\t\t\t<p>Prze\u017cyj wyj\u0105tkow\u0105 przygod\u0119 i wsp\u00f3lnie z dzie\u0107mi odkrywaj tatrza\u0144skie sekrety dzi\u0119ki ekologicznemu projektowi TATRZA\u0143SKA DZIKOLANDIA. Mn\u00f3stwo historii i zagadek pozwala w zabawny spos\u00f3b pozna\u0107 najpi\u0119kniejsze i najciekawsze zak\u0105tki Tatr.<\/p>\n\t\t<\/div>\n\t<\/a>\n\n\t\n\n\t<a href=\"\/pl\/wellness-i-relaks\/park-wodny-aquacity-poprad\/\" class=\"wp-block-cgb-block-creanet-list category-list grid-x grid-padding-x align-middle\">\n\t\t\t\t\t<div class=\"small-12 medium-6 large-5\">\n\t\t\t\t<figure><img src='https:\/\/regiontatry.sk\/wp-content\/uploads\/2019\/05\/MG_6257-ko\u0301pia.jpg'\n\t\t\t\t\t\talt=''\n\t\t\t\t\t\ttitle='_MG_6257 - ko\u0301pia'\n\t\t\t\t\t\/><\/figure>\n\t\t\t<\/div>\n\t\t\n\n\t\t<div class=\"cell small-12 medium-5 large-7\">\n\t\t\t<h3>Nieko\u0144cz\u0105ca si\u0119 frajda w aqauparku<br><\/h3>\n\t\t\t<p>Pozw\u00f3l sobie na nieskr\u0119powan\u0105 zabaw\u0119 z rodzin\u0105 w raju wodnym pod Tatrami! Jedn\u0105 z ulubionych atrakcji jest basen dla dzieci Treasure Island w Aquacity Poprad, kt\u00f3ry pobudza dzieci\u0119c\u0105 fantazj\u0119. Dzieci na pewno b\u0119d\u0105 uradowane!<\/p>\n\t\t<\/div>\n\t<\/a>\n\n\t\n\n\t<a href=\"http:\/\/www.tatranskakometa.sk\/\" class=\"wp-block-cgb-block-creanet-list category-list grid-x grid-padding-x align-middle\">\n\t\t\t\t\t<div class=\"small-12 medium-6 large-5\">\n\t\t\t\t<figure><img src='https:\/\/regiontatry.sk\/wp-content\/uploads\/2019\/05\/kometa.jpg'\n\t\t\t\t\t\talt=''\n\t\t\t\t\t\ttitle='kometa'\n\t\t\t\t\t\/><\/figure>\n\t\t\t<\/div>\n\t\t\n\n\t\t<div class=\"cell small-12 medium-5 large-7\">\n\t\t\t<h3>Przejazd Tatra\u0144sk\u0105 Komet\u0105<br><\/h3>\n\t\t\t<p>Zobacz na w\u0142asne oczy unikat tatrza\u0144skich kolei i wybierz si\u0119 w magiczn\u0105 podr\u00f3\u017c Komet\u0105! Przejazdy zabytkow\u0105 kolej\u0105 w ka\u017cdy weekend wakacji.<\/p>\n\t\t<\/div>\n\t<\/a>\n\n\t\n\n\t<a href=\"\/pl\/region\/przyroda-i-krajobraz\/?poi=419\" class=\"wp-block-cgb-block-creanet-list category-list grid-x grid-padding-x align-middle\">\n\t\t\t\t\t<div class=\"small-12 medium-6 large-5\">\n\t\t\t\t<figure><img src='https:\/\/regiontatry.sk\/wp-content\/uploads\/2018\/09\/belianska-jaskyna.jpeg'\n\t\t\t\t\t\talt=''\n\t\t\t\t\t\ttitle='belianska-jaskyna'\n\t\t\t\t\t\/><\/figure>\n\t\t\t<\/div>\n\t\t\n\n\t\t<div class=\"cell small-12 medium-5 large-7\">\n\t\t\t<h3>Jaskinia Belia\u0144ska<\/h3>\n\t\t\t<p>Poznaj sekrety podziemnych Tatr w jedynej udost\u0119pnionej do zwiedzania jaskini Tatr Wysokich \u2013 Jaskini Belia\u0144skiej. To wyj\u0105tkowe miejsce mo\u017cesz zwiedza\u0107 z rodzin\u0105 przez ca\u0142y rok, bez wzgl\u0119du na pogod\u0119 JASKINIA BIELSKA (Belansk\u00e1 jasky\u0148a).<br><\/p>\n\t\t<\/div>\n\t<\/a>\n\n\t\n\n\t<a href=\"\/pl\/region\/muzea-a-galerie\/?poi=269\" class=\"wp-block-cgb-block-creanet-list category-list grid-x grid-padding-x align-middle\">\n\t\t\t\t\t<div class=\"small-12 medium-6 large-5\">\n\t\t\t\t<figure><img src='https:\/\/regiontatry.sk\/wp-content\/uploads\/2018\/10\/muzeum-tanapu2.jpg'\n\t\t\t\t\t\talt=''\n\t\t\t\t\t\ttitle='muzeum-tanapu2'\n\t\t\t\t\t\/><\/figure>\n\t\t\t<\/div>\n\t\t\n\n\t\t<div class=\"cell small-12 medium-5 large-7\">\n\t\t\t<h3>Muzeum Tatrza\u0144skiego parku narodowego<br><\/h3>\n\t\t\t<p>Dzieci z pewno\u015bci\u0105 warto zabra\u0107 tak\u017ce do MUZEUM TATRZA\u0143SKIEGO PARKU NARODOWEGO w Tatrza\u0144skiej \u0141omnicy, gdzie mog\u0105 zapozna\u0107 si\u0119 z ma\u0142ymi i du\u017cymi mieszka\u0144cami tatrza\u0144skich las\u00f3w.<\/p>\n\t\t<\/div>\n\t<\/a>\n\n\t\n\n\t<a href=\"\/pl\/event\/\" class=\"wp-block-cgb-block-creanet-list category-list grid-x grid-padding-x align-middle\">\n\t\t\t\t\t<div class=\"small-12 medium-6 large-5\">\n\t\t\t\t<figure><img src='https:\/\/regiontatry.sk\/wp-content\/uploads\/2018\/10\/img-4-6.jpg'\n\t\t\t\t\t\talt=''\n\t\t\t\t\t\ttitle='img-4'\n\t\t\t\t\t\/><\/figure>\n\t\t\t<\/div>\n\t\t\n\n\t\t<div class=\"cell small-12 medium-5 large-7\">\n\t\t\t<h3>Imprezy dla rodzin z dzie\u0107mi<\/h3>\n\t\t\t<p>Podczas wakacji odb\u0119dzie si\u0119 kilka imprez dla dzieci, na kt\u00f3rych na pewno b\u0119dziecie si\u0119 \u015bwietnie bawi\u0107. Najwi\u0119cej nied\u017awiedzi w Tatrach mo\u017cna zobaczy\u0107 w pierwszy weekend sierpnia na Smokowieckim Siode\u0142ku (Hrebienok). NIED\u0179WIEDZIE DNI s\u0105 pe\u0142ne nied\u017awiedziej atmosfery, konkurs\u00f3w i atrakcji po\u0142\u0105czonych z zabaw\u0105 dla dzieci. Z kolei \u015bwistaki opanuj\u0105 Jezioro Szczyrbskie, kt\u00f3re dzi\u0119ki imprezie \u015aWISTAKI NA JEZIORZE zamieni\u0105 kompleks sportowy na jeden wielki plac zabaw. <\/p>\n\t\t<\/div>\n\t<\/a>\n\n\t\n\n\t<a href=\"\/pl\/zakwaterowanie\/oferty-specjalne\/family-friendly\/\" class=\"wp-block-cgb-block-creanet-list category-list grid-x grid-padding-x align-middle\">\n\t\t\t\t\t<div class=\"small-12 medium-6 large-5\">\n\t\t\t\t<figure><img src='https:\/\/regiontatry.sk\/wp-content\/uploads\/2019\/05\/201709051110320.c_Marek_Hajkovsky_foto_Hotel_Lomnica_exterier_2017_181.jpg'\n\t\t\t\t\t\talt=''\n\t\t\t\t\t\ttitle='201709051110320.c_Marek_Hajkovsky_foto_Hotel_Lomnica_exterier_2017_181'\n\t\t\t\t\t\/><\/figure>\n\t\t\t<\/div>\n\t\t\n\n\t\t<div class=\"cell small-12 medium-5 large-7\">\n\t\t\t<h3>FAMILY friendly<\/h3>\n\t\t\t<p>Odpowiednie\u00a0<strong>zakwaterowanie dla swojej rodziny<\/strong>\u00a0mo\u017cesz znale\u017a\u0107 w jednym z hoteli FAMILY\u00a0friendly i prze\u017cy\u0107 wspania\u0142y urlop pe\u0142en rodzinnej sielanki bezpo\u015brednio w\u00a0Tatrach Wysokich!<br><\/p>\n\t\t<\/div>\n\t<\/a>\n\n\t\n\n\n<p><br>Tatry s\u0105 wprost stworzone do spacer\u00f3w po lasach i \u0142\u0105kach, gdzie cz\u0119sto mo\u017cna spotka\u0107 r\u00f3\u017cne zwierz\u0105tka. Dziki i muflony mo\u017cna zobaczy\u0107 w zagrodzie w drodze na Spi\u0161sk\u00e9 Bystr\u00e9. W Kvetnici na jeziorku i na rzece Poprad mo\u017cna nakarmi\u0107 kaczki. W Gerlachovie przy Hotelu Hubert z kolei znajduje si\u0119 Mini-ZOO. <\/p>\n\n\n\n<div style=\"height:100px\" aria-hidden=\"true\" class=\"wp-block-spacer\"><\/div>\n\n\n\n<iframe loading=\"lazy\" src=\"https:\/\/www.youtube.com\/embed\/KNZcfxIT11g\" allow=\"autoplay; encrypted-media\" allowfullscreen=\"\" width=\"100%\" height=\"600\" frameborder=\"0\"><\/iframe>\n","protected":false},"excerpt":{"rendered":"<p>Prze\u017cyj w Tatrach&nbsp;chwile szcz\u0119\u015bcia z rodzin\u0105, sp\u0119d\u017a&nbsp;lato pe\u0142ne niezapomnianych wra\u017ce\u0144! Tatry Wysokie mog\u0105 sta\u0107 si\u0119 Twoim wakacyjnym rajem. Wybierz si\u0119 na emocjonuj\u0105c\u0105 wypraw\u0119 i sp\u0119d\u017a z dzie\u0107mi letnie dni pe\u0142ne zabawy, frajdy i ruchu na \u015bwie\u017cym powietrzu! Tatry s\u0105 wprost stworzone do spacer\u00f3w po lasach i \u0142\u0105kach, gdzie cz\u0119sto mo\u017cna spotka\u0107 r\u00f3\u017cne zwierz\u0105tka. Dziki i [&hellip;]<\/p>\n","protected":false},"author":1,"featured_media":18259,"parent":0,"menu_order":0,"comment_status":"closed","ping_status":"closed","template":"template-simple-page.php","meta":{"footnotes":""},"class_list":["post-1573","page","type-page","status-publish","has-post-thumbnail","hentry"],"_links":{"self":[{"href":"https:\/\/regiontatry.sk\/pl\/wp-json\/wp\/v2\/pages\/1573"}],"collection":[{"href":"https:\/\/regiontatry.sk\/pl\/wp-json\/wp\/v2\/pages"}],"about":[{"href":"https:\/\/regiontatry.sk\/pl\/wp-json\/wp\/v2\/types\/page"}],"author":[{"embeddable":true,"href":"https:\/\/regiontatry.sk\/pl\/wp-json\/wp\/v2\/users\/1"}],"replies":[{"embeddable":true,"href":"https:\/\/regiontatry.sk\/pl\/wp-json\/wp\/v2\/comments?post=1573"}],"version-history":[{"count":49,"href":"https:\/\/regiontatry.sk\/pl\/wp-json\/wp\/v2\/pages\/1573\/revisions"}],"predecessor-version":[{"id":20597,"href":"https:\/\/regiontatry.sk\/pl\/wp-json\/wp\/v2\/pages\/1573\/revisions\/20597"}],"wp:featuredmedia":[{"embeddable":true,"href":"https:\/\/regiontatry.sk\/pl\/wp-json\/wp\/v2\/media\/18259"}],"wp:attachment":[{"href":"https:\/\/regiontatry.sk\/pl\/wp-json\/wp\/v2\/media?parent=1573"}],"curies":[{"name":"wp","href":"https:\/\/api.w.org\/{rel}","templated":true}]}}