{"id":1577,"date":"2018-07-18T14:58:31","date_gmt":"2018-07-18T12:58:31","guid":{"rendered":"http:\/\/regiontatry.creanet.sk\/rodina-a-deti\/"},"modified":"2025-11-18T22:33:33","modified_gmt":"2025-11-18T21:33:33","slug":"rodzina-i-zabawa","status":"publish","type":"page","link":"https:\/\/regiontatry.sk\/pl\/rodzina-i-zabawa\/","title":{"rendered":"Rodzina i zabawa"},"content":{"rendered":"\n<p>Prze\u017cyj w Tatrach <strong>chwile szcz\u0119\u015bcia z&nbsp;rodzin\u0105<\/strong> i sp\u0119d\u017a <strong>zim\u0119 pe\u0142n\u0105 niezapomnianych wra\u017ce\u0144<\/strong>. Tatry Wysokie mog\u0105 by\u0107 tak\u017ce Twoim zimowym rajem. Spaceruj po za\u015bnie\u017conej krainie lub sp\u0119d\u017a ze swoimi dzie\u0107mi wsp\u00f3lne chwile pe\u0142ne zabawy, gier i ruchu na \u015bwie\u017cym powietrzu.<\/p>\n\n\n\t<div class=\"wp-block-cgb-block-creanet-grid category-list cell small-12 medium-4 cg\">\n\t\t<div class=\"cell small-12 medium-12 large-12 medium-order-1\">\n\t\t\t<a href=\"https:\/\/regiontatry.sk\/pl\/wellness-i-relaks\/termalny-aquapark-w-popradzie-zima\/\">\n\t\t\t\t<div class=\"background-grid-color\"><\/div>\n\t\t\t\t\t\t\t\t\t<figure><img decoding=\"async\" src=\"https:\/\/regiontatry.sk\/wp-content\/uploads\/2018\/10\/AquaCity_Winter_2015_Panorama_980x405.jpeg\" alt=\"\"\n\t\t\t\t\t\t\t\t title=\"AquaCity_Winter_2015_Panorama_980x405\"\/><\/figure>\n\t\t\t\t\t\t\t\t<h3>Termalny Aquapark w Popradzie<\/h3>\t\t\t\t\t\t\t<\/a>\n\t\t<\/div>\n\t<\/div>\n\t\n\n\t<div class=\"wp-block-cgb-block-creanet-grid category-list cell small-12 medium-4 cg\">\n\t\t<div class=\"cell small-12 medium-12 large-12 medium-order-1\">\n\t\t\t<a href=\"\/pl\/rodzina-i-zabawa\/atrakcje-zimowe\/\">\n\t\t\t\t<div class=\"background-grid-color\"><\/div>\n\t\t\t\t\t\t\t\t\t<figure><img decoding=\"async\" src=\"https:\/\/regiontatry.sk\/wp-content\/uploads\/2018\/10\/Bez-na\u0301zvu-1-2a.jpg\" alt=\"\"\n\t\t\t\t\t\t\t\t title=\"snowtubing\"\/><\/figure>\n\t\t\t\t\t\t\t\t<h3>Atrakcje zimowe<br><\/h3>\t\t\t\t\t\t\t<\/a>\n\t\t<\/div>\n\t<\/div>\n\t\n\n\t<div class=\"wp-block-cgb-block-creanet-grid category-list cell small-12 medium-4 cg\">\n\t\t<div class=\"cell small-12 medium-12 large-12 medium-order-1\">\n\t\t\t<a href=\"\/pl\/rodzina-i-zabawa\/turystyka-rodzinna-zima\/\">\n\t\t\t\t<div class=\"background-grid-color\"><\/div>\n\t\t\t\t\t\t\t\t\t<figure><img decoding=\"async\" src=\"https:\/\/regiontatry.sk\/wp-content\/uploads\/2018\/11\/DSC_6670.jpg\" alt=\"\"\n\t\t\t\t\t\t\t\t title=\"DSC_6670\"\/><\/figure>\n\t\t\t\t\t\t\t\t<h3>Turystyka rodzinna<br><\/h3>\t\t\t\t\t\t\t<\/a>\n\t\t<\/div>\n\t<\/div>\n\t\n\n\t<div class=\"wp-block-cgb-block-creanet-grid category-list cell small-12 medium-4 cg\">\n\t\t<div class=\"cell small-12 medium-12 large-12 medium-order-1\">\n\t\t\t<a href=\"\/pl\/zimowe-wycieczki\/wycieczki-kolejami-linowymi\/\">\n\t\t\t\t<div class=\"background-grid-color\"><\/div>\n\t\t\t\t\t\t\t\t\t<figure><img decoding=\"async\" src=\"https:\/\/regiontatry.sk\/wp-content\/uploads\/2018\/09\/lomnicak2-1.jpeg\" alt=\"\"\n\t\t\t\t\t\t\t\t title=\"lomnicak2\"\/><\/figure>\n\t\t\t\t\t\t\t\t<h3>Kolejkami linowymi w poszukiwaniu przyg\u00f3d<\/h3>\t\t\t\t\t\t\t<\/a>\n\t\t<\/div>\n\t<\/div>\n\t\n\n\t<div class=\"wp-block-cgb-block-creanet-grid category-list cell small-12 medium-4 cg\">\n\t\t<div class=\"cell small-12 medium-12 large-12 medium-order-1\">\n\t\t\t<a href=\"https:\/\/regiontatry.sk\/pl\/tatrzanska-swiatynia-lodowa\/\">\n\t\t\t\t<div class=\"background-grid-color\"><\/div>\n\t\t\t\t\t\t\t\t\t<figure><img decoding=\"async\" src=\"https:\/\/regiontatry.sk\/wp-content\/uploads\/2025\/11\/\u00a9-Marek-Hajkovsky_foto_Ladovy-Dom_2025_12-1024x696.jpg\" alt=\"\"\n\t\t\t\t\t\t\t\t title=\"\u00a9 Marek Hajkovsky_foto_Ladovy Dom_2025_12\"\/><\/figure>\n\t\t\t\t\t\t\t\t<h3><strong>Tatrza\u0144ska \u015bwi\u0105tynia lodowa<\/strong><\/h3>\t\t\t\t\t\t\t<\/a>\n\t\t<\/div>\n\t<\/div>\n\t","protected":false},"excerpt":{"rendered":"<p>Prze\u017cyj w Tatrach chwile szcz\u0119\u015bcia z&nbsp;rodzin\u0105 i sp\u0119d\u017a zim\u0119 pe\u0142n\u0105 niezapomnianych wra\u017ce\u0144. Tatry Wysokie mog\u0105 by\u0107 tak\u017ce Twoim zimowym rajem. Spaceruj po za\u015bnie\u017conej krainie lub sp\u0119d\u017a ze swoimi dzie\u0107mi wsp\u00f3lne chwile pe\u0142ne zabawy, gier i ruchu na \u015bwie\u017cym powietrzu.<\/p>\n","protected":false},"author":1,"featured_media":8017,"parent":0,"menu_order":0,"comment_status":"closed","ping_status":"closed","template":"template-list.php","meta":{"footnotes":""},"class_list":["post-1577","page","type-page","status-publish","has-post-thumbnail","hentry"],"_links":{"self":[{"href":"https:\/\/regiontatry.sk\/pl\/wp-json\/wp\/v2\/pages\/1577"}],"collection":[{"href":"https:\/\/regiontatry.sk\/pl\/wp-json\/wp\/v2\/pages"}],"about":[{"href":"https:\/\/regiontatry.sk\/pl\/wp-json\/wp\/v2\/types\/page"}],"author":[{"embeddable":true,"href":"https:\/\/regiontatry.sk\/pl\/wp-json\/wp\/v2\/users\/1"}],"replies":[{"embeddable":true,"href":"https:\/\/regiontatry.sk\/pl\/wp-json\/wp\/v2\/comments?post=1577"}],"version-history":[{"count":8,"href":"https:\/\/regiontatry.sk\/pl\/wp-json\/wp\/v2\/pages\/1577\/revisions"}],"predecessor-version":[{"id":11191287,"href":"https:\/\/regiontatry.sk\/pl\/wp-json\/wp\/v2\/pages\/1577\/revisions\/11191287"}],"wp:featuredmedia":[{"embeddable":true,"href":"https:\/\/regiontatry.sk\/pl\/wp-json\/wp\/v2\/media\/8017"}],"wp:attachment":[{"href":"https:\/\/regiontatry.sk\/pl\/wp-json\/wp\/v2\/media?parent=1577"}],"curies":[{"name":"wp","href":"https:\/\/api.w.org\/{rel}","templated":true}]}}