{"id":1581,"date":"2018-07-27T14:41:22","date_gmt":"2018-07-27T12:41:22","guid":{"rendered":"http:\/\/regiontatry.creanet.sk\/rodina-a-deti-2\/"},"modified":"2025-10-14T22:15:54","modified_gmt":"2025-10-14T20:15:54","slug":"rodzina-i-dzieci-lato","status":"publish","type":"page","link":"https:\/\/regiontatry.sk\/pl\/rodzina-i-dzieci-lato\/","title":{"rendered":"Rodzina i dzieci"},"content":{"rendered":"\n<p>Prze\u017cyj w Tatrach&nbsp;<strong>chwile szcz\u0119\u015bcia z rodzin\u0105<\/strong>, sp\u0119d\u017a&nbsp;<strong>lato pe\u0142ne niezapomnianych wra\u017ce\u0144<\/strong>! Tatry Wysokie mog\u0105 sta\u0107 si\u0119 Twoim wakacyjnym rajem. Wybierz si\u0119 na emocjonuj\u0105c\u0105 wypraw\u0119 i sp\u0119d\u017a z dzie\u0107mi letnie dni pe\u0142ne zabawy, frajdy i ruchu na \u015bwie\u017cym powietrzu!<br><\/p>\n\n\n\t<div class=\"wp-block-cgb-block-creanet-grid category-list cell small-12 medium-4 cg\">\n\t\t<div class=\"cell small-12 medium-12 large-12 medium-order-1\">\n\t\t\t<a href=\"\/pl\/turystyka\/turystyka-rodzinna\/\">\n\t\t\t\t<div class=\"background-grid-color\"><\/div>\n\t\t\t\t\t\t\t\t\t<figure><img decoding=\"async\" src=\"https:\/\/regiontatry.sk\/wp-content\/uploads\/2018\/09\/rodinnaturistika.jpeg\" alt=\"\"\n\t\t\t\t\t\t\t\t title=\"rodinnaturistika\"\/><\/figure>\n\t\t\t\t\t\t\t\t<h3>Turystyka rodzinna<br><\/h3>\t\t\t\t\t\t\t<\/a>\n\t\t<\/div>\n\t<\/div>\n\t\n\n\t<div class=\"wp-block-cgb-block-creanet-grid category-list cell small-12 medium-4 cg\">\n\t\t<div class=\"cell small-12 medium-12 large-12 medium-order-1\">\n\t\t\t<a href=\"https:\/\/regiontatry.sk\/pl\/wellness-i-relaks\/termalny-aquapark-w-popradzie\/\">\n\t\t\t\t<div class=\"background-grid-color\"><\/div>\n\t\t\t\t\t\t\t\t\t<figure><img decoding=\"async\" src=\"https:\/\/regiontatry.sk\/wp-content\/uploads\/2018\/08\/thermalpools17.jpg\" alt=\"\"\n\t\t\t\t\t\t\t\t title=\"thermalpools17\"\/><\/figure>\n\t\t\t\t\t\t\t\t<h3>Termalny Aquapark w Popradzie<\/h3>\t\t\t\t\t\t\t<\/a>\n\t\t<\/div>\n\t<\/div>\n\t\n\n\t<div class=\"wp-block-cgb-block-creanet-grid category-list cell small-12 medium-4 cg\">\n\t\t<div class=\"cell small-12 medium-12 large-12 medium-order-1\">\n\t\t\t<a href=\"\/pl\/rodzina-i-dzieci-lato\/plywanie-lodka\/\">\n\t\t\t\t<div class=\"background-grid-color\"><\/div>\n\t\t\t\t\t\t\t\t\t<figure><img decoding=\"async\" src=\"https:\/\/regiontatry.sk\/wp-content\/uploads\/2018\/09\/clnkovanie.jpeg\" alt=\"\"\n\t\t\t\t\t\t\t\t title=\"clnkovanie\"\/><\/figure>\n\t\t\t\t\t\t\t\t<h3>P\u0142ywanie \u0142\u00f3dk\u0105 po Jeziorze Szczyrbskim<\/h3>\t\t\t\t\t\t\t<\/a>\n\t\t<\/div>\n\t<\/div>\n\t\n\n\t<div class=\"wp-block-cgb-block-creanet-grid category-list cell small-12 medium-4 cg\">\n\t\t<div class=\"cell small-12 medium-12 large-12 medium-order-1\">\n\t\t\t<a href=\"\/pl\/rodzina-i-dzieci-lato\/atrakcje-letnie\/\">\n\t\t\t\t<div class=\"background-grid-color\"><\/div>\n\t\t\t\t\t\t\t\t\t<figure><img decoding=\"async\" src=\"https:\/\/regiontatry.sk\/wp-content\/uploads\/2018\/09\/mountainkary.jpg\" alt=\"\"\n\t\t\t\t\t\t\t\t title=\"mountainkary\"\/><\/figure>\n\t\t\t\t\t\t\t\t<h3>Atrakcje letnie<\/h3>\t\t\t\t\t\t\t<\/a>\n\t\t<\/div>\n\t<\/div>\n\t\n\n\t<div class=\"wp-block-cgb-block-creanet-grid category-list cell small-12 medium-4 cg\">\n\t\t<div class=\"cell small-12 medium-12 large-12 medium-order-1\">\n\t\t\t<a href=\"\/pl\/rodzina-i-dzieci-lato\/tatrzanska-dzikolandia\/\">\n\t\t\t\t<div class=\"background-grid-color\"><\/div>\n\t\t\t\t\t\t\t\t\t<figure><img decoding=\"async\" src=\"https:\/\/regiontatry.sk\/wp-content\/uploads\/2018\/09\/csm_medved_kubo_7c2db2a5d4.jpg\" alt=\"\"\n\t\t\t\t\t\t\t\t title=\"csm_medved_kubo_7c2db2a5d4\"\/><\/figure>\n\t\t\t\t\t\t\t\t<h3>Tatrza\u0144ska Dzikolandia<\/h3>\t\t\t\t\t\t\t<\/a>\n\t\t<\/div>\n\t<\/div>\n\t","protected":false},"excerpt":{"rendered":"<p>Prze\u017cyj w Tatrach&nbsp;chwile szcz\u0119\u015bcia z rodzin\u0105, sp\u0119d\u017a&nbsp;lato pe\u0142ne niezapomnianych wra\u017ce\u0144! Tatry Wysokie mog\u0105 sta\u0107 si\u0119 Twoim wakacyjnym rajem. Wybierz si\u0119 na emocjonuj\u0105c\u0105 wypraw\u0119 i sp\u0119d\u017a z dzie\u0107mi letnie dni pe\u0142ne zabawy, frajdy i ruchu na \u015bwie\u017cym powietrzu!<\/p>\n","protected":false},"author":1,"featured_media":3933,"parent":0,"menu_order":0,"comment_status":"closed","ping_status":"closed","template":"template-list.php","meta":{"footnotes":""},"class_list":["post-1581","page","type-page","status-publish","has-post-thumbnail","hentry"],"_links":{"self":[{"href":"https:\/\/regiontatry.sk\/pl\/wp-json\/wp\/v2\/pages\/1581"}],"collection":[{"href":"https:\/\/regiontatry.sk\/pl\/wp-json\/wp\/v2\/pages"}],"about":[{"href":"https:\/\/regiontatry.sk\/pl\/wp-json\/wp\/v2\/types\/page"}],"author":[{"embeddable":true,"href":"https:\/\/regiontatry.sk\/pl\/wp-json\/wp\/v2\/users\/1"}],"replies":[{"embeddable":true,"href":"https:\/\/regiontatry.sk\/pl\/wp-json\/wp\/v2\/comments?post=1581"}],"version-history":[{"count":11,"href":"https:\/\/regiontatry.sk\/pl\/wp-json\/wp\/v2\/pages\/1581\/revisions"}],"predecessor-version":[{"id":11146012,"href":"https:\/\/regiontatry.sk\/pl\/wp-json\/wp\/v2\/pages\/1581\/revisions\/11146012"}],"wp:featuredmedia":[{"embeddable":true,"href":"https:\/\/regiontatry.sk\/pl\/wp-json\/wp\/v2\/media\/3933"}],"wp:attachment":[{"href":"https:\/\/regiontatry.sk\/pl\/wp-json\/wp\/v2\/media?parent=1581"}],"curies":[{"name":"wp","href":"https:\/\/api.w.org\/{rel}","templated":true}]}}