{"id":1589,"date":"2018-07-25T10:37:17","date_gmt":"2018-07-25T08:37:17","guid":{"rendered":"http:\/\/regiontatry.creanet.sk\/podujatia-a-novinky\/"},"modified":"2019-03-23T15:34:35","modified_gmt":"2019-03-23T14:34:35","slug":"wydarzenia-i-aktualnosci","status":"publish","type":"page","link":"https:\/\/regiontatry.sk\/pl\/wydarzenia-i-aktualnosci\/","title":{"rendered":"Wydarzenia i aktualno\u015bci"},"content":{"rendered":"\n<h2 class=\"wp-block-heading\"><a href=\"\/pl\/event\/\">Wydarzenia \/ Eventy<\/a><\/h2>\n\n\n\n<h2 class=\"wp-block-heading\"><a href=\"\/pl\/aktualnosci-z-regionu\/\">Aktualno\u015bci i informacje z regionu<\/a><\/h2>\n\n\n\n<h2 class=\"wp-block-heading\"><a href=\"\/pl\/wydarzenia-i-aktualnosci\/galeria-zdjec-wideo\/\">Galeria zdj\u0119\u0107 \/ wideo<\/a><\/h2>\n\n\n\n<p><\/p>\n","protected":false},"excerpt":{"rendered":"<p>Wydarzenia \/ Eventy Aktualno\u015bci i informacje z regionu Galeria zdj\u0119\u0107 \/ wideo<\/p>\n","protected":false},"author":1,"featured_media":1421,"parent":0,"menu_order":0,"comment_status":"closed","ping_status":"closed","template":"template-subpages.php","meta":{"footnotes":""},"class_list":["post-1589","page","type-page","status-publish","has-post-thumbnail","hentry"],"_links":{"self":[{"href":"https:\/\/regiontatry.sk\/pl\/wp-json\/wp\/v2\/pages\/1589"}],"collection":[{"href":"https:\/\/regiontatry.sk\/pl\/wp-json\/wp\/v2\/pages"}],"about":[{"href":"https:\/\/regiontatry.sk\/pl\/wp-json\/wp\/v2\/types\/page"}],"author":[{"embeddable":true,"href":"https:\/\/regiontatry.sk\/pl\/wp-json\/wp\/v2\/users\/1"}],"replies":[{"embeddable":true,"href":"https:\/\/regiontatry.sk\/pl\/wp-json\/wp\/v2\/comments?post=1589"}],"version-history":[{"count":5,"href":"https:\/\/regiontatry.sk\/pl\/wp-json\/wp\/v2\/pages\/1589\/revisions"}],"predecessor-version":[{"id":16591,"href":"https:\/\/regiontatry.sk\/pl\/wp-json\/wp\/v2\/pages\/1589\/revisions\/16591"}],"wp:featuredmedia":[{"embeddable":true,"href":"https:\/\/regiontatry.sk\/pl\/wp-json\/wp\/v2\/media\/1421"}],"wp:attachment":[{"href":"https:\/\/regiontatry.sk\/pl\/wp-json\/wp\/v2\/media?parent=1589"}],"curies":[{"name":"wp","href":"https:\/\/api.w.org\/{rel}","templated":true}]}}