{"id":15934,"date":"2019-02-10T13:53:13","date_gmt":"2019-02-10T12:53:13","guid":{"rendered":"https:\/\/regiontatry.sk\/povinne-zverejnovanie\/"},"modified":"2019-12-19T10:21:47","modified_gmt":"2019-12-19T09:21:47","slug":"obowiazek-ujawniania","status":"publish","type":"page","link":"https:\/\/regiontatry.sk\/pl\/obowiazek-ujawniania\/","title":{"rendered":"Obowi\u0105zek ujawniania"},"content":{"rendered":"\n<h2 class=\"wp-block-heading\">V\u00fdzvy na predkladanie cenov\u00fdch pon\u00fak:<br><br><\/h2>\n\n\n\n<h4 class=\"wp-block-heading\"><a href=\"https:\/\/regiontatry.sk\/vyzvy-na-predkladanie-cenovych-ponuk-rok-2019\/\">ROK 2019<\/a><\/h4>\n\n\n\n<h4 class=\"wp-block-heading\"><a href=\"https:\/\/regiontatry.sk\/vyzvy-na-predkladanie-cenovych-ponuk-rok-2018\/\">ROK 2018<\/a><\/h4>\n\n\n\n<h4 class=\"wp-block-heading\"><a href=\"https:\/\/regiontatry.sk\/vyzvy-na-predkladanie-cenovych-ponuk-rok-2017\/\">ROK 2017<\/a><\/h4>\n\n\n\n<h4 class=\"wp-block-heading\"><a href=\"https:\/\/regiontatry.sk\/vyzvy-na-predkladanie-cenovych-ponuk-rok-2016\/\">ROK 2016<\/a><\/h4>\n\n\n\n<h4 class=\"wp-block-heading\"><a href=\"https:\/\/regiontatry.sk\/vyzvy-na-predkladanie-cenovych-ponuk-rok-2015-a-2014\/\">ROK 2015 a 2014<\/a><\/h4>\n\n\n\n<h2 class=\"wp-block-heading\"><br>Zmluvy, fakt\u00fary a objedn\u00e1vky:<br><br><\/h2>\n\n\n\n<h4 class=\"wp-block-heading\"><a href=\"https:\/\/regiontatry.sk\/zmluvy-faktury-a-objednavky-rok-2019\/\">ROK 2019<\/a><\/h4>\n\n\n\n<h4 class=\"wp-block-heading\"><a href=\"\/?page_id=17815\" target=\"_blank\" rel=\"noreferrer noopener\" aria-label=\"ROK 2018 (otvor\u00ed sa v novej karte)\">ROK 2018<\/a><br><\/h4>\n\n\n\n<h2 class=\"wp-block-heading\"><br>V\u00fdro\u010dn\u00e9 spr\u00e1vy:<br><br><\/h2>\n\n\n\n<p><\/p>\n","protected":false},"excerpt":{"rendered":"<p>V\u00fdzvy na predkladanie cenov\u00fdch pon\u00fak: ROK 2019 ROK 2018 ROK 2017 ROK 2016 ROK 2015 a 2014 Zmluvy, fakt\u00fary a objedn\u00e1vky: ROK 2019 ROK 2018 V\u00fdro\u010dn\u00e9 spr\u00e1vy:<\/p>\n","protected":false},"author":2,"featured_media":17244,"parent":0,"menu_order":0,"comment_status":"closed","ping_status":"closed","template":"template-simple-page.php","meta":{"footnotes":""},"class_list":["post-15934","page","type-page","status-publish","has-post-thumbnail","hentry"],"_links":{"self":[{"href":"https:\/\/regiontatry.sk\/pl\/wp-json\/wp\/v2\/pages\/15934"}],"collection":[{"href":"https:\/\/regiontatry.sk\/pl\/wp-json\/wp\/v2\/pages"}],"about":[{"href":"https:\/\/regiontatry.sk\/pl\/wp-json\/wp\/v2\/types\/page"}],"author":[{"embeddable":true,"href":"https:\/\/regiontatry.sk\/pl\/wp-json\/wp\/v2\/users\/2"}],"replies":[{"embeddable":true,"href":"https:\/\/regiontatry.sk\/pl\/wp-json\/wp\/v2\/comments?post=15934"}],"version-history":[{"count":30,"href":"https:\/\/regiontatry.sk\/pl\/wp-json\/wp\/v2\/pages\/15934\/revisions"}],"predecessor-version":[{"id":23216,"href":"https:\/\/regiontatry.sk\/pl\/wp-json\/wp\/v2\/pages\/15934\/revisions\/23216"}],"wp:featuredmedia":[{"embeddable":true,"href":"https:\/\/regiontatry.sk\/pl\/wp-json\/wp\/v2\/media\/17244"}],"wp:attachment":[{"href":"https:\/\/regiontatry.sk\/pl\/wp-json\/wp\/v2\/media?parent=15934"}],"curies":[{"name":"wp","href":"https:\/\/api.w.org\/{rel}","templated":true}]}}