{"id":15935,"date":"2018-11-04T11:39:14","date_gmt":"2018-11-04T10:39:14","guid":{"rendered":"https:\/\/regiontatry.sk\/pozvanka-na-zimu\/"},"modified":"2022-12-08T20:01:51","modified_gmt":"2022-12-08T19:01:51","slug":"pozvanka-na-zimu","status":"publish","type":"page","link":"https:\/\/regiontatry.sk\/pl\/pozvanka-na-zimu\/","title":{"rendered":"Zima w Tatrach"},"content":{"rendered":"\n<p>Przyjmij zaproszenie na ferie zimowe w Tatrach i daj si\u0119 porwa\u0107 g\u00f3rom wra\u017ce\u0144! Dzi\u0119ki karnetowi narciarskiemu obowi\u0105zuj\u0105cemu w ca\u0142ych Tatrach Wysokich mo\u017cesz cieszy\u0107 si\u0119 wszystkimi najwi\u0119kszymi zimowymi atrakcjami.<br><\/p>\n\n\n\t<a href=\"\/lyzovanie\/\" class=\"wp-block-cgb-block-creanet-list category-list grid-x grid-padding-x align-middle\">\n\t\t\t\t\t<div class=\"small-12 medium-6 large-5\">\n\t\t\t\t<figure><img src='https:\/\/regiontatry.sk\/wp-content\/uploads\/2018\/11\/DSC_3343c1_resize-1.jpg'\n\t\t\t\t\t\talt=''\n\t\t\t\t\t\ttitle='DSC_3343c1_resize'\n\t\t\t\t\t\/><\/figure>\n\t\t\t<\/div>\n\t\t\n\n\t\t<div class=\"cell small-12 medium-5 large-7\">\n\t\t\t<h3> NARTY DLA WSZYSTKICH<br><\/h3>\n\t\t\t<p>Szusuj w Tatrach z jeszcze lepszymi us\u0142ugami i wi\u0119ksz\u0105 zabaw\u0105!<br>Ciesz si\u0119 fantastyczn\u0105 jazd\u0105 na nartach na 24 km tras narciarskich \u2013 13 km \u0142atwych niebieskich nartostrad dla ca\u0142ej rodziny, 10 km czerwonych troch\u0119 trudniejszych tras oraz najwy\u017cej po\u0142o\u017conej czarnej trasy zjazdowej o d\u0142. 1,2 km od Prze\u0142\u0119czy \u0141omnickiej do \u0141omnickiego Stawu. 20 km sztucznie na\u015bnie\u017canych tras zapewnia szusowanie przez 5 miesi\u0119cy w roku.<br><\/p>\n\t\t<\/div>\n\t<\/a>\n\n\t\n\n\t<a href=\"\/lyzovanie\/bezecke-lyzovanie\/\" class=\"wp-block-cgb-block-creanet-list category-list grid-x grid-padding-x align-middle\">\n\t\t\t\t\t<div class=\"small-12 medium-6 large-5\">\n\t\t\t\t<figure><img src='https:\/\/regiontatry.sk\/wp-content\/uploads\/2018\/11\/c-Marek-Hajkovsky-SPmarketing-bezkovanie-146-1.jpg'\n\t\t\t\t\t\talt=''\n\t\t\t\t\t\ttitle='c Marek Hajkovsky SPmarketing bezkovanie 146'\n\t\t\t\t\t\/><\/figure>\n\t\t\t<\/div>\n\t\t\n\n\t\t<div class=\"cell small-12 medium-5 large-7\">\n\t\t\t<h3>NARCIARSTWO BIEGOWE POD TATRAMI<br><\/h3>\n\t\t\t<p> Najwi\u0119kszy kompleks narciarstwa biegowego nad Jeziorem Szczyrbskim oferuje a\u017c 20 km tras dla amator\u00f3w bieg\u00f3wek.<br> W Tatrza\u0144skiej \u0141omnicy i Starym Smokowcu oraz wok\u00f3\u0142 o\u015brodka golfowego w Wielkiej \u0141omnicy znajduje si\u0119 kolejne ponad 40 km tras biegowych o lekkim i \u015brednim stopniu trudno\u015bci. Niezale\u017cnie od tego, czy jeste\u015b profesjonalist\u0105 czy pocz\u0105tkuj\u0105cym, masz z czego wybiera\u0107! <\/p>\n\t\t<\/div>\n\t<\/a>\n\n\t\n\n\t<a href=\"\/zimne-vylety\/vysokohorske-chaty\/\" class=\"wp-block-cgb-block-creanet-list category-list grid-x grid-padding-x align-middle\">\n\t\t\t\t\t<div class=\"small-12 medium-6 large-5\">\n\t\t\t\t<figure><img src='https:\/\/regiontatry.sk\/wp-content\/uploads\/2018\/10\/popradske-pleso.jpeg'\n\t\t\t\t\t\talt=''\n\t\t\t\t\t\ttitle='popradske-pleso'\n\t\t\t\t\t\/><\/figure>\n\t\t\t<\/div>\n\t\t\n\n\t\t<div class=\"cell small-12 medium-5 large-7\">\n\t\t\t<h3>G\u00d3RY I WIDOKI<br><\/h3>\n\t\t\t<p>Pi\u0119kne widoki na o\u015bnie\u017cone szczyty Tatr przyci\u0105gaj\u0105 turyst\u00f3w r\u00f3wnie\u017c w zimie. Zim\u0105 otwartych jest kilka szlak\u00f3w turystycznych do 12 schronisk wysokog\u00f3rskich. <\/p>\n\t\t<\/div>\n\t<\/a>\n\n\t\n\n\t<a href=\"\/zimne-vylety\/lanovkami-za-vyhladmi\/\" class=\"wp-block-cgb-block-creanet-list category-list grid-x grid-padding-x align-middle\">\n\t\t\t\t\t<div class=\"small-12 medium-6 large-5\">\n\t\t\t\t<figure><img src='https:\/\/regiontatry.sk\/wp-content\/uploads\/2018\/10\/69YdhY0w-1.jpeg'\n\t\t\t\t\t\talt=''\n\t\t\t\t\t\ttitle='69YdhY0w'\n\t\t\t\t\t\/><\/figure>\n\t\t\t<\/div>\n\t\t\n\n\t\t<div class=\"cell small-12 medium-5 large-7\">\n\t\t\t<h3>WYCIECZKI KOLEJAMI LINOWYMI<br><\/h3>\n\t\t\t<p>Na drugi w kolejno\u015bci najwy\u017cszy szczyt, \u0141omnic\u0119, popularny Hrebienok i s\u0142ynne Solisko, wygodnie zabior\u0105 Ci\u0119 kolejki linowe. <\/p>\n\t\t<\/div>\n\t<\/a>\n\n\t\n\n\t<a href=\"\/aktivity-a-atrakcie\/sankovacka\/?tour=824\" class=\"wp-block-cgb-block-creanet-list category-list grid-x grid-padding-x align-middle\">\n\t\t\t\t\t<div class=\"small-12 medium-6 large-5\">\n\t\t\t\t<figure><img src='https:\/\/regiontatry.sk\/wp-content\/uploads\/2018\/10\/sankovacka.jpeg'\n\t\t\t\t\t\talt=''\n\t\t\t\t\t\ttitle='sankovacka'\n\t\t\t\t\t\/><\/figure>\n\t\t\t<\/div>\n\t\t\n\n\t\t<div class=\"cell small-12 medium-5 large-7\">\n\t\t\t<h3>ROZRYWKA NA SANKACH<br><\/h3>\n\t\t\t<p>Jedn\u0105 z najwi\u0119kszych rozrywek w Tatrach Wysokich jest dzienna i wieczorna jazda na sankach z Hrebienka do Starego Smokowca, po o\u015bwietlonej trasie o d\u0142ugo\u015bci 2,5 km. Wybierz si\u0119 na mro\u017an\u0105, szalon\u0105 jazd\u0119!   <br><\/p>\n\t\t<\/div>\n\t<\/a>\n\n\t\n\n\t<a href=\"\/turistika\/horski-vodcovia\/\" class=\"wp-block-cgb-block-creanet-list category-list grid-x grid-padding-x align-middle\">\n\t\t\t\t\t<div class=\"small-12 medium-6 large-5\">\n\t\t\t\t<figure><img src='https:\/\/regiontatry.sk\/wp-content\/uploads\/2018\/10\/skialp-1-1.jpg'\n\t\t\t\t\t\talt=''\n\t\t\t\t\t\ttitle='skialp (1)'\n\t\t\t\t\t\/><\/figure>\n\t\t\t<\/div>\n\t\t\n\n\t\t<div class=\"cell small-12 medium-5 large-7\">\n\t\t\t<h3>DO\u015aWIADCZENIA I WYJ\u0104TKOWE US\u0141UGI<\/h3>\n\t\t\t<p>O zabaw\u0119 zadbaj\u0105 profesjonalne zespo\u0142y instruktor\u00f3w, z kt\u00f3rymi mo\u017cesz wybra\u0107 si\u0119 na wypraw\u0119 na rakietach \u015bnie\u017cnych i wycieczk\u0119 skialpinistyczn\u0105. W o\u015brodkach narciarskich znajdziesz popularne atrakcje, takie jak codzienny program apr\u00e8s-ski, Fun zone, snowpark i inne. <a href=\"https:\/\/regiontatry.sk\/turistika\/horski-vodcovia\/\"> <\/a><\/p>\n\t\t<\/div>\n\t<\/a>\n\n\t\n\n\t<a href=\"\/wellness-a-relax\/vodny-svet-aquacity-poprad-zima\/\" class=\"wp-block-cgb-block-creanet-list category-list grid-x grid-padding-x align-middle\">\n\t\t\t\t\t<div class=\"small-12 medium-6 large-5\">\n\t\t\t\t<figure><img src='https:\/\/regiontatry.sk\/wp-content\/uploads\/2018\/08\/AquaCity_Poprad_Sapphire_1000.jpg'\n\t\t\t\t\t\talt=''\n\t\t\t\t\t\ttitle='AquaCity_Poprad_Sapphire_1000'\n\t\t\t\t\t\/><\/figure>\n\t\t\t<\/div>\n\t\t\n\n\t\t<div class=\"cell small-12 medium-5 large-7\">\n\t\t\t<h3>RELAKS W AQUAPARKU <\/h3>\n\t\t\t<p>Uatrakcyjnij sobie urlop odwiedzaj\u0105c wyj\u0105tkowy kompleks, kt\u00f3ry zapewni Ci co\u015b wi\u0119cej ni\u017c tylko odpoczynek i relaks. \u0179r\u00f3d\u0142a tutejszej wody termalnej znajduj\u0105 si\u0119 na g\u0142\u0119boko\u015bci 1300 m i zawieraj\u0105 ponad 20 r\u00f3\u017cnych minera\u0142\u00f3w korzystnie wp\u0142ywaj\u0105cych na zdrowie cz\u0142owieka. Zaczerpnij energii w nowoczesnym czynnym przez ca\u0142y rok AquaCity Poprad \u2013 centrum rozrywki wodnej i relaksu wellness pod Tatrami. <\/p>\n\t\t<\/div>\n\t<\/a>\n\n\t\n\n\t<a href=\"\/event\/\" class=\"wp-block-cgb-block-creanet-list category-list grid-x grid-padding-x align-middle\">\n\t\t\t\t\t<div class=\"small-12 medium-6 large-5\">\n\t\t\t\t<figure><img src='https:\/\/regiontatry.sk\/wp-content\/uploads\/2018\/10\/img-97.jpg'\n\t\t\t\t\t\talt=''\n\t\t\t\t\t\ttitle='img-97'\n\t\t\t\t\t\/><\/figure>\n\t\t\t<\/div>\n\t\t\n\n\t\t<div class=\"cell small-12 medium-5 large-7\">\n\t\t\t<h3>POPULARNE IMPREZY <\/h3>\n\t\t\t<p>Sezon zimowy otwiera projekt Tatrza\u0144ska \u015awi\u0105tynia Lodowa na Hrebienku, a za nim nast\u0119puje seria imprez pod nazw\u0105 Tatransk\u00e9 Vianoce (Bo\u017ce Narodzenie w Tatrach). Zobacz, jakie ciekawe wydarzenia przygotowali\u015bmy dla Ciebie na sezon zimowy w regionie Wysokie Tatry <\/p>\n\t\t<\/div>\n\t<\/a>\n\n\t\n\n\n<p><br>Te\u0161\u00edme sa na Va\u0161u zimn\u00fa n\u00e1v\u0161tevu v&nbsp;Tatr\u00e1ch!<\/p>\n","protected":false},"excerpt":{"rendered":"<p>Przyjmij zaproszenie na ferie zimowe w Tatrach i daj si\u0119 porwa\u0107 g\u00f3rom wra\u017ce\u0144! Dzi\u0119ki karnetowi narciarskiemu obowi\u0105zuj\u0105cemu w ca\u0142ych Tatrach Wysokich mo\u017cesz cieszy\u0107 si\u0119 wszystkimi najwi\u0119kszymi zimowymi atrakcjami. Te\u0161\u00edme sa na Va\u0161u zimn\u00fa n\u00e1v\u0161tevu v&nbsp;Tatr\u00e1ch!<\/p>\n","protected":false},"author":2,"featured_media":13385,"parent":0,"menu_order":0,"comment_status":"closed","ping_status":"closed","template":"template-simple-page.php","meta":{"footnotes":""},"class_list":["post-15935","page","type-page","status-publish","has-post-thumbnail","hentry"],"_links":{"self":[{"href":"https:\/\/regiontatry.sk\/pl\/wp-json\/wp\/v2\/pages\/15935"}],"collection":[{"href":"https:\/\/regiontatry.sk\/pl\/wp-json\/wp\/v2\/pages"}],"about":[{"href":"https:\/\/regiontatry.sk\/pl\/wp-json\/wp\/v2\/types\/page"}],"author":[{"embeddable":true,"href":"https:\/\/regiontatry.sk\/pl\/wp-json\/wp\/v2\/users\/2"}],"replies":[{"embeddable":true,"href":"https:\/\/regiontatry.sk\/pl\/wp-json\/wp\/v2\/comments?post=15935"}],"version-history":[{"count":10,"href":"https:\/\/regiontatry.sk\/pl\/wp-json\/wp\/v2\/pages\/15935\/revisions"}],"predecessor-version":[{"id":8675420,"href":"https:\/\/regiontatry.sk\/pl\/wp-json\/wp\/v2\/pages\/15935\/revisions\/8675420"}],"wp:featuredmedia":[{"embeddable":true,"href":"https:\/\/regiontatry.sk\/pl\/wp-json\/wp\/v2\/media\/13385"}],"wp:attachment":[{"href":"https:\/\/regiontatry.sk\/pl\/wp-json\/wp\/v2\/media?parent=15935"}],"curies":[{"name":"wp","href":"https:\/\/api.w.org\/{rel}","templated":true}]}}