{"id":15939,"date":"2019-09-18T11:09:49","date_gmt":"2019-09-18T09:09:49","guid":{"rendered":"https:\/\/regiontatry.sk\/?page_id=15939"},"modified":"2025-09-11T23:16:39","modified_gmt":"2025-09-11T21:16:39","slug":"jesien-w-tatrach","status":"publish","type":"page","link":"https:\/\/regiontatry.sk\/pl\/jesien-w-tatrach\/","title":{"rendered":"Jesie\u0144 w Tatrach"},"content":{"rendered":"\n<p>W Tatrach zapanowa\u0142 idealny okres na uprawianie turystyki pieszej. Nie przegap tej magicznej pory roku i&nbsp;wykorzystaj ten czas na spacery po malowniczych Tatrach! Przyroda t\u0119tni kolorami, twarz przyjemnie muskaj\u0105 ciep\u0142e promienie s\u0142o\u0144ca, a&nbsp;powiew g\u00f3rskiego wiatru orze\u017awi podczas w\u0119dr\u00f3wki. &nbsp;Jesie\u0144 w g\u00f3rach charakteryzuje si\u0119 stabilniejsz\u0105 pogod\u0105, lepszymi widokami, niezat\u0142oczonymi szlakami g\u00f3rskimi i wi\u0119kszym spokojem. To idealny okres zw\u0142aszcza dla rodzin z&nbsp;dzie\u0107mi, kt\u00f3re nie maj\u0105 obowi\u0105zku szkolnego, senior\u00f3w i&nbsp;wszystkich tych, kt\u00f3rzy chc\u0105 podziwia\u0107 Tatry w jesiennych barwach.<\/p>\n\n\n\n<p>Sezon turystyczny w Tatrach Wysokich trwa dalej. Wszystkie szlaki turystyczne s\u0105 nadal otwarte, a bonusem s\u0105 wspania\u0142e widoki, jedne z najlepszych w roku. W Tatrach znajd\u0105 co\u015b dla siebie wszystkie grupy wiekowe, sprawni tury\u015bci, a&nbsp;tak\u017ce Ci, kt\u00f3rzy zadowol\u0105 si\u0119 samymi widokami. Jesieni\u0105 warto wybra\u0107 si\u0119 po szlakach prowadz\u0105cych przez doliny, odwiedzi\u0107 schroniska i g\u00f3rskie stawy, albo zdoby\u0107 dwutysi\u0119czniki, prze\u0142\u0119cze z niebia\u0144skimi widokami i&nbsp;podziwia\u0107 fascynuj\u0105cy \u015bwiat zwierz\u0105t i ro\u015blin.<br><\/p>\n\n\n\n<p><\/p>\n\n\n\n<iframe loading=\"lazy\" width=\"49%\" height=\"300\" src=\"https:\/\/www.youtube.com\/embed\/WOdnl5jNlAg\" frameborder=\"0\" allow=\"accelerometer; autoplay; encrypted-media; gyroscope; picture-in-picture\" allowfullscreen=\"\"><\/iframe>\n\n\n\n<iframe loading=\"lazy\" width=\"49%\" height=\"300\" src=\"https:\/\/www.youtube.com\/embed\/wLSUy_J_Ls8\" frameborder=\"0\" allow=\"accelerometer; autoplay; encrypted-media; gyroscope; picture-in-picture\" allowfullscreen=\"\"><\/iframe>\n\n\n\n<iframe loading=\"lazy\" width=\"49%\" height=\"300\" src=\"https:\/\/www.youtube.com\/embed\/NisuSROxz0w\" frameborder=\"0\" allow=\"accelerometer; autoplay; encrypted-media; gyroscope; picture-in-picture\" allowfullscreen=\"\"><\/iframe>\n\n\n\n<iframe loading=\"lazy\" width=\"49%\" height=\"300\" src=\"https:\/\/www.youtube.com\/embed\/KNZcfxIT11g\" frameborder=\"0\" allow=\"accelerometer; autoplay; encrypted-media; gyroscope; picture-in-picture\" allowfullscreen=\"\"><\/iframe>\n\n\n\n<p><br><em><strong>Poni\u017cej przedstawiamy kilka propozycji, jak sp\u0119dzi\u0107 mi\u0142y jesienny dzie\u0144:<\/strong><\/em><\/p>\n\n\n\t<a href=\"https:\/\/regiontatry.sk\/pl\/turystyka\/turystyka-gorska\/\" class=\"wp-block-cgb-block-creanet-list category-list grid-x grid-padding-x align-middle\">\n\t\t\t\t\t<div class=\"small-12 medium-6 large-5\">\n\t\t\t\t<figure><img src='https:\/\/regiontatry.sk\/wp-content\/uploads\/2019\/09\/15f6bb192afce53d042271091f15c1b6.jpg'\n\t\t\t\t\t\talt=''\n\t\t\t\t\t\ttitle='15f6bb192afce53d042271091f15c1b6'\n\t\t\t\t\t\/><\/figure>\n\t\t\t<\/div>\n\t\t\n\n\t\t<div class=\"cell small-12 medium-5 large-7\">\n\t\t\t<h3>Turystyka g\u00f3rska<br><\/h3>\n\t\t\t<p>Wykorzystaj okres jesienny na w\u0119dr\u00f3wki g\u00f3rskie i odwied\u017a schroniska turystyczne w Tatrach. Schroniska czynne s\u0105 przez ca\u0142y rok, z wyj\u0105tkiem najwy\u017cej po\u0142o\u017conego Schroniska pod Rysami (2 250 m n.p.m.), kt\u00f3re jest otwarte tylko w sezonie letnim od 01.06. do 31.10.<br><\/p>\n\t\t<\/div>\n\t<\/a>\n\n\t\n\n\t<a href=\"https:\/\/regiontatry.sk\/pl\/turystyka\/wycieczki-kolejami-linowymi\/\" class=\"wp-block-cgb-block-creanet-list category-list grid-x grid-padding-x align-middle\">\n\t\t\t\t\t<div class=\"small-12 medium-6 large-5\">\n\t\t\t\t<figure><img src='https:\/\/regiontatry.sk\/wp-content\/uploads\/2019\/05\/DSC_0129-ko\u0301pia.jpg'\n\t\t\t\t\t\talt=''\n\t\t\t\t\t\ttitle='DSC_0129 - ko\u0301pia'\n\t\t\t\t\t\/><\/figure>\n\t\t\t<\/div>\n\t\t\n\n\t\t<div class=\"cell small-12 medium-5 large-7\">\n\t\t\t<h3>Wycieczki kolejkami linowymi<\/h3>\n\t\t\t<p>Wjed\u017a kolejk\u0105 linow\u0105 ponad chmury i delektuj si\u0119 aromatyczn\u0105 kaw\u0105 w stylowej kawiarni Dedo na szczycie \u0141omnicy. Niesamowite widoki mo\u017cna podziwia\u0107 tak\u017ce z Hrebienka i Soliska. Dzieci uwielbiaj\u0105 wycieczki kolejkami linowymi!<\/p>\n\t\t<\/div>\n\t<\/a>\n\n\t\n\n\t<a href=\"https:\/\/regiontatry.sk\/pl\/turystyka-rowerowa\/trasy-rowerowe\/\" class=\"wp-block-cgb-block-creanet-list category-list grid-x grid-padding-x align-middle\">\n\t\t\t\t\t<div class=\"small-12 medium-6 large-5\">\n\t\t\t\t<figure><img src='https:\/\/regiontatry.sk\/wp-content\/uploads\/2019\/09\/SD-ATIVITY-OUTDOOR-BIKEDSC00015-5-FIN.jpg'\n\t\t\t\t\t\talt=''\n\t\t\t\t\t\ttitle='SD-ATIVITY-OUTDOOR-BIKEDSC00015-5-FIN'\n\t\t\t\t\t\/><\/figure>\n\t\t\t<\/div>\n\t\t\n\n\t\t<div class=\"cell small-12 medium-5 large-7\">\n\t\t\t<h3>Jazda na rowerze<br><\/h3>\n\t\t\t<p>Zwiedzaj Tatry na dw\u00f3ch k\u00f3\u0142kach! Wybierz z ponad 300 km oznakowanych tras rowerowych w Tatrach Wysokich. Aktywny wypoczynek przed sezonem zimowym ka\u017cdemu zrobi dobrze!<\/p>\n\t\t<\/div>\n\t<\/a>\n\n\t\n\n\t<a href=\"https:\/\/regiontatry.sk\/pl\/wellness-i-relaks\/park-wodny-aquacity-poprad\/\" class=\"wp-block-cgb-block-creanet-list category-list grid-x grid-padding-x align-middle\">\n\t\t\t\t\t<div class=\"small-12 medium-6 large-5\">\n\t\t\t\t<figure><img src='https:\/\/regiontatry.sk\/wp-content\/uploads\/2018\/10\/AquaCity_Poprad_panorama_2017_3000.jpg'\n\t\t\t\t\t\talt=''\n\t\t\t\t\t\ttitle='AquaCity_Poprad_panorama_2017_3000'\n\t\t\t\t\t\/><\/figure>\n\t\t\t<\/div>\n\t\t\n\n\t\t<div class=\"cell small-12 medium-5 large-7\">\n\t\t\t<h3>Wodny raj pod Tatrami<\/h3>\n\t\t\t<p>Odkryj unikalny wodny \u015bwiat pod Tatrami Wysokimi &#8211; Aquapark w Poprade oferuje 13 basen\u00f3w zewn\u0119trznych i krytych z wod\u0105 termaln\u0105 o temperaturze 28\u00b0C \u2013 38\u00b0C, zje\u017cd\u017calnie wodne, ponad 350 atrakcji wodnych, najwi\u0119ksze dwukondygnacyjne centrum wellness na S\u0142owacji oraz program animacyjny.<br><\/p>\n\t\t<\/div>\n\t<\/a>\n\n\t\n\n\t<a href=\"https:\/\/regiontatry.sk\/pl\/wellness-i-relaks\/wellness-spa\/\" class=\"wp-block-cgb-block-creanet-list category-list grid-x grid-padding-x align-middle\">\n\t\t\t\t\t<div class=\"small-12 medium-6 large-5\">\n\t\t\t\t<figure><img src='https:\/\/regiontatry.sk\/wp-content\/uploads\/2022\/12\/Hotel-Lomnica-wellness.jpg'\n\t\t\t\t\t\talt=''\n\t\t\t\t\t\ttitle='Hotel Lomnica - wellness'\n\t\t\t\t\t\/><\/figure>\n\t\t\t<\/div>\n\t\t\n\n\t\t<div class=\"cell small-12 medium-5 large-7\">\n\t\t\t<h3>Tatrza\u0144skie wellness<\/h3>\n\t\t\t<p>Zaczerpnij nowej energii przed okresem zimowym, zafunduj sobie relaks, uspokajaj\u0105cy masa\u017c, rozgrzej si\u0119 w saunie, zrelaksuj w jacuzzi i odkryj harmoni\u0119 cia\u0142a i ducha. W hotelowych centrach wellness doznasz uczucia wyj\u0105tkowo\u015bci i luksusu.<\/p>\n\t\t<\/div>\n\t<\/a>\n\n\t\n\n\t<a href=\"https:\/\/regiontatry.sk\/pl\/rodzina-i-dzieci-lato\/place-zabaw\/\" class=\"wp-block-cgb-block-creanet-list category-list grid-x grid-padding-x align-middle\">\n\t\t\t\t\t<div class=\"small-12 medium-6 large-5\">\n\t\t\t\t<figure><img src='https:\/\/regiontatry.sk\/wp-content\/uploads\/2025\/09\/ac74f6e442489f669f7da841a7d83e3a-scaled.jpg'\n\t\t\t\t\t\talt=''\n\t\t\t\t\t\ttitle='ac74f6e442489f669f7da841a7d83e3a'\n\t\t\t\t\t\/><\/figure>\n\t\t\t<\/div>\n\t\t\n\n\t\t<div class=\"cell small-12 medium-5 large-7\">\n\t\t\t<h3>Atrakcje dla dzieci i doros\u0142ych<br><\/h3>\n\t\t\t<p>Baw si\u0119 z ca\u0142\u0105 rodzin\u0105 przy dobrej i z\u0142ej pogodzie. Atrakcyjna oferta obejmuje takie atrakcje jak Tricklandia, Adventure golf, tor saneczkowy, \u015bcianka wspinaczkowa, symulator golfa, korty tenisowe czy interaktywna Galeria Dobra Zabawka (Dobr\u00e1 hra\u010dka),  oraz cyfrowa galeria Poliankovo.<br>Podczas w\u0119dr\u00f3wki pieszej mo\u017cna wyszale\u0107 torze bobslejowym albo na hulajnogach g\u00f3rskich w Tatrza\u0144skiej \u0141omnicy, na \u0141omnickim Stawie czeka na dzieci Kraina \u015awistak\u00f3w, a nad Jeziorem Szczyrbskim Park Wiewi\u00f3rczy oraz Fun park.<\/p>\n\t\t<\/div>\n\t<\/a>\n\n\t\n\n\t<a href=\"https:\/\/regiontatry.sk\/pl\/region\/w-poszukiwaniu-historii-i-tradycji\/\" class=\"wp-block-cgb-block-creanet-list category-list grid-x grid-padding-x align-middle\">\n\t\t\t\t\t<div class=\"small-12 medium-6 large-5\">\n\t\t\t\t<figure><img src='https:\/\/regiontatry.sk\/wp-content\/uploads\/2025\/09\/sherpa-muzeum.jpg'\n\t\t\t\t\t\talt=''\n\t\t\t\t\t\ttitle='sherpa muzeum'\n\t\t\t\t\t\/><\/figure>\n\t\t\t<\/div>\n\t\t\n\n\t\t<div class=\"cell small-12 medium-5 large-7\">\n\t\t\t<h3>Zabytki i muzea<\/h3>\n\t\t\t<p>Region Tatr Wysokich to tak\u017ce ciekawa kultura \u2013 odwied\u017a historyczne miasta, poznaj zabytki, wybierz si\u0119 na liczne imprezy kulturalne i folklorystyczne, zajrzyj do ciekawych muze\u00f3w i galerii w Popradzie, Tatrza\u0144skiej \u0141omnicy czy Starym Smokowcu. Poznaj histori\u0119 regionu z przewodnikiem z biura informacji turystycznej w Popradzie lub we\u017a udzia\u0142 w zwiedzaniu tatrza\u0144skich osad z przewodnikami z biur informacji turystycznych w Tatrach. <br><\/p>\n\t\t<\/div>\n\t<\/a>\n\n\t\n\n\t<a href=\"https:\/\/regiontatry.sk\/pl\/event\/\" class=\"wp-block-cgb-block-creanet-list category-list grid-x grid-padding-x align-middle\">\n\t\t\t\t\t<div class=\"small-12 medium-6 large-5\">\n\t\t\t\t<figure><img src='https:\/\/regiontatry.sk\/wp-content\/uploads\/2025\/05\/Nordic-walking-1_1300x854-e1747163946924.jpg'\n\t\t\t\t\t\talt=''\n\t\t\t\t\t\ttitle='Nordic walking 1_1300x854'\n\t\t\t\t\t\/><\/figure>\n\t\t\t<\/div>\n\t\t\n\n\t\t<div class=\"cell small-12 medium-5 large-7\">\n\t\t\t<h3>Wydarzenia kulturalne i sportowe<\/h3>\n\t\t\t<p>Na jesie\u0144 zaplanowane jest sporo ciekawych imprez. Sprawd\u017a kalendarz wydarze\u0144 i wybierz atrakcj\u0119 kulturaln\u0105 lub sportow\u0105 wed\u0142ug w\u0142asnego uznania.<\/p>\n\t\t<\/div>\n\t<\/a>\n\n\t\n\n\n<div style=\"height:100px\" aria-hidden=\"true\" class=\"wp-block-spacer\"><\/div>\n\n\n\n<p>Niezale\u017cnie od tego, czy w butach trekkingowych, na rowerze albo w kostiumie k\u0105pielowym, Tatry jesieni\u0105 s\u0105 pe\u0142ne kolor\u00f3w i&nbsp;atrakcji dla ka\u017cdego.<br><\/p>\n\n\n\n<p><\/p>\n","protected":false},"excerpt":{"rendered":"<p>W Tatrach zapanowa\u0142 idealny okres na uprawianie turystyki pieszej. Nie przegap tej magicznej pory roku i&nbsp;wykorzystaj ten czas na spacery po malowniczych Tatrach! Przyroda t\u0119tni kolorami, twarz przyjemnie muskaj\u0105 ciep\u0142e promienie s\u0142o\u0144ca, a&nbsp;powiew g\u00f3rskiego wiatru orze\u017awi podczas w\u0119dr\u00f3wki. &nbsp;Jesie\u0144 w g\u00f3rach charakteryzuje si\u0119 stabilniejsz\u0105 pogod\u0105, lepszymi widokami, niezat\u0142oczonymi szlakami g\u00f3rskimi i wi\u0119kszym spokojem. To idealny [&hellip;]<\/p>\n","protected":false},"author":2,"featured_media":13156,"parent":0,"menu_order":0,"comment_status":"closed","ping_status":"closed","template":"template-simple-page.php","meta":{"footnotes":""},"class_list":["post-15939","page","type-page","status-publish","has-post-thumbnail","hentry"],"_links":{"self":[{"href":"https:\/\/regiontatry.sk\/pl\/wp-json\/wp\/v2\/pages\/15939"}],"collection":[{"href":"https:\/\/regiontatry.sk\/pl\/wp-json\/wp\/v2\/pages"}],"about":[{"href":"https:\/\/regiontatry.sk\/pl\/wp-json\/wp\/v2\/types\/page"}],"author":[{"embeddable":true,"href":"https:\/\/regiontatry.sk\/pl\/wp-json\/wp\/v2\/users\/2"}],"replies":[{"embeddable":true,"href":"https:\/\/regiontatry.sk\/pl\/wp-json\/wp\/v2\/comments?post=15939"}],"version-history":[{"count":12,"href":"https:\/\/regiontatry.sk\/pl\/wp-json\/wp\/v2\/pages\/15939\/revisions"}],"predecessor-version":[{"id":11122452,"href":"https:\/\/regiontatry.sk\/pl\/wp-json\/wp\/v2\/pages\/15939\/revisions\/11122452"}],"wp:featuredmedia":[{"embeddable":true,"href":"https:\/\/regiontatry.sk\/pl\/wp-json\/wp\/v2\/media\/13156"}],"wp:attachment":[{"href":"https:\/\/regiontatry.sk\/pl\/wp-json\/wp\/v2\/media?parent=15939"}],"curies":[{"name":"wp","href":"https:\/\/api.w.org\/{rel}","templated":true}]}}