{"id":15942,"date":"2018-10-11T10:00:33","date_gmt":"2018-10-11T08:00:33","guid":{"rendered":"https:\/\/regiontatry.sk\/rodina-a-zabava-zima\/"},"modified":"2019-03-18T10:52:54","modified_gmt":"2019-03-18T09:52:54","slug":"rodzina-i-zabawa-zima","status":"publish","type":"page","link":"https:\/\/regiontatry.sk\/pl\/rodzina-i-zabawa-zima\/","title":{"rendered":"Rodzina i zabawa"},"content":{"rendered":"\n<p>Prze\u017cyj w Tatrach <strong>chwile szcz\u0119\u015bcia z\u00a0rodzin\u0105<\/strong> i sp\u0119d\u017a <strong>zim\u0119 pe\u0142n\u0105 niezapomnianych wra\u017ce\u0144<\/strong>. Tatry Wysokie mog\u0105 by\u0107 tak\u017ce Twoim zimowym rajem. Spaceruj po za\u015bnie\u017conej krainie lub sp\u0119d\u017a ze swoimi dzie\u0107mi wsp\u00f3lne chwile pe\u0142ne zabawy, gier i ruchu na \u015bwie\u017cym powietrzu.<\/p>\n\n\n\t<a href=\"\/wellness-a-relax\/vodny-svet-aquacity-poprad-zima\/\" class=\"wp-block-cgb-block-creanet-list category-list grid-x grid-padding-x align-middle\">\n\t\t\t\t\t<div class=\"small-12 medium-6 large-5\">\n\t\t\t\t<figure><img src='https:\/\/regiontatry.sk\/wp-content\/uploads\/2018\/10\/AquaCity_Winter_2015_Panorama_15001.jpg'\n\t\t\t\t\t\talt=''\n\t\t\t\t\t\ttitle='AquaCity_Winter_2015_Panorama_15001'\n\t\t\t\t\t\/><\/figure>\n\t\t\t<\/div>\n\t\t\n\n\t\t<div class=\"cell small-12 medium-5 large-7\">\n\t\t\t<h3>Nieko\u0144cz\u0105ca si\u0119 zabawa dla dzieci w aquaparku<\/h3>\n\t\t\t<p>W Aquacity Poprad zabawa dla dzieci nigdy si\u0119 nie ko\u0144czy! Odwied\u017a podczas urlopu w Tatrach Wysokich ten wyj\u0105tkowy i ekologiczny kompleks wodny, z rajem dla dzieci i doros\u0142ych, kt\u00f3ry umili zimowy wypoczynek w Tatrach. <\/p>\n\t\t<\/div>\n\t<\/a>\n\n\t\n\n\t<a href=\"\/wellness-a-relax\/vodny-svet-aquacity-poprad-zima\/\" class=\"wp-block-cgb-block-creanet-list category-list grid-x grid-padding-x align-middle\">\n\t\t\t\t\t<div class=\"small-12 medium-6 large-5\">\n\t\t\t\t<figure><img src='https:\/\/regiontatry.sk\/wp-content\/uploads\/2018\/10\/bambulka_lomnicky.jpg'\n\t\t\t\t\t\talt=''\n\t\t\t\t\t\ttitle='bambulka_lomnicky'\n\t\t\t\t\t\/><\/figure>\n\t\t\t<\/div>\n\t\t\n\n\t\t<div class=\"cell small-12 medium-5 large-7\">\n\t\t\t<h3>Kolejkami linowymi w poszukiwaniu przyg\u00f3d<\/h3>\n\t\t\t<p>Dzieci kochaj\u0105 kolejki linowe. Zabierz swoj\u0105 rodzin\u0119 na czaruj\u0105c\u0105 wycieczk\u0119 i wjed\u017acie w poszukiwaniu przepi\u0119knych panoram pod strome szczyty za\u015bnie\u017conych Tatr.<\/p>\n\t\t<\/div>\n\t<\/a>\n\n\t\n\n\t<a href=\"\/aktivity-a-atrakcie\/sankovacka\/?tour=824\" class=\"wp-block-cgb-block-creanet-list category-list grid-x grid-padding-x align-middle\">\n\t\t\t\t\t<div class=\"small-12 medium-6 large-5\">\n\t\t\t\t<figure><img src='https:\/\/regiontatry.sk\/wp-content\/uploads\/2018\/10\/sankovacka.jpeg'\n\t\t\t\t\t\talt=''\n\t\t\t\t\t\ttitle='sankovacka'\n\t\t\t\t\t\/><\/figure>\n\t\t\t<\/div>\n\t\t\n\n\t\t<div class=\"cell small-12 medium-5 large-7\">\n\t\t\t<h3>Rodzinna jazda na sankach na Hrebienku<\/h3>\n\t\t\t<p>Pami\u0119tasz, kiedy ostatnio zje\u017cd\u017ca\u0142e\u015b na sankach? Najd\u0142u\u017csza trasa na S\u0142owacji to frajda dla ca\u0142ej rodziny. Wybierzcie si\u0119 razem na sanki i sp\u0119d\u017acie wsp\u00f3lnie niezapomniane chwile.<\/p>\n\t\t<\/div>\n\t<\/a>\n\n\t\n\n\t<a href=\"https:\/\/www.vt.sk\/hory\/leto-2018\/aktuality\/obrovski-snehuliaci-na-skalantom-plese\/?hp=1&#038;cHash=775f6f387b648855bee0021ed0b5b703\" class=\"wp-block-cgb-block-creanet-list category-list grid-x grid-padding-x align-middle\">\n\t\t\t\t\t<div class=\"small-12 medium-6 large-5\">\n\t\t\t\t<figure><img src='https:\/\/regiontatry.sk\/wp-content\/uploads\/2018\/10\/csm_cmarek_hajkovsky-foto-dsc_7614_stitch3_male_01_d0ad6b9dd2.jpg'\n\t\t\t\t\t\talt=''\n\t\t\t\t\t\ttitle='marek_hajkovsky_snehuliaci_skalnatepleso'\n\t\t\t\t\t\/><\/figure>\n\t\t\t<\/div>\n\t\t\n\n\t\t<div class=\"cell small-12 medium-5 large-7\">\n\t\t\t<h3>Olbrzymie ba\u0142wany<\/h3>\n\t\t\t<p>Na \u0141omnickim Stawie przywita Was w tym roku rodzinka BA\u0141WAN\u00d3W. G\u0142owa rodziny ma a\u017c 5 metr\u00f3w. Zamieszkaj\u0105 przy 15-osobowej gondoli na \u0141omnicki Staw.<\/p>\n\t\t<\/div>\n\t<\/a>\n\n\t\n\n\t<a href=\"\/lyzovanie\/lyziarske-skoly\/\" class=\"wp-block-cgb-block-creanet-list category-list grid-x grid-padding-x align-middle\">\n\t\t\t\t\t<div class=\"small-12 medium-6 large-5\">\n\t\t\t\t<figure><img src='https:\/\/regiontatry.sk\/wp-content\/uploads\/2018\/10\/ss-ski-3.jpeg'\n\t\t\t\t\t\talt=''\n\t\t\t\t\t\ttitle='ss ski'\n\t\t\t\t\t\/><\/figure>\n\t\t\t<\/div>\n\t\t\n\n\t\t<div class=\"cell small-12 medium-5 large-7\">\n\t\t\t<h3>Z profesjonalistami na nartach<\/h3>\n\t\t\t<p>Po\u0142\u0105cz przyjemne z po\u017cytecznym. Zostaw swoje dzieci pod opiek\u0105 profesjonalnego zespo\u0142u instruktor\u00f3w ze szk\u00f3\u0142ki narciarskiej. Dzieci b\u0119d\u0105 si\u0119 doskonale bawi\u0107 i zapoznaj\u0105 si\u0119 z pierwszymi tajnikami bia\u0142ego szale\u0144stwa.<\/p>\n\t\t<\/div>\n\t<\/a>\n\n\t\n\n\t<a href=\"\/rodina-a-deti\/zimne-atrakcie\/\" class=\"wp-block-cgb-block-creanet-list category-list grid-x grid-padding-x align-middle\">\n\t\t\t\t\t<div class=\"small-12 medium-6 large-5\">\n\t\t\t\t<figure><img src='https:\/\/regiontatry.sk\/wp-content\/uploads\/2018\/10\/Bez-na\u0301zvu-1-2a.jpg'\n\t\t\t\t\t\talt=''\n\t\t\t\t\t\ttitle='snowtubing'\n\t\t\t\t\t\/><\/figure>\n\t\t\t<\/div>\n\t\t\n\n\t\t<div class=\"cell small-12 medium-5 large-7\">\n\t\t\t<h3>Dawka adrenaliny<\/h3>\n\t\t\t<p>Dla odwa\u017cnych lub \u017c\u0105dnych wra\u017ce\u0144 dzieciak\u00f3w, mamy w Tatrach mn\u00f3stwo atrakcji i mo\u017cliwo\u015bci sp\u0119dzenia aktywnego wypoczynku. Wystarczy zapozna\u0107 si\u0119 z ofert\u0105 ATRAKCJI ZIMOWYCH.<\/p>\n\t\t<\/div>\n\t<\/a>\n\n\t\n\n\t<a href=\"\" class=\"wp-block-cgb-block-creanet-list category-list grid-x grid-padding-x align-middle\">\n\t\t\t\t\t<div class=\"small-12 medium-6 large-5\">\n\t\t\t\t<figure><img src='https:\/\/regiontatry.sk\/wp-content\/uploads\/2018\/10\/chodnik-korunami-stromov-bachledka-zima.jpg'\n\t\t\t\t\t\talt=''\n\t\t\t\t\t\ttitle='chodnik-korunami-stromov-bachledka-zima'\n\t\t\t\t\t\/><\/figure>\n\t\t\t<\/div>\n\t\t\n\n\t\t<div class=\"cell small-12 medium-5 large-7\">\n\t\t\t<h3>\u015acie\u017cka w koronach drzew<\/h3>\n\t\t\t<p>Rozkoszuj si\u0119 widokiem za\u015bnie\u017conych Tatr. Widok z 32-metrowej wie\u017cy, dzi\u0119ki kt\u00f3rej ogromne drzewa masz dos\u0142ownie na wyci\u0105gni\u0119cie r\u0119ki, oczaruje z pewno\u015bci\u0105 ka\u017cdego. Trasa o d\u0142ugo\u015bci ponad 600 metr\u00f3w poprowadzi Ci\u0119 przez zr\u00f3\u017cnicowany las, a podczas w\u0119dr\u00f3wki czekaj\u0105 na Ciebie r\u00f3\u017cne niespodzianki i ciekawostki.<\/p>\n\t\t<\/div>\n\t<\/a>\n\n\t\n\n\t<a href=\"\/region\/muzea-a-galerie\/?poi=411\" class=\"wp-block-cgb-block-creanet-list category-list grid-x grid-padding-x align-middle\">\n\t\t\t\t\t<div class=\"small-12 medium-6 large-5\">\n\t\t\t\t<figure><img src='https:\/\/regiontatry.sk\/wp-content\/uploads\/2018\/10\/tricklandia.jpg'\n\t\t\t\t\t\talt=''\n\t\t\t\t\t\ttitle='tricklandia'\n\t\t\t\t\t\/><\/figure>\n\t\t\t<\/div>\n\t\t\n\n\t\t<div class=\"cell small-12 medium-5 large-7\">\n\t\t\t<h3>Trick-art galeria Tricklandia<\/h3>\n\t\t\t<p>Zaanga\u017cuj wszystkie swoje zmys\u0142y, poniewa\u017c nic nie jest takie, jak si\u0119 wydaje na pierwszy rzut oka. Odkryj jak najwi\u0119cej trik\u00f3w trickartowych artyst\u00f3w. Ekscytuj\u0105ca i pe\u0142na wra\u017ce\u0144 zabawa! Nie uwierzysz w\u0142asnym oczom!<\/p>\n\t\t<\/div>\n\t<\/a>\n\n\t\n\n\t<a href=\"\/region\/priroda-a-krajina\/?poi=419\" class=\"wp-block-cgb-block-creanet-list category-list grid-x grid-padding-x align-middle\">\n\t\t\t\t\t<div class=\"small-12 medium-6 large-5\">\n\t\t\t\t<figure><img src='https:\/\/regiontatry.sk\/wp-content\/uploads\/2018\/10\/balianska-jaskyna-2.jpg'\n\t\t\t\t\t\talt=''\n\t\t\t\t\t\ttitle='balianska-jaskyna-2'\n\t\t\t\t\t\/><\/figure>\n\t\t\t<\/div>\n\t\t\n\n\t\t<div class=\"cell small-12 medium-5 large-7\">\n\t\t\t<h3>Jaskinia Belia\u0144ska<\/h3>\n\t\t\t<p>Poznaj sekrety podziemnych Tatr w jedynej udost\u0119pnionej do zwiedzania jaskini Tatr Wysokich \u2013 Jaskini Belia\u0144skiej. To wyj\u0105tkowe miejsce mo\u017cesz zwiedza\u0107 z rodzin\u0105 przez ca\u0142y rok, bez wzgl\u0119du na pogod\u0119.<\/p>\n\t\t<\/div>\n\t<\/a>\n\n\t\n\n\t<a href=\"\/region\/muzea-a-galerie\/?poi=269\" class=\"wp-block-cgb-block-creanet-list category-list grid-x grid-padding-x align-middle\">\n\t\t\t\t\t<div class=\"small-12 medium-6 large-5\">\n\t\t\t\t<figure><img src='https:\/\/regiontatry.sk\/wp-content\/uploads\/2018\/10\/muzeum-tanapu2.jpg'\n\t\t\t\t\t\talt=''\n\t\t\t\t\t\ttitle='muzeum-tanapu2'\n\t\t\t\t\t\/><\/figure>\n\t\t\t<\/div>\n\t\t\n\n\t\t<div class=\"cell small-12 medium-5 large-7\">\n\t\t\t<h3>Muzeum Tatrza\u0144skiego Parku Narodowego<\/h3>\n\t\t\t<p>Zapoznaj swoje dzieci z ma\u0142ymi i du\u017cymi mieszka\u0144cami tatrza\u0144skich las\u00f3w. Muzeum TANAPu w Tatrza\u0144skiej \u0141omnicy odkryje przed Tob\u0105 tajemnice tatrza\u0144skiej przyrody, histori\u0119 odkrywania Tatr i ich ochrony.<\/p>\n\t\t<\/div>\n\t<\/a>\n\n\t\n\n\t<a href=\"\/event\/\" class=\"wp-block-cgb-block-creanet-list category-list grid-x grid-padding-x align-middle\">\n\t\t\t\t\t<div class=\"small-12 medium-6 large-5\">\n\t\t\t\t<figure><img src='https:\/\/regiontatry.sk\/wp-content\/uploads\/2018\/10\/c-Marek-Hajkovsky-foto-Snezne-psy-2017_39.jpg'\n\t\t\t\t\t\talt=''\n\t\t\t\t\t\ttitle='c-Marek-Hajkovsky-foto-Snezne-psy-2017_39'\n\t\t\t\t\t\/><\/figure>\n\t\t\t<\/div>\n\t\t\n\n\t\t<div class=\"cell small-12 medium-5 large-7\">\n\t\t\t<h3>Wydarzenia dla rodzin z dzie\u0107mi<\/h3>\n\t\t\t<p>W Tatrach nigdy nie b\u0119dziesz si\u0119 nudzi\u0107. Zim\u0105 nie zabraknie popularnych imprez dla rodzin, takich jak TATRY ICE MASTER lub \u015aNIE\u017bNE PSY, ale przygotowywanych event\u00f3w jest o wiele wi\u0119cej. Zobacz kalendarz wydarze\u0144.<\/p>\n\t\t<\/div>\n\t<\/a>\n\n\t\n\n\t<a href=\"\/ubytovanie\/specialne-ponuky\/family-friendly\/\" class=\"wp-block-cgb-block-creanet-list category-list grid-x grid-padding-x align-middle\">\n\t\t\t\t\t<div class=\"small-12 medium-6 large-5\">\n\t\t\t\t<figure><img src='https:\/\/regiontatry.sk\/wp-content\/uploads\/2018\/10\/Domc\u030ceky-Tatry-Holiday.jpg'\n\t\t\t\t\t\talt=''\n\t\t\t\t\t\ttitle='Domc\u030ceky Tatry Holiday'\n\t\t\t\t\t\/><\/figure>\n\t\t\t<\/div>\n\t\t\n\n\t\t<div class=\"cell small-12 medium-5 large-7\">\n\t\t\t<h3>Zakwaterowanie FAMILY friendly <\/h3>\n\t\t\t<p>Znajd\u017a odpowiednie zakwaterowanie dla swojej rodziny w jednym z hoteli FAMILY friendly i sp\u0119d\u017a wspania\u0142y urlop pe\u0142en rodzinnej sielanki bezpo\u015brednio w Tatrach Wysokich!<\/p>\n\t\t<\/div>\n\t<\/a>\n\n\t","protected":false},"excerpt":{"rendered":"<p>Prze\u017cyj w Tatrach chwile szcz\u0119\u015bcia z\u00a0rodzin\u0105 i sp\u0119d\u017a zim\u0119 pe\u0142n\u0105 niezapomnianych wra\u017ce\u0144. Tatry Wysokie mog\u0105 by\u0107 tak\u017ce Twoim zimowym rajem. Spaceruj po za\u015bnie\u017conej krainie lub sp\u0119d\u017a ze swoimi dzie\u0107mi wsp\u00f3lne chwile pe\u0142ne zabawy, gier i ruchu na \u015bwie\u017cym powietrzu.<\/p>\n","protected":false},"author":2,"featured_media":6362,"parent":0,"menu_order":0,"comment_status":"closed","ping_status":"closed","template":"template-simple-page.php","meta":{"footnotes":""},"class_list":["post-15942","page","type-page","status-publish","has-post-thumbnail","hentry"],"_links":{"self":[{"href":"https:\/\/regiontatry.sk\/pl\/wp-json\/wp\/v2\/pages\/15942"}],"collection":[{"href":"https:\/\/regiontatry.sk\/pl\/wp-json\/wp\/v2\/pages"}],"about":[{"href":"https:\/\/regiontatry.sk\/pl\/wp-json\/wp\/v2\/types\/page"}],"author":[{"embeddable":true,"href":"https:\/\/regiontatry.sk\/pl\/wp-json\/wp\/v2\/users\/2"}],"replies":[{"embeddable":true,"href":"https:\/\/regiontatry.sk\/pl\/wp-json\/wp\/v2\/comments?post=15942"}],"version-history":[{"count":1,"href":"https:\/\/regiontatry.sk\/pl\/wp-json\/wp\/v2\/pages\/15942\/revisions"}],"predecessor-version":[{"id":16458,"href":"https:\/\/regiontatry.sk\/pl\/wp-json\/wp\/v2\/pages\/15942\/revisions\/16458"}],"wp:featuredmedia":[{"embeddable":true,"href":"https:\/\/regiontatry.sk\/pl\/wp-json\/wp\/v2\/media\/6362"}],"wp:attachment":[{"href":"https:\/\/regiontatry.sk\/pl\/wp-json\/wp\/v2\/media?parent=15942"}],"curies":[{"name":"wp","href":"https:\/\/api.w.org\/{rel}","templated":true}]}}