{"id":15944,"date":"2018-10-09T14:56:55","date_gmt":"2018-10-09T12:56:55","guid":{"rendered":"https:\/\/regiontatry.sk\/rodina-a-deti\/rodinna-turistika-zima\/"},"modified":"2019-03-18T11:01:23","modified_gmt":"2019-03-18T10:01:23","slug":"turystyka-rodzinna-zima","status":"publish","type":"page","link":"https:\/\/regiontatry.sk\/pl\/rodzina-i-zabawa\/turystyka-rodzinna-zima\/","title":{"rendered":"Turystyka rodzinna"},"content":{"rendered":"\n<p>Poni\u017cej przedstawiamy kilka propozycji kr\u00f3tkich wycieczek do 2 godzin, kt\u00f3re s\u0105 idealne tak\u017ce dla ma\u0142ych dzieci:<\/p>\n\n\n\n<h3 class=\"wp-block-heading\"><strong><br><\/strong>PROPOZYCJE WYCIECZEK RODZINNYCH<\/h3>\n\n\n\n<table class=\"wp-block-table\"><tbody><tr><td>&nbsp;<\/td><td>&nbsp;<\/td><td>godz.<\/td><td>&nbsp;<\/td><td>przewy\u017cszenie<\/td><\/tr><tr><td><strong>Z Jeziora Szczyrbskiego na Jamski Staw<\/strong><\/td><td>&nbsp;<\/td><td>1:00<\/td><td>&nbsp;<\/td><td>120 m<\/td><\/tr><tr><td><strong>Z przystanku Popradzki Staw do Popradzkiego Stawu,<br><\/strong>czwartego najwi\u0119kszego w Tatrach<\/td><td>&nbsp;<\/td><td>1:00<\/td><td>&nbsp;<\/td><td>250 m<\/td><\/tr><tr><td><strong>Z Podbanskiego do Po\u015bredniej Niewcyrskiej Siklawy,<br><\/strong>do najwi\u0119kszego wodospadu na S\u0142owacji (80m)<\/td><td>&nbsp;<\/td><td>2:00<\/td><td>&nbsp;<\/td><td>320 m<\/td><\/tr><tr><td><strong>Wok\u00f3\u0142 Starego Smokowca<br><\/strong>Stary Smokowiec \u2013 podn\u00f3\u017ce S\u0142awkowskiego Szczytu &#8211; Hrebienok &#8211; Stary Smokowiec     <\/td><td>&nbsp;<\/td><td>2:00<\/td><td>&nbsp;<\/td><td>300 m<\/td><\/tr><tr><td><strong>Do Schroniska Rainerova Chata i Wodospad\u00f3w Zimnej Wody<br><\/strong>Stary Smokowiec &#8211; Hrebienok &#8211; Wodospady Zimnej Wody \u2013 Polana Starole\u015bna (kiedy\u015b polana Kamz\u00edk) \u2013 Rainerova Chata<\/td><td>&nbsp;<\/td><td>1:00<\/td><td>&nbsp;<\/td><td>150 m<\/td><\/tr><tr><td><strong>Z Tatrza\u0144skiej \u0141omnicy na Start<\/strong><\/td><td>&nbsp;<\/td><td>1:00<\/td><td>&nbsp;<\/td><td>200 m<\/td><\/tr><tr><td><strong>Wok\u00f3\u0142 \u0141omnicy<br><\/strong>Tatrza\u0144ska \u0141omnica \u2013 \u0142\u0105ki przy Matliarach i z powrotem szlakiem wzd\u0142u\u017c Drogi Wolno\u015bci (Cesta Slobody)        <\/td><td>&nbsp;<\/td><td>1:30<\/td><td>&nbsp;<\/td><td>50 m<\/td><\/tr><tr><td><strong>Z Jaworzyny na Polan\u0119 pod Muraniem<\/strong><\/td><td>&nbsp;<\/td><td>0:45<\/td><td>&nbsp;<\/td><td>110 m<\/td><\/tr><tr><td><strong>Z \u0141ysej Polany na Polan\u0119 pod Rozpadlinami<br><\/strong>wzd\u0142u\u017c Bielej Wody \u2013 le\u015bnicz\u00f3wka \u2013 Polana pod Rozpadlinami<\/td><td>&nbsp;<\/td><td>1:00<\/td><td>&nbsp;<\/td><td>50 m<\/td><\/tr><\/tbody><\/table>\n","protected":false},"excerpt":{"rendered":"<p>Poni\u017cej przedstawiamy kilka propozycji kr\u00f3tkich wycieczek do 2 godzin, kt\u00f3re s\u0105 idealne tak\u017ce dla ma\u0142ych dzieci: PROPOZYCJE WYCIECZEK RODZINNYCH &nbsp; &nbsp; godz. &nbsp; przewy\u017cszenie Z Jeziora Szczyrbskiego na Jamski Staw &nbsp; 1:00 &nbsp; 120 m Z przystanku Popradzki Staw do Popradzkiego Stawu,czwartego najwi\u0119kszego w Tatrach &nbsp; 1:00 &nbsp; 250 m Z Podbanskiego do Po\u015bredniej Niewcyrskiej [&hellip;]<\/p>\n","protected":false},"author":2,"featured_media":15945,"parent":1577,"menu_order":0,"comment_status":"closed","ping_status":"closed","template":"template-simple-page.php","meta":{"footnotes":""},"class_list":["post-15944","page","type-page","status-publish","has-post-thumbnail","hentry"],"_links":{"self":[{"href":"https:\/\/regiontatry.sk\/pl\/wp-json\/wp\/v2\/pages\/15944"}],"collection":[{"href":"https:\/\/regiontatry.sk\/pl\/wp-json\/wp\/v2\/pages"}],"about":[{"href":"https:\/\/regiontatry.sk\/pl\/wp-json\/wp\/v2\/types\/page"}],"author":[{"embeddable":true,"href":"https:\/\/regiontatry.sk\/pl\/wp-json\/wp\/v2\/users\/2"}],"replies":[{"embeddable":true,"href":"https:\/\/regiontatry.sk\/pl\/wp-json\/wp\/v2\/comments?post=15944"}],"version-history":[{"count":1,"href":"https:\/\/regiontatry.sk\/pl\/wp-json\/wp\/v2\/pages\/15944\/revisions"}],"predecessor-version":[{"id":16467,"href":"https:\/\/regiontatry.sk\/pl\/wp-json\/wp\/v2\/pages\/15944\/revisions\/16467"}],"up":[{"embeddable":true,"href":"https:\/\/regiontatry.sk\/pl\/wp-json\/wp\/v2\/pages\/1577"}],"wp:featuredmedia":[{"embeddable":true,"href":"https:\/\/regiontatry.sk\/pl\/wp-json\/wp\/v2\/media\/15945"}],"wp:attachment":[{"href":"https:\/\/regiontatry.sk\/pl\/wp-json\/wp\/v2\/media?parent=15944"}],"curies":[{"name":"wp","href":"https:\/\/api.w.org\/{rel}","templated":true}]}}