{"id":15946,"date":"2018-10-09T14:10:19","date_gmt":"2018-10-09T12:10:19","guid":{"rendered":"https:\/\/regiontatry.sk\/vodny-svet-aquacity-poprad-zima\/"},"modified":"2025-10-14T21:48:06","modified_gmt":"2025-10-14T19:48:06","slug":"termalny-aquapark-w-popradzie-zima","status":"publish","type":"page","link":"https:\/\/regiontatry.sk\/pl\/wellness-i-relaks\/termalny-aquapark-w-popradzie-zima\/","title":{"rendered":"Termalny Aquapark w Popradzie &#8211; zima"},"content":{"rendered":"\n<p>Tatry Wysokie to idealne miejsce dla os\u00f3b, kt\u00f3re szukaj\u0105 us\u0142ug na wysokim poziomie, a\u00a0jednocze\u015bnie lubi\u0105 aktywny wypoczynek. Je\u015bli zdecydowa\u0142e\u015b si\u0119 na wypoczynek w g\u00f3rach, wybierz Tatry \u2013 najwi\u0119ksze i\u00a0najpi\u0119kniejsze pasmo g\u00f3rskie w S\u0142owacji, a\u00a0zarazem doskona\u0142e miejsce oferuj\u0105ce wiele mo\u017cliwo\u015bci sp\u0119dzania czasu wolnego.\u00a0 Latem jest to przede wszystkim turystyka piesza i rowerowa po\u015br\u00f3d pi\u0119knej przyrody, zim\u0105 za\u015b szusowanie po za\u015bnie\u017conych stokach w o\u015brodkach narciarskich. U\u00a0st\u00f3p Tatr Wysokich, prawie w samym sercu Europy, znajduje si\u0119 <strong>wyj\u0105tkowy ekologiczny resort \u2013 Termalny Aquapark w Popradzie.<\/strong><\/p>\n\n\n\n<p>AquaCity Poprad to unikalny kompleks oferuj\u0105cy szerok\u0105 gam\u0119 us\u0142ug, kt\u00f3re s\u0105\ndope\u0142nieniem idealnego urlopu, niezapomnianej rodzinnej wycieczki, imprezy\nfirmowej czy innego wydarzenia. Wielofunkcyjny\no\u015brodek oferuje <strong>us\u0142ugi noclegowe, relaksacyjne i wellness, <\/strong><strong>turystyk\u0119 zdrowotn\u0105 i&nbsp;mo\u017cliwo\u015b\u0107\nuprawiania sportu, a tak\u017ce us\u0142ugi <\/strong><strong>gastronomiczne i kongresowe na potrzeby klient\u00f3w\nbiznesowych.<\/strong><\/p>\n\n\n\n<p>To tak\u017ce \u015bwiat zabawy, relaksu i odpoczynku. Woda w\u00a0Aquapark pochodzi z naturalnego podziemnego \u017ar\u00f3d\u0142a i jest doprowadzana do kompleksu, a nast\u0119pnie w procesach technologicznych sch\u0142adzana z temperatury 50\u00b0C do 36 &#8211; 38\u00b0C. Baseny maj\u0105 nierdzewn\u0105 pow\u0142ok\u0119, co minimalizuje konieczno\u015b\u0107 u\u017cywania chloru. Do dezynfekcji wykorzystuje si\u0119 promieniowanie UV, dzi\u0119ki czemu woda nie podra\u017cnia sk\u00f3ry i oczu.\u00a0Woda w basenach termalnych pochodzi z g\u0142\u0119boko\u015bci 1300 m i zawiera ponad 20 minera\u0142\u00f3w, kt\u00f3re maj\u0105 dobroczynny wp\u0142yw na zdrowie.\u00a0Pomaga w dolegliwo\u015bciach zwi\u0105zanych z uk\u0142adami ruchu, oddechowym, kr\u0105\u017cenia i nerwowym oraz ma korzystny wp\u0142yw na sk\u00f3r\u0119.<\/p>\n\n\n\n<h3 class=\"wp-block-heading\"><strong>Termalny Aquapark w Popradzie<\/strong><\/h3>\n\n\n\n<p>W <strong>Aquaparku<\/strong> znajduje si\u0119 13 krytych i odkrytych basen\u00f3w z wod\u0105 termaln\u0105 o temperaturze\nod 28\u00b0C do 38\u00b0C, 50 m kryty basen p\u0142ywacki,\ncentrum fitness i spinningu, tereny sportowe do gry w pla\u017cow\u0105 pi\u0142k\u0119 no\u017cn\u0105 i\nsiatk\u00f3wk\u0119, piaszczysta pla\u017ca z barem, 6 zje\u017cd\u017calni i ponad 350 atrakcji\nwodnych, hydromasa\u017cy, k\u0105pieli pere\u0142kowych i dysz wodnych, k\u0105ciki\ndla dzieci oraz pokazy laserowe w basenach. Ofert\u0119 uzupe\u0142niaj\u0105 masa\u017ce\ntajskie i relaksacyjne, solarium, bio pedicure rybkami Garra\nRufa, oraz nowoczesne dwukondygnacyjne centrum wellness <strong>Fire &amp; Water Wellness &amp; Spa<\/strong>.<\/p>\n\n\n\n<p>Na zewn\u0105trz mo\u017cna wypocz\u0105\u0107 w ca\u0142orocznym\u00a0<strong>basenie z\u00a0podwodnymi le\u017cakami lub basenie relaksacyjnym<\/strong>, w kt\u00f3rym znajduj\u0105 si\u0119 dysze do masa\u017cu, gargulce, grzybek wodny, bicze wodne lub mo\u017cna pop\u0142ywa\u0107 w zewn\u0119trznym\u00a0<strong>rekondycyjnym basenie p\u0142ywackim<\/strong>\u00a0o d\u0142ugo\u015bci 33 m, kt\u00f3ry jest wprost stworzony dla zapalonych sportowc\u00f3w. W sezonie letnim zapraszamy na piramid\u0119 zabawy wodnej z atrakcjami dla dzieci i doros\u0142ych.\u00a0Piramida Maj\u00f3w sk\u0142ada si\u0119 z trzech basen\u00f3w o g\u0142\u0119boko\u015bci 1 \u2013 1,2 m ze zje\u017cd\u017calniami i atrakcjami wodnymi.\u00a0<\/p>\n\n\n\n<figure class=\"wp-block-gallery has-nested-images columns-default is-cropped wp-block-gallery-2 is-layout-flex wp-block-gallery-is-layout-flex\">\n<figure class=\"wp-block-image\"><img loading=\"lazy\" decoding=\"async\" width=\"1024\" height=\"548\" data-id=\"22382\" src=\"https:\/\/regiontatry.sk\/wp-content\/uploads\/2019\/12\/AquaCity_Winter_2015_Panorama_C-1024x548.jpg\" alt=\"\" class=\"wp-image-22382\" srcset=\"https:\/\/regiontatry.sk\/wp-content\/uploads\/2019\/12\/AquaCity_Winter_2015_Panorama_C-1024x548.jpg 1024w, https:\/\/regiontatry.sk\/wp-content\/uploads\/2019\/12\/AquaCity_Winter_2015_Panorama_C-300x161.jpg 300w, https:\/\/regiontatry.sk\/wp-content\/uploads\/2019\/12\/AquaCity_Winter_2015_Panorama_C-768x411.jpg 768w, https:\/\/regiontatry.sk\/wp-content\/uploads\/2019\/12\/AquaCity_Winter_2015_Panorama_C-698x374.jpg 698w, https:\/\/regiontatry.sk\/wp-content\/uploads\/2019\/12\/AquaCity_Winter_2015_Panorama_C-552x296.jpg 552w, https:\/\/regiontatry.sk\/wp-content\/uploads\/2019\/12\/AquaCity_Winter_2015_Panorama_C.jpg 1500w\" sizes=\"(max-width: 1024px) 100vw, 1024px\" \/><\/figure>\n\n\n\n<figure class=\"wp-block-image\"><img loading=\"lazy\" decoding=\"async\" width=\"1024\" height=\"545\" data-id=\"22467\" src=\"https:\/\/regiontatry.sk\/wp-content\/uploads\/2019\/12\/AquaCity_Winter_2015_Panorama_3000-1-1024x545.jpg\" alt=\"\" class=\"wp-image-22467\" srcset=\"https:\/\/regiontatry.sk\/wp-content\/uploads\/2019\/12\/AquaCity_Winter_2015_Panorama_3000-1-1024x545.jpg 1024w, https:\/\/regiontatry.sk\/wp-content\/uploads\/2019\/12\/AquaCity_Winter_2015_Panorama_3000-1-300x160.jpg 300w, https:\/\/regiontatry.sk\/wp-content\/uploads\/2019\/12\/AquaCity_Winter_2015_Panorama_3000-1-768x409.jpg 768w, https:\/\/regiontatry.sk\/wp-content\/uploads\/2019\/12\/AquaCity_Winter_2015_Panorama_3000-1-698x372.jpg 698w, https:\/\/regiontatry.sk\/wp-content\/uploads\/2019\/12\/AquaCity_Winter_2015_Panorama_3000-1-552x294.jpg 552w, https:\/\/regiontatry.sk\/wp-content\/uploads\/2019\/12\/AquaCity_Winter_2015_Panorama_3000-1.jpg 1639w\" sizes=\"(max-width: 1024px) 100vw, 1024px\" \/><\/figure>\n<\/figure>\n\n\n\n<p>We wn\u0119trzu kompleksu miejscem wyj\u0105tkowego relaksu s\u0105 <strong>kryte baseny Blue Diamond<\/strong>. Dzi\u0119ki unikalnej atmosferze oraz gor\u0105cej wodzie termalnej s\u0105 idealnym miejscem nawet dla najmniejszych dzieci i doros\u0142ych. Ekskluzywny basen termalny z barem bezpo\u015brednio w wodzie gwarantuje oczekiwany luksus. Mo\u017cna tu degustowa\u0107 i wybiera\u0107 z bogatej oferty drink\u00f3w lub relaksowa\u0107 si\u0119 siedz\u0105c na krzes\u0142ach barowych bezpo\u015brednio w wodzie i po prostu cieszy\u0107 si\u0119 chwil\u0105.<\/p>\n\n\n\n<figure class=\"wp-block-gallery has-nested-images columns-default is-cropped wp-block-gallery-3 is-layout-flex wp-block-gallery-is-layout-flex\">\n<figure class=\"wp-block-image\"><img loading=\"lazy\" decoding=\"async\" width=\"1024\" height=\"576\" data-id=\"22394\" src=\"https:\/\/regiontatry.sk\/wp-content\/uploads\/2019\/12\/AquaCity_Blue_Diamond_08-1024x576.jpg\" alt=\"\" class=\"wp-image-22394\" srcset=\"https:\/\/regiontatry.sk\/wp-content\/uploads\/2019\/12\/AquaCity_Blue_Diamond_08-1024x576.jpg 1024w, https:\/\/regiontatry.sk\/wp-content\/uploads\/2019\/12\/AquaCity_Blue_Diamond_08-300x169.jpg 300w, https:\/\/regiontatry.sk\/wp-content\/uploads\/2019\/12\/AquaCity_Blue_Diamond_08-768x432.jpg 768w, https:\/\/regiontatry.sk\/wp-content\/uploads\/2019\/12\/AquaCity_Blue_Diamond_08-698x393.jpg 698w, https:\/\/regiontatry.sk\/wp-content\/uploads\/2019\/12\/AquaCity_Blue_Diamond_08-552x311.jpg 552w, https:\/\/regiontatry.sk\/wp-content\/uploads\/2019\/12\/AquaCity_Blue_Diamond_08.jpg 1500w\" sizes=\"(max-width: 1024px) 100vw, 1024px\" \/><\/figure>\n\n\n\n<figure class=\"wp-block-image\"><img loading=\"lazy\" decoding=\"async\" width=\"1024\" height=\"576\" data-id=\"22414\" src=\"https:\/\/regiontatry.sk\/wp-content\/uploads\/2019\/12\/AquaCity_Blue_Diamond_00-1024x576.jpg\" alt=\"\" class=\"wp-image-22414\" srcset=\"https:\/\/regiontatry.sk\/wp-content\/uploads\/2019\/12\/AquaCity_Blue_Diamond_00-1024x576.jpg 1024w, https:\/\/regiontatry.sk\/wp-content\/uploads\/2019\/12\/AquaCity_Blue_Diamond_00-300x169.jpg 300w, https:\/\/regiontatry.sk\/wp-content\/uploads\/2019\/12\/AquaCity_Blue_Diamond_00-768x432.jpg 768w, https:\/\/regiontatry.sk\/wp-content\/uploads\/2019\/12\/AquaCity_Blue_Diamond_00-698x393.jpg 698w, https:\/\/regiontatry.sk\/wp-content\/uploads\/2019\/12\/AquaCity_Blue_Diamond_00-552x311.jpg 552w, https:\/\/regiontatry.sk\/wp-content\/uploads\/2019\/12\/AquaCity_Blue_Diamond_00.jpg 1500w\" sizes=\"(max-width: 1024px) 100vw, 1024px\" \/><\/figure>\n<\/figure>\n\n\n\n<p><strong>Baseny relaksacyjne Blue Sapphire<\/strong>&nbsp;s\u0105 unikalne nie tylko ze wzgl\u0119du na zakres us\u0142ug, lecz r\u00f3wnie\u017c ich wk\u0142ad w ochron\u0119 \u015brodowiska. Nowoczesny budynek, w kt\u00f3rym g\u0142\u00f3wnym \u017ar\u00f3d\u0142em energii jest woda termalna, a tak\u017ce energia s\u0142oneczna, zapewnia niezapomniane wra\u017cenia dla wszystkich zmys\u0142\u00f3w. Dwa baseny relaksacyjne z wod\u0105 o temperaturze 30 \u2013 35\u00b0C oferuj\u0105 pe\u0142n\u0105 gam\u0119 masa\u017cy wodnych i pere\u0142kowych, siedziska z pere\u0142kami wodnymi, kurtyny wodne i dysze do masa\u017cu, specjalne o\u015bwietlenie do chromoterapii \u2013 leczenia \u015bwiat\u0142em, sztuczne fale i inne atrakcje. Baseny Blue Sapphire umo\u017cliwiaj\u0105 organizacj\u0119 pokaz\u00f3w laserowych, projekcj\u0119 na 9-metrowej \u015bcianie wody i s\u0105 wyposa\u017cone w nag\u0142o\u015bnienie przestrzenne.<\/p>\n\n\n\n<figure class=\"wp-block-gallery has-nested-images columns-default is-cropped wp-block-gallery-4 is-layout-flex wp-block-gallery-is-layout-flex\">\n<figure class=\"wp-block-image\"><img loading=\"lazy\" decoding=\"async\" width=\"1024\" height=\"576\" data-id=\"22374\" src=\"https:\/\/regiontatry.sk\/wp-content\/uploads\/2019\/12\/AquaCity_Wellness_Bazeny_08-1024x576.jpg\" alt=\"\" class=\"wp-image-22374\" srcset=\"https:\/\/regiontatry.sk\/wp-content\/uploads\/2019\/12\/AquaCity_Wellness_Bazeny_08-1024x576.jpg 1024w, https:\/\/regiontatry.sk\/wp-content\/uploads\/2019\/12\/AquaCity_Wellness_Bazeny_08-300x169.jpg 300w, https:\/\/regiontatry.sk\/wp-content\/uploads\/2019\/12\/AquaCity_Wellness_Bazeny_08-768x432.jpg 768w, https:\/\/regiontatry.sk\/wp-content\/uploads\/2019\/12\/AquaCity_Wellness_Bazeny_08-698x393.jpg 698w, https:\/\/regiontatry.sk\/wp-content\/uploads\/2019\/12\/AquaCity_Wellness_Bazeny_08-552x311.jpg 552w, https:\/\/regiontatry.sk\/wp-content\/uploads\/2019\/12\/AquaCity_Wellness_Bazeny_08.jpg 1500w\" sizes=\"(max-width: 1024px) 100vw, 1024px\" \/><\/figure>\n\n\n\n<figure class=\"wp-block-image\"><img loading=\"lazy\" decoding=\"async\" width=\"1024\" height=\"576\" data-id=\"22406\" src=\"https:\/\/regiontatry.sk\/wp-content\/uploads\/2019\/12\/AquaCity_Wellness_Bazeny_12-1024x576.jpg\" alt=\"\" class=\"wp-image-22406\" srcset=\"https:\/\/regiontatry.sk\/wp-content\/uploads\/2019\/12\/AquaCity_Wellness_Bazeny_12-1024x576.jpg 1024w, https:\/\/regiontatry.sk\/wp-content\/uploads\/2019\/12\/AquaCity_Wellness_Bazeny_12-300x169.jpg 300w, https:\/\/regiontatry.sk\/wp-content\/uploads\/2019\/12\/AquaCity_Wellness_Bazeny_12-768x432.jpg 768w, https:\/\/regiontatry.sk\/wp-content\/uploads\/2019\/12\/AquaCity_Wellness_Bazeny_12-698x393.jpg 698w, https:\/\/regiontatry.sk\/wp-content\/uploads\/2019\/12\/AquaCity_Wellness_Bazeny_12-552x311.jpg 552w, https:\/\/regiontatry.sk\/wp-content\/uploads\/2019\/12\/AquaCity_Wellness_Bazeny_12.jpg 1500w\" sizes=\"(max-width: 1024px) 100vw, 1024px\" \/><\/figure>\n<\/figure>\n\n\n\n<p>Dla rodzin z dzie\u0107mi przygotowali\u015bmy <strong>basen dla dzieci Treasure Island \u2013 Wyspa Skarb\u00f3w<\/strong>, w stylu egzotycznej zatoki, w kt\u00f3rej nie mog\u0142o zabrakn\u0105\u0107 statku rozbitk\u00f3w ze zje\u017cd\u017calniami i atrakcjami wodnymi. Dzieci mog\u0105 si\u0119 cieszy\u0107 rejsami zabytkowym statkiem i k\u0105pa\u0107 si\u0119 w s\u0142onej wodzie. \u015awiat dzieci z tarasem do relaksu Summer Lounge oraz jacuzzi dla doros\u0142ych to miejsce pe\u0142ne atrakcji odpowiednie dla ca\u0142ej rodziny. Na Wyspie Skarb\u00f3w na szkraby czekaj\u0105 \u017cywe bajkowe rybki Nemo oraz maskotki Wyspy Skarb\u00f3w, czyli dwa \u017cywe legwany z Wysp Galapagos Hugo i Boss, kt\u00f3re broni\u0105 wyspy.<br><br><\/p>\n\n\n\n<figure class=\"wp-block-gallery has-nested-images columns-default is-cropped wp-block-gallery-5 is-layout-flex wp-block-gallery-is-layout-flex\">\n<figure class=\"wp-block-image\"><img loading=\"lazy\" decoding=\"async\" width=\"1024\" height=\"646\" data-id=\"22426\" src=\"https:\/\/regiontatry.sk\/wp-content\/uploads\/2019\/12\/AquaCity_Treasure_Island_2019__18-1-1024x646.jpg\" alt=\"\" class=\"wp-image-22426\" srcset=\"https:\/\/regiontatry.sk\/wp-content\/uploads\/2019\/12\/AquaCity_Treasure_Island_2019__18-1-1024x646.jpg 1024w, https:\/\/regiontatry.sk\/wp-content\/uploads\/2019\/12\/AquaCity_Treasure_Island_2019__18-1-300x189.jpg 300w, https:\/\/regiontatry.sk\/wp-content\/uploads\/2019\/12\/AquaCity_Treasure_Island_2019__18-1-768x484.jpg 768w, https:\/\/regiontatry.sk\/wp-content\/uploads\/2019\/12\/AquaCity_Treasure_Island_2019__18-1-698x440.jpg 698w, https:\/\/regiontatry.sk\/wp-content\/uploads\/2019\/12\/AquaCity_Treasure_Island_2019__18-1-552x348.jpg 552w, https:\/\/regiontatry.sk\/wp-content\/uploads\/2019\/12\/AquaCity_Treasure_Island_2019__18-1.jpg 1500w\" sizes=\"(max-width: 1024px) 100vw, 1024px\" \/><\/figure>\n\n\n\n<figure class=\"wp-block-image\"><img loading=\"lazy\" decoding=\"async\" width=\"1000\" height=\"666\" data-id=\"2307\" src=\"https:\/\/regiontatry.sk\/wp-content\/uploads\/2018\/08\/Treasure_Island_2016.jpg\" alt=\"\" class=\"wp-image-2307\" srcset=\"https:\/\/regiontatry.sk\/wp-content\/uploads\/2018\/08\/Treasure_Island_2016.jpg 1000w, https:\/\/regiontatry.sk\/wp-content\/uploads\/2018\/08\/Treasure_Island_2016-300x200.jpg 300w, https:\/\/regiontatry.sk\/wp-content\/uploads\/2018\/08\/Treasure_Island_2016-768x511.jpg 768w\" sizes=\"(max-width: 1000px) 100vw, 1000px\" \/><\/figure>\n<\/figure>\n\n\n\n<p> W&nbsp;AquaCity Poprad mo\u017cna znale\u017a\u0107 miejsca do zabawy dla wszystkich dzieci. Obok recepcji hotelowej znajduje si\u0119 k\u0105cik dzieci\u0119cy,&nbsp;przy basenach Blue Sapphire dwupoziomowy k\u0105cik zabaw, z kolei zewn\u0119trzne boiska sportowe zagwarantuj\u0105 dzieciom weso\u0142y dzie\u0144, a Ty b\u0119dziesz mie\u0107 czas tylko dla siebie. Dzieci mog\u0105 tu znale\u017a\u0107 mn\u00f3stwo zabawek, drabinek, \u015blizgawek, na kt\u00f3rych z przyjemno\u015bci\u0105 sp\u0119dz\u0105 d\u0142ugie godziny. W wybranych godzinach w k\u0105ciku dla dzieci dost\u0119pne jest przedszkole z opiekunem lub programy animacyjne. <br><br><\/p>\n\n\n\n<h3 class=\"wp-block-heading\"><br><strong>WELLNESS CENTRUM&nbsp;FIRE &amp; WATER WELLNESS &amp; SPA<\/strong><\/h3>\n\n\n\n<p>Na powierzchni ponad 1590 m2 czeka na Pa\u0144stwa <strong>witalny \u015bwiat<\/strong> pe\u0142en kontrast\u00f3w spod znaku \u017cywio\u0142\u00f3w ognia i wody. \u017bywio\u0142y s\u0105 symbolem wellness centrum, w kt\u00f3rym wydzielono stref\u0119 prywatn\u0105 i stref\u0119 party z saunami i pokojami do inhalacji. Wyj\u0105tkowa sauna ceremonialna z&nbsp;pokazem saunowym, klasyczna sauna fi\u0144ska, lub zio\u0142owa, parowa i eukaliptusowa, himalajska sauna solna, infrasauny oraz jaskinia \u015bnie\u017cna rozpieszcz\u0105 Pa\u0144stwa zmys\u0142y, pobudz\u0105 cia\u0142o i od\u015bwie\u017c\u0105 umys\u0142. Doskona\u0142y relaks mo\u017cna znale\u017a\u0107 w strefie prywatnej z&nbsp;basenem z&nbsp;zatok\u0105 mi\u0142o\u015bci, w pomieszczeniach relaksacyjnych z biokominkiem. W \u015brodku znajduje si\u0119 tak\u017ce bar wellness z ofert\u0105 zdrowych napoj\u00f3w, koktajli i lekkich posi\u0142k\u00f3w.<br><\/p>\n\n\n\n<figure class=\"wp-block-gallery has-nested-images columns-default is-cropped wp-block-gallery-6 is-layout-flex wp-block-gallery-is-layout-flex\">\n<figure class=\"wp-block-image\"><img loading=\"lazy\" decoding=\"async\" width=\"1200\" height=\"542\" data-id=\"2279\" src=\"https:\/\/regiontatry.sk\/wp-content\/uploads\/2018\/08\/Relax_Panorama1-2.jpg\" alt=\"\" class=\"wp-image-2279\" srcset=\"https:\/\/regiontatry.sk\/wp-content\/uploads\/2018\/08\/Relax_Panorama1-2.jpg 1200w, https:\/\/regiontatry.sk\/wp-content\/uploads\/2018\/08\/Relax_Panorama1-2-300x136.jpg 300w, https:\/\/regiontatry.sk\/wp-content\/uploads\/2018\/08\/Relax_Panorama1-2-768x347.jpg 768w, https:\/\/regiontatry.sk\/wp-content\/uploads\/2018\/08\/Relax_Panorama1-2-1024x463.jpg 1024w\" sizes=\"(max-width: 1200px) 100vw, 1200px\" \/><\/figure>\n\n\n\n<figure class=\"wp-block-image\"><img loading=\"lazy\" decoding=\"async\" width=\"1000\" height=\"549\" data-id=\"2290\" src=\"https:\/\/regiontatry.sk\/wp-content\/uploads\/2018\/08\/Finska_sauna_Panorama1_web-1.jpg\" alt=\"\" class=\"wp-image-2290\" srcset=\"https:\/\/regiontatry.sk\/wp-content\/uploads\/2018\/08\/Finska_sauna_Panorama1_web-1.jpg 1000w, https:\/\/regiontatry.sk\/wp-content\/uploads\/2018\/08\/Finska_sauna_Panorama1_web-1-300x165.jpg 300w, https:\/\/regiontatry.sk\/wp-content\/uploads\/2018\/08\/Finska_sauna_Panorama1_web-1-768x422.jpg 768w, https:\/\/regiontatry.sk\/wp-content\/uploads\/2018\/08\/Finska_sauna_Panorama1_web-1-860x472.jpg 860w, https:\/\/regiontatry.sk\/wp-content\/uploads\/2018\/08\/Finska_sauna_Panorama1_web-1-698x383.jpg 698w, https:\/\/regiontatry.sk\/wp-content\/uploads\/2018\/08\/Finska_sauna_Panorama1_web-1-552x303.jpg 552w\" sizes=\"(max-width: 1000px) 100vw, 1000px\" \/><\/figure>\n\n\n\n<figure class=\"wp-block-image\"><img loading=\"lazy\" decoding=\"async\" width=\"1024\" height=\"681\" data-id=\"22430\" src=\"https:\/\/regiontatry.sk\/wp-content\/uploads\/2019\/12\/DSC_6337_vitalny_svet_jaskyna_web-1-1024x681.jpg\" alt=\"\" class=\"wp-image-22430\" srcset=\"https:\/\/regiontatry.sk\/wp-content\/uploads\/2019\/12\/DSC_6337_vitalny_svet_jaskyna_web-1-1024x681.jpg 1024w, https:\/\/regiontatry.sk\/wp-content\/uploads\/2019\/12\/DSC_6337_vitalny_svet_jaskyna_web-1-300x200.jpg 300w, https:\/\/regiontatry.sk\/wp-content\/uploads\/2019\/12\/DSC_6337_vitalny_svet_jaskyna_web-1-768x511.jpg 768w, https:\/\/regiontatry.sk\/wp-content\/uploads\/2019\/12\/DSC_6337_vitalny_svet_jaskyna_web-1-698x464.jpg 698w, https:\/\/regiontatry.sk\/wp-content\/uploads\/2019\/12\/DSC_6337_vitalny_svet_jaskyna_web-1-552x367.jpg 552w, https:\/\/regiontatry.sk\/wp-content\/uploads\/2019\/12\/DSC_6337_vitalny_svet_jaskyna_web-1.jpg 1500w\" sizes=\"(max-width: 1024px) 100vw, 1024px\" \/><\/figure>\n<\/figure>\n\n\n\n<h3 class=\"wp-block-heading\"><\/h3>\n\n\n\n<iframe loading=\"lazy\" width=\"49.7%\" height=\"315\" src=\"https:\/\/www.youtube.com\/embed\/pSx10YaxXV4\" frameborder=\"0\" allow=\"autoplay; encrypted-media\" allowfullscreen=\"\"><\/iframe>\n\n\n\n<iframe loading=\"lazy\" width=\"50%\" height=\"315\" src=\"https:\/\/www.youtube.com\/embed\/6in48RJD8KU\" frameborder=\"0\" allow=\"autoplay; encrypted-media\" allowfullscreen=\"\"><\/iframe>\n\n\n\n<h3 class=\"wp-block-heading\"><br><strong><a href=\"http:\/\/www.aquacity.sk\/\" target=\"_blank\" rel=\"noreferrer noopener\">Aquapark termalny w Popradzie<\/a><\/strong><\/h3>\n\n\n<div class=\"wp-block-image\">\n<figure class=\"aligncenter\"><a href=\"http:\/\/regiontatry.sk\/wp-content\/uploads\/2014\/10\/AquaCity_Winter_2015_Panorama_1500.jpg\" class=\"broken_link\" data-rel=\"lightbox-image-0\" data-rl_title=\"\" data-rl_caption=\"\" title=\"\"><img decoding=\"async\" src=\"http:\/\/regiontatry.sk\/wp-content\/uploads\/2014\/10\/AquaCity_Winter_2015_Panorama_1500.jpg\" alt=\"\"\/><\/a><\/figure><\/div>","protected":false},"excerpt":{"rendered":"<p>Tatry Wysokie to idealne miejsce dla os\u00f3b, kt\u00f3re szukaj\u0105 us\u0142ug na wysokim poziomie, a\u00a0jednocze\u015bnie lubi\u0105 aktywny wypoczynek. Je\u015bli zdecydowa\u0142e\u015b si\u0119 na wypoczynek w g\u00f3rach, wybierz Tatry \u2013 najwi\u0119ksze i\u00a0najpi\u0119kniejsze pasmo g\u00f3rskie w S\u0142owacji, a\u00a0zarazem doskona\u0142e miejsce oferuj\u0105ce wiele mo\u017cliwo\u015bci sp\u0119dzania czasu wolnego.\u00a0 Latem jest to przede wszystkim turystyka piesza i rowerowa po\u015br\u00f3d pi\u0119knej przyrody, zim\u0105 [&hellip;]<\/p>\n","protected":false},"author":2,"featured_media":7260,"parent":15994,"menu_order":0,"comment_status":"closed","ping_status":"closed","template":"template-simple-page.php","meta":{"footnotes":""},"class_list":["post-15946","page","type-page","status-publish","has-post-thumbnail","hentry"],"_links":{"self":[{"href":"https:\/\/regiontatry.sk\/pl\/wp-json\/wp\/v2\/pages\/15946"}],"collection":[{"href":"https:\/\/regiontatry.sk\/pl\/wp-json\/wp\/v2\/pages"}],"about":[{"href":"https:\/\/regiontatry.sk\/pl\/wp-json\/wp\/v2\/types\/page"}],"author":[{"embeddable":true,"href":"https:\/\/regiontatry.sk\/pl\/wp-json\/wp\/v2\/users\/2"}],"replies":[{"embeddable":true,"href":"https:\/\/regiontatry.sk\/pl\/wp-json\/wp\/v2\/comments?post=15946"}],"version-history":[{"count":4,"href":"https:\/\/regiontatry.sk\/pl\/wp-json\/wp\/v2\/pages\/15946\/revisions"}],"predecessor-version":[{"id":11145972,"href":"https:\/\/regiontatry.sk\/pl\/wp-json\/wp\/v2\/pages\/15946\/revisions\/11145972"}],"up":[{"embeddable":true,"href":"https:\/\/regiontatry.sk\/pl\/wp-json\/wp\/v2\/pages\/15994"}],"wp:featuredmedia":[{"embeddable":true,"href":"https:\/\/regiontatry.sk\/pl\/wp-json\/wp\/v2\/media\/7260"}],"wp:attachment":[{"href":"https:\/\/regiontatry.sk\/pl\/wp-json\/wp\/v2\/media?parent=15946"}],"curies":[{"name":"wp","href":"https:\/\/api.w.org\/{rel}","templated":true}]}}