{"id":15950,"date":"2018-10-08T15:35:55","date_gmt":"2018-10-08T13:35:55","guid":{"rendered":"https:\/\/regiontatry.sk\/zimne-vylety\/lanovkami-za-vyhladmi\/"},"modified":"2025-10-07T21:52:34","modified_gmt":"2025-10-07T19:52:34","slug":"wycieczki-kolejami-linowymi","status":"publish","type":"page","link":"https:\/\/regiontatry.sk\/pl\/zimowe-wycieczki\/wycieczki-kolejami-linowymi\/","title":{"rendered":"Wycieczki kolejami linowymi"},"content":{"rendered":"\n<p>Tatrza\u0144skie koleje linowe to jeden z najbardziej ulubionych sposob\u00f3w uprzyjemnienia pobytu w Tatrach i poznania tych g\u00f3r. Odkryj\u0105 przed Pa\u0144stwem g\u00f3ry z innej perspektywy ni\u017c Pa\u0144stwo przywykli. Je\u015bli przyci\u0105ga Pa\u0144stwa ten spos\u00f3b podr\u00f3\u017cowania,&nbsp;<strong>zapraszamy do skorzystania z jednej z tatrza\u0144skich kolei linowych w celu podziwiania pi\u0119knych panoram i oddychania \u015bwie\u017cym powietrzem.<\/strong><br><\/p>\n\n\n\n<h2 class=\"wp-block-heading has-vivid-cyan-blue-color has-text-color has-link-color wp-elements-ec3a0ad73e4c1421e68a93f6d165ec1a\"><strong><br><em>\u0141omnicki Staw<\/em><\/strong><\/h2>\n\n\n\n<p>Zapraszamy do podziwiania najbardziej popularnego miejsca wycieczek turystycznych \u2013&nbsp;\u0141omnickiego Stawu&nbsp;na wysoko\u015bci&nbsp;<strong>1751 m n.p.m.<\/strong>&nbsp;Zawiezie tam Pa\u0144stwa z dolnej stacji&nbsp;<strong>w Tatrza\u0144skiej \u0141omnicy&nbsp;4-miejscowa kolej gondolowa<\/strong>. Okolice jeziora s\u0105 stworzone na wyprawy i spacery. W pobli\u017cu \u0141omnickiego Stawu na wysoko\u015bci 1786 m n.p.m. znajduje si\u0119&nbsp;<strong>obserwatorium<\/strong>&nbsp;astronomiczne i meteorologiczne. Obserwatorium zosta\u0142o za\u0142o\u017cone w 1943 roku, kiedy dosz\u0142o do pierwszych obserwacji. W jego sk\u0142ad wchodzi planetarium. Odpoczywa\u0107 i \u0142apa\u0107 opalenizn\u0119 mo\u017cna w jednej z najwy\u017cej po\u0142o\u017conych restauracji w Tatrach Wysokich&nbsp;Panorama Restaurant Skalnat\u00e9 pleso, kt\u00f3rej nazwa w pe\u0142ni oddaje jej charakter. Jej taras s\u0142oneczny zapewnia&nbsp;<strong>przepi\u0119kne panoramy na okoliczne szczyty i szlaki turystyczne latem, b\u0105d\u017a na najbardziej strom\u0105 nartostrad\u0119 na S\u0142owacji \u2013 \u0141omnick\u0105 Prze\u0142\u0119cz w zimie<\/strong>.<\/p>\n\n\n\n<figure class=\"wp-block-gallery has-nested-images columns-default is-cropped wp-block-gallery-2 is-layout-flex wp-block-gallery-is-layout-flex\">\n<figure class=\"wp-block-image\"><img loading=\"lazy\" decoding=\"async\" width=\"1600\" height=\"1065\" data-id=\"6373\" src=\"https:\/\/regiontatry.sk\/wp-content\/uploads\/2018\/10\/69YdhY0w.jpeg\" alt=\"\" class=\"wp-image-6373\" srcset=\"https:\/\/regiontatry.sk\/wp-content\/uploads\/2018\/10\/69YdhY0w.jpeg 1600w, https:\/\/regiontatry.sk\/wp-content\/uploads\/2018\/10\/69YdhY0w-300x200.jpeg 300w, https:\/\/regiontatry.sk\/wp-content\/uploads\/2018\/10\/69YdhY0w-768x511.jpeg 768w, https:\/\/regiontatry.sk\/wp-content\/uploads\/2018\/10\/69YdhY0w-1024x682.jpeg 1024w\" sizes=\"(max-width: 1600px) 100vw, 1600px\" \/><\/figure>\n\n\n\n<figure class=\"wp-block-image\"><img loading=\"lazy\" decoding=\"async\" width=\"1600\" height=\"808\" data-id=\"6375\" src=\"https:\/\/regiontatry.sk\/wp-content\/uploads\/2018\/10\/XQenUWBc.jpeg\" alt=\"\" class=\"wp-image-6375\" srcset=\"https:\/\/regiontatry.sk\/wp-content\/uploads\/2018\/10\/XQenUWBc.jpeg 1600w, https:\/\/regiontatry.sk\/wp-content\/uploads\/2018\/10\/XQenUWBc-300x152.jpeg 300w, https:\/\/regiontatry.sk\/wp-content\/uploads\/2018\/10\/XQenUWBc-768x388.jpeg 768w, https:\/\/regiontatry.sk\/wp-content\/uploads\/2018\/10\/XQenUWBc-1024x517.jpeg 1024w\" sizes=\"(max-width: 1600px) 100vw, 1600px\" \/><\/figure>\n<\/figure>\n\n\n\n<p>Dost\u0119p do \u0141omnickiego Stawu jest mo\u017cliwy dzi\u0119ki kolejce gondolowej z Tatrza\u0144skiej \u0141omnicy lub mo\u017cna tam doj\u015b\u0107 zielonym szlakiem turystycznym z Tatrza\u0144skiej \u0141omnicy, czerwonym szlakiem magistrali turystycznej od schroniska Zamkovsk\u00e9ho chata i czerwonym szlakiem magistrali tatrza\u0144skiej od schroniska nad Zielonym Stawem Kie\u017cmarskim (s\u0142ow. Chata pri Zelenom plese).<\/p>\n\n\n\n<p>Nawet dzieci znajd\u0105 tu co\u015b dla siebie. W Krainie \u015awistak\u00f3w \u2013 eko-mini-parku mog\u0105 si\u0119 wyszale\u0107 na placu zabaw z drewnianymi rze\u017abami zwierz\u0105t, domkiem \u015bwistak\u00f3w i&nbsp;wieloma innymi atrakcjami. <br><\/p>\n\n\n\n<h2 class=\"wp-block-heading has-vivid-cyan-blue-color has-text-color has-link-color wp-elements-f7480d0b8947df9ee4aef89ddd041279\"><strong><br><\/strong><em><strong>\u0141omnica<\/strong><\/em><\/h2>\n\n\n\n<p><\/p>\n\n\n\n<figure class=\"wp-block-gallery has-nested-images columns-default is-cropped wp-block-gallery-3 is-layout-flex wp-block-gallery-is-layout-flex\">\n<figure class=\"wp-block-image\"><img loading=\"lazy\" decoding=\"async\" width=\"1600\" height=\"1064\" data-id=\"6397\" src=\"https:\/\/regiontatry.sk\/wp-content\/uploads\/2018\/10\/CLWxmrCg.jpeg\" alt=\"\" class=\"wp-image-6397\" srcset=\"https:\/\/regiontatry.sk\/wp-content\/uploads\/2018\/10\/CLWxmrCg.jpeg 1600w, https:\/\/regiontatry.sk\/wp-content\/uploads\/2018\/10\/CLWxmrCg-300x200.jpeg 300w, https:\/\/regiontatry.sk\/wp-content\/uploads\/2018\/10\/CLWxmrCg-768x511.jpeg 768w, https:\/\/regiontatry.sk\/wp-content\/uploads\/2018\/10\/CLWxmrCg-1024x681.jpeg 1024w\" sizes=\"(max-width: 1600px) 100vw, 1600px\" \/><\/figure>\n\n\n\n<figure class=\"wp-block-image\"><img loading=\"lazy\" decoding=\"async\" width=\"4085\" height=\"2506\" data-id=\"7216\" src=\"https:\/\/regiontatry.sk\/wp-content\/uploads\/2018\/10\/bambulka_lomnicky.jpg\" alt=\"\" class=\"wp-image-7216\" srcset=\"https:\/\/regiontatry.sk\/wp-content\/uploads\/2018\/10\/bambulka_lomnicky.jpg 4085w, https:\/\/regiontatry.sk\/wp-content\/uploads\/2018\/10\/bambulka_lomnicky-300x184.jpg 300w, https:\/\/regiontatry.sk\/wp-content\/uploads\/2018\/10\/bambulka_lomnicky-768x471.jpg 768w, https:\/\/regiontatry.sk\/wp-content\/uploads\/2018\/10\/bambulka_lomnicky-1024x628.jpg 1024w\" sizes=\"(max-width: 4085px) 100vw, 4085px\" \/><\/figure>\n\n\n\n<figure class=\"wp-block-image\"><img loading=\"lazy\" decoding=\"async\" width=\"800\" height=\"266\" data-id=\"13598\" src=\"https:\/\/regiontatry.sk\/wp-content\/uploads\/2018\/11\/Sunrise-on-Lomnicky-peak1.jpg\" alt=\"\" class=\"wp-image-13598\" srcset=\"https:\/\/regiontatry.sk\/wp-content\/uploads\/2018\/11\/Sunrise-on-Lomnicky-peak1.jpg 800w, https:\/\/regiontatry.sk\/wp-content\/uploads\/2018\/11\/Sunrise-on-Lomnicky-peak1-300x100.jpg 300w, https:\/\/regiontatry.sk\/wp-content\/uploads\/2018\/11\/Sunrise-on-Lomnicky-peak1-768x255.jpg 768w, https:\/\/regiontatry.sk\/wp-content\/uploads\/2018\/11\/Sunrise-on-Lomnicky-peak1-698x232.jpg 698w, https:\/\/regiontatry.sk\/wp-content\/uploads\/2018\/11\/Sunrise-on-Lomnicky-peak1-552x184.jpg 552w\" sizes=\"(max-width: 800px) 100vw, 800px\" \/><\/figure>\n<\/figure>\n\n\n\n<p>Zapraszamy Pa\u0144stwa na rodzinn\u0105 wycieczk\u0119 na <strong>drugi co do wysoko\u015bci szczyt Tatr Wysokich<\/strong> \u2013 \u0141omnic\u0119. Zapraszamy w podr\u00f3\u017c ponad ob\u0142oki i podziwianie niepowtarzalnych widok\u00f3w na okoliczne szczyty najmniejszych g\u00f3r wysokich na \u015bwiecie. Zach\u0119camy do odwiedzenia kr\u00f3lestwa ciszy i relaksu w stylowej kawiarni Dedo. Z\u00a0dolnej stacji w Tatrza\u0144skiej \u0141omnicy kursuje 4-osobowa kolejka gondolowa,\u00a0kt\u00f3ra wywiezie narciarzy na stacj\u0119 po\u015bredni\u0105 Start,\u00a0a st\u0105d now\u0105 wygodn\u0105 15-osobow\u0105 kolejk\u0105 linow\u0105 mog\u0105 wjecha\u0107 na \u0141omnicki Staw (Skalnat\u00e9 pleso), kt\u00f3re jest stacj\u0105 ko\u0144cow\u0105, a jednocze\u015bnie stacj\u0105 przesiadkow\u0105 na \u0141omnic\u0119.\u00a0St\u0105d na szczyt mo\u017cna si\u0119 dosta\u0107 <strong>wisz\u0105c\u0105 czerwon\u0105 kolej\u0105 linow\u0105<\/strong>, kt\u00f3ra pokonuje <strong>855 metrow\u0105 r\u00f3\u017cnic\u0119 wysoko\u015bci<\/strong>, a jazda trwa 8,5 minuty.<\/p>\n\n\n\n<h2 class=\"wp-block-heading has-vivid-cyan-blue-color has-text-color has-link-color wp-elements-4e844ca4b3d76276fe208e6ef1aa05ce\"><strong><br><em>Hrebienok<\/em><\/strong><\/h2>\n\n\n\n<p><\/p>\n\n\n\n<figure class=\"wp-block-gallery has-nested-images columns-default is-cropped wp-block-gallery-4 is-layout-flex wp-block-gallery-is-layout-flex\">\n<figure class=\"wp-block-image\"><img loading=\"lazy\" decoding=\"async\" width=\"1600\" height=\"866\" data-id=\"7222\" src=\"https:\/\/regiontatry.sk\/wp-content\/uploads\/2018\/10\/2def7XGQ.jpeg\" alt=\"\" class=\"wp-image-7222\" srcset=\"https:\/\/regiontatry.sk\/wp-content\/uploads\/2018\/10\/2def7XGQ.jpeg 1600w, https:\/\/regiontatry.sk\/wp-content\/uploads\/2018\/10\/2def7XGQ-300x162.jpeg 300w, https:\/\/regiontatry.sk\/wp-content\/uploads\/2018\/10\/2def7XGQ-768x416.jpeg 768w, https:\/\/regiontatry.sk\/wp-content\/uploads\/2018\/10\/2def7XGQ-1024x554.jpeg 1024w\" sizes=\"(max-width: 1600px) 100vw, 1600px\" \/><\/figure>\n\n\n\n<figure class=\"wp-block-image\"><img loading=\"lazy\" decoding=\"async\" width=\"1000\" height=\"664\" data-id=\"7224\" src=\"https:\/\/regiontatry.sk\/wp-content\/uploads\/2018\/10\/f1d8304191.jpg\" alt=\"\" class=\"wp-image-7224\" srcset=\"https:\/\/regiontatry.sk\/wp-content\/uploads\/2018\/10\/f1d8304191.jpg 1000w, https:\/\/regiontatry.sk\/wp-content\/uploads\/2018\/10\/f1d8304191-300x199.jpg 300w, https:\/\/regiontatry.sk\/wp-content\/uploads\/2018\/10\/f1d8304191-768x510.jpg 768w\" sizes=\"(max-width: 1000px) 100vw, 1000px\" \/><\/figure>\n\n\n\n<figure class=\"wp-block-image\"><img loading=\"lazy\" decoding=\"async\" width=\"659\" height=\"744\" data-id=\"7231\" src=\"https:\/\/regiontatry.sk\/wp-content\/uploads\/2018\/10\/2c38224059a.jpg\" alt=\"\" class=\"wp-image-7231\" srcset=\"https:\/\/regiontatry.sk\/wp-content\/uploads\/2018\/10\/2c38224059a.jpg 659w, https:\/\/regiontatry.sk\/wp-content\/uploads\/2018\/10\/2c38224059a-266x300.jpg 266w\" sizes=\"(max-width: 659px) 100vw, 659px\" \/><\/figure>\n<\/figure>\n\n\n\n<p>Hrebienok&nbsp;(1285 m n.p.m.) to atrakcyjny dla turyst\u00f3w cel w Tatrach Wysokich. Najstarsze centrum turystyczne Stary Smokowiec to w\u0119ze\u0142 komunikacyjny Tatr Wysokich. Miejscowo\u015b\u0107 to odga\u0142\u0119zienie na Hrebienok \u2013 punkt wyj\u015bciowy wielu tras turystycznych. Zapraszamy na przeja\u017cd\u017ck\u0119&nbsp;<strong>kolej\u0105 naziemn\u0105&nbsp;ze Starego Smokowca na wysoko\u015b\u0107 1&nbsp;272 m n.p.m.<\/strong>, aby dozna\u0107 wra\u017ce\u0144, kt\u00f3re prze\u017cy\u0142a angielska kr\u00f3lowa El\u017cbieta II podczas wizyty w Tatrach Wysokich. Przejazd trwa 7 minut i pokonuje r\u00f3\u017cnic\u0119 wysoko\u015bci 255 m n.p.m. Hrebienok to punkt turystyczny wypraw do Doliny Du\u017cej i Ma\u0142ej Zimnej Wody lub na S\u0142awkowski Szczyt. Po wyprawie mo\u017cna posili\u0107 si\u0119 w barze&nbsp;Snack bar&nbsp;na szczycie Hrebienka. To popularne miejsce znajduje si\u0119 w budynku kolei naziemnej. Idealne miejsce spotka\u0144 dla ca\u0142ej rodziny jest \u201epod r\u0119k\u0105\u201d zar\u00f3wno podczas wsiadania, jak i wysiadania z kolei naziemnej.<\/p>\n\n\n\n<p>Hrebienok to idealny wyb\u00f3r w\u0142a\u015bnie w ziemie, poniewa\u017c odbywa si\u0119 tu wyj\u0105tkowa impreza&nbsp;<strong>Tatry Ice Master<\/strong>&nbsp;\u2013 nieoficjalne mistrzostwa \u015bwiata w tworzeniu rze\u017ab lodowych oraz znajduje si\u0119 tu niezwyk\u0142y ko\u015bci\u00f3\u0142ek \u2013&nbsp;<strong>Tatrza\u0144ska \u015awi\u0105tynia Lodowa<\/strong>.<\/p>\n\n\n\n<h2 class=\"wp-block-heading has-vivid-cyan-blue-color has-text-color has-link-color wp-elements-e5c36c4cd4552dec1bb832f4a1e5ad13\"><strong><br><em>Solisko<\/em><\/strong><\/h2>\n\n\n\n<p><\/p>\n\n\n\n<figure class=\"wp-block-gallery has-nested-images columns-default is-cropped wp-block-gallery-5 is-layout-flex wp-block-gallery-is-layout-flex\">\n<figure class=\"wp-block-image\"><img loading=\"lazy\" decoding=\"async\" width=\"1000\" height=\"665\" data-id=\"7234\" src=\"https:\/\/regiontatry.sk\/wp-content\/uploads\/2018\/10\/7635f143b5.jpg\" alt=\"\" class=\"wp-image-7234\" srcset=\"https:\/\/regiontatry.sk\/wp-content\/uploads\/2018\/10\/7635f143b5.jpg 1000w, https:\/\/regiontatry.sk\/wp-content\/uploads\/2018\/10\/7635f143b5-300x200.jpg 300w, https:\/\/regiontatry.sk\/wp-content\/uploads\/2018\/10\/7635f143b5-768x511.jpg 768w, https:\/\/regiontatry.sk\/wp-content\/uploads\/2018\/10\/7635f143b5-860x572.jpg 860w, https:\/\/regiontatry.sk\/wp-content\/uploads\/2018\/10\/7635f143b5-698x464.jpg 698w, https:\/\/regiontatry.sk\/wp-content\/uploads\/2018\/10\/7635f143b5-552x367.jpg 552w\" sizes=\"(max-width: 1000px) 100vw, 1000px\" \/><\/figure>\n\n\n\n<figure class=\"wp-block-image\"><img loading=\"lazy\" decoding=\"async\" width=\"1600\" height=\"900\" data-id=\"7238\" src=\"https:\/\/regiontatry.sk\/wp-content\/uploads\/2018\/10\/6bWuNcGQ.jpeg\" alt=\"\" class=\"wp-image-7238\" srcset=\"https:\/\/regiontatry.sk\/wp-content\/uploads\/2018\/10\/6bWuNcGQ.jpeg 1600w, https:\/\/regiontatry.sk\/wp-content\/uploads\/2018\/10\/6bWuNcGQ-300x169.jpeg 300w, https:\/\/regiontatry.sk\/wp-content\/uploads\/2018\/10\/6bWuNcGQ-768x432.jpeg 768w, https:\/\/regiontatry.sk\/wp-content\/uploads\/2018\/10\/6bWuNcGQ-1024x576.jpeg 1024w\" sizes=\"(max-width: 1600px) 100vw, 1600px\" \/><\/figure>\n<\/figure>\n\n\n\n<p>Zach\u0119camy do wspinaczki na jeden z najni\u017cej i naj\u0142atwiej dost\u0119pnych szczyt\u00f3w w Tatrach Wysokich. Na po\u0142udniowym skraju pasma g\u00f3rskiego znajduje si\u0119&nbsp;Skrajne Solisko, kt\u00f3re na wysoko\u015bci 2093 m n.p.m.&nbsp;zapewnia widok na doliny M\u0142ynick\u0105 i Furkotn\u0105. Dotarcie do najpi\u0119kniejszych widok\u00f3w panoramicznych zapewnia&nbsp;<strong>4-miejscowa kolej linowa Solisko Express&nbsp;z dolnej stacji Jeziora Szczyrbskiego a\u017c do wysoko\u015bci 1&nbsp;814 m n.p.m.<\/strong>&nbsp;W ci\u0105gu nieca\u0142ych 7 minut pokonaj\u0105 Pa\u0144stwo r\u00f3\u017cnic\u0119 wysoko\u015bci 431 m. Tu\u017c obok g\u00f3rnej stacji znajduje si\u0119&nbsp;Bivac Restaurant&nbsp;z tarasem s\u0142onecznym, z kt\u00f3rej roztaczaj\u0105 si\u0119 wyj\u0105tkowe widoki do doliny, na Krywa\u0144, romantyczne Szczyrbskie Jezioro czy szczyt Kr\u00e1\u013eova ho\u013ea.<\/p>\n\n\n\n<p>Je\u015bli chc\u0105 Pa\u0144stwo wej\u015b\u0107 na szczyt Skrajnego Soliska, swoj\u0105 wycieczk\u0119 mo\u017cna rozpocz\u0105\u0107 od schroniska Chata pod Soliskiem (w pobli\u017cu Bivac Restaurant) czerwonym szlakiem. Czas trwania wyprawy: 1:00 godz.<\/p>\n","protected":false},"excerpt":{"rendered":"<p>Tatrza\u0144skie koleje linowe to jeden z najbardziej ulubionych sposob\u00f3w uprzyjemnienia pobytu w Tatrach i poznania tych g\u00f3r. Odkryj\u0105 przed Pa\u0144stwem g\u00f3ry z innej perspektywy ni\u017c Pa\u0144stwo przywykli. Je\u015bli przyci\u0105ga Pa\u0144stwa ten spos\u00f3b podr\u00f3\u017cowania,&nbsp;zapraszamy do skorzystania z jednej z tatrza\u0144skich kolei linowych w celu podziwiania pi\u0119knych panoram i oddychania \u015bwie\u017cym powietrzem. \u0141omnicki Staw Zapraszamy do podziwiania [&hellip;]<\/p>\n","protected":false},"author":2,"featured_media":7206,"parent":1553,"menu_order":0,"comment_status":"closed","ping_status":"closed","template":"template-simple-page.php","meta":{"footnotes":""},"class_list":["post-15950","page","type-page","status-publish","has-post-thumbnail","hentry"],"_links":{"self":[{"href":"https:\/\/regiontatry.sk\/pl\/wp-json\/wp\/v2\/pages\/15950"}],"collection":[{"href":"https:\/\/regiontatry.sk\/pl\/wp-json\/wp\/v2\/pages"}],"about":[{"href":"https:\/\/regiontatry.sk\/pl\/wp-json\/wp\/v2\/types\/page"}],"author":[{"embeddable":true,"href":"https:\/\/regiontatry.sk\/pl\/wp-json\/wp\/v2\/users\/2"}],"replies":[{"embeddable":true,"href":"https:\/\/regiontatry.sk\/pl\/wp-json\/wp\/v2\/comments?post=15950"}],"version-history":[{"count":6,"href":"https:\/\/regiontatry.sk\/pl\/wp-json\/wp\/v2\/pages\/15950\/revisions"}],"predecessor-version":[{"id":11140461,"href":"https:\/\/regiontatry.sk\/pl\/wp-json\/wp\/v2\/pages\/15950\/revisions\/11140461"}],"up":[{"embeddable":true,"href":"https:\/\/regiontatry.sk\/pl\/wp-json\/wp\/v2\/pages\/1553"}],"wp:featuredmedia":[{"embeddable":true,"href":"https:\/\/regiontatry.sk\/pl\/wp-json\/wp\/v2\/media\/7206"}],"wp:attachment":[{"href":"https:\/\/regiontatry.sk\/pl\/wp-json\/wp\/v2\/media?parent=15950"}],"curies":[{"name":"wp","href":"https:\/\/api.w.org\/{rel}","templated":true}]}}