{"id":15954,"date":"2018-10-03T09:59:14","date_gmt":"2018-10-03T07:59:14","guid":{"rendered":"https:\/\/regiontatry.sk\/turisticke-informacie\/poistenie-na-horach\/"},"modified":"2022-05-05T19:21:23","modified_gmt":"2022-05-05T17:21:23","slug":"ubezpieczenie-gorskie","status":"publish","type":"page","link":"https:\/\/regiontatry.sk\/pl\/informacje-turystyczne\/ubezpieczenie-gorskie\/","title":{"rendered":"Ubezpieczenie g\u00f3rskie"},"content":{"rendered":"\n<h4 class=\"wp-block-heading\">Bezpiecznie w g\u00f3ry z ubezpieczeniem g\u00f3rskim.<\/h4>\n\n\n\n<p>Wyrusz na w\u0119dr\u00f3wk\u0119 w Tatry Wysokie z ubezpieczeniem g\u00f3rskim, czy to jako turysta rekreacyjny, alpinista, skialpinista albo mi\u0142o\u015bnik sport\u00f3w ekstremalnych.<\/p>\n\n\n\n<p>Z dobrze wybranym <strong>ubezpieczeniem g\u00f3rskim<\/strong> nic Ci\u0119 nie zaskoczy. Zawrzyj ubezpieczenie g\u00f3rskie, aby chroni\u0107 si\u0119 przed niespodziewanymi zdarzeniami i urazami.<\/p>\n\n\n\n<p><br>Firmy ubezpieczeniowe dziel\u0105 ubezpieczenia g\u00f3rskie na 2 kategorie:<\/p>\n\n\n\n<ul class=\"wp-block-list\"><li><strong>&#8211; podstawowe<\/strong> (zwyk\u0142y turysta, poruszanie si\u0119 po oznaczonych szlakach)<\/li><li><strong>&#8211; ekstremalne <\/strong>(alpinizm, skialpinizm lub inne sporty ekstremalne).<\/li><\/ul>\n\n\n\n<p>Nawet ma\u0142y wypadek w g\u00f3rach mo\u017ce Ci\u0119 du\u017co kosztowa\u0107. Tradycyjne publiczne ubezpieczenie zdrowotne lub podr\u00f3\u017cne nie pokrywa koszt\u00f3w poniesionych przez G\u00f3rskie Pogotowie Ratunkowe podczas akcji ratunkowych lub poszukiwawczych. Koszty tzw. interwencji technicznej (transport na noszach, poszukiwania, sprz\u0119t lotniczy) musi pokry\u0107 osoba przebywaj\u0105ca w \u015brodowisku g\u00f3rskim. Obowi\u0105zek ten nie dotyczy os\u00f3b fizycznych, kt\u00f3re nie osi\u0105gn\u0119\u0142y pe\u0142noletnio\u015bci \u2013 dzieci i os\u00f3b fizycznych nieposiadaj\u0105cych zdolno\u015bci do czynno\u015bci prawnych.<br><br><\/p>\n\n\n\n<h3 class=\"wp-block-heading\">RADY JAK DOKONA\u0106 UBEZPIECZENIA<\/h3>\n\n\n\n<p>Od 01.06.2020 ka\u017cdy go\u015b\u0107 <strong>zakwaterowany w mie\u015bcie Tatry Wysokie<\/strong> i zarejestrowany w rejestrze go\u015bci, od kt\u00f3rego pobrano podatek miejscowy, <strong>jest ubezpieczony na wypadek interwencji G\u00f3rskiego Pogotowia Ratunkowego.<\/strong><br>Terytorium miasta Wysokie Tatry obejmuje osady tatrza\u0144skie od Kotliny Tatrza\u0144skiej do Popradzkiego Stawu. Nie zapomnij sprawdzi\u0107 u swojego kwaterodawcy, czy jest on zarejestrowany do p\u0142acenia podatku w mie\u015bcie Wysokie Tatry. <strong>UWAGA! Jezioro Szczyrbskie nie nale\u017cy do miasta Wysokie Tatry.<\/strong><br>Ka\u017cdy turysta przebywaj\u0105cy na terenie miasta Wysokie Tatry, kt\u00f3ry zap\u0142aci\u0142 podatek lokalny, jest ubezpieczony na wypadek interwencji G\u00f3rskiego Pogotowia Ratunkowego.<\/p>\n\n\n\n<p>Ubezpieczenie g\u00f3rskie GENERALI mo\u017cna naby\u0107 r\u00f3wnie\u017c w\u00a0<a rel=\"noreferrer noopener\" aria-label=\" (otvor\u00ed sa v novej karte)\" href=\"https:\/\/regiontatry.sk\/pl\/informacje-turystyczne\/centra-informacji-turystycznej\/\" target=\"_blank\">Tatrza\u0144skich Biurach Informacji<\/a><br>Odwied\u017a\u00a0<strong>Tarza\u0144skie Biuro Informacji w Starym Smokowcu lub TIC Jezioro Szczyrbskie,<\/strong>\u00a0gdzie pracownicy doradz\u0105, jakie ubezpieczenie w g\u00f3ry jest dla Ciebie najlepsze. Mo\u017cesz wykupi\u0107 ubezpieczenie na okre\u015blon\u0105 liczb\u0119 dni lub na ca\u0142y rok.<\/p>\n\n\n\n<p>Mo\u017cesz wykupi\u0107 ubezpieczenie bezpo\u015brednio z domu przez Internet u poszczeg\u00f3lnych ubezpieczycieli, np.<\/p>\n\n\n\n<ul class=\"wp-block-list\"><li><a rel=\"noreferrer noopener\" href=\"https:\/\/www.union.sk\/\" target=\"_blank\">UNION<\/a> <\/li><li><a rel=\"noreferrer noopener\" href=\"https:\/\/www.generali.sk\/\" target=\"_blank\">GENERALI<\/a> <\/li><li><a rel=\"noreferrer noopener\" href=\"https:\/\/www.csob.sk\/\" target=\"_blank\">\u010cSOB &#8211; \u010ceskoslovensk\u00e1 obchodn\u00e1 banka, a.s.<\/a><\/li><li><a rel=\"noreferrer noopener\" href=\"https:\/\/www.allianz.sk\/\" target=\"_blank\">ALLIANZ \u2013 Slovensk\u00e1 pois\u0165ov\u0148a<\/a> <\/li><li><a rel=\"noreferrer noopener\" href=\"https:\/\/www.poistenie.sk\/\" target=\"_blank\">Poistenie.sk<\/a><\/li><li><a rel=\"noreferrer noopener\" href=\"https:\/\/alpenverein-slovensko.sk\/\" target=\"_blank\">Alpenverein Slovensko\ufeff<\/a><\/li><\/ul>\n\n\n\n<p class=\"has-text-color has-vivid-red-color\"><br><strong>Bezpiecze\u0144stwo w g\u00f3rach jest najwa\u017cniejsze, dlatego nie wahaj si\u0119 wykupi\u0107 ubezpieczenia w g\u00f3ry.<\/strong><\/p>\n\n\n\n<div class=\"wp-block-image\"><figure class=\"alignright\"><img loading=\"lazy\" decoding=\"async\" width=\"225\" height=\"225\" src=\"https:\/\/regiontatry.sk\/wp-content\/uploads\/2022\/03\/HZS.jpeg\" alt=\"\" class=\"wp-image-7671062\" srcset=\"https:\/\/regiontatry.sk\/wp-content\/uploads\/2022\/03\/HZS.jpeg 225w, https:\/\/regiontatry.sk\/wp-content\/uploads\/2022\/03\/HZS-150x150.jpeg 150w\" sizes=\"(max-width: 225px) 100vw, 225px\" \/><\/figure><\/div>\n\n\n\n<h3 class=\"wp-block-heading\"><strong>Pami\u0119taj, \u017ce w razie wypadku w g\u00f3rach nale\u017cy zadzwoni\u0107 pod numer 18 300. Mo\u017cesz skorzysta\u0107 tak\u017ce z aplikacji mobilnej G\u00f3rskiego Pogotowia Ratunkowego (GPR), kt\u00f3ra pomo\u017ce r\u00f3wnie\u017c w Twojej lokalizacji.<\/strong><\/h3>\n\n\n\n<h2 class=\"wp-block-heading\" id=\"mce_8\"><a rel=\"noreferrer noopener\" href=\"https:\/\/www.hzs.sk\/\" target=\"_blank\">www.hzs.sk<\/a> | <a rel=\"noreferrer noopener\" href=\"https:\/\/www.laviny.sk\/\" target=\"_blank\">www.laviny.sk\ufeff<\/a><\/h2>\n\n\n\n<h2 class=\"wp-block-heading\">Linia alarmowa GPR:\u00a018\u00a0300<br><br><\/h2>\n\n\n\n<h2 class=\"wp-block-heading\">&nbsp;<\/h2>\n\n\n\n<p><a href=\"https:\/\/app.hzs.sk\/\"><strong>Aplikacja mobilna G\u00d3RSKIEGO POGOTOWIA RATUNKOWEGO<\/strong><\/a><\/p>\n\n\n\n<ul class=\"wp-block-list\"><li>\u2013 aktualne informacje o warunkach panuj\u0105cych w g\u00f3rach zawsze pod r\u0119k\u0105 <\/li><li>\u2013 w razie trudno\u015bci zawo\u0142a pomoc<\/li><\/ul>\n","protected":false},"excerpt":{"rendered":"<p>Bezpiecznie w g\u00f3ry z ubezpieczeniem g\u00f3rskim. Wyrusz na w\u0119dr\u00f3wk\u0119 w Tatry Wysokie z ubezpieczeniem g\u00f3rskim, czy to jako turysta rekreacyjny, alpinista, skialpinista albo mi\u0142o\u015bnik sport\u00f3w ekstremalnych. Z dobrze wybranym ubezpieczeniem g\u00f3rskim nic Ci\u0119 nie zaskoczy. Zawrzyj ubezpieczenie g\u00f3rskie, aby chroni\u0107 si\u0119 przed niespodziewanymi zdarzeniami i urazami. Firmy ubezpieczeniowe dziel\u0105 ubezpieczenia g\u00f3rskie na 2 kategorie: &#8211; [&hellip;]<\/p>\n","protected":false},"author":2,"featured_media":5716,"parent":5949,"menu_order":0,"comment_status":"closed","ping_status":"closed","template":"template-list.php","meta":{"footnotes":""},"class_list":["post-15954","page","type-page","status-publish","has-post-thumbnail","hentry"],"_links":{"self":[{"href":"https:\/\/regiontatry.sk\/pl\/wp-json\/wp\/v2\/pages\/15954"}],"collection":[{"href":"https:\/\/regiontatry.sk\/pl\/wp-json\/wp\/v2\/pages"}],"about":[{"href":"https:\/\/regiontatry.sk\/pl\/wp-json\/wp\/v2\/types\/page"}],"author":[{"embeddable":true,"href":"https:\/\/regiontatry.sk\/pl\/wp-json\/wp\/v2\/users\/2"}],"replies":[{"embeddable":true,"href":"https:\/\/regiontatry.sk\/pl\/wp-json\/wp\/v2\/comments?post=15954"}],"version-history":[{"count":3,"href":"https:\/\/regiontatry.sk\/pl\/wp-json\/wp\/v2\/pages\/15954\/revisions"}],"predecessor-version":[{"id":8040214,"href":"https:\/\/regiontatry.sk\/pl\/wp-json\/wp\/v2\/pages\/15954\/revisions\/8040214"}],"up":[{"embeddable":true,"href":"https:\/\/regiontatry.sk\/pl\/wp-json\/wp\/v2\/pages\/5949"}],"wp:featuredmedia":[{"embeddable":true,"href":"https:\/\/regiontatry.sk\/pl\/wp-json\/wp\/v2\/media\/5716"}],"wp:attachment":[{"href":"https:\/\/regiontatry.sk\/pl\/wp-json\/wp\/v2\/media?parent=15954"}],"curies":[{"name":"wp","href":"https:\/\/api.w.org\/{rel}","templated":true}]}}