{"id":15956,"date":"2018-09-27T13:57:34","date_gmt":"2018-09-27T11:57:34","guid":{"rendered":"https:\/\/regiontatry.sk\/lyzovanie\/lyziarske-skoly\/"},"modified":"2023-02-26T18:36:49","modified_gmt":"2023-02-26T17:36:49","slug":"szkoly-narciarskie","status":"publish","type":"page","link":"https:\/\/regiontatry.sk\/pl\/narciarstwo\/szkoly-narciarskie\/","title":{"rendered":"Szko\u0142y narciarskie"},"content":{"rendered":"\n<p>Nie wiesz jak i\nod czego zacz\u0105\u0107? Pomo\u017cemy Ci w tym! Szko\u0142y narciarskie i snowboardowe z\nindywidualnym podej\u015bciem do doros\u0142ych i dzieci. Profesjonalni instruktorzy\nnarciarstwa i snowboardu oferuj\u0105 lekcje pe\u0142ne zabawy, aby\u015b m\u00f3g\u0142 w pe\u0142ni cieszy\u0107\nsi\u0119 bia\u0142ym szale\u0144stwem.<\/p>\n","protected":false},"excerpt":{"rendered":"<p>Nie wiesz jak i od czego zacz\u0105\u0107? Pomo\u017cemy Ci w tym! Szko\u0142y narciarskie i snowboardowe z indywidualnym podej\u015bciem do doros\u0142ych i dzieci. Profesjonalni instruktorzy narciarstwa i snowboardu oferuj\u0105 lekcje pe\u0142ne zabawy, aby\u015b m\u00f3g\u0142 w pe\u0142ni cieszy\u0107 si\u0119 bia\u0142ym szale\u0144stwem.<\/p>\n","protected":false},"author":2,"featured_media":0,"parent":1601,"menu_order":0,"comment_status":"closed","ping_status":"closed","template":"template-objects.php","meta":{"footnotes":""},"class_list":["post-15956","page","type-page","status-publish","hentry"],"_links":{"self":[{"href":"https:\/\/regiontatry.sk\/pl\/wp-json\/wp\/v2\/pages\/15956"}],"collection":[{"href":"https:\/\/regiontatry.sk\/pl\/wp-json\/wp\/v2\/pages"}],"about":[{"href":"https:\/\/regiontatry.sk\/pl\/wp-json\/wp\/v2\/types\/page"}],"author":[{"embeddable":true,"href":"https:\/\/regiontatry.sk\/pl\/wp-json\/wp\/v2\/users\/2"}],"replies":[{"embeddable":true,"href":"https:\/\/regiontatry.sk\/pl\/wp-json\/wp\/v2\/comments?post=15956"}],"version-history":[{"count":2,"href":"https:\/\/regiontatry.sk\/pl\/wp-json\/wp\/v2\/pages\/15956\/revisions"}],"predecessor-version":[{"id":8814737,"href":"https:\/\/regiontatry.sk\/pl\/wp-json\/wp\/v2\/pages\/15956\/revisions\/8814737"}],"up":[{"embeddable":true,"href":"https:\/\/regiontatry.sk\/pl\/wp-json\/wp\/v2\/pages\/1601"}],"wp:attachment":[{"href":"https:\/\/regiontatry.sk\/pl\/wp-json\/wp\/v2\/media?parent=15956"}],"curies":[{"name":"wp","href":"https:\/\/api.w.org\/{rel}","templated":true}]}}