{"id":15957,"date":"2018-09-27T13:18:25","date_gmt":"2018-09-27T11:18:25","guid":{"rendered":"https:\/\/regiontatry.sk\/lyzovanie\/stary-smokovec\/"},"modified":"2025-11-19T22:39:17","modified_gmt":"2025-11-19T21:39:17","slug":"stary-smokowiec","status":"publish","type":"page","link":"https:\/\/regiontatry.sk\/pl\/narciarstwo\/stary-smokowiec\/","title":{"rendered":"Stary Smokowiec"},"content":{"rendered":"\n<p>O\u015brodek narciarski w Starym Smokowcu jest idealnym miejscem<strong> dla niezbyt wymagaj\u0105cych<\/strong>\n<strong>narciarzy, <\/strong>lub takich, kt\u00f3rzy dopiero zaczynaj\u0105\nswoj\u0105 przygod\u0119 z nartami. Jakubkova l\u00faka posiadaj\u0105ca trasy narciarskie o niskim\nstopniu trudno\u015bci, daje mo\u017cliwo\u015b\u0107 podszkolenia swoich umiej\u0119tno\u015bci przed\nszusowaniem na trudniejszych trasach.<\/p>\n\n\n\n<p>Je\u017celi chcesz nauczy\u0107 swoje dzieci jazdy na nartach,\nprofesjonalny zesp\u00f3\u0142 instruktor\u00f3w <a href=\"https:\/\/regiontatry.sk\/lyzovanie\/lyziarske-skoly\/\">&nbsp;<strong>szko\u0142y narciarskiej,<\/strong><\/a>\nprzygotuje je do\nuprawiania tego pi\u0119knego sportu.<\/p>\n\n\n\n<figure class=\"wp-block-gallery has-nested-images columns-default is-cropped wp-block-gallery-2 is-layout-flex wp-block-gallery-is-layout-flex\">\n<figure class=\"wp-block-image size-large\"><img loading=\"lazy\" decoding=\"async\" width=\"648\" height=\"486\" data-id=\"11193976\" src=\"https:\/\/regiontatry.sk\/wp-content\/uploads\/2025\/11\/lyziarskaskola-edited.png\" alt=\"\" class=\"wp-image-11193976\" srcset=\"https:\/\/regiontatry.sk\/wp-content\/uploads\/2025\/11\/lyziarskaskola-edited.png 648w, https:\/\/regiontatry.sk\/wp-content\/uploads\/2025\/11\/lyziarskaskola-edited-300x225.png 300w, https:\/\/regiontatry.sk\/wp-content\/uploads\/2025\/11\/lyziarskaskola-edited-552x414.png 552w\" sizes=\"(max-width: 648px) 100vw, 648px\" \/><\/figure>\n\n\n\n<figure class=\"wp-block-image size-large\"><img loading=\"lazy\" decoding=\"async\" width=\"1024\" height=\"682\" data-id=\"11193969\" src=\"https:\/\/regiontatry.sk\/wp-content\/uploads\/2025\/11\/lyziarska-skola-1024x682.jpg\" alt=\"\" class=\"wp-image-11193969\" srcset=\"https:\/\/regiontatry.sk\/wp-content\/uploads\/2025\/11\/lyziarska-skola-1024x682.jpg 1024w, https:\/\/regiontatry.sk\/wp-content\/uploads\/2025\/11\/lyziarska-skola-300x200.jpg 300w, https:\/\/regiontatry.sk\/wp-content\/uploads\/2025\/11\/lyziarska-skola-768x511.jpg 768w, https:\/\/regiontatry.sk\/wp-content\/uploads\/2025\/11\/lyziarska-skola-1536x1022.jpg 1536w, https:\/\/regiontatry.sk\/wp-content\/uploads\/2025\/11\/lyziarska-skola-860x572.jpg 860w, https:\/\/regiontatry.sk\/wp-content\/uploads\/2025\/11\/lyziarska-skola-698x465.jpg 698w, https:\/\/regiontatry.sk\/wp-content\/uploads\/2025\/11\/lyziarska-skola-552x367.jpg 552w, https:\/\/regiontatry.sk\/wp-content\/uploads\/2025\/11\/lyziarska-skola.jpg 1600w\" sizes=\"(max-width: 1024px) 100vw, 1024px\" \/><\/figure>\n<\/figure>\n\n\n\n<p>O\u015brodek oferuje korzystne skipassy obowi\u0105zuj\u0105ce tylko w danym\no\u015brodku, co doceni\u0105 liczni mniej wymagaj\u0105cy i zupe\u0142nie pocz\u0105tkuj\u0105cy narciarze.<\/p>\n\n\n\n<p>Odpowiednim relaksem po szusowaniu na nartach b\u0119dzie dzienna lub nocna \u00a0<strong><a href=\"https:\/\/regiontatry.sk\/aktivity-a-atrakcie\/sankovacka\/\">jazda na sankach <\/a>\u00a0po 2,5 km trasie z Hrebienka do Starego Smokowca<\/strong>. Na g\u00f3r\u0119 mo\u017cna wjecha\u0107 kolejk\u0105 linowo \u2013 terenow\u0105.<\/p>\n\n\n\n<figure class=\"wp-block-gallery has-nested-images columns-default is-cropped wp-block-gallery-3 is-layout-flex wp-block-gallery-is-layout-flex\">\n<figure class=\"wp-block-image size-large\"><img loading=\"lazy\" decoding=\"async\" width=\"1024\" height=\"692\" data-id=\"9994711\" src=\"https:\/\/regiontatry.sk\/wp-content\/uploads\/2024\/11\/c-Marek-Hajkovsky-foto-sankovacka-Hrebienok-2018_15-1024x692.jpg\" alt=\"\" class=\"wp-image-9994711\" srcset=\"https:\/\/regiontatry.sk\/wp-content\/uploads\/2024\/11\/c-Marek-Hajkovsky-foto-sankovacka-Hrebienok-2018_15-1024x692.jpg 1024w, https:\/\/regiontatry.sk\/wp-content\/uploads\/2024\/11\/c-Marek-Hajkovsky-foto-sankovacka-Hrebienok-2018_15-300x203.jpg 300w, https:\/\/regiontatry.sk\/wp-content\/uploads\/2024\/11\/c-Marek-Hajkovsky-foto-sankovacka-Hrebienok-2018_15-768x519.jpg 768w, https:\/\/regiontatry.sk\/wp-content\/uploads\/2024\/11\/c-Marek-Hajkovsky-foto-sankovacka-Hrebienok-2018_15-860x581.jpg 860w, https:\/\/regiontatry.sk\/wp-content\/uploads\/2024\/11\/c-Marek-Hajkovsky-foto-sankovacka-Hrebienok-2018_15-698x472.jpg 698w, https:\/\/regiontatry.sk\/wp-content\/uploads\/2024\/11\/c-Marek-Hajkovsky-foto-sankovacka-Hrebienok-2018_15-552x373.jpg 552w, https:\/\/regiontatry.sk\/wp-content\/uploads\/2024\/11\/c-Marek-Hajkovsky-foto-sankovacka-Hrebienok-2018_15.jpg 1500w\" sizes=\"(max-width: 1024px) 100vw, 1024px\" \/><\/figure>\n\n\n\n<figure class=\"wp-block-image size-large\"><img loading=\"lazy\" decoding=\"async\" width=\"1024\" height=\"597\" data-id=\"7201006\" src=\"https:\/\/regiontatry.sk\/wp-content\/uploads\/2021\/12\/c-Marek-Hajkovsky-foto-VT-2017_255_Hrebienok-lanovka-\u2013-small-1024x597.jpg\" alt=\"\" class=\"wp-image-7201006\" srcset=\"https:\/\/regiontatry.sk\/wp-content\/uploads\/2021\/12\/c-Marek-Hajkovsky-foto-VT-2017_255_Hrebienok-lanovka-\u2013-small-1024x597.jpg 1024w, https:\/\/regiontatry.sk\/wp-content\/uploads\/2021\/12\/c-Marek-Hajkovsky-foto-VT-2017_255_Hrebienok-lanovka-\u2013-small-300x175.jpg 300w, https:\/\/regiontatry.sk\/wp-content\/uploads\/2021\/12\/c-Marek-Hajkovsky-foto-VT-2017_255_Hrebienok-lanovka-\u2013-small-768x448.jpg 768w, https:\/\/regiontatry.sk\/wp-content\/uploads\/2021\/12\/c-Marek-Hajkovsky-foto-VT-2017_255_Hrebienok-lanovka-\u2013-small-1920x1120.jpg 1920w, https:\/\/regiontatry.sk\/wp-content\/uploads\/2021\/12\/c-Marek-Hajkovsky-foto-VT-2017_255_Hrebienok-lanovka-\u2013-small-1705x995.jpg 1705w, https:\/\/regiontatry.sk\/wp-content\/uploads\/2021\/12\/c-Marek-Hajkovsky-foto-VT-2017_255_Hrebienok-lanovka-\u2013-small-698x407.jpg 698w, https:\/\/regiontatry.sk\/wp-content\/uploads\/2021\/12\/c-Marek-Hajkovsky-foto-VT-2017_255_Hrebienok-lanovka-\u2013-small-552x322.jpg 552w\" sizes=\"(max-width: 1024px) 100vw, 1024px\" \/><\/figure>\n<\/figure>\n\n\n\n<p>O\u015brodek Stary Smokowiec to <strong>idealny punkt wypadowy\u00a0<\/strong><a href=\"https:\/\/regiontatry.sk\/zimne-vylety\/\"> <strong>do uprawiania zimowej turystyki g\u00f3rskiej <\/strong><\/a>\u00a0Tych, kt\u00f3rzy nie boj\u0105 si\u0119 zimy, uciesz\u0105 w\u0119dr\u00f3wki po za\u015bnie\u017conej bajkowej krainie i chrupotanie \u015bniegu pod nogami<\/p>\n\n\n\n<p>Tatrza\u0144ski Hrebienok zmienia si\u0119 zim\u0105 na centrum sztuki ludowej. Odbywaj\u0105 si\u0119 tutaj mistrzostwa artyst\u00f3w rze\u017abi\u0105cych w lodzie o nazwie\u00a0<strong>Tatry Ice Master, a\u00a0tak\u017ce<\/strong>\u00a0mo\u017cna tu znale\u017a\u0107 <strong><a href=\"https:\/\/regiontatry.sk\/pl\/tatrzanska-swiatynia-lodowa\/\">Tatrza\u0144ska \u015bwi\u0105tynia lodowa.<\/a><\/strong><\/p>\n\n\n\n<figure class=\"wp-block-gallery has-nested-images columns-default is-cropped wp-block-gallery-4 is-layout-flex wp-block-gallery-is-layout-flex\">\n<figure class=\"wp-block-image\"><img loading=\"lazy\" decoding=\"async\" width=\"667\" height=\"1000\" data-id=\"6094\" src=\"https:\/\/regiontatry.sk\/wp-content\/uploads\/2018\/10\/53eebce974.jpg\" alt=\"\" class=\"wp-image-6094\" srcset=\"https:\/\/regiontatry.sk\/wp-content\/uploads\/2018\/10\/53eebce974.jpg 667w, https:\/\/regiontatry.sk\/wp-content\/uploads\/2018\/10\/53eebce974-200x300.jpg 200w\" sizes=\"(max-width: 667px) 100vw, 667px\" \/><\/figure>\n\n\n\n<figure class=\"wp-block-image size-large\"><img loading=\"lazy\" decoding=\"async\" width=\"1024\" height=\"685\" data-id=\"11185652\" src=\"https:\/\/regiontatry.sk\/wp-content\/uploads\/2025\/11\/\u00a9-Marek-Hajkovsky_foto_Ladovy-Dom_2025_15-1024x685.jpg\" alt=\"\" class=\"wp-image-11185652\" srcset=\"https:\/\/regiontatry.sk\/wp-content\/uploads\/2025\/11\/\u00a9-Marek-Hajkovsky_foto_Ladovy-Dom_2025_15-1024x685.jpg 1024w, https:\/\/regiontatry.sk\/wp-content\/uploads\/2025\/11\/\u00a9-Marek-Hajkovsky_foto_Ladovy-Dom_2025_15-300x201.jpg 300w, https:\/\/regiontatry.sk\/wp-content\/uploads\/2025\/11\/\u00a9-Marek-Hajkovsky_foto_Ladovy-Dom_2025_15-768x513.jpg 768w, https:\/\/regiontatry.sk\/wp-content\/uploads\/2025\/11\/\u00a9-Marek-Hajkovsky_foto_Ladovy-Dom_2025_15-860x575.jpg 860w, https:\/\/regiontatry.sk\/wp-content\/uploads\/2025\/11\/\u00a9-Marek-Hajkovsky_foto_Ladovy-Dom_2025_15-698x467.jpg 698w, https:\/\/regiontatry.sk\/wp-content\/uploads\/2025\/11\/\u00a9-Marek-Hajkovsky_foto_Ladovy-Dom_2025_15-552x369.jpg 552w, https:\/\/regiontatry.sk\/wp-content\/uploads\/2025\/11\/\u00a9-Marek-Hajkovsky_foto_Ladovy-Dom_2025_15.jpg 1400w\" sizes=\"(max-width: 1024px) 100vw, 1024px\" \/><\/figure>\n\n\n\n<figure class=\"wp-block-image\"><img loading=\"lazy\" decoding=\"async\" width=\"1118\" height=\"1600\" data-id=\"6111\" src=\"https:\/\/regiontatry.sk\/wp-content\/uploads\/2018\/10\/PTtPz6lQ.jpeg\" alt=\"\" class=\"wp-image-6111\" srcset=\"https:\/\/regiontatry.sk\/wp-content\/uploads\/2018\/10\/PTtPz6lQ.jpeg 1118w, https:\/\/regiontatry.sk\/wp-content\/uploads\/2018\/10\/PTtPz6lQ-210x300.jpeg 210w, https:\/\/regiontatry.sk\/wp-content\/uploads\/2018\/10\/PTtPz6lQ-768x1099.jpeg 768w, https:\/\/regiontatry.sk\/wp-content\/uploads\/2018\/10\/PTtPz6lQ-716x1024.jpeg 716w\" sizes=\"(max-width: 1118px) 100vw, 1118px\" \/><\/figure>\n<\/figure>\n\n\n\n<h3 class=\"wp-block-heading\"><br><strong><a href=\"https:\/\/www.vt.sk\/\" target=\"_blank\" rel=\"noreferrer noopener\">Strona internetowa o\u015brodka<br><\/a><\/strong><\/h3>\n","protected":false},"excerpt":{"rendered":"<p>O\u015brodek narciarski w Starym Smokowcu jest idealnym miejscem dla niezbyt wymagaj\u0105cych narciarzy, lub takich, kt\u00f3rzy dopiero zaczynaj\u0105 swoj\u0105 przygod\u0119 z nartami. Jakubkova l\u00faka posiadaj\u0105ca trasy narciarskie o niskim stopniu trudno\u015bci, daje mo\u017cliwo\u015b\u0107 podszkolenia swoich umiej\u0119tno\u015bci przed szusowaniem na trudniejszych trasach. Je\u017celi chcesz nauczy\u0107 swoje dzieci jazdy na nartach, profesjonalny zesp\u00f3\u0142 instruktor\u00f3w &nbsp;szko\u0142y narciarskiej, przygotuje je [&hellip;]<\/p>\n","protected":false},"author":2,"featured_media":6107,"parent":1601,"menu_order":0,"comment_status":"closed","ping_status":"closed","template":"template-list.php","meta":{"footnotes":""},"class_list":["post-15957","page","type-page","status-publish","has-post-thumbnail","hentry"],"_links":{"self":[{"href":"https:\/\/regiontatry.sk\/pl\/wp-json\/wp\/v2\/pages\/15957"}],"collection":[{"href":"https:\/\/regiontatry.sk\/pl\/wp-json\/wp\/v2\/pages"}],"about":[{"href":"https:\/\/regiontatry.sk\/pl\/wp-json\/wp\/v2\/types\/page"}],"author":[{"embeddable":true,"href":"https:\/\/regiontatry.sk\/pl\/wp-json\/wp\/v2\/users\/2"}],"replies":[{"embeddable":true,"href":"https:\/\/regiontatry.sk\/pl\/wp-json\/wp\/v2\/comments?post=15957"}],"version-history":[{"count":6,"href":"https:\/\/regiontatry.sk\/pl\/wp-json\/wp\/v2\/pages\/15957\/revisions"}],"predecessor-version":[{"id":11193995,"href":"https:\/\/regiontatry.sk\/pl\/wp-json\/wp\/v2\/pages\/15957\/revisions\/11193995"}],"up":[{"embeddable":true,"href":"https:\/\/regiontatry.sk\/pl\/wp-json\/wp\/v2\/pages\/1601"}],"wp:featuredmedia":[{"embeddable":true,"href":"https:\/\/regiontatry.sk\/pl\/wp-json\/wp\/v2\/media\/6107"}],"wp:attachment":[{"href":"https:\/\/regiontatry.sk\/pl\/wp-json\/wp\/v2\/media?parent=15957"}],"curies":[{"name":"wp","href":"https:\/\/api.w.org\/{rel}","templated":true}]}}