{"id":15958,"date":"2018-09-27T13:15:10","date_gmt":"2018-09-27T11:15:10","guid":{"rendered":"https:\/\/regiontatry.sk\/lyzovanie\/strbske-pleso\/"},"modified":"2025-11-28T14:58:20","modified_gmt":"2025-11-28T13:58:20","slug":"jezioro-szczyrbskie","status":"publish","type":"page","link":"https:\/\/regiontatry.sk\/pl\/narciarstwo\/jezioro-szczyrbskie\/","title":{"rendered":"Jezioro Szczyrbskie"},"content":{"rendered":"\n<p>O\u015brodek Jezioro Szczyrbskie (s\u0142ow. \u0160trbsk\u00e9 Pleso) to&nbsp;<strong>najwy\u017cej po\u0142o\u017cony o\u015brodek narciarski <\/strong>&nbsp;w kt\u00f3rym dolna stacja znajduje si\u0119 na wysoko\u015bci a\u017c 1400 m n.p.m., a <strong>sezon narciarski trwa tu najd\u0142u\u017cej na S\u0142owacji<\/strong>. Kusi \u015bwietnymi warunkami narciarskimi z doskona\u0142ymi trasami do slalomu, szusowania i narciarstwa biegowego oraz us\u0142ugami na najwy\u017cszym poziomie.<\/p>\n\n\n\n<figure class=\"wp-block-image is-resized\"><img loading=\"lazy\" decoding=\"async\" width=\"3017\" height=\"1266\" src=\"https:\/\/regiontatry.sk\/wp-content\/uploads\/2018\/11\/NJf9YprQ.jpeg\" alt=\"\" class=\"wp-image-13540\" style=\"width:586px;height:auto\" srcset=\"https:\/\/regiontatry.sk\/wp-content\/uploads\/2018\/11\/NJf9YprQ.jpeg 3017w, https:\/\/regiontatry.sk\/wp-content\/uploads\/2018\/11\/NJf9YprQ-300x126.jpeg 300w, https:\/\/regiontatry.sk\/wp-content\/uploads\/2018\/11\/NJf9YprQ-768x322.jpeg 768w, https:\/\/regiontatry.sk\/wp-content\/uploads\/2018\/11\/NJf9YprQ-1024x430.jpeg 1024w, https:\/\/regiontatry.sk\/wp-content\/uploads\/2018\/11\/NJf9YprQ-1920x806.jpeg 1920w, https:\/\/regiontatry.sk\/wp-content\/uploads\/2018\/11\/NJf9YprQ-1705x715.jpeg 1705w, https:\/\/regiontatry.sk\/wp-content\/uploads\/2018\/11\/NJf9YprQ-698x293.jpeg 698w, https:\/\/regiontatry.sk\/wp-content\/uploads\/2018\/11\/NJf9YprQ-552x232.jpeg 552w\" sizes=\"(max-width: 3017px) 100vw, 3017px\" \/><\/figure>\n\n\n\n<h3 class=\"wp-block-heading\">Nowa 8-osobowa kolejka krzese\u0142kowa na Szczyrbskim Jeziorze<\/h3>\n\n\n\n<p>Od grudnia 2025 na Szczyrbskim Jeziorze b\u0119dzie kursowa\u0107 <strong>nowa 8-osobowa kolejka<\/strong> Leitner, kt\u00f3ra zast\u0105pi stary wyci\u0105g z 1976 roku. Nowoczesna technologia z odpinanymi krzese\u0142kami zapewni narciarzom wygodn\u0105 jazd\u0119 o przepustowo\u015bci 2 400 os\u00f3b na godzin\u0119. <strong>Kolejka wywiezie narciarzy na Medvedi\u0105 Kop\u0119, sk\u0105d mo\u017cna przej\u015b\u0107 do kolejki Furkota lub na trasy Interski i Turistick\u00e1<\/strong>. Zapewni r\u00f3wnie\u017c bezpieczny transport w trudnych warunkach pogodowych, a dzi\u0119ki os\u0142onie typu \u201ebubble\u201d jazda b\u0119dzie komfortowa \u2013 idealna dla rodzin z dzie\u0107mi.<\/p>\n\n\n\n<figure class=\"wp-block-gallery has-nested-images columns-default is-cropped wp-block-gallery-2 is-layout-flex wp-block-gallery-is-layout-flex\">\n<figure class=\"wp-block-image size-large\"><img loading=\"lazy\" decoding=\"async\" width=\"570\" height=\"428\" data-id=\"11193947\" src=\"https:\/\/regiontatry.sk\/wp-content\/uploads\/2025\/11\/csm_Nova_lanovka_na_Strbskom_Plese_3bb17c9101-edited-1.png\" alt=\"\" class=\"wp-image-11193947\" srcset=\"https:\/\/regiontatry.sk\/wp-content\/uploads\/2025\/11\/csm_Nova_lanovka_na_Strbskom_Plese_3bb17c9101-edited-1.png 570w, https:\/\/regiontatry.sk\/wp-content\/uploads\/2025\/11\/csm_Nova_lanovka_na_Strbskom_Plese_3bb17c9101-edited-1-300x225.png 300w, https:\/\/regiontatry.sk\/wp-content\/uploads\/2025\/11\/csm_Nova_lanovka_na_Strbskom_Plese_3bb17c9101-edited-1-552x414.png 552w\" sizes=\"(max-width: 570px) 100vw, 570px\" \/><\/figure>\n\n\n\n<figure class=\"wp-block-image size-large\"><img loading=\"lazy\" decoding=\"async\" width=\"1024\" height=\"657\" data-id=\"11193921\" src=\"https:\/\/regiontatry.sk\/wp-content\/uploads\/2025\/11\/\u00a9-Marek-Hajkovsky-foto-VT-strbske-pleso-1-1024x657.jpg\" alt=\"\" class=\"wp-image-11193921\" srcset=\"https:\/\/regiontatry.sk\/wp-content\/uploads\/2025\/11\/\u00a9-Marek-Hajkovsky-foto-VT-strbske-pleso-1-1024x657.jpg 1024w, https:\/\/regiontatry.sk\/wp-content\/uploads\/2025\/11\/\u00a9-Marek-Hajkovsky-foto-VT-strbske-pleso-1-300x193.jpg 300w, https:\/\/regiontatry.sk\/wp-content\/uploads\/2025\/11\/\u00a9-Marek-Hajkovsky-foto-VT-strbske-pleso-1-768x493.jpg 768w, https:\/\/regiontatry.sk\/wp-content\/uploads\/2025\/11\/\u00a9-Marek-Hajkovsky-foto-VT-strbske-pleso-1-1536x986.jpg 1536w, https:\/\/regiontatry.sk\/wp-content\/uploads\/2025\/11\/\u00a9-Marek-Hajkovsky-foto-VT-strbske-pleso-1-860x552.jpg 860w, https:\/\/regiontatry.sk\/wp-content\/uploads\/2025\/11\/\u00a9-Marek-Hajkovsky-foto-VT-strbske-pleso-1-698x448.jpg 698w, https:\/\/regiontatry.sk\/wp-content\/uploads\/2025\/11\/\u00a9-Marek-Hajkovsky-foto-VT-strbske-pleso-1-552x354.jpg 552w, https:\/\/regiontatry.sk\/wp-content\/uploads\/2025\/11\/\u00a9-Marek-Hajkovsky-foto-VT-strbske-pleso-1.jpg 1600w\" sizes=\"(max-width: 1024px) 100vw, 1024px\" \/><\/figure>\n<\/figure>\n\n\n\n<p>Szczyrbskie Jezioro to jeden z najpopularniejszych o\u015brodk\u00f3w narciarskich na S\u0142owacji. O\u015brodek oferuje <strong>9 kilometr\u00f3w \u0142atwych i umiarkowanych tras narciarskich<\/strong>, z kt\u00f3rych ch\u0119tnie korzystaj\u0105 rodziny z dzie\u0107mi oraz zaawansowani narciarze.&nbsp;Z g\u0142\u00f3wnego parkingu lub z hotelu zawiezie narciarzy bezpo\u015brednio do o\u015brodka w kr\u00f3tkich odst\u0119pach czasu <a href=\"https:\/\/regiontatry.sk\/pl\/narciarstwo\/ski-aqua-bus\/\">ekologiczny SKIbus.<\/a><\/p>\n\n\n\n<figure class=\"wp-block-gallery has-nested-images columns-default is-cropped wp-block-gallery-3 is-layout-flex wp-block-gallery-is-layout-flex\">\n<figure class=\"wp-block-image size-large\"><img loading=\"lazy\" decoding=\"async\" width=\"1024\" height=\"391\" data-id=\"16376\" src=\"https:\/\/regiontatry.sk\/wp-content\/uploads\/2018\/11\/strbske_ski_2-1024x391.jpeg\" alt=\"\" class=\"wp-image-16376\" srcset=\"https:\/\/regiontatry.sk\/wp-content\/uploads\/2018\/11\/strbske_ski_2-1024x391.jpeg 1024w, https:\/\/regiontatry.sk\/wp-content\/uploads\/2018\/11\/strbske_ski_2-300x114.jpeg 300w, https:\/\/regiontatry.sk\/wp-content\/uploads\/2018\/11\/strbske_ski_2-768x293.jpeg 768w, https:\/\/regiontatry.sk\/wp-content\/uploads\/2018\/11\/strbske_ski_2-1920x732.jpeg 1920w, https:\/\/regiontatry.sk\/wp-content\/uploads\/2018\/11\/strbske_ski_2-1705x650.jpeg 1705w, https:\/\/regiontatry.sk\/wp-content\/uploads\/2018\/11\/strbske_ski_2-698x266.jpeg 698w, https:\/\/regiontatry.sk\/wp-content\/uploads\/2018\/11\/strbske_ski_2-552x211.jpeg 552w\" sizes=\"(max-width: 1024px) 100vw, 1024px\" \/><\/figure>\n\n\n\n<figure class=\"wp-block-image size-large\"><img loading=\"lazy\" decoding=\"async\" width=\"1024\" height=\"581\" data-id=\"5957535\" src=\"https:\/\/regiontatry.sk\/wp-content\/uploads\/2021\/04\/Strbske-Pleso-2-1024x581.jpg\" alt=\"\" class=\"wp-image-5957535\" srcset=\"https:\/\/regiontatry.sk\/wp-content\/uploads\/2021\/04\/Strbske-Pleso-2-1024x581.jpg 1024w, https:\/\/regiontatry.sk\/wp-content\/uploads\/2021\/04\/Strbske-Pleso-2-300x170.jpg 300w, https:\/\/regiontatry.sk\/wp-content\/uploads\/2021\/04\/Strbske-Pleso-2-768x436.jpg 768w, https:\/\/regiontatry.sk\/wp-content\/uploads\/2021\/04\/Strbske-Pleso-2-698x396.jpg 698w, https:\/\/regiontatry.sk\/wp-content\/uploads\/2021\/04\/Strbske-Pleso-2-552x313.jpg 552w, https:\/\/regiontatry.sk\/wp-content\/uploads\/2021\/04\/Strbske-Pleso-2.jpg 1400w\" sizes=\"(max-width: 1024px) 100vw, 1024px\" \/><\/figure>\n<\/figure>\n\n\n\n<p>Jezioro Szczyrbskie to tak\u017ce o\u015brodek oferuj\u0105cy najwi\u0119cej tras do uprawiania narciarstwa biegowego w Tatrach. Mi\u0142o\u015bnicy bieg\u00f3wek maj\u0105 do dyspozycji <strong><a href=\"https:\/\/regiontatry.sk\/lyzovanie\/bezecke-lyzovanie\/\">trasy biegowe<\/a>&nbsp;o \u0142\u0105cznej d\u0142ugo\u015bci 20 km<\/strong>. W o\u015brodku znajduje si\u0119 8 profesjonalnie przygotowanych tras o d\u0142ugo\u015bci od 0,5 do 5 km. Dzi\u0119ki sztucznemu na\u015bnie\u017caniu, mi\u0142o\u015bnicy bieg\u00f3wek mog\u0105 korzysta\u0107 z&nbsp;kompleksu SNOW przez ca\u0142y sezon zimowy. R\u00f3\u017cny stopie\u0144 trudno\u015bci i zr\u00f3\u017cnicowanie tras sprawi rado\u015b\u0107 pocz\u0105tkuj\u0105cym, oraz profesjonalistom. Mo\u017cna pobiega\u0107 na kompleksie sportowym FIS, odpocz\u0105\u0107 biegaj\u0105c wolnym tempem dooko\u0142a Jeziora Szczyrbskiego, lub poruszaj\u0105c si\u0119 na nartach biegowych w tempie turystycznym zobaczy\u0107 Dolin\u0119 Furkotn\u0105.<\/p>\n\n\n\n<figure class=\"wp-block-gallery has-nested-images columns-default is-cropped wp-block-gallery-4 is-layout-flex wp-block-gallery-is-layout-flex\">\n<figure class=\"wp-block-image size-large\"><img loading=\"lazy\" decoding=\"async\" width=\"1024\" height=\"633\" data-id=\"8600545\" src=\"https:\/\/regiontatry.sk\/wp-content\/uploads\/2022\/11\/c-Marek-Hajkovsky-foto-BEZKY-2021-16_11zon-1-1024x633.jpg\" alt=\"\" class=\"wp-image-8600545\" srcset=\"https:\/\/regiontatry.sk\/wp-content\/uploads\/2022\/11\/c-Marek-Hajkovsky-foto-BEZKY-2021-16_11zon-1-1024x633.jpg 1024w, https:\/\/regiontatry.sk\/wp-content\/uploads\/2022\/11\/c-Marek-Hajkovsky-foto-BEZKY-2021-16_11zon-1-300x186.jpg 300w, https:\/\/regiontatry.sk\/wp-content\/uploads\/2022\/11\/c-Marek-Hajkovsky-foto-BEZKY-2021-16_11zon-1-768x475.jpg 768w, https:\/\/regiontatry.sk\/wp-content\/uploads\/2022\/11\/c-Marek-Hajkovsky-foto-BEZKY-2021-16_11zon-1-1920x1187.jpg 1920w, https:\/\/regiontatry.sk\/wp-content\/uploads\/2022\/11\/c-Marek-Hajkovsky-foto-BEZKY-2021-16_11zon-1-1705x1054.jpg 1705w, https:\/\/regiontatry.sk\/wp-content\/uploads\/2022\/11\/c-Marek-Hajkovsky-foto-BEZKY-2021-16_11zon-1-698x432.jpg 698w, https:\/\/regiontatry.sk\/wp-content\/uploads\/2022\/11\/c-Marek-Hajkovsky-foto-BEZKY-2021-16_11zon-1-552x341.jpg 552w\" sizes=\"(max-width: 1024px) 100vw, 1024px\" \/><\/figure>\n\n\n\n<figure class=\"wp-block-image size-large\"><img loading=\"lazy\" decoding=\"async\" width=\"1024\" height=\"609\" data-id=\"9577341\" src=\"https:\/\/regiontatry.sk\/wp-content\/uploads\/2024\/03\/c-Marek-Hajkovsky-foto-BEZKY-2021-21_11zon-1024x609.jpg\" alt=\"\" class=\"wp-image-9577341\" srcset=\"https:\/\/regiontatry.sk\/wp-content\/uploads\/2024\/03\/c-Marek-Hajkovsky-foto-BEZKY-2021-21_11zon-1024x609.jpg 1024w, https:\/\/regiontatry.sk\/wp-content\/uploads\/2024\/03\/c-Marek-Hajkovsky-foto-BEZKY-2021-21_11zon-300x178.jpg 300w, https:\/\/regiontatry.sk\/wp-content\/uploads\/2024\/03\/c-Marek-Hajkovsky-foto-BEZKY-2021-21_11zon-768x457.jpg 768w, https:\/\/regiontatry.sk\/wp-content\/uploads\/2024\/03\/c-Marek-Hajkovsky-foto-BEZKY-2021-21_11zon-1920x1142.jpg 1920w, https:\/\/regiontatry.sk\/wp-content\/uploads\/2024\/03\/c-Marek-Hajkovsky-foto-BEZKY-2021-21_11zon-1705x1014.jpg 1705w, https:\/\/regiontatry.sk\/wp-content\/uploads\/2024\/03\/c-Marek-Hajkovsky-foto-BEZKY-2021-21_11zon-698x415.jpg 698w, https:\/\/regiontatry.sk\/wp-content\/uploads\/2024\/03\/c-Marek-Hajkovsky-foto-BEZKY-2021-21_11zon-552x328.jpg 552w\" sizes=\"(max-width: 1024px) 100vw, 1024px\" \/><\/figure>\n<\/figure>\n\n\n\n<p>Mi\u0142o\u015bnicy mocnych wra\u017ce\u0144 mog\u0105 odwiedzi\u0107 atrakcyjny <strong>snowpark<\/strong>&nbsp;po lewej\nstronie trasy zjazdowej Interski, gdzie cz\u0119sto odbywaj\u0105 si\u0119 konkursy dla fan\u00f3w\nsportu i adrenaliny.<\/p>\n\n\n\n<p>Przepi\u0119kna okolica najwy\u017cej po\u0142o\u017conej tatrza\u0144skiej osady z\nczaruj\u0105c\u0105 atmosfer\u0105, bogat\u0105 histori\u0105 i luksusowym hotelem, gwarantuje udany\npobyt wszystkim mi\u0142o\u015bnikom&nbsp;sport\u00f3w zimowych. <\/p>\n\n\n\n<figure class=\"wp-block-image size-full\"><img loading=\"lazy\" decoding=\"async\" width=\"2560\" height=\"1845\" src=\"https:\/\/regiontatry.sk\/wp-content\/uploads\/2025\/11\/mapa-SP_2025-26_rozmery_press_420-x-297_page-scaled.jpg\" alt=\"\" class=\"wp-image-13150359\" srcset=\"https:\/\/regiontatry.sk\/wp-content\/uploads\/2025\/11\/mapa-SP_2025-26_rozmery_press_420-x-297_page-scaled.jpg 2560w, https:\/\/regiontatry.sk\/wp-content\/uploads\/2025\/11\/mapa-SP_2025-26_rozmery_press_420-x-297_page-300x216.jpg 300w, https:\/\/regiontatry.sk\/wp-content\/uploads\/2025\/11\/mapa-SP_2025-26_rozmery_press_420-x-297_page-1024x738.jpg 1024w, https:\/\/regiontatry.sk\/wp-content\/uploads\/2025\/11\/mapa-SP_2025-26_rozmery_press_420-x-297_page-768x554.jpg 768w, https:\/\/regiontatry.sk\/wp-content\/uploads\/2025\/11\/mapa-SP_2025-26_rozmery_press_420-x-297_page-1536x1107.jpg 1536w, https:\/\/regiontatry.sk\/wp-content\/uploads\/2025\/11\/mapa-SP_2025-26_rozmery_press_420-x-297_page-2048x1476.jpg 2048w, https:\/\/regiontatry.sk\/wp-content\/uploads\/2025\/11\/mapa-SP_2025-26_rozmery_press_420-x-297_page-1920x1384.jpg 1920w, https:\/\/regiontatry.sk\/wp-content\/uploads\/2025\/11\/mapa-SP_2025-26_rozmery_press_420-x-297_page-1705x1229.jpg 1705w, https:\/\/regiontatry.sk\/wp-content\/uploads\/2025\/11\/mapa-SP_2025-26_rozmery_press_420-x-297_page-860x620.jpg 860w, https:\/\/regiontatry.sk\/wp-content\/uploads\/2025\/11\/mapa-SP_2025-26_rozmery_press_420-x-297_page-698x503.jpg 698w, https:\/\/regiontatry.sk\/wp-content\/uploads\/2025\/11\/mapa-SP_2025-26_rozmery_press_420-x-297_page-552x398.jpg 552w\" sizes=\"(max-width: 2560px) 100vw, 2560px\" \/><\/figure>\n\n\n\n<h3 class=\"wp-block-heading\"><br><strong><a href=\"https:\/\/www.vt.sk\/\" target=\"_blank\" rel=\"noreferrer noopener\">Strona internetowa o\u015brodka<br><\/a><\/strong><\/h3>\n","protected":false},"excerpt":{"rendered":"<p>O\u015brodek Jezioro Szczyrbskie (s\u0142ow. \u0160trbsk\u00e9 Pleso) to&nbsp;najwy\u017cej po\u0142o\u017cony o\u015brodek narciarski &nbsp;w kt\u00f3rym dolna stacja znajduje si\u0119 na wysoko\u015bci a\u017c 1400 m n.p.m., a sezon narciarski trwa tu najd\u0142u\u017cej na S\u0142owacji. Kusi \u015bwietnymi warunkami narciarskimi z doskona\u0142ymi trasami do slalomu, szusowania i narciarstwa biegowego oraz us\u0142ugami na najwy\u017cszym poziomie. Nowa 8-osobowa kolejka krzese\u0142kowa na Szczyrbskim Jeziorze [&hellip;]<\/p>\n","protected":false},"author":2,"featured_media":13536,"parent":1601,"menu_order":0,"comment_status":"closed","ping_status":"closed","template":"template-simple-page.php","meta":{"footnotes":""},"class_list":["post-15958","page","type-page","status-publish","has-post-thumbnail","hentry"],"_links":{"self":[{"href":"https:\/\/regiontatry.sk\/pl\/wp-json\/wp\/v2\/pages\/15958"}],"collection":[{"href":"https:\/\/regiontatry.sk\/pl\/wp-json\/wp\/v2\/pages"}],"about":[{"href":"https:\/\/regiontatry.sk\/pl\/wp-json\/wp\/v2\/types\/page"}],"author":[{"embeddable":true,"href":"https:\/\/regiontatry.sk\/pl\/wp-json\/wp\/v2\/users\/2"}],"replies":[{"embeddable":true,"href":"https:\/\/regiontatry.sk\/pl\/wp-json\/wp\/v2\/comments?post=15958"}],"version-history":[{"count":10,"href":"https:\/\/regiontatry.sk\/pl\/wp-json\/wp\/v2\/pages\/15958\/revisions"}],"predecessor-version":[{"id":13150366,"href":"https:\/\/regiontatry.sk\/pl\/wp-json\/wp\/v2\/pages\/15958\/revisions\/13150366"}],"up":[{"embeddable":true,"href":"https:\/\/regiontatry.sk\/pl\/wp-json\/wp\/v2\/pages\/1601"}],"wp:featuredmedia":[{"embeddable":true,"href":"https:\/\/regiontatry.sk\/pl\/wp-json\/wp\/v2\/media\/13536"}],"wp:attachment":[{"href":"https:\/\/regiontatry.sk\/pl\/wp-json\/wp\/v2\/media?parent=15958"}],"curies":[{"name":"wp","href":"https:\/\/api.w.org\/{rel}","templated":true}]}}