{"id":15959,"date":"2018-09-27T13:10:04","date_gmt":"2018-09-27T11:10:04","guid":{"rendered":"https:\/\/regiontatry.sk\/lyzovanie\/tatranska-lomnica\/"},"modified":"2025-11-28T14:46:58","modified_gmt":"2025-11-28T13:46:58","slug":"tatrzanska-lomnica","status":"publish","type":"page","link":"https:\/\/regiontatry.sk\/pl\/narciarstwo\/tatrzanska-lomnica\/","title":{"rendered":"Tatrza\u0144ska \u0141omnica"},"content":{"rendered":"\n<p>W najnowocze\u015bniejszym s\u0142owackim o\u015brodku narciarskim Tatrza\u0144ska\n\u0141omnica znajduje si\u0119 12 tras zjazdowych o r\u00f3\u017cnym stopniu trudno\u015bci.<\/p>\n\n\n\n<p>Przewy\u017cszenie a\u017c 1 300 m, gwarancja \u015bniegu przez 5 miesi\u0119cy w roku,&nbsp;<strong>najnowocze\u015bniejsza 15-osobowa kolej gondolowa<\/strong>,\noraz poszerzone trasy zjazdowe s\u0105 gwarancj\u0105 doskona\u0142ych wra\u017ce\u0144 na <strong>najlepszej trasie carvingowej o d\u0142. 5,5\nkm <\/strong>i szeroko\u015bci do 60 m. O\u015brodek oferuje tak\u017ce niemal <strong>6 tras zjazdowych o najni\u017cszym stopniu\ntrudno\u015bci, <\/strong><strong>co doceni\u0105 zw\u0142aszcza rodziny z\ndzie\u0107mi<\/strong>.<\/p>\n\n\n\n<p>Mo\u017cna tu do\u015bwiadczy\u0107 s\u0142onecznej jazdy na&nbsp;<strong>najwy\u017cej po\u0142o\u017conej i najbardziej stromej\ntrasie zjazdowej w \u0141omnickiej Prze\u0142\u0119czy <\/strong>(2190 m n.p.m.), o\nkt\u00f3rej zwyk\u0142o si\u0119 m\u00f3wi\u0107, \u017ce to Serce Narciarzy.&nbsp;W \u0141omnickiej Prze\u0142\u0119czy\nznajd\u0105 co\u015b dla siebie mi\u0142o\u015bnicy freeride\u00b4u i&nbsp;adrenaliny.<\/p>\n\n\n\n<figure class=\"wp-block-gallery has-nested-images columns-default is-cropped wp-block-gallery-2 is-layout-flex wp-block-gallery-is-layout-flex\">\n<figure class=\"wp-block-image size-large\"><img loading=\"lazy\" decoding=\"async\" width=\"1024\" height=\"629\" data-id=\"11191275\" src=\"https:\/\/regiontatry.sk\/wp-content\/uploads\/2025\/11\/\u00a9-Marek-Hajkovsky-foto-VT-kampan-zima-2024_1-1024x629.jpg\" alt=\"\" class=\"wp-image-11191275\" srcset=\"https:\/\/regiontatry.sk\/wp-content\/uploads\/2025\/11\/\u00a9-Marek-Hajkovsky-foto-VT-kampan-zima-2024_1-1024x629.jpg 1024w, https:\/\/regiontatry.sk\/wp-content\/uploads\/2025\/11\/\u00a9-Marek-Hajkovsky-foto-VT-kampan-zima-2024_1-300x184.jpg 300w, https:\/\/regiontatry.sk\/wp-content\/uploads\/2025\/11\/\u00a9-Marek-Hajkovsky-foto-VT-kampan-zima-2024_1-768x472.jpg 768w, https:\/\/regiontatry.sk\/wp-content\/uploads\/2025\/11\/\u00a9-Marek-Hajkovsky-foto-VT-kampan-zima-2024_1-1536x944.jpg 1536w, https:\/\/regiontatry.sk\/wp-content\/uploads\/2025\/11\/\u00a9-Marek-Hajkovsky-foto-VT-kampan-zima-2024_1-860x528.jpg 860w, https:\/\/regiontatry.sk\/wp-content\/uploads\/2025\/11\/\u00a9-Marek-Hajkovsky-foto-VT-kampan-zima-2024_1-698x429.jpg 698w, https:\/\/regiontatry.sk\/wp-content\/uploads\/2025\/11\/\u00a9-Marek-Hajkovsky-foto-VT-kampan-zima-2024_1-552x339.jpg 552w, https:\/\/regiontatry.sk\/wp-content\/uploads\/2025\/11\/\u00a9-Marek-Hajkovsky-foto-VT-kampan-zima-2024_1.jpg 1600w\" sizes=\"(max-width: 1024px) 100vw, 1024px\" \/><\/figure>\n\n\n\n<figure class=\"wp-block-image\"><img loading=\"lazy\" decoding=\"async\" width=\"1024\" height=\"683\" data-id=\"9487986\" src=\"https:\/\/regiontatry.sk\/wp-content\/uploads\/2024\/02\/TAT-220-1-1-1024x683.jpg\" alt=\"\" class=\"wp-image-9487986\" srcset=\"https:\/\/regiontatry.sk\/wp-content\/uploads\/2024\/02\/TAT-220-1-1-1024x683.jpg 1024w, https:\/\/regiontatry.sk\/wp-content\/uploads\/2024\/02\/TAT-220-1-1-300x200.jpg 300w, https:\/\/regiontatry.sk\/wp-content\/uploads\/2024\/02\/TAT-220-1-1-768x512.jpg 768w, https:\/\/regiontatry.sk\/wp-content\/uploads\/2024\/02\/TAT-220-1-1-698x466.jpg 698w, https:\/\/regiontatry.sk\/wp-content\/uploads\/2024\/02\/TAT-220-1-1-552x368.jpg 552w, https:\/\/regiontatry.sk\/wp-content\/uploads\/2024\/02\/TAT-220-1-1.jpg 1318w\" sizes=\"(max-width: 1024px) 100vw, 1024px\" \/><\/figure>\n\n\n\n<figure class=\"wp-block-image\"><img loading=\"lazy\" decoding=\"async\" width=\"900\" height=\"600\" data-id=\"13508\" src=\"https:\/\/regiontatry.sk\/wp-content\/uploads\/2018\/11\/Lomnicke-sedlo-Vysoke\u0301-Tatry-TMR-Autor-Marek-Hajkovsky_900x600.jpg\" alt=\"\" class=\"wp-image-13508\" srcset=\"https:\/\/regiontatry.sk\/wp-content\/uploads\/2018\/11\/Lomnicke-sedlo-Vysoke\u0301-Tatry-TMR-Autor-Marek-Hajkovsky_900x600.jpg 900w, https:\/\/regiontatry.sk\/wp-content\/uploads\/2018\/11\/Lomnicke-sedlo-Vysoke\u0301-Tatry-TMR-Autor-Marek-Hajkovsky_900x600-300x200.jpg 300w, https:\/\/regiontatry.sk\/wp-content\/uploads\/2018\/11\/Lomnicke-sedlo-Vysoke\u0301-Tatry-TMR-Autor-Marek-Hajkovsky_900x600-768x512.jpg 768w, https:\/\/regiontatry.sk\/wp-content\/uploads\/2018\/11\/Lomnicke-sedlo-Vysoke\u0301-Tatry-TMR-Autor-Marek-Hajkovsky_900x600-698x465.jpg 698w, https:\/\/regiontatry.sk\/wp-content\/uploads\/2018\/11\/Lomnicke-sedlo-Vysoke\u0301-Tatry-TMR-Autor-Marek-Hajkovsky_900x600-552x368.jpg 552w\" sizes=\"(max-width: 900px) 100vw, 900px\" \/><\/figure>\n<\/figure>\n\n\n\n<p>Na \u0141omnicy na wysoko\u015bci 2 634 metr\u00f3w, w stylowej kawiarni Dedo\nmo\u017cna spr\u00f3bowa\u0107 wyj\u0105tkowej kawy, do kt\u00f3rej opr\u00f3cz luksusowej atmosfery,\nserwowane s\u0105 te\u017c niezapomniane wra\u017cenia i&nbsp;panoramiczne widoki.<\/p>\n\n\n\n<p>Odpocz\u0105\u0107 i nabra\u0107 energii mo\u017cna w Restauracji Skalnat\u00e9 pleso,\nlub Panorama restaurant Skalnat\u00e9 pleso, w Restauracji Pizza &#8211; Pasta na stacji\npo\u015bredniej Start, czy te\u017c w najwi\u0119kszym barze Apr\u00e8s-ski w Tatrach i na\nS\u0142owacji, kt\u00f3ry znajduje si\u0119 przy dolnej stacji kolejki linowej.<\/p>\n\n\n\n<figure class=\"wp-block-gallery has-nested-images columns-default is-cropped wp-block-gallery-3 is-layout-flex wp-block-gallery-is-layout-flex\">\n<figure class=\"wp-block-image size-large\"><img loading=\"lazy\" decoding=\"async\" width=\"1024\" height=\"755\" data-id=\"9487965\" src=\"https:\/\/regiontatry.sk\/wp-content\/uploads\/2024\/02\/c-Marek-Hajkovsky-foto-LS-2018_11_11zon-1-1-1024x755.jpg\" alt=\"\" class=\"wp-image-9487965\" srcset=\"https:\/\/regiontatry.sk\/wp-content\/uploads\/2024\/02\/c-Marek-Hajkovsky-foto-LS-2018_11_11zon-1-1-1024x755.jpg 1024w, https:\/\/regiontatry.sk\/wp-content\/uploads\/2024\/02\/c-Marek-Hajkovsky-foto-LS-2018_11_11zon-1-1-300x221.jpg 300w, https:\/\/regiontatry.sk\/wp-content\/uploads\/2024\/02\/c-Marek-Hajkovsky-foto-LS-2018_11_11zon-1-1-768x566.jpg 768w, https:\/\/regiontatry.sk\/wp-content\/uploads\/2024\/02\/c-Marek-Hajkovsky-foto-LS-2018_11_11zon-1-1-1920x1415.jpg 1920w, https:\/\/regiontatry.sk\/wp-content\/uploads\/2024\/02\/c-Marek-Hajkovsky-foto-LS-2018_11_11zon-1-1-1705x1257.jpg 1705w, https:\/\/regiontatry.sk\/wp-content\/uploads\/2024\/02\/c-Marek-Hajkovsky-foto-LS-2018_11_11zon-1-1-698x514.jpg 698w, https:\/\/regiontatry.sk\/wp-content\/uploads\/2024\/02\/c-Marek-Hajkovsky-foto-LS-2018_11_11zon-1-1-552x407.jpg 552w\" sizes=\"(max-width: 1024px) 100vw, 1024px\" \/><\/figure>\n\n\n\n<figure class=\"wp-block-image size-large\"><img loading=\"lazy\" decoding=\"async\" width=\"1024\" height=\"663\" data-id=\"9487972\" src=\"https:\/\/regiontatry.sk\/wp-content\/uploads\/2024\/02\/c-Marek-Hajkovsky-foto-LS-2018_14_11zon-1-1024x663.jpg\" alt=\"\" class=\"wp-image-9487972\" srcset=\"https:\/\/regiontatry.sk\/wp-content\/uploads\/2024\/02\/c-Marek-Hajkovsky-foto-LS-2018_14_11zon-1-1024x663.jpg 1024w, https:\/\/regiontatry.sk\/wp-content\/uploads\/2024\/02\/c-Marek-Hajkovsky-foto-LS-2018_14_11zon-1-300x194.jpg 300w, https:\/\/regiontatry.sk\/wp-content\/uploads\/2024\/02\/c-Marek-Hajkovsky-foto-LS-2018_14_11zon-1-768x497.jpg 768w, https:\/\/regiontatry.sk\/wp-content\/uploads\/2024\/02\/c-Marek-Hajkovsky-foto-LS-2018_14_11zon-1-1920x1243.jpg 1920w, https:\/\/regiontatry.sk\/wp-content\/uploads\/2024\/02\/c-Marek-Hajkovsky-foto-LS-2018_14_11zon-1-1705x1104.jpg 1705w, https:\/\/regiontatry.sk\/wp-content\/uploads\/2024\/02\/c-Marek-Hajkovsky-foto-LS-2018_14_11zon-1-698x452.jpg 698w, https:\/\/regiontatry.sk\/wp-content\/uploads\/2024\/02\/c-Marek-Hajkovsky-foto-LS-2018_14_11zon-1-552x357.jpg 552w\" sizes=\"(max-width: 1024px) 100vw, 1024px\" \/><\/figure>\n\n\n\n<figure class=\"wp-block-image size-large\"><img loading=\"lazy\" decoding=\"async\" width=\"1024\" height=\"681\" data-id=\"9495638\" src=\"https:\/\/regiontatry.sk\/wp-content\/uploads\/2024\/02\/c-Marek-Hajkovsky-foto-LS-2020_134_11zon-1-1024x681.jpg\" alt=\"\" class=\"wp-image-9495638\" srcset=\"https:\/\/regiontatry.sk\/wp-content\/uploads\/2024\/02\/c-Marek-Hajkovsky-foto-LS-2020_134_11zon-1-1024x681.jpg 1024w, https:\/\/regiontatry.sk\/wp-content\/uploads\/2024\/02\/c-Marek-Hajkovsky-foto-LS-2020_134_11zon-1-300x200.jpg 300w, https:\/\/regiontatry.sk\/wp-content\/uploads\/2024\/02\/c-Marek-Hajkovsky-foto-LS-2020_134_11zon-1-768x511.jpg 768w, https:\/\/regiontatry.sk\/wp-content\/uploads\/2024\/02\/c-Marek-Hajkovsky-foto-LS-2020_134_11zon-1-1920x1278.jpg 1920w, https:\/\/regiontatry.sk\/wp-content\/uploads\/2024\/02\/c-Marek-Hajkovsky-foto-LS-2020_134_11zon-1-1705x1135.jpg 1705w, https:\/\/regiontatry.sk\/wp-content\/uploads\/2024\/02\/c-Marek-Hajkovsky-foto-LS-2020_134_11zon-1-698x464.jpg 698w, https:\/\/regiontatry.sk\/wp-content\/uploads\/2024\/02\/c-Marek-Hajkovsky-foto-LS-2020_134_11zon-1-552x367.jpg 552w\" sizes=\"(max-width: 1024px) 100vw, 1024px\" \/><\/figure>\n<\/figure>\n\n\n\n<p>Du\u017c\u0105 popularno\u015bci\u0105 cieszy si\u0119 tak\u017ce Audi Ski Arena \u2013&nbsp;trasa slalomowa\nz&nbsp;pomiarem czasu.&nbsp;Trasa umieszczona jest przez ca\u0142y sezon zimowy <strong>na stoku \u010cu\u010doriedky z\u00e1pad (wschodnia\nstrona stoku).&nbsp;<\/strong><\/p>\n\n\n\n<figure class=\"wp-block-image size-full\"><img loading=\"lazy\" decoding=\"async\" width=\"2560\" height=\"1845\" src=\"https:\/\/regiontatry.sk\/wp-content\/uploads\/2025\/11\/mapa-TL_2025-26_rozmery_press_420-x-297_page-scaled.jpg\" alt=\"\" class=\"wp-image-13150345\" srcset=\"https:\/\/regiontatry.sk\/wp-content\/uploads\/2025\/11\/mapa-TL_2025-26_rozmery_press_420-x-297_page-scaled.jpg 2560w, https:\/\/regiontatry.sk\/wp-content\/uploads\/2025\/11\/mapa-TL_2025-26_rozmery_press_420-x-297_page-300x216.jpg 300w, https:\/\/regiontatry.sk\/wp-content\/uploads\/2025\/11\/mapa-TL_2025-26_rozmery_press_420-x-297_page-1024x738.jpg 1024w, https:\/\/regiontatry.sk\/wp-content\/uploads\/2025\/11\/mapa-TL_2025-26_rozmery_press_420-x-297_page-768x554.jpg 768w, https:\/\/regiontatry.sk\/wp-content\/uploads\/2025\/11\/mapa-TL_2025-26_rozmery_press_420-x-297_page-1536x1107.jpg 1536w, https:\/\/regiontatry.sk\/wp-content\/uploads\/2025\/11\/mapa-TL_2025-26_rozmery_press_420-x-297_page-2048x1476.jpg 2048w, https:\/\/regiontatry.sk\/wp-content\/uploads\/2025\/11\/mapa-TL_2025-26_rozmery_press_420-x-297_page-1920x1384.jpg 1920w, https:\/\/regiontatry.sk\/wp-content\/uploads\/2025\/11\/mapa-TL_2025-26_rozmery_press_420-x-297_page-1705x1229.jpg 1705w, https:\/\/regiontatry.sk\/wp-content\/uploads\/2025\/11\/mapa-TL_2025-26_rozmery_press_420-x-297_page-860x620.jpg 860w, https:\/\/regiontatry.sk\/wp-content\/uploads\/2025\/11\/mapa-TL_2025-26_rozmery_press_420-x-297_page-698x503.jpg 698w, https:\/\/regiontatry.sk\/wp-content\/uploads\/2025\/11\/mapa-TL_2025-26_rozmery_press_420-x-297_page-552x398.jpg 552w\" sizes=\"(max-width: 2560px) 100vw, 2560px\" \/><\/figure>\n\n\n\n<h3 class=\"wp-block-heading\"><br><strong><a href=\"https:\/\/www.vt.sk\/\" target=\"_blank\" rel=\"noreferrer noopener\">Strona internetowa o\u015brodka<br><\/a><\/strong><\/h3>\n","protected":false},"excerpt":{"rendered":"<p>W najnowocze\u015bniejszym s\u0142owackim o\u015brodku narciarskim Tatrza\u0144ska \u0141omnica znajduje si\u0119 12 tras zjazdowych o r\u00f3\u017cnym stopniu trudno\u015bci. Przewy\u017cszenie a\u017c 1 300 m, gwarancja \u015bniegu przez 5 miesi\u0119cy w roku,&nbsp;najnowocze\u015bniejsza 15-osobowa kolej gondolowa, oraz poszerzone trasy zjazdowe s\u0105 gwarancj\u0105 doskona\u0142ych wra\u017ce\u0144 na najlepszej trasie carvingowej o d\u0142. 5,5 km i szeroko\u015bci do 60 m. O\u015brodek oferuje tak\u017ce [&hellip;]<\/p>\n","protected":false},"author":2,"featured_media":11191246,"parent":1601,"menu_order":0,"comment_status":"closed","ping_status":"closed","template":"template-list.php","meta":{"footnotes":""},"class_list":["post-15959","page","type-page","status-publish","has-post-thumbnail","hentry"],"_links":{"self":[{"href":"https:\/\/regiontatry.sk\/pl\/wp-json\/wp\/v2\/pages\/15959"}],"collection":[{"href":"https:\/\/regiontatry.sk\/pl\/wp-json\/wp\/v2\/pages"}],"about":[{"href":"https:\/\/regiontatry.sk\/pl\/wp-json\/wp\/v2\/types\/page"}],"author":[{"embeddable":true,"href":"https:\/\/regiontatry.sk\/pl\/wp-json\/wp\/v2\/users\/2"}],"replies":[{"embeddable":true,"href":"https:\/\/regiontatry.sk\/pl\/wp-json\/wp\/v2\/comments?post=15959"}],"version-history":[{"count":7,"href":"https:\/\/regiontatry.sk\/pl\/wp-json\/wp\/v2\/pages\/15959\/revisions"}],"predecessor-version":[{"id":13150352,"href":"https:\/\/regiontatry.sk\/pl\/wp-json\/wp\/v2\/pages\/15959\/revisions\/13150352"}],"up":[{"embeddable":true,"href":"https:\/\/regiontatry.sk\/pl\/wp-json\/wp\/v2\/pages\/1601"}],"wp:featuredmedia":[{"embeddable":true,"href":"https:\/\/regiontatry.sk\/pl\/wp-json\/wp\/v2\/media\/11191246"}],"wp:attachment":[{"href":"https:\/\/regiontatry.sk\/pl\/wp-json\/wp\/v2\/media?parent=15959"}],"curies":[{"name":"wp","href":"https:\/\/api.w.org\/{rel}","templated":true}]}}