{"id":15961,"date":"2018-09-24T16:53:57","date_gmt":"2018-09-24T14:53:57","guid":{"rendered":"https:\/\/regiontatry.sk\/rodina-a-deti-leto\/tatranska-divocina-2\/"},"modified":"2020-07-21T10:10:42","modified_gmt":"2020-07-21T08:10:42","slug":"tatrzanska-dzikolandia","status":"publish","type":"page","link":"https:\/\/regiontatry.sk\/pl\/rodzina-i-dzieci-lato\/tatrzanska-dzikolandia\/","title":{"rendered":"Tatrza\u0144ska Dzikolandia"},"content":{"rendered":"\n<p>Tak\u017ce w tym roku, ale w nowej, ulepszonej formie, na rodziny z dzie\u0107mi czekaj\u0105 niezwyk\u0142e przygody dzi\u0119ki&nbsp;<strong>ekologicznemu projektowi Tatrza\u0144ska Dzikolandia<\/strong>. Zn\u00f3w wzbogacone, nowe przygody, ale ci\u0105gle trzymaj\u0105ce w napi\u0119ciu etapy rozmieszczone w ca\u0142ych Tatrach.<\/p>\n\n\n\n<p>Dzieci w formie nauki przez zabaw\u0119 poznaj\u0105 najpi\u0119kniejsze i najbardziej interesuj\u0105ce miejsca w Tatrach.&nbsp;<strong>Nasi 4 zwierz\u0119cy przyjaciele &#8211; \u015bwistak Jurko, orze\u0142 Karol, nied\u017awied\u017a Kuba i kozio\u0142 Pirin<\/strong>&nbsp;b\u0119d\u0105 dzieci\u0119cymi przewodnikami i jednocze\u015bnie ich pomocnikami.<\/p>\n\n\n\n<p>Tego roku przygotowali\u015bmy&nbsp;<strong>7 etap\u00f3w przygody, a nowo\u015bci\u0105 jest 5 zada\u0144 na wolny czas pod nazw\u0105 \u201eZagraj\u201c<\/strong>. Broszura pe\u0142na trzymaj\u0105cych w napi\u0119ciu przyg\u00f3d, zabawy, opowie\u015bci uprzyjemni chwile w Tatrach nie tylko dzieciom, ale te\u017c doros\u0142ym. Opr\u00f3cz niezapomnianych prze\u017cy\u0107&nbsp;<strong>mo\u017cna zdoby\u0107 te\u017c wspania\u0142e nagrody, o&nbsp;kt\u00f3re gramy co miesi\u0105c<\/strong>.<\/p>\n\n\n\n<hr class=\"wp-block-separator\"\/>\n\n\n\n<div class=\"wp-block-image\"><figure class=\"alignleft is-resized\"><img loading=\"lazy\" decoding=\"async\" src=\"https:\/\/www.vt.sk\/fileadmin\/_processed_\/3\/0\/csm_csm_medved_kubo_7c2db2a5d4_f4832a40f7.jpg\" alt=\"\" width=\"182\" height=\"182\"\/><\/figure><\/div>\n\n\n\n<p><strong>1. NIEDZWIED\u0179 KUBO I JEGO PRZYJACIELE Z TATR,<\/strong> Tatrza\u0144ska \u0141omnica \u2013 okolica baru Apres ski<\/p>\n\n\n\n<p>Twoim zadaniem w okolicy baru Apres ski b\u0119dzie znale\u017a\u0107 i\u00a0odpowiedzie\u0107 na zagadki dotycz\u0105ce zwierz\u0105tek, kt\u00f3re \u017cyj\u0105 tutaj w Tatrach. Je\u015bli zgadniesz, uda Ci si\u0119 rozwi\u0105za\u0107 zadanie. W nagrod\u0119 mo\u017cesz skosztowa\u0107 pysznego Smoothie nied\u017awiadka Kuby, lod\u00f3w albo innych rarytas\u00f3w. Zwierz\u0105tka te\u017c uwielbiaj\u0105 smako\u0142yki.<br><br><br><\/p>\n\n\n\n<div class=\"wp-block-image\"><figure class=\"alignright is-resized\"><img loading=\"lazy\" decoding=\"async\" src=\"https:\/\/www.vt.sk\/fileadmin\/_processed_\/4\/8\/csm_csm_csm_svist_jurko_bc0b9e7fcc_8dbd7fa1d5_1e5d267a59.jpg\" alt=\"\" width=\"182\" height=\"182\"\/><\/figure><\/div>\n\n\n\n<p><strong>2.\u00a0RADA \u015aWISTAKA JURKA,<\/strong> Tatrza\u0144ska \u0141omnica \u2013 Restauracja Humno<\/p>\n\n\n\n<p>Rozwi\u0105\u017c zadanie w swoim Przewodniku. \u00a0Przy placu zabaw znajduj\u0105cym si\u0119 przy restauracji \u00a0Humno znajd\u017a tabliczk\u0119 \u015bwistaka Jurka, kt\u00f3ry powie Ci, co masz zrobi\u0107, aby rozwi\u0105za\u0107 zadanie.<br><br><br><\/p>\n\n\n\n<div class=\"wp-block-image\"><figure class=\"alignleft is-resized\"><img loading=\"lazy\" decoding=\"async\" src=\"https:\/\/www.vt.sk\/fileadmin\/_processed_\/0\/3\/csm_csm_kamzik_ivan_b1969ad9ae_ed69359043.jpg\" alt=\"\" width=\"182\" height=\"182\"\/><\/figure><\/div>\n\n\n\n<p><strong>3. ZGUBIONE PUZZLE KOZ\u0141A PIRINA<\/strong>, \u0141omnicki Staw (s\u0142ow. Skalnat\u00e9 pleso)<\/p>\n\n\n\n<p>Kozio\u0142 Pirin podczas spaceru wok\u00f3\u0142 \u0141omnickiego Stawu zgubi\u0142 swoje ulubione puzzle. Na szcz\u0119\u015bcie zobaczy\u0142 je z\u00a0g\u00f3ry orze\u0142 Karol. Pom\u00f3\u017c mu odnale\u017a\u0107 puzzle za pomoc\u0105 wsp\u00f3\u0142rz\u0119dnych GPS lub przy pomocy mapy umieszczonej w Przewodniku. Czy uda Ci si\u0119 zgadn\u0105\u0107, jaki obrazek jest umieszczony na puzzlach?<br><br><br><\/p>\n\n\n\n<div class=\"wp-block-image\"><figure class=\"alignright is-resized\"><img loading=\"lazy\" decoding=\"async\" src=\"https:\/\/www.vt.sk\/fileadmin\/_processed_\/2\/2\/csm_letna_dovolenka_fotogaleria_tatranska_divocina3_07_f6ce6c5ca6.jpg\" alt=\"\" width=\"182\" height=\"137\"\/><\/figure><\/div>\n\n\n\n<p><strong>4. \u0141OMNICKA PRZE\u0141\u0118CZ W STRON\u0118 WIELKIEJ \u0141OMNICKIEJ BASZTY, <\/strong>Prze\u0142\u0119cz \u0141omnicka (s\u0142ow. Lomnick\u00e9 sedlo)<\/p>\n\n\n\n<p>Spacer po \u0141omnickiej Prze\u0142\u0119czy jest \u015bwietn\u0105 okazj\u0105 do sprawdzenia swojej wiedzy na temat Tatr Wysokich. Dzi\u0119ki w\u0142a\u015bciwym odpowiedziom zbierzesz symbole, a&nbsp;na ko\u0144cu wycieczki znajdziesz magiczne ko\u0142o, kt\u00f3re pomo\u017ce Ci rozwi\u0105za\u0107 zadanie.<\/p>\n\n\n\n<div class=\"wp-block-image\"><figure class=\"alignleft is-resized\"><img loading=\"lazy\" decoding=\"async\" src=\"https:\/\/www.vt.sk\/fileadmin\/_processed_\/c\/4\/csm_csm_orol_karol_9cfc09e0c2_dc198dc1a8.jpg\" alt=\"\" width=\"182\" height=\"182\"\/><\/figure><\/div>\n\n\n\n<p><strong>5.\u00a0MAGISTRAL\u0104 Z PRZYJACI\u00d3\u0141MI, <\/strong>z\u00a0\u0141omnickiego Stawu do Olbrzymiego Wodospadu<\/p>\n\n\n\n<p>Magistrala Tatrza\u0144ska jest bardzo popularna w\u015br\u00f3d mi\u0142o\u015bnik\u00f3w Tatr. Zwierz\u0105tka te\u017c ch\u0119tnie spaceruj\u0105 tym szlakiem. Podczas jednego ze spacer\u00f3w rozmawiali o tym, kt\u00f3re miejsce w Tatrach Wysokich nale\u017cy do ich ulubionych. Pierwszy powiedzia\u0142 kozio\u0142 Pirin. By\u0142o to dla niego \u0142atwe. Wybra\u0142 miejsce, z kt\u00f3rego rozci\u0105ga si\u0119 cudowna panorama, dzi\u0119ki czemu wie, co dzieje si\u0119 w okolicy. Zgadniesz, o\u00a0kt\u00f3rym miejscu mowa?<br><br><br><\/p>\n\n\n\n<div class=\"wp-block-image\"><figure class=\"alignright is-resized\"><img loading=\"lazy\" decoding=\"async\" src=\"https:\/\/www.vt.sk\/fileadmin\/_processed_\/f\/a\/csm_csm_jasna_leto__26__1cbce470cd_8a1f342b35.jpg\" alt=\"\" width=\"182\" height=\"122\"\/><\/figure><\/div>\n\n\n\n<p><strong>6.\u00a0LE\u015aNA DRU\u017bYNA NA PATROLU,<\/strong> z\u00a0Hrebienka do schroniska Rainerov\u00e1 chata<\/p>\n\n\n\n<p>Spacer z\u00a0Hrebienka do schroniska Rainerov\u00e1 chata jest \u0142atwy i\u00a0przyjemny, dzi\u0119ki czemu jest to jedna z\u00a0najpopularniejszych tras w Tatrach. Le\u015bna dru\u017cyna na czele z nied\u017awiedziem Kub\u0105 wybra\u0142a si\u0119 na patrol by sprawdzi\u0107, czy ludzie wiedz\u0105, jak powinni zachowywa\u0107 si\u0119 w lesie i nie ba\u0142agani\u0105. Zaszli dosy\u0107 daleko. Czy uda Ci si\u0119 zgadn\u0105\u0107, w kt\u00f3rym miejscu zako\u0144czyli sw\u00f3j patrol?<br><br><br><\/p>\n\n\n\n<div class=\"wp-block-image\"><figure class=\"alignleft is-resized\"><img loading=\"lazy\" decoding=\"async\" src=\"https:\/\/www.vt.sk\/fileadmin\/_processed_\/4\/8\/csm_csm_csm_svist_jurko_bc0b9e7fcc_8dbd7fa1d5_1e5d267a59.jpg\" alt=\"\" width=\"182\" height=\"182\"\/><\/figure><\/div>\n\n\n\n<p><strong>7.\u00a0POZDROWIENIA Z TATR, <\/strong>Solisko, Jezioro Szczyrbskie (s\u0142ow. \u0160trbsk\u00e9 Pleso)<\/p>\n\n\n\n<p>W odwiedziny do koz\u0142a Pirina przyszed\u0142 jego krewniak. W Tatrach Wysokich bardzo mu si\u0119 spodoba\u0142o, wi\u0119c postanowi\u0142 wys\u0142a\u0107 do domu widok\u00f3wk\u0119. Zgadniesz, jakie miejsce by\u0142o na widok\u00f3wce? Znajd\u017a tabliczki z\u00a0pytaniami na Solisku w pobli\u017cu restauracji Bivac Pizza, odpowiedz na pytania i\u00a0rozwi\u0105\u017c to nie\u0142atwe zadanie.<\/p>\n\n\n\n<figure class=\"wp-block-image\"><img loading=\"lazy\" decoding=\"async\" width=\"1024\" height=\"724\" src=\"https:\/\/regiontatry.sk\/wp-content\/uploads\/2020\/07\/TL_leto_2020_mapa-1024x724.png\" alt=\"\" class=\"wp-image-5031911\" srcset=\"https:\/\/regiontatry.sk\/wp-content\/uploads\/2020\/07\/TL_leto_2020_mapa-1024x724.png 1024w, https:\/\/regiontatry.sk\/wp-content\/uploads\/2020\/07\/TL_leto_2020_mapa-300x212.png 300w, https:\/\/regiontatry.sk\/wp-content\/uploads\/2020\/07\/TL_leto_2020_mapa-768x543.png 768w, https:\/\/regiontatry.sk\/wp-content\/uploads\/2020\/07\/TL_leto_2020_mapa-698x494.png 698w, https:\/\/regiontatry.sk\/wp-content\/uploads\/2020\/07\/TL_leto_2020_mapa-552x390.png 552w, https:\/\/regiontatry.sk\/wp-content\/uploads\/2020\/07\/TL_leto_2020_mapa.png 1226w\" sizes=\"(max-width: 1024px) 100vw, 1024px\" \/><\/figure>\n\n\n\n<figure class=\"wp-block-image\"><img loading=\"lazy\" decoding=\"async\" width=\"1024\" height=\"721\" src=\"https:\/\/regiontatry.sk\/wp-content\/uploads\/2020\/07\/SP_leto_2020_mapa-1024x721.png\" alt=\"\" class=\"wp-image-5031915\" srcset=\"https:\/\/regiontatry.sk\/wp-content\/uploads\/2020\/07\/SP_leto_2020_mapa-1024x721.png 1024w, https:\/\/regiontatry.sk\/wp-content\/uploads\/2020\/07\/SP_leto_2020_mapa-300x211.png 300w, https:\/\/regiontatry.sk\/wp-content\/uploads\/2020\/07\/SP_leto_2020_mapa-768x541.png 768w, https:\/\/regiontatry.sk\/wp-content\/uploads\/2020\/07\/SP_leto_2020_mapa-698x491.png 698w, https:\/\/regiontatry.sk\/wp-content\/uploads\/2020\/07\/SP_leto_2020_mapa-552x389.png 552w, https:\/\/regiontatry.sk\/wp-content\/uploads\/2020\/07\/SP_leto_2020_mapa.png 1230w\" sizes=\"(max-width: 1024px) 100vw, 1024px\" \/><\/figure>\n","protected":false},"excerpt":{"rendered":"<p>Tak\u017ce w tym roku, ale w nowej, ulepszonej formie, na rodziny z dzie\u0107mi czekaj\u0105 niezwyk\u0142e przygody dzi\u0119ki&nbsp;ekologicznemu projektowi Tatrza\u0144ska Dzikolandia. Zn\u00f3w wzbogacone, nowe przygody, ale ci\u0105gle trzymaj\u0105ce w napi\u0119ciu etapy rozmieszczone w ca\u0142ych Tatrach. Dzieci w formie nauki przez zabaw\u0119 poznaj\u0105 najpi\u0119kniejsze i najbardziej interesuj\u0105ce miejsca w Tatrach.&nbsp;Nasi 4 zwierz\u0119cy przyjaciele &#8211; \u015bwistak Jurko, orze\u0142 [&hellip;]<\/p>\n","protected":false},"author":4,"featured_media":5285,"parent":1581,"menu_order":0,"comment_status":"closed","ping_status":"closed","template":"template-simple-page.php","meta":{"footnotes":""},"class_list":["post-15961","page","type-page","status-publish","has-post-thumbnail","hentry"],"_links":{"self":[{"href":"https:\/\/regiontatry.sk\/pl\/wp-json\/wp\/v2\/pages\/15961"}],"collection":[{"href":"https:\/\/regiontatry.sk\/pl\/wp-json\/wp\/v2\/pages"}],"about":[{"href":"https:\/\/regiontatry.sk\/pl\/wp-json\/wp\/v2\/types\/page"}],"author":[{"embeddable":true,"href":"https:\/\/regiontatry.sk\/pl\/wp-json\/wp\/v2\/users\/4"}],"replies":[{"embeddable":true,"href":"https:\/\/regiontatry.sk\/pl\/wp-json\/wp\/v2\/comments?post=15961"}],"version-history":[{"count":2,"href":"https:\/\/regiontatry.sk\/pl\/wp-json\/wp\/v2\/pages\/15961\/revisions"}],"predecessor-version":[{"id":5031919,"href":"https:\/\/regiontatry.sk\/pl\/wp-json\/wp\/v2\/pages\/15961\/revisions\/5031919"}],"up":[{"embeddable":true,"href":"https:\/\/regiontatry.sk\/pl\/wp-json\/wp\/v2\/pages\/1581"}],"wp:featuredmedia":[{"embeddable":true,"href":"https:\/\/regiontatry.sk\/pl\/wp-json\/wp\/v2\/media\/5285"}],"wp:attachment":[{"href":"https:\/\/regiontatry.sk\/pl\/wp-json\/wp\/v2\/media?parent=15961"}],"curies":[{"name":"wp","href":"https:\/\/api.w.org\/{rel}","templated":true}]}}