{"id":15964,"date":"2018-09-14T11:25:48","date_gmt":"2018-09-14T09:25:48","guid":{"rendered":"https:\/\/regiontatry.sk\/turistika\/tatry-bez-barier\/"},"modified":"2019-10-10T13:03:07","modified_gmt":"2019-10-10T11:03:07","slug":"tatry-bez-barier","status":"publish","type":"page","link":"https:\/\/regiontatry.sk\/pl\/turystyka\/tatry-bez-barier\/","title":{"rendered":"Tatry bez barier"},"content":{"rendered":"\n<p>Wybrane szlaki udost\u0119pniaj\u0105 Tatry w ramach projektu Tatry bez barier tak\u017ce dla rodzin z w\u00f3zkami dzieci\u0119cymi i os\u00f3b niepe\u0142nosprawnych. Przez ca\u0142y rok mog\u0105 oni wybra\u0107 jedn\u0105 z o\u015bmiu tras turystycznych o \u0142\u0105cznej d\u0142ugo\u015bci ponad trzydziestu kilometr\u00f3w. Wraz z pozosta\u0142ymi mog\u0105 podziwia\u0107 tajemnice i pi\u0119kno tatrza\u0144skiej przyrody.<\/p>\n\n\n\n<ul class=\"wp-block-gallery columns-2 is-cropped\"><li class=\"blocks-gallery-item\"><figure><img loading=\"lazy\" decoding=\"async\" width=\"700\" height=\"525\" src=\"https:\/\/regiontatry.sk\/wp-content\/uploads\/2018\/10\/tatry_bez_barier_03.jpg\" alt=\"\" data-id=\"12999\" data-link=\"https:\/\/regiontatry.sk\/hiking\/tatry-bez-barier\/tatry_bez_barier_03\/\" class=\"wp-image-12999\" srcset=\"https:\/\/regiontatry.sk\/wp-content\/uploads\/2018\/10\/tatry_bez_barier_03.jpg 700w, https:\/\/regiontatry.sk\/wp-content\/uploads\/2018\/10\/tatry_bez_barier_03-300x225.jpg 300w, https:\/\/regiontatry.sk\/wp-content\/uploads\/2018\/10\/tatry_bez_barier_03-698x524.jpg 698w, https:\/\/regiontatry.sk\/wp-content\/uploads\/2018\/10\/tatry_bez_barier_03-552x414.jpg 552w\" sizes=\"(max-width: 700px) 100vw, 700px\" \/><\/figure><\/li><li class=\"blocks-gallery-item\"><figure><img loading=\"lazy\" decoding=\"async\" width=\"1000\" height=\"667\" src=\"https:\/\/regiontatry.sk\/wp-content\/uploads\/2018\/10\/tatry_bez_barier_04.jpg\" alt=\"\" data-id=\"13001\" data-link=\"https:\/\/regiontatry.sk\/hiking\/tatry-bez-barier\/tatry_bez_barier_04\/\" class=\"wp-image-13001\" srcset=\"https:\/\/regiontatry.sk\/wp-content\/uploads\/2018\/10\/tatry_bez_barier_04.jpg 1000w, https:\/\/regiontatry.sk\/wp-content\/uploads\/2018\/10\/tatry_bez_barier_04-300x200.jpg 300w, https:\/\/regiontatry.sk\/wp-content\/uploads\/2018\/10\/tatry_bez_barier_04-768x512.jpg 768w, https:\/\/regiontatry.sk\/wp-content\/uploads\/2018\/10\/tatry_bez_barier_04-698x466.jpg 698w, https:\/\/regiontatry.sk\/wp-content\/uploads\/2018\/10\/tatry_bez_barier_04-552x368.jpg 552w\" sizes=\"(max-width: 1000px) 100vw, 1000px\" \/><\/figure><\/li><\/ul>\n\n\n\n<p><strong><br>Droga le\u015bna Dolina Cicha w Orawicach<br><\/strong>Orawice \u2013 le\u015bnicz\u00f3wka w Dolinie Cichej &#8211; asfalt &#8211; 3,4 km<\/p>\n\n\n\n<p><strong>Droga le\u015bna Dolina Bobrowiecka<br><\/strong>Orawice &#8211; pod Grunikiem &#8211; asfalt &#8211; 3,2 km<\/p>\n\n\n\n<p><strong>Droga le\u015bna Dolina Rohacka<br><\/strong>Zverovka \u2013 by\u0142y Bufet Rohacki &#8211; asfalt &#8211; 3,1 km<\/p>\n\n\n\n<p><strong>Droga na Popradzki Staw<br><\/strong>Przystanek Popradzki Staw \u2013 Popradzki Staw &#8211; asfalt &#8211; 4,5 km<\/p>\n\n\n\n<p><strong>Droga do Schroniska Rainerova Chata<br><\/strong>Stary Smokowiec \u2013 Hrebienok \u2013 Rainerova Chata \u2013 zag\u0119szczona nawierzchnia \u017cwirowa &#8211; 4,2 km<br><\/p>\n\n\n\n<p><strong>Droga do le\u015bnicz\u00f3wki Podmur\u00e1\u0148<br><\/strong>Tatrza\u0144ska Jaworzyna \u2013 le\u015bnicz\u00f3wka Podmur\u00e1\u0148 &#8211; zag\u0119szczona nawierzchnia \u017cwirowa &#8211; 1,9 km<br><\/p>\n\n\n\n<p><strong>Droga do le\u015bnicz\u00f3wki w Dolinie Bia\u0142ej Wody<br><\/strong>\u0141ysa Polana \u2013 le\u015bnicz\u00f3wka w Dolinie Bia\u0142ej Wody &#8211; zag\u0119szczona nawierzchnia \u017cwirowa &#8211; 4 km<\/p>\n\n\n\n<p><strong>Prze\u0142om Dunajca (PIENAP)<\/strong><br>Czerwony Klasztor &#8211; Le\u015bnica &#8211; zag\u0119szczona nawierzchnia \u017cwirowa &#8211; 8 km<br><\/p>\n","protected":false},"excerpt":{"rendered":"<p>Wybrane szlaki udost\u0119pniaj\u0105 Tatry w ramach projektu Tatry bez barier tak\u017ce dla rodzin z w\u00f3zkami dzieci\u0119cymi i os\u00f3b niepe\u0142nosprawnych. Przez ca\u0142y rok mog\u0105 oni wybra\u0107 jedn\u0105 z o\u015bmiu tras turystycznych o \u0142\u0105cznej d\u0142ugo\u015bci ponad trzydziestu kilometr\u00f3w. Wraz z pozosta\u0142ymi mog\u0105 podziwia\u0107 tajemnice i pi\u0119kno tatrza\u0144skiej przyrody. Droga le\u015bna Dolina Cicha w OrawicachOrawice \u2013 le\u015bnicz\u00f3wka w [&hellip;]<\/p>\n","protected":false},"author":2,"featured_media":0,"parent":1561,"menu_order":0,"comment_status":"closed","ping_status":"closed","template":"template-simple-page.php","meta":{"footnotes":""},"class_list":["post-15964","page","type-page","status-publish","hentry"],"_links":{"self":[{"href":"https:\/\/regiontatry.sk\/pl\/wp-json\/wp\/v2\/pages\/15964"}],"collection":[{"href":"https:\/\/regiontatry.sk\/pl\/wp-json\/wp\/v2\/pages"}],"about":[{"href":"https:\/\/regiontatry.sk\/pl\/wp-json\/wp\/v2\/types\/page"}],"author":[{"embeddable":true,"href":"https:\/\/regiontatry.sk\/pl\/wp-json\/wp\/v2\/users\/2"}],"replies":[{"embeddable":true,"href":"https:\/\/regiontatry.sk\/pl\/wp-json\/wp\/v2\/comments?post=15964"}],"version-history":[{"count":3,"href":"https:\/\/regiontatry.sk\/pl\/wp-json\/wp\/v2\/pages\/15964\/revisions"}],"predecessor-version":[{"id":20583,"href":"https:\/\/regiontatry.sk\/pl\/wp-json\/wp\/v2\/pages\/15964\/revisions\/20583"}],"up":[{"embeddable":true,"href":"https:\/\/regiontatry.sk\/pl\/wp-json\/wp\/v2\/pages\/1561"}],"wp:attachment":[{"href":"https:\/\/regiontatry.sk\/pl\/wp-json\/wp\/v2\/media?parent=15964"}],"curies":[{"name":"wp","href":"https:\/\/api.w.org\/{rel}","templated":true}]}}