{"id":15966,"date":"2018-09-13T15:55:29","date_gmt":"2018-09-13T13:55:29","guid":{"rendered":"https:\/\/regiontatry.sk\/wellness-a-relax-2\/"},"modified":"2019-05-14T11:01:34","modified_gmt":"2019-05-14T09:01:34","slug":"wellness-a-relax-2","status":"publish","type":"page","link":"https:\/\/regiontatry.sk\/pl\/wellness-a-relax-2\/","title":{"rendered":"Zdrav\u00fd \u017eivotn\u00fd \u0161t\u00fdl a Wellness"},"content":{"rendered":"\n<p>Fyzick\u00e9 zdravie a du\u0161evn\u00e1 rovnov\u00e1ha sa st\u00e1va \u017eivotn\u00fdm postojom mnoh\u00fdch \u013eud\u00ed dne\u0161nej doby.&nbsp;<strong>Odpo\u010dinok v tatranskej pr\u00edrode je predsa ten najlep\u0161\u00ed recept na v\u00fdzvy ka\u017edodenn\u00e9ho \u017eivota.<\/strong><\/p>\n\n\n\n<p><strong>V\u010faka jedine\u010dne lie\u010div\u00fdm \u00fa\u010dinkom miestnej kl\u00edmy s\u00fa Tatry u\u017e odd\u00e1vna vyh\u013ead\u00e1van\u00e9 n\u00e1v\u0161tevn\u00edkmi z cel\u00e9ho sveta.<\/strong>&nbsp;Ka\u017ed\u00fd , kto t\u00fa\u017ei po blahod\u00e1rnom oddychu, regener\u00e1cii s\u00edl, harm\u00f3nii tela a du\u0161e, vitalite a kr\u00e1se \u010di len bo\u017eskom pokoj si tu n\u00e1jde svoj ostrov zdravia.<\/p>\n\n\n\n<p>Ponorte sa aj vy do tatranskej pr\u00edrody a na\u010derpajte silu a pokoj ktor\u00fd pohlad\u00ed va\u0161e zmysly!<\/p>\n\n\n\n<p><strong>Neoby\u010dajn\u00e1 \u010distota vzduchu<\/strong>, vysok\u00e9 hodnoty slne\u010dn\u00e9ho svitu,&nbsp;<strong>pres\u00fdtenos\u0165 tatransk\u00e9ho ovzdu\u0161ia vo\u0148av\u00fdmi silicami<\/strong>&nbsp;a mnoh\u00e9 \u010fal\u0161ie prvky V\u00e1s presved\u010dia o svojich ozdravn\u00fdch \u00fa\u010dinkoch.<\/p>\n\n\n\t<a href=\"\/wellness-a-relax\/klimaticke-kupele\/\" class=\"wp-block-cgb-block-creanet-list category-list grid-x grid-padding-x align-middle\">\n\t\t\t\t\t<div class=\"small-12 medium-6 large-5\">\n\t\t\t\t<figure><img src='https:\/\/regiontatry.sk\/wp-content\/uploads\/2018\/10\/hotel-branisko-zima_full.jpg'\n\t\t\t\t\t\talt=''\n\t\t\t\t\t\ttitle='hotel-branisko-zima_full'\n\t\t\t\t\t\/><\/figure>\n\t\t\t<\/div>\n\t\t\n\n\t\t<div class=\"cell small-12 medium-5 large-7\">\n\t\t\t<h3>Klimatick\u00e9 k\u00fapele \u2013 centr\u00e1 zdravia<\/h3>\n\t\t\t<p>Najzn\u00e1mej\u0161ie <strong>klimatick\u00e9 k\u00fapele<\/strong> na Slovensku s\u00fa jedine\u010dn\u00e9 v\u010faka lie\u010div\u00fdm prvkom\u00a0tatranskej kl\u00edmy. Tatransk\u00e9 k\u00fapele vyu\u017e\u00edvaj\u00fa najm\u00e4 \u013eudia s d\u00fdchac\u00edmi probl\u00e9mami, ktor\u00fdm\u00a0klimatoterapia spojen\u00e1 s \u010fal\u0161\u00edmi lie\u010debn\u00fdmi proced\u00farami v\u00fdrazne pom\u00e1ha v regener\u00e1ci\u00ed.<\/p>\n\t\t<\/div>\n\t<\/a>\n\n\t\n\n\t<a href=\"\/rodina-a-deti\/rodinna-turistika-zima\/\" class=\"wp-block-cgb-block-creanet-list category-list grid-x grid-padding-x align-middle\">\n\t\t\t\t\t<div class=\"small-12 medium-6 large-5\">\n\t\t\t\t<figure><img src='https:\/\/regiontatry.sk\/wp-content\/uploads\/2018\/10\/popradske-pleso.jpeg'\n\t\t\t\t\t\talt=''\n\t\t\t\t\t\ttitle='popradske-pleso'\n\t\t\t\t\t\/><\/figure>\n\t\t\t<\/div>\n\t\t\n\n\t\t<div class=\"cell small-12 medium-5 large-7\">\n\t\t\t<h3>Kr\u00e1sni a vit\u00e1lni v\u010faka sile pr\u00edrody<\/h3>\n\t\t\t<p>Nezab\u00fadajte na pravideln\u00fa obnovu energie a pod\u010diarknite svoju kr\u00e1su v\u010faka ozdravn\u00fdm \u00fa\u010dinkom tatranskej pr\u00edrody. Nechajte sa rozmazn\u00e1va\u0165 a doprajte si mal\u00fa <strong>prech\u00e1dzku bielou krajinou<\/strong>, ktor\u00e1 bude balzamom nielen pre va\u0161e telo ale aj du\u0161u. Tatransk\u00fd vzduch je najlep\u0161\u00ed liek na kr\u00e1snu ple\u0165!<\/p>\n\t\t<\/div>\n\t<\/a>\n\n\t\n\n\t<a href=\"\/wellness-a-relax\/wellness-spa-hotely\/\" class=\"wp-block-cgb-block-creanet-list category-list grid-x grid-padding-x align-middle\">\n\t\t\t\t\t<div class=\"small-12 medium-6 large-5\">\n\t\t\t\t<figure><img src='https:\/\/regiontatry.sk\/wp-content\/uploads\/2019\/05\/wellness-ko\u0301pia.jpg'\n\t\t\t\t\t\talt=''\n\t\t\t\t\t\ttitle='wellness - ko\u0301pia'\n\t\t\t\t\t\/><\/figure>\n\t\t\t<\/div>\n\t\t\n\n\t\t<div class=\"cell small-12 medium-5 large-7\">\n\t\t\t<h3>Pr\u00edrodn\u00e9 bylinky pre v\u00e1\u0161 dokonal\u00fd relax<\/h3>\n\t\t\t<p>Otvorte nepoznan\u00fa dimenziu starostlivosti o telo i du\u0161u v\u010faka sile tatransk\u00fdch byl\u00edn. Nechajte sa h\u00fd\u010dka\u0165 pr\u00edrodn\u00fdmi \u00e9terick\u00fdmi olejmi z v\u00fd\u0165a\u017ekov horsk\u00fdch kvet\u00edn a vychutnajte si moment maxim\u00e1lneho p\u00f4\u017eitku v <strong>tatransk\u00fdch wellness hoteloch<\/strong>.<\/p>\n\t\t<\/div>\n\t<\/a>\n\n\t\n\n\t<a href=\"\/wellness-a-relax\/kryoterapia\/\" class=\"wp-block-cgb-block-creanet-list category-list grid-x grid-padding-x align-middle\">\n\t\t\t\t\t<div class=\"small-12 medium-6 large-5\">\n\t\t\t\t<figure><img src='https:\/\/regiontatry.sk\/wp-content\/uploads\/2018\/08\/kryo.jpg'\n\t\t\t\t\t\talt=''\n\t\t\t\t\t\ttitle='kryo'\n\t\t\t\t\t\/><\/figure>\n\t\t\t<\/div>\n\t\t\n\n\t\t<div class=\"cell small-12 medium-5 large-7\">\n\t\t\t<h3>Kryoterapiou k upevneniu zdravia a imunity<\/h3>\n\t\t\t<p>Pobyt v kryokomore stimuluje prirodzen\u00fa tvorbu enz\u00fdmov a horm\u00f3nov podporuj\u00facich uzdravenie a v tele dok\u00e1\u017ee \u201ena\u0161tartova\u0165\u201c samolie\u010dbu a regener\u00e1ciu. Proced\u00fara zah\u0155\u0148a trojmin\u00fatov\u00fd pobyt v komore s priemernou teplotou \u2013120 \u00b0C, za ktor\u00fdm nasleduje intenz\u00edvne cvi\u010denie \u2013 Kinezoterapia.<\/p>\n\t\t<\/div>\n\t<\/a>\n\n\t\n\n\t<a href=\"\/wellness-a-relax\/vodny-svet-aquacity-poprad-zima\/\" class=\"wp-block-cgb-block-creanet-list category-list grid-x grid-padding-x align-middle\">\n\t\t\t\t\t<div class=\"small-12 medium-6 large-5\">\n\t\t\t\t<figure><img src='https:\/\/regiontatry.sk\/wp-content\/uploads\/2018\/10\/Aquacity_Relax.jpg'\n\t\t\t\t\t\talt=''\n\t\t\t\t\t\ttitle='Aquacity_Relax'\n\t\t\t\t\t\/><\/figure>\n\t\t\t<\/div>\n\t\t\n\n\t\t<div class=\"cell small-12 medium-5 large-7\">\n\t\t\t<h3>Vit\u00e1lny svet v znamen\u00ed \u017eivlov oh\u0148a a vody<\/h3>\n\t\t\t<p>Najv\u00e4\u010d\u0161ie dvojpodla\u017en\u00e9 wellness centrum v strednej Eur\u00f3pe s plochou viac ako 1590 m2 n\u00e1jdete v Aquacity Poprad. \u017divly ohe\u0148 a voda s\u00fa nov\u00fdm symbolom wellness centra, v ktorom n\u00e1jdete r\u00f4zne druhy s\u00e1un a inhala\u010dn\u00fdch miestnost\u00ed, ceremoni\u00e1lnu saunu, priv\u00e1tnu a party z\u00f3nu, sne\u017en\u00fa jasky\u0148u \u010di odpo\u010div\u00e1re\u0148 s vodn\u00fdmi poste\u013eami.<\/p>\n\t\t<\/div>\n\t<\/a>\n\n\t\n\n\n<p><br>Tatry V\u00e1m poskytn\u00fa vz\u00e1cny pokoj a intenz\u00edvny pr\u00edrodn\u00fd z\u00e1\u017eitok v ka\u017edom ro\u010dnom obdob\u00ed. Opl\u00fdvaj\u00fa osobit\u00fdm \u010darom, ktor\u00e9 si V\u00e1s nav\u017edy podman\u00ed. Nekone\u010dn\u00e9 mno\u017estvo v\u00fdh\u013eadov, kilometre horsk\u00fdch cesti\u010diek a miesta s jedine\u010dnou atmosf\u00e9rou V\u00e1s presved\u010dia, \u017ee \u017eiadny probl\u00e9m nie je tak\u00fd ve\u013ek\u00fd ako grandi\u00f3znos\u0165 pr\u00edrody samotnej.&nbsp;<strong>Zapo\u010d\u00favajte sa do ticha horsk\u00fdch dol\u00edn, nechajte sa opanta\u0165 bo\u017esk\u00fdm k\u013eudom a op\u00e4\u0165 n\u00e1jdite cestu sami k sebe.<\/strong><\/p>\n","protected":false},"excerpt":{"rendered":"<p>Fyzick\u00e9 zdravie a du\u0161evn\u00e1 rovnov\u00e1ha sa st\u00e1va \u017eivotn\u00fdm postojom mnoh\u00fdch \u013eud\u00ed dne\u0161nej doby.&nbsp;Odpo\u010dinok v tatranskej pr\u00edrode je predsa ten najlep\u0161\u00ed recept na v\u00fdzvy ka\u017edodenn\u00e9ho \u017eivota. V\u010faka jedine\u010dne lie\u010div\u00fdm \u00fa\u010dinkom miestnej kl\u00edmy s\u00fa Tatry u\u017e odd\u00e1vna vyh\u013ead\u00e1van\u00e9 n\u00e1v\u0161tevn\u00edkmi z cel\u00e9ho sveta.&nbsp;Ka\u017ed\u00fd , kto t\u00fa\u017ei po blahod\u00e1rnom oddychu, regener\u00e1cii s\u00edl, harm\u00f3nii tela a du\u0161e, vitalite a kr\u00e1se [&hellip;]<\/p>\n","protected":false},"author":1,"featured_media":3572,"parent":0,"menu_order":0,"comment_status":"closed","ping_status":"closed","template":"template-list.php","meta":{"footnotes":""},"class_list":["post-15966","page","type-page","status-publish","has-post-thumbnail","hentry"],"_links":{"self":[{"href":"https:\/\/regiontatry.sk\/pl\/wp-json\/wp\/v2\/pages\/15966"}],"collection":[{"href":"https:\/\/regiontatry.sk\/pl\/wp-json\/wp\/v2\/pages"}],"about":[{"href":"https:\/\/regiontatry.sk\/pl\/wp-json\/wp\/v2\/types\/page"}],"author":[{"embeddable":true,"href":"https:\/\/regiontatry.sk\/pl\/wp-json\/wp\/v2\/users\/1"}],"replies":[{"embeddable":true,"href":"https:\/\/regiontatry.sk\/pl\/wp-json\/wp\/v2\/comments?post=15966"}],"version-history":[{"count":1,"href":"https:\/\/regiontatry.sk\/pl\/wp-json\/wp\/v2\/pages\/15966\/revisions"}],"predecessor-version":[{"id":18294,"href":"https:\/\/regiontatry.sk\/pl\/wp-json\/wp\/v2\/pages\/15966\/revisions\/18294"}],"wp:featuredmedia":[{"embeddable":true,"href":"https:\/\/regiontatry.sk\/pl\/wp-json\/wp\/v2\/media\/3572"}],"wp:attachment":[{"href":"https:\/\/regiontatry.sk\/pl\/wp-json\/wp\/v2\/media?parent=15966"}],"curies":[{"name":"wp","href":"https:\/\/api.w.org\/{rel}","templated":true}]}}