{"id":15971,"date":"2018-09-07T13:44:23","date_gmt":"2018-09-07T11:44:23","guid":{"rendered":"https:\/\/regiontatry.sk\/turisticke-informacie\/salase-koliby\/"},"modified":"2025-05-02T14:43:05","modified_gmt":"2025-05-02T12:43:05","slug":"salase-koliby","status":"publish","type":"page","link":"https:\/\/regiontatry.sk\/pl\/gastronomia\/salase-koliby\/","title":{"rendered":"Sala\u0161e \/ Koliby"},"content":{"rendered":"\n<p>Schroniska i chaty w Tatrach oferuj\u0105 autentyczne smaki S\u0142owacji. Rozkoszuj si\u0119 haluszi, specja\u0142ami z bryndzy i innymi tradycyjnymi przysmakami<\/p>\n","protected":false},"excerpt":{"rendered":"<p>Schroniska i chaty w Tatrach oferuj\u0105 autentyczne smaki S\u0142owacji. Rozkoszuj si\u0119 haluszi, specja\u0142ami z bryndzy i innymi tradycyjnymi przysmakami<\/p>\n","protected":false},"author":1,"featured_media":7722645,"parent":8694510,"menu_order":0,"comment_status":"closed","ping_status":"closed","template":"template-objects.php","meta":{"footnotes":""},"class_list":["post-15971","page","type-page","status-publish","has-post-thumbnail","hentry"],"_links":{"self":[{"href":"https:\/\/regiontatry.sk\/pl\/wp-json\/wp\/v2\/pages\/15971"}],"collection":[{"href":"https:\/\/regiontatry.sk\/pl\/wp-json\/wp\/v2\/pages"}],"about":[{"href":"https:\/\/regiontatry.sk\/pl\/wp-json\/wp\/v2\/types\/page"}],"author":[{"embeddable":true,"href":"https:\/\/regiontatry.sk\/pl\/wp-json\/wp\/v2\/users\/1"}],"replies":[{"embeddable":true,"href":"https:\/\/regiontatry.sk\/pl\/wp-json\/wp\/v2\/comments?post=15971"}],"version-history":[{"count":3,"href":"https:\/\/regiontatry.sk\/pl\/wp-json\/wp\/v2\/pages\/15971\/revisions"}],"predecessor-version":[{"id":10225016,"href":"https:\/\/regiontatry.sk\/pl\/wp-json\/wp\/v2\/pages\/15971\/revisions\/10225016"}],"up":[{"embeddable":true,"href":"https:\/\/regiontatry.sk\/pl\/wp-json\/wp\/v2\/pages\/8694510"}],"wp:featuredmedia":[{"embeddable":true,"href":"https:\/\/regiontatry.sk\/pl\/wp-json\/wp\/v2\/media\/7722645"}],"wp:attachment":[{"href":"https:\/\/regiontatry.sk\/pl\/wp-json\/wp\/v2\/media?parent=15971"}],"curies":[{"name":"wp","href":"https:\/\/api.w.org\/{rel}","templated":true}]}}