{"id":15973,"date":"2018-09-07T13:33:16","date_gmt":"2018-09-07T11:33:16","guid":{"rendered":"https:\/\/regiontatry.sk\/ubytovanie\/specialne-ponuky\/pobyty-s-tatry-card\/"},"modified":"2019-10-10T13:52:42","modified_gmt":"2019-10-10T11:52:42","slug":"pobyty-z-tatry-card","status":"publish","type":"page","link":"https:\/\/regiontatry.sk\/pl\/zakwaterowanie\/oferty-specjalne\/pobyty-z-tatry-card\/","title":{"rendered":"Pobyty z Tatry Card"},"content":{"rendered":"\n<p>Wybierz nowoczesny hotel, rodzinny pensjonat, przytulny apartament lub domek weekendowy, zatrzymaj si\u0119 w Tatrach i skorzystaj ze zni\u017cek dzi\u0119ki regionalnej karcie TATRY Card.<\/p>\n\n\n\n<p>Wi\u0119cej informacji o regionalnej karcie\u00a0<strong><a href=\"https:\/\/regiontatry.sk\/pl\/ubytovanie\/co-je-tatry-card\/\" class=\"broken_link\">TATRY Card<\/a><\/strong><\/p>\n","protected":false},"excerpt":{"rendered":"<p>Wybierz nowoczesny hotel, rodzinny pensjonat, przytulny apartament lub domek weekendowy, zatrzymaj si\u0119 w Tatrach i skorzystaj ze zni\u017cek dzi\u0119ki regionalnej karcie TATRY Card. Wi\u0119cej informacji o regionalnej karcie\u00a0TATRY Card<\/p>\n","protected":false},"author":1,"featured_media":0,"parent":1810,"menu_order":0,"comment_status":"closed","ping_status":"closed","template":"template-objects.php","meta":{"footnotes":""},"class_list":["post-15973","page","type-page","status-publish","hentry"],"_links":{"self":[{"href":"https:\/\/regiontatry.sk\/pl\/wp-json\/wp\/v2\/pages\/15973"}],"collection":[{"href":"https:\/\/regiontatry.sk\/pl\/wp-json\/wp\/v2\/pages"}],"about":[{"href":"https:\/\/regiontatry.sk\/pl\/wp-json\/wp\/v2\/types\/page"}],"author":[{"embeddable":true,"href":"https:\/\/regiontatry.sk\/pl\/wp-json\/wp\/v2\/users\/1"}],"replies":[{"embeddable":true,"href":"https:\/\/regiontatry.sk\/pl\/wp-json\/wp\/v2\/comments?post=15973"}],"version-history":[{"count":3,"href":"https:\/\/regiontatry.sk\/pl\/wp-json\/wp\/v2\/pages\/15973\/revisions"}],"predecessor-version":[{"id":20610,"href":"https:\/\/regiontatry.sk\/pl\/wp-json\/wp\/v2\/pages\/15973\/revisions\/20610"}],"up":[{"embeddable":true,"href":"https:\/\/regiontatry.sk\/pl\/wp-json\/wp\/v2\/pages\/1810"}],"wp:attachment":[{"href":"https:\/\/regiontatry.sk\/pl\/wp-json\/wp\/v2\/media?parent=15973"}],"curies":[{"name":"wp","href":"https:\/\/api.w.org\/{rel}","templated":true}]}}