{"id":15974,"date":"2018-09-07T13:32:08","date_gmt":"2018-09-07T11:32:08","guid":{"rendered":"https:\/\/regiontatry.sk\/ubytovanie\/specialne-ponuky\/kongresy\/"},"modified":"2019-10-10T13:50:25","modified_gmt":"2019-10-10T11:50:25","slug":"kongresy","status":"publish","type":"page","link":"https:\/\/regiontatry.sk\/pl\/zakwaterowanie\/oferty-specjalne\/kongresy\/","title":{"rendered":"Kongresy"},"content":{"rendered":"\n<p>Wybierz co\u015b dla siebie z oferty pomieszcze\u0144<strong> kongresowych, sal konferencyjnych, pomieszcze\u0144 na warsztaty, imprezy firmowe, kulturalne i towarzyskie.<\/strong> Dzi\u0119ki specyficznej lokalizacji, Tatry Wysokie mog\u0105 sta\u0107 si\u0119 idealnym miejscem na organizacj\u0119 kongresu.<\/p>\n\n\n\n<p>(Uwaga: Obiekty s\u0105 uszeregowane zgodnie z\nmaksymaln\u0105 pojemno\u015bci\u0105 pomieszcze\u0144 kongresowych, a&nbsp;za poprawno\u015b\u0107 danych\nodpowiada dany podmiot).<\/p>\n","protected":false},"excerpt":{"rendered":"<p>Wybierz co\u015b dla siebie z oferty pomieszcze\u0144 kongresowych, sal konferencyjnych, pomieszcze\u0144 na warsztaty, imprezy firmowe, kulturalne i towarzyskie. Dzi\u0119ki specyficznej lokalizacji, Tatry Wysokie mog\u0105 sta\u0107 si\u0119 idealnym miejscem na organizacj\u0119 kongresu. (Uwaga: Obiekty s\u0105 uszeregowane zgodnie z maksymaln\u0105 pojemno\u015bci\u0105 pomieszcze\u0144 kongresowych, a&nbsp;za poprawno\u015b\u0107 danych odpowiada dany podmiot).<\/p>\n","protected":false},"author":1,"featured_media":0,"parent":1810,"menu_order":0,"comment_status":"closed","ping_status":"closed","template":"template-objects.php","meta":{"footnotes":""},"class_list":["post-15974","page","type-page","status-publish","hentry"],"_links":{"self":[{"href":"https:\/\/regiontatry.sk\/pl\/wp-json\/wp\/v2\/pages\/15974"}],"collection":[{"href":"https:\/\/regiontatry.sk\/pl\/wp-json\/wp\/v2\/pages"}],"about":[{"href":"https:\/\/regiontatry.sk\/pl\/wp-json\/wp\/v2\/types\/page"}],"author":[{"embeddable":true,"href":"https:\/\/regiontatry.sk\/pl\/wp-json\/wp\/v2\/users\/1"}],"replies":[{"embeddable":true,"href":"https:\/\/regiontatry.sk\/pl\/wp-json\/wp\/v2\/comments?post=15974"}],"version-history":[{"count":1,"href":"https:\/\/regiontatry.sk\/pl\/wp-json\/wp\/v2\/pages\/15974\/revisions"}],"predecessor-version":[{"id":20608,"href":"https:\/\/regiontatry.sk\/pl\/wp-json\/wp\/v2\/pages\/15974\/revisions\/20608"}],"up":[{"embeddable":true,"href":"https:\/\/regiontatry.sk\/pl\/wp-json\/wp\/v2\/pages\/1810"}],"wp:attachment":[{"href":"https:\/\/regiontatry.sk\/pl\/wp-json\/wp\/v2\/media?parent=15974"}],"curies":[{"name":"wp","href":"https:\/\/api.w.org\/{rel}","templated":true}]}}