{"id":15976,"date":"2018-09-07T13:28:28","date_gmt":"2018-09-07T11:28:28","guid":{"rendered":"https:\/\/regiontatry.sk\/ubytovanie\/specialne-ponuky\/bike-friendly\/"},"modified":"2019-07-01T13:50:47","modified_gmt":"2019-07-01T11:50:47","slug":"bike-friendly","status":"publish","type":"page","link":"https:\/\/regiontatry.sk\/pl\/zakwaterowanie\/oferty-specjalne\/bike-friendly\/","title":{"rendered":"Bike friendly"},"content":{"rendered":"\n<p>Prze\u017cyj co\u015b niepowtarzalnego. Poznaj Tatry Wysokie z perspektywy dw\u00f3ch k\u00f3\u0142ek i zakwateruj si\u0119 w jednym z obiekt\u00f3w noclegowych\u00a0<strong>BIKE friendly<\/strong>\u00a0bezpo\u015brednio w regionie Tatr, kt\u00f3ry oferuje\u00a0ponad 300 km oznaczonych tras rowerowych.<br><\/p>\n","protected":false},"excerpt":{"rendered":"<p>Prze\u017cyj co\u015b niepowtarzalnego. Poznaj Tatry Wysokie z perspektywy dw\u00f3ch k\u00f3\u0142ek i zakwateruj si\u0119 w jednym z obiekt\u00f3w noclegowych\u00a0BIKE friendly\u00a0bezpo\u015brednio w regionie Tatr, kt\u00f3ry oferuje\u00a0ponad 300 km oznaczonych tras rowerowych.<\/p>\n","protected":false},"author":1,"featured_media":0,"parent":1810,"menu_order":0,"comment_status":"closed","ping_status":"closed","template":"template-objects.php","meta":{"footnotes":""},"class_list":["post-15976","page","type-page","status-publish","hentry"],"_links":{"self":[{"href":"https:\/\/regiontatry.sk\/pl\/wp-json\/wp\/v2\/pages\/15976"}],"collection":[{"href":"https:\/\/regiontatry.sk\/pl\/wp-json\/wp\/v2\/pages"}],"about":[{"href":"https:\/\/regiontatry.sk\/pl\/wp-json\/wp\/v2\/types\/page"}],"author":[{"embeddable":true,"href":"https:\/\/regiontatry.sk\/pl\/wp-json\/wp\/v2\/users\/1"}],"replies":[{"embeddable":true,"href":"https:\/\/regiontatry.sk\/pl\/wp-json\/wp\/v2\/comments?post=15976"}],"version-history":[{"count":1,"href":"https:\/\/regiontatry.sk\/pl\/wp-json\/wp\/v2\/pages\/15976\/revisions"}],"predecessor-version":[{"id":19484,"href":"https:\/\/regiontatry.sk\/pl\/wp-json\/wp\/v2\/pages\/15976\/revisions\/19484"}],"up":[{"embeddable":true,"href":"https:\/\/regiontatry.sk\/pl\/wp-json\/wp\/v2\/pages\/1810"}],"wp:attachment":[{"href":"https:\/\/regiontatry.sk\/pl\/wp-json\/wp\/v2\/media?parent=15976"}],"curies":[{"name":"wp","href":"https:\/\/api.w.org\/{rel}","templated":true}]}}