{"id":15977,"date":"2018-09-07T13:24:21","date_gmt":"2018-09-07T11:24:21","guid":{"rendered":"https:\/\/regiontatry.sk\/ubytovanie\/specialne-ponuky\/family-friendly\/"},"modified":"2019-06-28T12:55:26","modified_gmt":"2019-06-28T10:55:26","slug":"family-friendly","status":"publish","type":"page","link":"https:\/\/regiontatry.sk\/pl\/zakwaterowanie\/oferty-specjalne\/family-friendly\/","title":{"rendered":"Family friendly"},"content":{"rendered":"\n<p>Odpowiednie\u00a0<strong>zakwaterowanie dla swojej rodziny<\/strong>\u00a0mo\u017cesz znale\u017a\u0107 w jednym z hoteli FAMILY\u00a0friendly i prze\u017cy\u0107 wspania\u0142y urlop pe\u0142en rodzinnej sielanki bezpo\u015brednio w\u00a0Tatrach Wysokich!<br><\/p>\n","protected":false},"excerpt":{"rendered":"<p>Odpowiednie\u00a0zakwaterowanie dla swojej rodziny\u00a0mo\u017cesz znale\u017a\u0107 w jednym z hoteli FAMILY\u00a0friendly i prze\u017cy\u0107 wspania\u0142y urlop pe\u0142en rodzinnej sielanki bezpo\u015brednio w\u00a0Tatrach Wysokich!<\/p>\n","protected":false},"author":1,"featured_media":0,"parent":1810,"menu_order":0,"comment_status":"closed","ping_status":"closed","template":"template-objects.php","meta":{"footnotes":""},"class_list":["post-15977","page","type-page","status-publish","hentry"],"_links":{"self":[{"href":"https:\/\/regiontatry.sk\/pl\/wp-json\/wp\/v2\/pages\/15977"}],"collection":[{"href":"https:\/\/regiontatry.sk\/pl\/wp-json\/wp\/v2\/pages"}],"about":[{"href":"https:\/\/regiontatry.sk\/pl\/wp-json\/wp\/v2\/types\/page"}],"author":[{"embeddable":true,"href":"https:\/\/regiontatry.sk\/pl\/wp-json\/wp\/v2\/users\/1"}],"replies":[{"embeddable":true,"href":"https:\/\/regiontatry.sk\/pl\/wp-json\/wp\/v2\/comments?post=15977"}],"version-history":[{"count":1,"href":"https:\/\/regiontatry.sk\/pl\/wp-json\/wp\/v2\/pages\/15977\/revisions"}],"predecessor-version":[{"id":19323,"href":"https:\/\/regiontatry.sk\/pl\/wp-json\/wp\/v2\/pages\/15977\/revisions\/19323"}],"up":[{"embeddable":true,"href":"https:\/\/regiontatry.sk\/pl\/wp-json\/wp\/v2\/pages\/1810"}],"wp:attachment":[{"href":"https:\/\/regiontatry.sk\/pl\/wp-json\/wp\/v2\/media?parent=15977"}],"curies":[{"name":"wp","href":"https:\/\/api.w.org\/{rel}","templated":true}]}}