{"id":15982,"date":"2018-09-07T11:27:30","date_gmt":"2018-09-07T09:27:30","guid":{"rendered":"https:\/\/regiontatry.sk\/turisticke-informacie\/doprava-v-regione\/"},"modified":"2024-11-06T21:45:12","modified_gmt":"2024-11-06T20:45:12","slug":"doprava-v-regione","status":"publish","type":"page","link":"https:\/\/regiontatry.sk\/pl\/informacje-turystyczne\/doprava-v-regione\/","title":{"rendered":"Transport w regionie"},"content":{"rendered":"\n<p>W regionie funkcjonuje transport lokalny w postaci ekologicznych poci\u0105g\u00f3w i autobus\u00f3w. Do o\u015brodk\u00f3w g\u00f3rskich mo\u017cna dojecha\u0107 Tatrza\u0144sk\u0105 Kolej\u0105 Elektryczn\u0105 (TE\u017d) lub autobusem z Popradu lub kolej\u0105 z\u0119bat\u0105 z Tatrza\u0144skiej Szczyrby, gdzie znajduje si\u0119 tak\u017ce stacja poci\u0105g\u00f3w ekspresowych. Tury\u015bci mog\u0105 r\u00f3wnie\u017c skorzysta\u0107 z parkingu i dojecha\u0107 do o\u015brodk\u00f3w autobusem wahad\u0142owym.<\/p>\n\n\n\n<h3 class=\"wp-block-heading\"><br><strong>Tatrza\u0144ska Kolej Elektryczna (TE\u017d)<\/strong><br><\/h3>\n\n\n\n<p> Tatrza\u0144ska Kolej Elektryczna (TE\u017d) w Tatrach Wysokich zapewnia transport na liniach <strong>Poprad-Tatry \u2013 Stary Smokowiec \u2013 Jezioro Szczyrbskie i Stary Smokowiec \u2013 Tatrza\u0144ska \u0141omnica.<\/strong>&nbsp;Od lutego 2022 r. kursuj\u0105 na tych trasach nowe hybrydowe tramwajo-kolejki, kt\u00f3re je\u017cd\u017c\u0105 przede wszystkim na odcinku Szczyrba \u2013 Jezioro Szczyrbskie. <\/p>\n\n\n\n<h3 class=\"wp-block-heading\"><br><strong>Koleja z\u0119bata (O\u017d) \u2013 \u201eZuba\u010dka\u201c <\/strong><\/h3>\n\n\n\n<p>Przewozi pasa\u017cer\u00f3w ze Szczyrby do Tatr\nWysokich i jest wa\u017cnym turystycznym punktem wypadowym. Jest to kolej, w kt\u00f3rej przenoszenie\nsi\u0142y poci\u0105gowej zapewnia przek\u0142adnia z\u0119bata zaz\u0119biona w osi kolei. Linia\nkolejki z\u0119batej przesz\u0142a remont w latach 2019-2022, a stare trybiki zosta\u0142y po\n50 latach zast\u0105pione nowymi hybrydowymi trybikami elektrycznymi (Bradavica,\nVysok\u00e1, Stredohrot, Kostol\u00edk, Ganek), kt\u00f3re opr\u00f3cz linii O\u017d mog\u0105 je\u017adzi\u0107\nr\u00f3wnie\u017c na linii TE\u017d.<\/p>\n\n\n\n<figure class=\"wp-block-gallery has-nested-images columns-default is-cropped wp-block-gallery-2 is-layout-flex wp-block-gallery-is-layout-flex\">\n<figure class=\"wp-block-image size-large\"><img loading=\"lazy\" decoding=\"async\" width=\"1024\" height=\"640\" data-id=\"7908847\" src=\"https:\/\/regiontatry.sk\/wp-content\/uploads\/2022\/04\/Strbske-pleso-elektricka-1024x640.jpg\" alt=\"\" class=\"wp-image-7908847\" srcset=\"https:\/\/regiontatry.sk\/wp-content\/uploads\/2022\/04\/Strbske-pleso-elektricka-1024x640.jpg 1024w, https:\/\/regiontatry.sk\/wp-content\/uploads\/2022\/04\/Strbske-pleso-elektricka-300x188.jpg 300w, https:\/\/regiontatry.sk\/wp-content\/uploads\/2022\/04\/Strbske-pleso-elektricka-768x480.jpg 768w, https:\/\/regiontatry.sk\/wp-content\/uploads\/2022\/04\/Strbske-pleso-elektricka.jpg 1920w, https:\/\/regiontatry.sk\/wp-content\/uploads\/2022\/04\/Strbske-pleso-elektricka-1705x1066.jpg 1705w, https:\/\/regiontatry.sk\/wp-content\/uploads\/2022\/04\/Strbske-pleso-elektricka-698x436.jpg 698w, https:\/\/regiontatry.sk\/wp-content\/uploads\/2022\/04\/Strbske-pleso-elektricka-552x345.jpg 552w\" sizes=\"(max-width: 1024px) 100vw, 1024px\" \/><\/figure>\n\n\n\n<figure class=\"wp-block-image size-large\"><img loading=\"lazy\" decoding=\"async\" width=\"1024\" height=\"768\" data-id=\"5190119\" src=\"https:\/\/regiontatry.sk\/wp-content\/uploads\/2020\/09\/IMG_20200614_132855-1024x768.jpg\" alt=\"\" class=\"wp-image-5190119\" srcset=\"https:\/\/regiontatry.sk\/wp-content\/uploads\/2020\/09\/IMG_20200614_132855-1024x768.jpg 1024w, https:\/\/regiontatry.sk\/wp-content\/uploads\/2020\/09\/IMG_20200614_132855-300x225.jpg 300w, https:\/\/regiontatry.sk\/wp-content\/uploads\/2020\/09\/IMG_20200614_132855-768x576.jpg 768w, https:\/\/regiontatry.sk\/wp-content\/uploads\/2020\/09\/IMG_20200614_132855-scaled-1536x1152.jpg 1536w, https:\/\/regiontatry.sk\/wp-content\/uploads\/2020\/09\/IMG_20200614_132855-scaled-2048x1536.jpg 2048w, https:\/\/regiontatry.sk\/wp-content\/uploads\/2020\/09\/IMG_20200614_132855-1920x1440.jpg 1920w, https:\/\/regiontatry.sk\/wp-content\/uploads\/2020\/09\/IMG_20200614_132855-1705x1279.jpg 1705w, https:\/\/regiontatry.sk\/wp-content\/uploads\/2020\/09\/IMG_20200614_132855-scaled-860x645.jpg 860w, https:\/\/regiontatry.sk\/wp-content\/uploads\/2020\/09\/IMG_20200614_132855-698x524.jpg 698w, https:\/\/regiontatry.sk\/wp-content\/uploads\/2020\/09\/IMG_20200614_132855-552x414.jpg 552w\" sizes=\"(max-width: 1024px) 100vw, 1024px\" \/><\/figure>\n<\/figure>\n\n\n\n<figure class=\"wp-block-image\"><img loading=\"lazy\" decoding=\"async\" width=\"1024\" height=\"1024\" src=\"https:\/\/regiontatry.sk\/wp-content\/uploads\/2022\/03\/Mapa-TEZ_200x210_s-tabulkou_dec2021-1024x1024.png\" alt=\"\" class=\"wp-image-7877812\" srcset=\"https:\/\/regiontatry.sk\/wp-content\/uploads\/2022\/03\/Mapa-TEZ_200x210_s-tabulkou_dec2021-1024x1024.png 1024w, https:\/\/regiontatry.sk\/wp-content\/uploads\/2022\/03\/Mapa-TEZ_200x210_s-tabulkou_dec2021-150x150.png 150w, https:\/\/regiontatry.sk\/wp-content\/uploads\/2022\/03\/Mapa-TEZ_200x210_s-tabulkou_dec2021-300x300.png 300w, https:\/\/regiontatry.sk\/wp-content\/uploads\/2022\/03\/Mapa-TEZ_200x210_s-tabulkou_dec2021-768x768.png 768w, https:\/\/regiontatry.sk\/wp-content\/uploads\/2022\/03\/Mapa-TEZ_200x210_s-tabulkou_dec2021-1920x1920.png 1920w, https:\/\/regiontatry.sk\/wp-content\/uploads\/2022\/03\/Mapa-TEZ_200x210_s-tabulkou_dec2021-1705x1705.png 1705w, https:\/\/regiontatry.sk\/wp-content\/uploads\/2022\/03\/Mapa-TEZ_200x210_s-tabulkou_dec2021-698x698.png 698w, https:\/\/regiontatry.sk\/wp-content\/uploads\/2022\/03\/Mapa-TEZ_200x210_s-tabulkou_dec2021-552x552.png 552w\" sizes=\"(max-width: 1024px) 100vw, 1024px\" \/><\/figure>\n\n\n\n<p>Viac inform\u00e1cii: <a rel=\"noreferrer noopener\" href=\"http:\/\/www.slovakrail.sk\/\" target=\"_blank\"><strong>www.slovakrail.sk<\/strong><\/a><br><\/p>\n\n\n\n<h3 class=\"wp-block-heading\"><br><strong>Podr\u00f3\u017c historyczn\u0105 kolej\u0105 elektryczn\u0105 w Tatrach Wysokich<\/strong> <br><\/h3>\n\n\n\n<p>Podr\u00f3\u017c pod Tatrami Wysokimi zabytkow\u0105 kolejk\u0105 elektryczn\u0105 Kom\u00e9ta z 1913 roku lub kolejk\u0105 Troj\u010da z 1969 roku to wyj\u0105tkowe prze\u017cycie dla ka\u017cdego turysty. W sezonie letnim i zimowym kursuj\u0105 one w wybranych dniach.  <\/p>\n\n\n\n<figure class=\"wp-block-gallery has-nested-images columns-default is-cropped wp-block-gallery-3 is-layout-flex wp-block-gallery-is-layout-flex\">\n<figure class=\"wp-block-image size-large\"><img loading=\"lazy\" decoding=\"async\" width=\"1024\" height=\"604\" data-id=\"9029127\" src=\"https:\/\/regiontatry.sk\/wp-content\/uploads\/2023\/05\/kometa-2023-1024x604.jpg\" alt=\"\" class=\"wp-image-9029127\" srcset=\"https:\/\/regiontatry.sk\/wp-content\/uploads\/2023\/05\/kometa-2023-1024x604.jpg 1024w, https:\/\/regiontatry.sk\/wp-content\/uploads\/2023\/05\/kometa-2023-300x177.jpg 300w, https:\/\/regiontatry.sk\/wp-content\/uploads\/2023\/05\/kometa-2023-768x453.jpg 768w, https:\/\/regiontatry.sk\/wp-content\/uploads\/2023\/05\/kometa-2023-698x412.jpg 698w, https:\/\/regiontatry.sk\/wp-content\/uploads\/2023\/05\/kometa-2023-552x326.jpg 552w, https:\/\/regiontatry.sk\/wp-content\/uploads\/2023\/05\/kometa-2023.jpg 1200w\" sizes=\"(max-width: 1024px) 100vw, 1024px\" \/><\/figure>\n\n\n\n<figure class=\"wp-block-image size-large\"><img loading=\"lazy\" decoding=\"async\" width=\"1024\" height=\"681\" data-id=\"7908853\" src=\"https:\/\/regiontatry.sk\/wp-content\/uploads\/2022\/04\/PSX_20180922_151641-1024x681.jpg\" alt=\"\" class=\"wp-image-7908853\" srcset=\"https:\/\/regiontatry.sk\/wp-content\/uploads\/2022\/04\/PSX_20180922_151641-1024x681.jpg 1024w, https:\/\/regiontatry.sk\/wp-content\/uploads\/2022\/04\/PSX_20180922_151641-300x199.jpg 300w, https:\/\/regiontatry.sk\/wp-content\/uploads\/2022\/04\/PSX_20180922_151641-768x511.jpg 768w, https:\/\/regiontatry.sk\/wp-content\/uploads\/2022\/04\/PSX_20180922_151641-1920x1277.jpg 1920w, https:\/\/regiontatry.sk\/wp-content\/uploads\/2022\/04\/PSX_20180922_151641-1705x1134.jpg 1705w, https:\/\/regiontatry.sk\/wp-content\/uploads\/2022\/04\/PSX_20180922_151641-698x464.jpg 698w, https:\/\/regiontatry.sk\/wp-content\/uploads\/2022\/04\/PSX_20180922_151641-552x367.jpg 552w\" sizes=\"(max-width: 1024px) 100vw, 1024px\" \/><\/figure>\n\n\n\n<figure class=\"wp-block-image size-large\"><img loading=\"lazy\" decoding=\"async\" width=\"1024\" height=\"768\" data-id=\"9885953\" src=\"https:\/\/regiontatry.sk\/wp-content\/uploads\/2024\/09\/trojca-1-1024x768.jpg\" alt=\"\" class=\"wp-image-9885953\" srcset=\"https:\/\/regiontatry.sk\/wp-content\/uploads\/2024\/09\/trojca-1-1024x768.jpg 1024w, https:\/\/regiontatry.sk\/wp-content\/uploads\/2024\/09\/trojca-1-300x225.jpg 300w, https:\/\/regiontatry.sk\/wp-content\/uploads\/2024\/09\/trojca-1-768x576.jpg 768w, https:\/\/regiontatry.sk\/wp-content\/uploads\/2024\/09\/trojca-1-1536x1152.jpg 1536w, https:\/\/regiontatry.sk\/wp-content\/uploads\/2024\/09\/trojca-1-2048x1536.jpg 2048w, https:\/\/regiontatry.sk\/wp-content\/uploads\/2024\/09\/trojca-1-1920x1440.jpg 1920w, https:\/\/regiontatry.sk\/wp-content\/uploads\/2024\/09\/trojca-1-1705x1279.jpg 1705w, https:\/\/regiontatry.sk\/wp-content\/uploads\/2024\/09\/trojca-1-860x645.jpg 860w, https:\/\/regiontatry.sk\/wp-content\/uploads\/2024\/09\/trojca-1-698x524.jpg 698w, https:\/\/regiontatry.sk\/wp-content\/uploads\/2024\/09\/trojca-1-552x414.jpg 552w\" sizes=\"(max-width: 1024px) 100vw, 1024px\" \/><\/figure>\n<\/figure>\n\n\n\n<h3 class=\"wp-block-heading\"><br><strong>SAD POPRAD<\/strong><\/h3>\n\n\n<div class=\"wp-block-image\">\n<figure class=\"alignright is-resized\"><img loading=\"lazy\" decoding=\"async\" width=\"160\" height=\"100\" src=\"https:\/\/regiontatry.sk\/wp-content\/uploads\/2022\/03\/tatraexpress-transparent-160x100.png\" alt=\"\" class=\"wp-image-7877818\" style=\"width:184px;height:auto\"\/><\/figure><\/div>\n\n\n<p>Transport autobusowy w regionie pod Tatrami (Poprad, Tatry, Svit, Kie\u017cmark,\nLewocza) zapewnia przewo\u017anik SAD, czyli S\u0142owacki Transport Autobusowy Poprad.<\/p>\n\n\n\n<p>Park samochodowy sk\u0142ada si\u0119 z niemal 180\nautobus\u00f3w oznaczonych naklejk\u0105 ,,TATRA EXPRESS\u201c, kt\u00f3re zapewniaj\u0105 regularny\ntransport autobusowy, g\u0142\u00f3wnie w transporcie podmiejskim dla Samorz\u0105dowego\nRegionu Preszowskiego (PSK).<\/p>\n\n\n\n<p>Wszystkie rozk\u0142ady jazdy mo\u017cna znale\u017a\u0107 <a href=\"https:\/\/cp.hnonline.sk\/vlakbusmhd\/spojenie\/\" target=\"_blank\" rel=\"noreferrer noopener\" class=\"broken_link\"><strong>TUTAJ<\/strong><\/a>!<\/p>\n\n\n\n<h3 class=\"wp-block-heading\"><br><strong>Tatrza\u0144ski Aqua-Skibus \u2013 komfortowo po prze\u017cycia<\/strong><\/h3>\n\n\n\n<p>W sezonie zimowym dla\nturyst\u00f3w i narciarzy przygotowano lokalny transport SKI &amp; AQUA BUS, kt\u00f3ry\nkomfortowo i bezp\u0142atnie przewiezie podr\u00f3\u017cnych do o\u015brodk\u00f3w Tatrza\u0144ska \u0141omnica, Stary Smokowiec i Jezioro\nSzczyrbskie.<\/p>\n\n\n\n<figure class=\"wp-block-image\"><img loading=\"lazy\" decoding=\"async\" width=\"1024\" height=\"466\" src=\"https:\/\/regiontatry.sk\/wp-content\/uploads\/2021\/12\/Aqua_Ski_Bus_webbaner_1605x730px-1024x466.jpg\" alt=\"\" class=\"wp-image-7172262\" srcset=\"https:\/\/regiontatry.sk\/wp-content\/uploads\/2021\/12\/Aqua_Ski_Bus_webbaner_1605x730px-1024x466.jpg 1024w, https:\/\/regiontatry.sk\/wp-content\/uploads\/2021\/12\/Aqua_Ski_Bus_webbaner_1605x730px-300x136.jpg 300w, https:\/\/regiontatry.sk\/wp-content\/uploads\/2021\/12\/Aqua_Ski_Bus_webbaner_1605x730px-768x349.jpg 768w, https:\/\/regiontatry.sk\/wp-content\/uploads\/2021\/12\/Aqua_Ski_Bus_webbaner_1605x730px-698x317.jpg 698w, https:\/\/regiontatry.sk\/wp-content\/uploads\/2021\/12\/Aqua_Ski_Bus_webbaner_1605x730px-552x251.jpg 552w, https:\/\/regiontatry.sk\/wp-content\/uploads\/2021\/12\/Aqua_Ski_Bus_webbaner_1605x730px.jpg 1605w\" sizes=\"(max-width: 1024px) 100vw, 1024px\" \/><\/figure>\n\n\n\n<h3 class=\"wp-block-heading\"><br> TAXI <br><\/h3>\n\n\n\n<p>Je\u015bli preferujesz transport indywidualny, ale nie masz w\u0142asnego samochodu, skorzystaj z us\u0142ug taks\u00f3wkarskich lub wypo\u017cyczalni samochod\u00f3w. Ciesz si\u0119 komfortem wszystkich oferowanych us\u0142ug i zosta\u0144 panem swojego czasu.<br><\/p>\n","protected":false},"excerpt":{"rendered":"<p>W regionie funkcjonuje transport lokalny w postaci ekologicznych poci\u0105g\u00f3w i autobus\u00f3w. Do o\u015brodk\u00f3w g\u00f3rskich mo\u017cna dojecha\u0107 Tatrza\u0144sk\u0105 Kolej\u0105 Elektryczn\u0105 (TE\u017d) lub autobusem z Popradu lub kolej\u0105 z\u0119bat\u0105 z Tatrza\u0144skiej Szczyrby, gdzie znajduje si\u0119 tak\u017ce stacja poci\u0105g\u00f3w ekspresowych. Tury\u015bci mog\u0105 r\u00f3wnie\u017c skorzysta\u0107 z parkingu i dojecha\u0107 do o\u015brodk\u00f3w autobusem wahad\u0142owym. Tatrza\u0144ska Kolej Elektryczna (TE\u017d) Tatrza\u0144ska Kolej [&hellip;]<\/p>\n","protected":false},"author":1,"featured_media":5190119,"parent":5949,"menu_order":0,"comment_status":"closed","ping_status":"closed","template":"template-objects.php","meta":{"footnotes":""},"class_list":["post-15982","page","type-page","status-publish","has-post-thumbnail","hentry"],"_links":{"self":[{"href":"https:\/\/regiontatry.sk\/pl\/wp-json\/wp\/v2\/pages\/15982"}],"collection":[{"href":"https:\/\/regiontatry.sk\/pl\/wp-json\/wp\/v2\/pages"}],"about":[{"href":"https:\/\/regiontatry.sk\/pl\/wp-json\/wp\/v2\/types\/page"}],"author":[{"embeddable":true,"href":"https:\/\/regiontatry.sk\/pl\/wp-json\/wp\/v2\/users\/1"}],"replies":[{"embeddable":true,"href":"https:\/\/regiontatry.sk\/pl\/wp-json\/wp\/v2\/comments?post=15982"}],"version-history":[{"count":36,"href":"https:\/\/regiontatry.sk\/pl\/wp-json\/wp\/v2\/pages\/15982\/revisions"}],"predecessor-version":[{"id":9969821,"href":"https:\/\/regiontatry.sk\/pl\/wp-json\/wp\/v2\/pages\/15982\/revisions\/9969821"}],"up":[{"embeddable":true,"href":"https:\/\/regiontatry.sk\/pl\/wp-json\/wp\/v2\/pages\/5949"}],"wp:featuredmedia":[{"embeddable":true,"href":"https:\/\/regiontatry.sk\/pl\/wp-json\/wp\/v2\/media\/5190119"}],"wp:attachment":[{"href":"https:\/\/regiontatry.sk\/pl\/wp-json\/wp\/v2\/media?parent=15982"}],"curies":[{"name":"wp","href":"https:\/\/api.w.org\/{rel}","templated":true}]}}