{"id":15988,"date":"2018-09-07T10:55:24","date_gmt":"2018-09-07T08:55:24","guid":{"rendered":"https:\/\/regiontatry.sk\/klimaticke-kupele\/"},"modified":"2019-03-23T15:14:51","modified_gmt":"2019-03-23T14:14:51","slug":"uzdrowiska-klimatyczne","status":"publish","type":"page","link":"https:\/\/regiontatry.sk\/pl\/wellness-i-relaks\/uzdrowiska-klimatyczne\/","title":{"rendered":"Uzdrowiska klimatyczne"},"content":{"rendered":"\n<p>Tatry Wysokie dzi\u0119ki swojemu klimatowi i&nbsp;wysoko\u015bci nad poziomem\nmorza uwa\u017cane s\u0105 za wa\u017cne miasto uzdrowiskowe. <\/p>\n\n\n\n<p>Pionierem leczenia uzdrowiskowego w Tatrach Wysokich by\u0142 dr\nMikul\u00e1\u0161 Szontagh, kt\u00f3ry w 1876 roku po\u0142o\u017cy\u0142 podwaliny pod miejscowo\u015b\u0107\nuzdrowiskow\u0105 \u2013 Nowy Smokowiec. Uzdrowiska powstawa\u0142y w\u0142a\u015bnie tutaj, poniewa\u017c\nby\u0142y tu bardzo korzystne warunki do leczenia niespecyficznych chor\u00f3b uk\u0142adu\noddechowego, takich jak np. astma. Po II wojnie \u015bwiatowej w 1947 r. powsta\u0142o\nmiasto Wysokie Tatry, kt\u00f3re otrzyma\u0142o jednocze\u015bnie trzy podstawowe funkcje, po\npierwsze: turystyka, rekreacja i&nbsp;sport, po drugie lecznictwo, a&nbsp;po\ntrzecie ochrona przyrody i&nbsp;prowadzenie bada\u0144. W tym okresie rozpocz\u0105\u0142 si\u0119\nrozw\u00f3j lecznictwa w Tatrach.<\/p>\n","protected":false},"excerpt":{"rendered":"<p>Tatry Wysokie dzi\u0119ki swojemu klimatowi i&nbsp;wysoko\u015bci nad poziomem morza uwa\u017cane s\u0105 za wa\u017cne miasto uzdrowiskowe. Pionierem leczenia uzdrowiskowego w Tatrach Wysokich by\u0142 dr Mikul\u00e1\u0161 Szontagh, kt\u00f3ry w 1876 roku po\u0142o\u017cy\u0142 podwaliny pod miejscowo\u015b\u0107 uzdrowiskow\u0105 \u2013 Nowy Smokowiec. Uzdrowiska powstawa\u0142y w\u0142a\u015bnie tutaj, poniewa\u017c by\u0142y tu bardzo korzystne warunki do leczenia niespecyficznych chor\u00f3b uk\u0142adu oddechowego, takich jak [&hellip;]<\/p>\n","protected":false},"author":1,"featured_media":8955226,"parent":15994,"menu_order":0,"comment_status":"closed","ping_status":"closed","template":"template-objects.php","meta":{"footnotes":""},"class_list":["post-15988","page","type-page","status-publish","has-post-thumbnail","hentry"],"_links":{"self":[{"href":"https:\/\/regiontatry.sk\/pl\/wp-json\/wp\/v2\/pages\/15988"}],"collection":[{"href":"https:\/\/regiontatry.sk\/pl\/wp-json\/wp\/v2\/pages"}],"about":[{"href":"https:\/\/regiontatry.sk\/pl\/wp-json\/wp\/v2\/types\/page"}],"author":[{"embeddable":true,"href":"https:\/\/regiontatry.sk\/pl\/wp-json\/wp\/v2\/users\/1"}],"replies":[{"embeddable":true,"href":"https:\/\/regiontatry.sk\/pl\/wp-json\/wp\/v2\/comments?post=15988"}],"version-history":[{"count":1,"href":"https:\/\/regiontatry.sk\/pl\/wp-json\/wp\/v2\/pages\/15988\/revisions"}],"predecessor-version":[{"id":16584,"href":"https:\/\/regiontatry.sk\/pl\/wp-json\/wp\/v2\/pages\/15988\/revisions\/16584"}],"up":[{"embeddable":true,"href":"https:\/\/regiontatry.sk\/pl\/wp-json\/wp\/v2\/pages\/15994"}],"wp:featuredmedia":[{"embeddable":true,"href":"https:\/\/regiontatry.sk\/pl\/wp-json\/wp\/v2\/media\/8955226"}],"wp:attachment":[{"href":"https:\/\/regiontatry.sk\/pl\/wp-json\/wp\/v2\/media?parent=15988"}],"curies":[{"name":"wp","href":"https:\/\/api.w.org\/{rel}","templated":true}]}}