{"id":15989,"date":"2018-09-07T10:53:26","date_gmt":"2018-09-07T08:53:26","guid":{"rendered":"https:\/\/regiontatry.sk\/wellness-spa\/"},"modified":"2019-03-23T15:15:44","modified_gmt":"2019-03-23T14:15:44","slug":"wellness-spa","status":"publish","type":"page","link":"https:\/\/regiontatry.sk\/pl\/wellness-i-relaks\/wellness-spa\/","title":{"rendered":"Wellness &#038; SPA"},"content":{"rendered":"\n<p>Tatry powoli zmieniaj\u0105 si\u0119 w wellness paradise. Wystarczy\nznale\u017a\u0107 idealne dla siebie cetrum wellness &amp; spa w okolicznych hotelach i&nbsp;w\npe\u0142ni si\u0119 zrelaksowa\u0107!<\/p>\n","protected":false},"excerpt":{"rendered":"<p>Tatry powoli zmieniaj\u0105 si\u0119 w wellness paradise. Wystarczy znale\u017a\u0107 idealne dla siebie cetrum wellness &amp; spa w okolicznych hotelach i&nbsp;w pe\u0142ni si\u0119 zrelaksowa\u0107!<\/p>\n","protected":false},"author":1,"featured_media":8688213,"parent":15994,"menu_order":0,"comment_status":"closed","ping_status":"closed","template":"template-objects.php","meta":{"footnotes":""},"class_list":["post-15989","page","type-page","status-publish","has-post-thumbnail","hentry"],"_links":{"self":[{"href":"https:\/\/regiontatry.sk\/pl\/wp-json\/wp\/v2\/pages\/15989"}],"collection":[{"href":"https:\/\/regiontatry.sk\/pl\/wp-json\/wp\/v2\/pages"}],"about":[{"href":"https:\/\/regiontatry.sk\/pl\/wp-json\/wp\/v2\/types\/page"}],"author":[{"embeddable":true,"href":"https:\/\/regiontatry.sk\/pl\/wp-json\/wp\/v2\/users\/1"}],"replies":[{"embeddable":true,"href":"https:\/\/regiontatry.sk\/pl\/wp-json\/wp\/v2\/comments?post=15989"}],"version-history":[{"count":1,"href":"https:\/\/regiontatry.sk\/pl\/wp-json\/wp\/v2\/pages\/15989\/revisions"}],"predecessor-version":[{"id":16585,"href":"https:\/\/regiontatry.sk\/pl\/wp-json\/wp\/v2\/pages\/15989\/revisions\/16585"}],"up":[{"embeddable":true,"href":"https:\/\/regiontatry.sk\/pl\/wp-json\/wp\/v2\/pages\/15994"}],"wp:featuredmedia":[{"embeddable":true,"href":"https:\/\/regiontatry.sk\/pl\/wp-json\/wp\/v2\/media\/8688213"}],"wp:attachment":[{"href":"https:\/\/regiontatry.sk\/pl\/wp-json\/wp\/v2\/media?parent=15989"}],"curies":[{"name":"wp","href":"https:\/\/api.w.org\/{rel}","templated":true}]}}