{"id":15992,"date":"2018-08-28T11:50:12","date_gmt":"2018-08-28T09:50:12","guid":{"rendered":"https:\/\/regiontatry.sk\/tipy-na-vylety-v-okoli\/"},"modified":"2022-12-08T20:24:57","modified_gmt":"2022-12-08T19:24:57","slug":"tipy-na-vylety-v-okoli","status":"publish","type":"page","link":"https:\/\/regiontatry.sk\/pl\/region\/tipy-na-vylety-v-okoli\/","title":{"rendered":"Propozycje wycieczek w okolik"},"content":{"rendered":"\n<p>Okolice Tatr oferuj\u0105 mn\u00f3stwo zabytk\u00f3w kultury pozostawionych nam przez naszych przodk\u00f3w. Podziwia\u0107 mo\u017cna nie tylko dzie\u0142a stworzone przez cz\u0142owieka \u2013 znaczn\u0105 ilo\u015b\u0107 stworzy\u0142a sama natura. Wystarczy si\u0119 rozejrze\u0107.<br><br><br><\/p>\n\n\n\n<div class=\"wp-block-image\"><figure class=\"alignright is-resized\"><img decoding=\"async\" src=\"https:\/\/regiontatry.sk\/wp-content\/uploads\/2018\/10\/spissky-hrad2.jpg\" alt=\"\" class=\"wp-image-5818\" width=\"400\" srcset=\"https:\/\/regiontatry.sk\/wp-content\/uploads\/2018\/10\/spissky-hrad2.jpg 1000w, https:\/\/regiontatry.sk\/wp-content\/uploads\/2018\/10\/spissky-hrad2-300x200.jpg 300w, https:\/\/regiontatry.sk\/wp-content\/uploads\/2018\/10\/spissky-hrad2-768x512.jpg 768w\" sizes=\"(max-width: 1000px) 100vw, 1000px\" \/><\/figure><\/div>\n\n\n\n<h3 class=\"wp-block-heading\">Zamek Spiski (Spi\u0161sk\u00fd hrad) <\/h3>\n\n\n\n<p>Zamek Spiski bez w\u0105tpienia jest skarbem kultury europejskiej. Jest to najwi\u0119kszy kompleks zamkowy w Europie \u015arodkowej, kt\u00f3ry w 1993 r. wraz przyleg\u0142ymi terenami zosta\u0142 wpisany na List\u0119 \u015awiatowego Dziedzictwa Kulturowego i Przyrodniczego UNESCO. Po zwiedzeniu zachowanych majestatycznych ruin kompleksu zamkowego warto wybra\u0107 si\u0119 tak\u017ce na wie\u017c\u0119 widokow\u0105, wystaw\u0119 znalezisk archeologicznych i militari\u00f3w, sali tortur i gotyckiej kaplicy \u015bw. El\u017cbiety. Dojazd ze Spiskiego Podgrodzia. 45 min jazdy samochodem z Popradu.<br><br><br><\/p>\n\n\n\n<div class=\"wp-block-image\"><figure class=\"alignleft is-resized\"><img decoding=\"async\" src=\"https:\/\/regiontatry.sk\/wp-content\/uploads\/2018\/10\/spisska-kapitula.jpg\" alt=\"\" class=\"wp-image-5868\" width=\"400\" srcset=\"https:\/\/regiontatry.sk\/wp-content\/uploads\/2018\/10\/spisska-kapitula.jpg 1200w, https:\/\/regiontatry.sk\/wp-content\/uploads\/2018\/10\/spisska-kapitula-300x200.jpg 300w, https:\/\/regiontatry.sk\/wp-content\/uploads\/2018\/10\/spisska-kapitula-768x512.jpg 768w, https:\/\/regiontatry.sk\/wp-content\/uploads\/2018\/10\/spisska-kapitula-1024x683.jpg 1024w\" sizes=\"(max-width: 1200px) 100vw, 1200px\" \/><\/figure><\/div>\n\n\n\n<h3 class=\"wp-block-heading\">Spiska Kapitu\u0142a (Spi\u0161sk\u00e1 kapitula)<br><\/h3>\n\n\n\n<p>Spiska Kapitu\u0142a jest kolebk\u0105 edukacji ko\u015bcielnej na S\u0142owacji. Znajduje si\u0119\ntu roma\u0144ska katedra \u015bw. Marcina, wpisana na list\u0119 UNESCO. Otwarta jest ona codziennie\nod 9:00 do 16:30 i prowadzi do niej droga ze Spiskiego Podgrodzia. <\/p>\n\n\n\n<div class=\"wp-block-image\"><figure class=\"alignright is-resized\"><img decoding=\"async\" src=\"https:\/\/regiontatry.sk\/wp-content\/uploads\/2018\/10\/levoca.jpg\" alt=\"\" class=\"wp-image-5870\" width=\"400\" srcset=\"https:\/\/regiontatry.sk\/wp-content\/uploads\/2018\/10\/levoca.jpg 1024w, https:\/\/regiontatry.sk\/wp-content\/uploads\/2018\/10\/levoca-300x175.jpg 300w, https:\/\/regiontatry.sk\/wp-content\/uploads\/2018\/10\/levoca-768x449.jpg 768w\" sizes=\"(max-width: 1024px) 100vw, 1024px\" \/><\/figure><\/div>\n\n\n\n<h3 class=\"wp-block-heading\">Lewocza (Levo\u010da)<br><br><\/h3>\n\n\n\n<p>Najstarsze znaleziska lewockie pochodz\u0105 z IX wieku. W 1950 r. historyczne centrum miasta zosta\u0142o og\u0142oszone miejskim rezerwatem zabytk\u00f3w. System umocnie\u0144 miasta jest prawie w ca\u0142o\u015bci zachowany. Z pi\u0119tnastu baszt i wie\u017cy zachowa\u0142o si\u0119 sze\u015b\u0107, oraz trzy bramy. W ko\u015bciele \u015bw. Jakuba (UNESCO) w centralnej cz\u0119\u015bci rynku znajduje si\u0119 najwy\u017cszy gotycki o\u0142tarz na \u015bwiecie (18,62 m) wykonany w XVI wieku z drewna lipowego w pracowni Mistrza Paw\u0142a. Nad miastem g\u00f3ruje katedra na Wzg\u00f3rzu Maria\u0144skim (Mari\u00e1nska hora), kt\u00f3ra jest celem najwi\u0119kszej pielgrzymki maryjnej w S\u0142owacji i kt\u00f3r\u0105 zaszczyci\u0142 swoj\u0105 wizyt\u0105 Jan Pawe\u0142 II 30 min jazdy samochodem z Popradu.<br><br><br><\/p>\n\n\n\n<div class=\"wp-block-image\"><figure class=\"alignleft is-resized\"><img decoding=\"async\" src=\"https:\/\/regiontatry.sk\/wp-content\/uploads\/2018\/10\/hrad-lubovna2.jpg\" alt=\"\" class=\"wp-image-5902\" width=\"400\" srcset=\"https:\/\/regiontatry.sk\/wp-content\/uploads\/2018\/10\/hrad-lubovna2.jpg 900w, https:\/\/regiontatry.sk\/wp-content\/uploads\/2018\/10\/hrad-lubovna2-300x200.jpg 300w, https:\/\/regiontatry.sk\/wp-content\/uploads\/2018\/10\/hrad-lubovna2-768x512.jpg 768w\" sizes=\"(max-width: 900px) 100vw, 900px\" \/><\/figure><\/div>\n\n\n\n<h3 class=\"wp-block-heading\">Stara Lubowla (Star\u00e1 \u013dubov\u0148a)<br><\/h3>\n\n\n\n<p>Dominant\u0105 Starej Lubowli jest Zamek Lubowla\u0144ski zbudowany na pocz\u0105tku XIV wieku. Za ciekawostk\u0119 mo\u017ce pos\u0142u\u017cy\u0107 fakt, \u017ce by\u0142y w nim ukryte polskie klejnoty koronacyjne, a na zamku by\u0142 uwi\u0119ziony s\u0142awny S\u0142owak, kr\u00f3l Madagaskaru &#8211; Maurycy Beniowski. W 2012 r. zwiedzaj\u0105cym po 260 latach udost\u0119pniono odrestaurowany pa\u0142ac i browar zamkowy. Zwiedzanie trwa 80 minut. Na podzamczu znajduje si\u0119 skansen architektury ludowej prezentuj\u0105cy r\u00f3\u017cne rodzaje budownictwa mieszkaniowego z region\u00f3w p\u00f3\u0142nocno-wschodniego Spiszu i p\u00f3\u0142nocno-zachodniego Szarysza. Mo\u017cna tu zobaczy\u0107 domy mieszkalne, ku\u017ani\u0119, m\u0142yn i warsztat stolarski, kt\u00f3re sprowadzono pod Zamek Lubowla z ca\u0142ego regionu. Otwarte codziennie od godz. 9:00 do 19:00. 50 min jazdy samochodem z Popradu.<br><br><br><\/p>\n\n\n\n<div class=\"wp-block-image\"><figure class=\"alignright is-resized\"><img decoding=\"async\" src=\"https:\/\/regiontatry.sk\/wp-content\/uploads\/2018\/10\/nestville.jpg\" alt=\"\" class=\"wp-image-5874\" width=\"400\" srcset=\"https:\/\/regiontatry.sk\/wp-content\/uploads\/2018\/10\/nestville.jpg 1200w, https:\/\/regiontatry.sk\/wp-content\/uploads\/2018\/10\/nestville-300x196.jpg 300w, https:\/\/regiontatry.sk\/wp-content\/uploads\/2018\/10\/nestville-768x502.jpg 768w, https:\/\/regiontatry.sk\/wp-content\/uploads\/2018\/10\/nestville-1024x670.jpg 1024w\" sizes=\"(max-width: 1200px) 100vw, 1200px\" \/><\/figure><\/div>\n\n\n\n<h3 class=\"wp-block-heading\">Nestville Park, Hniezdne<br><br><\/h3>\n\n\n\n<p>Nestville Park w miejscowo\u015bci Hniezdne oferuje turystom mo\u017cliwo\u015b\u0107 poznania historii, tradycyjnych rzemios\u0142, wyj\u0105tkowych umiej\u0119tno\u015bci zamieszkuj\u0105cych te tereny ludzi oraz narz\u0119dzi, kt\u00f3rymi pos\u0142ugiwano si\u0119 w tamtym okresie. Zwiedzaj\u0105cy mog\u0105 zapozna\u0107 si\u0119 z histori\u0105 produkcji alkoholu od przesz\u0142o\u015bci a\u017c po czasy wsp\u00f3\u0142czesne, a na zako\u0144czenie zwiedzania czeka ich degustacja wyj\u0105tkowego trunku produkowanego przez niniejsz\u0105 firm\u0119. Otwarte codziennie od godz. 9:00 do 17:00, a zwiedzanie trwa oko\u0142o 90 min. Podr\u00f3\u017c samochodem z Popradu zajmuje oko\u0142o 50 minut.<br><br><br><\/p>\n\n\n\n<div class=\"wp-block-image\"><figure class=\"alignleft is-resized\"><img decoding=\"async\" src=\"https:\/\/regiontatry.sk\/wp-content\/uploads\/2018\/10\/demanovskadolina.jpg\" alt=\"\" class=\"wp-image-5876\" width=\"400\" srcset=\"https:\/\/regiontatry.sk\/wp-content\/uploads\/2018\/10\/demanovskadolina.jpg 800w, https:\/\/regiontatry.sk\/wp-content\/uploads\/2018\/10\/demanovskadolina-300x225.jpg 300w, https:\/\/regiontatry.sk\/wp-content\/uploads\/2018\/10\/demanovskadolina-768x576.jpg 768w\" sizes=\"(max-width: 800px) 100vw, 800px\" \/><\/figure><\/div>\n\n\n\n<h3 class=\"wp-block-heading\">Dolina Demianowska (Dem\u00e4novsk\u00e1 dolina)<br><br><\/h3>\n\n\n\n<p>Najpi\u0119kniejsza Dolina Tatr Niskich o d\u0142ugo\u015bci 16 km. Dolina znajduje si\u0119 w obr\u0119bie Parku Narodowego Tatry Niskie, kt\u00f3rego najcenniejszymi skarbami s\u0105 Demianowski Kras, Vrbicki Staw, Demianowska Jaskinia Wolno\u015bci i Demianowska Jaskinia Lodowa. Kolejki i wyci\u0105gi, bike park i szlaki turystyczne. 50 min jazdy samochodem z Popradu.<br><br><br><\/p>\n\n\n\n<div class=\"wp-block-image\"><figure class=\"alignright is-resized\"><img decoding=\"async\" src=\"https:\/\/regiontatry.sk\/wp-content\/uploads\/2018\/10\/slovenskyraj.jpg\" alt=\"\" class=\"wp-image-5878\" width=\"400\" srcset=\"https:\/\/regiontatry.sk\/wp-content\/uploads\/2018\/10\/slovenskyraj.jpg 1357w, https:\/\/regiontatry.sk\/wp-content\/uploads\/2018\/10\/slovenskyraj-300x199.jpg 300w, https:\/\/regiontatry.sk\/wp-content\/uploads\/2018\/10\/slovenskyraj-768x509.jpg 768w, https:\/\/regiontatry.sk\/wp-content\/uploads\/2018\/10\/slovenskyraj-1024x679.jpg 1024w\" sizes=\"(max-width: 1357px) 100vw, 1357px\" \/><\/figure><\/div>\n\n\n\n<h3 class=\"wp-block-heading\">S\u0142owacki Raj (Slovensk\u00fd raj)<\/h3>\n\n\n\n<p>W p\u00f3\u0142nocnej cz\u0119\u015bci Rudaw S\u0142owackich mi\u0119dzy Spisk\u0105 Now\u0105 Wsi\u0105, Hranovnic\u0105 a Dobszyn\u0105 znajduje si\u0119 wapienny \u0142a\u0144cuch g\u00f3rski, kt\u00f3ry otrzyma\u0142 nazw\u0119 S\u0142owacki Raj. Jest to zr\u00f3\u017cnicowany obszar krasowy z mn\u00f3stwem row\u00f3w, w\u0105woz\u00f3w, w\u0105skich dolin i kanion\u00f3w, zachowanymi g\u00f3rskimi r\u00f3wninami bogatymi w formy krasowe. Na jego terenie znajduje si\u0119 ok. 300 km oznakowanych szlak\u00f3w turystycznych. Doj\u015bcie z Podleska lub \u010cingova. 20 min jazdy samochodem z Popradu.<br><br><br><\/p>\n\n\n\n<div class=\"wp-block-image\"><figure class=\"alignleft is-resized\"><img decoding=\"async\" src=\"https:\/\/regiontatry.sk\/wp-content\/uploads\/2018\/10\/zakopane.jpeg\" alt=\"\" class=\"wp-image-5880\" width=\"400\" srcset=\"https:\/\/regiontatry.sk\/wp-content\/uploads\/2018\/10\/zakopane.jpeg 938w, https:\/\/regiontatry.sk\/wp-content\/uploads\/2018\/10\/zakopane-300x200.jpeg 300w, https:\/\/regiontatry.sk\/wp-content\/uploads\/2018\/10\/zakopane-768x513.jpeg 768w\" sizes=\"(max-width: 938px) 100vw, 938px\" \/><\/figure><\/div>\n\n\n\n<h3 class=\"wp-block-heading\"> Zakopane, Polska<br><br><\/h3>\n\n\n\n<p>Zakopane to kurort g\u00f3rski po polskiej stronie Tatr stanowi\u0105cy popularny cel jednodniowych wycieczek. W jednym dniu mo\u017cna wyjecha\u0107 kolejk\u0105 na Kasprowy Wierch, za\u017cy\u0107 orze\u017awienia w parku wodnym i pospacerowa\u0107 po kipi\u0105cym \u017cyciem deptaku przy ulicy Krup\u00f3wki.<\/p>\n","protected":false},"excerpt":{"rendered":"<p>Okolice Tatr oferuj\u0105 mn\u00f3stwo zabytk\u00f3w kultury pozostawionych nam przez naszych przodk\u00f3w. Podziwia\u0107 mo\u017cna nie tylko dzie\u0142a stworzone przez cz\u0142owieka \u2013 znaczn\u0105 ilo\u015b\u0107 stworzy\u0142a sama natura. Wystarczy si\u0119 rozejrze\u0107. Zamek Spiski (Spi\u0161sk\u00fd hrad) Zamek Spiski bez w\u0105tpienia jest skarbem kultury europejskiej. Jest to najwi\u0119kszy kompleks zamkowy w Europie \u015arodkowej, kt\u00f3ry w 1993 r. wraz przyleg\u0142ymi terenami [&hellip;]<\/p>\n","protected":false},"author":4,"featured_media":2233,"parent":15996,"menu_order":0,"comment_status":"closed","ping_status":"closed","template":"template-simple-page.php","meta":{"footnotes":""},"class_list":["post-15992","page","type-page","status-publish","has-post-thumbnail","hentry"],"_links":{"self":[{"href":"https:\/\/regiontatry.sk\/pl\/wp-json\/wp\/v2\/pages\/15992"}],"collection":[{"href":"https:\/\/regiontatry.sk\/pl\/wp-json\/wp\/v2\/pages"}],"about":[{"href":"https:\/\/regiontatry.sk\/pl\/wp-json\/wp\/v2\/types\/page"}],"author":[{"embeddable":true,"href":"https:\/\/regiontatry.sk\/pl\/wp-json\/wp\/v2\/users\/4"}],"replies":[{"embeddable":true,"href":"https:\/\/regiontatry.sk\/pl\/wp-json\/wp\/v2\/comments?post=15992"}],"version-history":[{"count":2,"href":"https:\/\/regiontatry.sk\/pl\/wp-json\/wp\/v2\/pages\/15992\/revisions"}],"predecessor-version":[{"id":8675438,"href":"https:\/\/regiontatry.sk\/pl\/wp-json\/wp\/v2\/pages\/15992\/revisions\/8675438"}],"up":[{"embeddable":true,"href":"https:\/\/regiontatry.sk\/pl\/wp-json\/wp\/v2\/pages\/15996"}],"wp:featuredmedia":[{"embeddable":true,"href":"https:\/\/regiontatry.sk\/pl\/wp-json\/wp\/v2\/media\/2233"}],"wp:attachment":[{"href":"https:\/\/regiontatry.sk\/pl\/wp-json\/wp\/v2\/media?parent=15992"}],"curies":[{"name":"wp","href":"https:\/\/api.w.org\/{rel}","templated":true}]}}