{"id":15993,"date":"2018-08-28T11:35:25","date_gmt":"2018-08-28T09:35:25","guid":{"rendered":"https:\/\/regiontatry.sk\/kryoterapia\/"},"modified":"2023-08-15T14:33:59","modified_gmt":"2023-08-15T12:33:59","slug":"kryoterapia","status":"publish","type":"page","link":"https:\/\/regiontatry.sk\/pl\/wellness-i-relaks\/kryoterapia\/","title":{"rendered":"Kryoterapia"},"content":{"rendered":"\n<h2 class=\"wp-block-heading\">Kryoterapia<\/h2>\n\n\n\n<p>Na ludzkim ciele znajduje si\u0119 ok. 250 000 receptor\u00f3w, kt\u00f3re reaguj\u0105 na zimno, w przeciwie\u0144stwie od receptor\u00f3w reaguj\u0105cych na ciep\u0142o, kt\u00f3rych jest \u201ezaledwie\u201d 30\u00a0000. S\u0105 nier\u00f3wnomiernie rozmieszczone na sk\u00f3rze, najwi\u0119cej na twarzy, na brzuchu, r\u0119kach i opuszkach palc\u00f3w. Krioterapia lub zimno stymuluje je poprzez stres na zimno lub nieznane, co<strong> wywo\u0142uje reakcj\u0119 ludzkiego organizmu na hormony, zw\u0119\u017cenie naczy\u0144 krwiono\u015bnych i produkcj\u0119 adrenaliny, testosteronu i innych substancji, kt\u00f3re korzystnie wp\u0142ywaj\u0105 na utlenowanie kom\u00f3rek, procesy zapalne, regeneracj\u0119 i odpr\u0119\u017cenie oraz wynik psychologiczny \u2013 poczucie szcz\u0119\u015bcia<\/strong>. Uczucie zimna w kriokomorze? Jak podczas zimy w koszulce&#8230; w kriokomorze jest zerowa wilgotno\u015b\u0107, wi\u0119c niskiej temperatury tak intensywnie si\u0119 nie odczuwa..<\/p>\n\n\n\n<h2 class=\"wp-block-heading\"><strong>Kriocentrum<\/strong><\/h2>\n\n\n\n<p>Krioterapia to nowoczesna metoda wykorzystuj\u0105ca intensywne zimno jako\u00a0<strong>metod\u0119 na utrzymanie pewnego zdrowia i odporno\u015bci w ka\u017cdym wieku<\/strong>. Jest odpowiedni\u0105 i alternatywn\u0105 metod\u0105 podczas leczenia wielu schorze\u0144 oraz przynosi doskona\u0142e efekty podczas regeneracji, dlatego jest popularna w\u015br\u00f3d aktywnych sportowc\u00f3w i ludzi, kt\u00f3rzy dbaj\u0105 o swoje zdrowie, witalno\u015b\u0107 i kondycj\u0119.<\/p>\n\n\n\n<ul class=\"wp-block-gallery columns-3 is-cropped wp-block-gallery-2 is-layout-flex wp-block-gallery-is-layout-flex\"><li class=\"blocks-gallery-item\"><figure><img loading=\"lazy\" decoding=\"async\" width=\"1024\" height=\"683\" src=\"https:\/\/regiontatry.sk\/wp-content\/uploads\/2023\/05\/AquaCity_Kryo_2019_020_11zon-1024x683.jpg\" alt=\"\" data-id=\"8955253\" data-link=\"https:\/\/regiontatry.sk\/wellness-a-relax\/kryoterapia\/aquacity_kryo_2019_020_11zon\/\" class=\"wp-image-8955253\" srcset=\"https:\/\/regiontatry.sk\/wp-content\/uploads\/2023\/05\/AquaCity_Kryo_2019_020_11zon-1024x683.jpg 1024w, https:\/\/regiontatry.sk\/wp-content\/uploads\/2023\/05\/AquaCity_Kryo_2019_020_11zon-300x200.jpg 300w, https:\/\/regiontatry.sk\/wp-content\/uploads\/2023\/05\/AquaCity_Kryo_2019_020_11zon-768x512.jpg 768w, https:\/\/regiontatry.sk\/wp-content\/uploads\/2023\/05\/AquaCity_Kryo_2019_020_11zon-1920x1280.jpg 1920w, https:\/\/regiontatry.sk\/wp-content\/uploads\/2023\/05\/AquaCity_Kryo_2019_020_11zon-1705x1137.jpg 1705w, https:\/\/regiontatry.sk\/wp-content\/uploads\/2023\/05\/AquaCity_Kryo_2019_020_11zon-698x465.jpg 698w, https:\/\/regiontatry.sk\/wp-content\/uploads\/2023\/05\/AquaCity_Kryo_2019_020_11zon-552x368.jpg 552w\" sizes=\"(max-width: 1024px) 100vw, 1024px\" \/><\/figure><\/li><li class=\"blocks-gallery-item\"><figure><img loading=\"lazy\" decoding=\"async\" width=\"1024\" height=\"683\" src=\"https:\/\/regiontatry.sk\/wp-content\/uploads\/2023\/05\/AquaCity_Kryo_2019_016_11zon-1024x683.jpg\" alt=\"\" data-id=\"8955247\" data-link=\"https:\/\/regiontatry.sk\/wellness-a-relax\/kryoterapia\/aquacity_kryo_2019_016_11zon\/\" class=\"wp-image-8955247\" srcset=\"https:\/\/regiontatry.sk\/wp-content\/uploads\/2023\/05\/AquaCity_Kryo_2019_016_11zon-1024x683.jpg 1024w, https:\/\/regiontatry.sk\/wp-content\/uploads\/2023\/05\/AquaCity_Kryo_2019_016_11zon-300x200.jpg 300w, https:\/\/regiontatry.sk\/wp-content\/uploads\/2023\/05\/AquaCity_Kryo_2019_016_11zon-768x512.jpg 768w, https:\/\/regiontatry.sk\/wp-content\/uploads\/2023\/05\/AquaCity_Kryo_2019_016_11zon-1920x1280.jpg 1920w, https:\/\/regiontatry.sk\/wp-content\/uploads\/2023\/05\/AquaCity_Kryo_2019_016_11zon-1705x1137.jpg 1705w, https:\/\/regiontatry.sk\/wp-content\/uploads\/2023\/05\/AquaCity_Kryo_2019_016_11zon-698x465.jpg 698w, https:\/\/regiontatry.sk\/wp-content\/uploads\/2023\/05\/AquaCity_Kryo_2019_016_11zon-552x368.jpg 552w\" sizes=\"(max-width: 1024px) 100vw, 1024px\" \/><\/figure><\/li><li class=\"blocks-gallery-item\"><figure><img loading=\"lazy\" decoding=\"async\" width=\"1024\" height=\"683\" src=\"https:\/\/regiontatry.sk\/wp-content\/uploads\/2023\/05\/AquaCity_Kryo_2019_025-1024x683.jpg\" alt=\"\" data-id=\"8955265\" data-link=\"https:\/\/regiontatry.sk\/wellness-a-relax\/kryoterapia\/aquacity_kryo_2019_025\/\" class=\"wp-image-8955265\" srcset=\"https:\/\/regiontatry.sk\/wp-content\/uploads\/2023\/05\/AquaCity_Kryo_2019_025-1024x683.jpg 1024w, https:\/\/regiontatry.sk\/wp-content\/uploads\/2023\/05\/AquaCity_Kryo_2019_025-300x200.jpg 300w, https:\/\/regiontatry.sk\/wp-content\/uploads\/2023\/05\/AquaCity_Kryo_2019_025-768x512.jpg 768w, https:\/\/regiontatry.sk\/wp-content\/uploads\/2023\/05\/AquaCity_Kryo_2019_025-1920x1280.jpg 1920w, https:\/\/regiontatry.sk\/wp-content\/uploads\/2023\/05\/AquaCity_Kryo_2019_025-1705x1137.jpg 1705w, https:\/\/regiontatry.sk\/wp-content\/uploads\/2023\/05\/AquaCity_Kryo_2019_025-698x465.jpg 698w, https:\/\/regiontatry.sk\/wp-content\/uploads\/2023\/05\/AquaCity_Kryo_2019_025-552x368.jpg 552w\" sizes=\"(max-width: 1024px) 100vw, 1024px\" \/><\/figure><\/li><\/ul>\n\n\n\n<h4 class=\"wp-block-heading\"><strong><br>KRIOTERAPIA CA\u0141EGO CIA\u0141A <\/strong><\/h4>\n\n\n\n<p>Zabieg krioterapii to\nmetoda leczenia i rehabilitacji, kt\u00f3rej historia si\u0119ga lat 70-80. ubieg\u0142ego\nwieku. Procedura obejmuje maksymalnie trzy minuty pobytu w komorze o \u015bredniej\ntemperaturze \u2013120\u00b0C, po czym nast\u0119puje intensywny wysi\u0142ek \u2013 kinezyterapia.\nPobyt w tej komorze pod nadzorem lekarza stymuluje naturaln\u0105 produkcj\u0119 enzym\u00f3w\ni hormon\u00f3w, kt\u00f3re wspomagaj\u0105 gojenie i w organizmie s\u0105 w stanie \u201erozpocz\u0105\u0107\u201d\nsamoleczenie i regeneracj\u0119.<\/p>\n\n\n\n<p>\u017byj zdrowo, czuj si\u0119\nm\u0142odo, czuj si\u0119 fit<\/p>\n\n\n\n<p>Krioterapia jest\npo\u0142\u0105czeniem nowoczesnej medycyny z leczeniem alternatywnym. Krioterapia\nog\u00f3lnoustrojowa i miejscowa znalaz\u0142a swoje zastosowanie nie tylko w\nrehabilitacji, \u0142agodzeniu lub eliminowaniu nast\u0119pstw choroby, ale jest teraz\npopularna r\u00f3wnie\u017c w\u015br\u00f3d aktywnych sportowc\u00f3w i ludzi, kt\u00f3rzy utrzymuj\u0105 swoj\u0105\nkondycj\u0119 i zdrowie. Pozytywne efekty krioterapii oferujemy w naszym\nspecjalistycznej kriokomorze w AquaCity Poprad. Opr\u00f3cz krioterapii ca\u0142ego cia\u0142a\nwykonujemy r\u00f3wnie\u017c miejscow\u0105 krioterapi\u0119.<\/p>\n\n\n\n<ul class=\"wp-block-gallery columns-2 is-cropped wp-block-gallery-3 is-layout-flex wp-block-gallery-is-layout-flex\"><li class=\"blocks-gallery-item\"><figure><img loading=\"lazy\" decoding=\"async\" width=\"1024\" height=\"683\" src=\"https:\/\/regiontatry.sk\/wp-content\/uploads\/2023\/05\/AquaCity_Kryo_2019_002_11zon-1024x683.jpg\" alt=\"\" data-id=\"8955259\" data-link=\"https:\/\/regiontatry.sk\/wellness-a-relax\/kryoterapia\/aquacity_kryo_2019_002_11zon\/\" class=\"wp-image-8955259\" srcset=\"https:\/\/regiontatry.sk\/wp-content\/uploads\/2023\/05\/AquaCity_Kryo_2019_002_11zon-1024x683.jpg 1024w, https:\/\/regiontatry.sk\/wp-content\/uploads\/2023\/05\/AquaCity_Kryo_2019_002_11zon-300x200.jpg 300w, https:\/\/regiontatry.sk\/wp-content\/uploads\/2023\/05\/AquaCity_Kryo_2019_002_11zon-768x512.jpg 768w, https:\/\/regiontatry.sk\/wp-content\/uploads\/2023\/05\/AquaCity_Kryo_2019_002_11zon-1920x1280.jpg 1920w, https:\/\/regiontatry.sk\/wp-content\/uploads\/2023\/05\/AquaCity_Kryo_2019_002_11zon-1705x1137.jpg 1705w, https:\/\/regiontatry.sk\/wp-content\/uploads\/2023\/05\/AquaCity_Kryo_2019_002_11zon-698x465.jpg 698w, https:\/\/regiontatry.sk\/wp-content\/uploads\/2023\/05\/AquaCity_Kryo_2019_002_11zon-552x368.jpg 552w\" sizes=\"(max-width: 1024px) 100vw, 1024px\" \/><\/figure><\/li><li class=\"blocks-gallery-item\"><figure><img loading=\"lazy\" decoding=\"async\" width=\"1024\" height=\"683\" src=\"https:\/\/regiontatry.sk\/wp-content\/uploads\/2023\/05\/AquaCity_Kryo_2019_006_11zon-1-1024x683.jpg\" alt=\"\" data-id=\"8955271\" data-link=\"https:\/\/regiontatry.sk\/wellness-a-relax\/kryoterapia\/aquacity_kryo_2019_006_11zon-2\/\" class=\"wp-image-8955271\" srcset=\"https:\/\/regiontatry.sk\/wp-content\/uploads\/2023\/05\/AquaCity_Kryo_2019_006_11zon-1-1024x683.jpg 1024w, https:\/\/regiontatry.sk\/wp-content\/uploads\/2023\/05\/AquaCity_Kryo_2019_006_11zon-1-300x200.jpg 300w, https:\/\/regiontatry.sk\/wp-content\/uploads\/2023\/05\/AquaCity_Kryo_2019_006_11zon-1-768x512.jpg 768w, https:\/\/regiontatry.sk\/wp-content\/uploads\/2023\/05\/AquaCity_Kryo_2019_006_11zon-1-1920x1280.jpg 1920w, https:\/\/regiontatry.sk\/wp-content\/uploads\/2023\/05\/AquaCity_Kryo_2019_006_11zon-1-1705x1137.jpg 1705w, https:\/\/regiontatry.sk\/wp-content\/uploads\/2023\/05\/AquaCity_Kryo_2019_006_11zon-1-698x465.jpg 698w, https:\/\/regiontatry.sk\/wp-content\/uploads\/2023\/05\/AquaCity_Kryo_2019_006_11zon-1-552x368.jpg 552w\" sizes=\"(max-width: 1024px) 100vw, 1024px\" \/><\/figure><\/li><\/ul>\n\n\n\n<h4 class=\"wp-block-heading\"><br><strong>KRIOTERAPIA MIEJSCOWA <\/strong><\/h4>\n\n\n\n<p>Krioterapia miejscowa z powodzeniem jest wykorzystywana w medycynie\nsportowej, w leczeniu r\u00f3\u017cnych chor\u00f3b i uraz\u00f3w, poprzez stosowanie zimna\nbezpo\u015brednio w obszarze dotkni\u0119tym chorob\u0105.<br>\nMiejscowe dzia\u0142anie sch\u0142odzonego powietrza jest z powodzeniem stosowane w\nmedycynie sportowej, pomaga leczy\u0107 i eliminowa\u0107 skutki uraz\u00f3w, zwichni\u0119\u0107,\notar\u0107, przetrenowania, krwiak\u00f3w, skurcze mi\u0119\u015bni i blizny. Pobudza naczynia\nkrwiono\u015bne, zapobiega b\u00f3lowi i przyczynia si\u0119 do leczenia przewlek\u0142ych chor\u00f3b.\nPomaga w leczeniu uraz\u00f3w uk\u0142adu mi\u0119\u015bniowo-szkieletowego, z\u0142ama\u0144, skr\u0119ce\u0144, zwichni\u0119\u0107\ni rozdar\u0107 \u015bci\u0119gien i mi\u0119\u015bni, reumatyzmu, oparze\u0144 oraz wielu zmian\nzwyrodnieniowych i zapalnych, stwardnienia rozsianego i artretyzmu. Wynikiem\nsystematycznego leczenia miejscow\u0105 krioterapi\u0105 jest szybsze gojenie si\u0119 ran,\nusuwanie skutk\u00f3w zapale\u0144 i zmniejszenie obrz\u0119k\u00f3w. Lokalna krioterapia mo\u017ce by\u0107\n\u0142\u0105czona z og\u00f3ln\u0105 krioterapi\u0105.<br>\nMetod\u0119 og\u00f3lnoustrojowej regeneracji ch\u0142odem mo\u017cna stosowa\u0107 przez ca\u0142e \u017cycie i\nwzmacnia\u0107 w ten spos\u00f3b zdrowie i poprawia\u0107 swoje \u017cycie w niesko\u0144czono\u015b\u0107.<\/p>\n\n\n\n<h4 class=\"wp-block-heading\">Wi\u0119cej informacji o\u00a0<a rel=\"noreferrer noopener\" href=\"http:\/\/www.kryo.sk\/\" target=\"_blank\">KRIOKOMORZE w Aquacity Poprad <\/a><\/h4>\n\n\n\n<ul class=\"wp-block-list\"><li><\/li><\/ul>\n","protected":false},"excerpt":{"rendered":"<p>Kryoterapia Na ludzkim ciele znajduje si\u0119 ok. 250 000 receptor\u00f3w, kt\u00f3re reaguj\u0105 na zimno, w przeciwie\u0144stwie od receptor\u00f3w reaguj\u0105cych na ciep\u0142o, kt\u00f3rych jest \u201ezaledwie\u201d 30\u00a0000. S\u0105 nier\u00f3wnomiernie rozmieszczone na sk\u00f3rze, najwi\u0119cej na twarzy, na brzuchu, r\u0119kach i opuszkach palc\u00f3w. Krioterapia lub zimno stymuluje je poprzez stres na zimno lub nieznane, co wywo\u0142uje reakcj\u0119 ludzkiego organizmu [&hellip;]<\/p>\n","protected":false},"author":3,"featured_media":8903439,"parent":15994,"menu_order":0,"comment_status":"closed","ping_status":"closed","template":"template-list.php","meta":{"footnotes":""},"class_list":["post-15993","page","type-page","status-publish","has-post-thumbnail","hentry"],"_links":{"self":[{"href":"https:\/\/regiontatry.sk\/pl\/wp-json\/wp\/v2\/pages\/15993"}],"collection":[{"href":"https:\/\/regiontatry.sk\/pl\/wp-json\/wp\/v2\/pages"}],"about":[{"href":"https:\/\/regiontatry.sk\/pl\/wp-json\/wp\/v2\/types\/page"}],"author":[{"embeddable":true,"href":"https:\/\/regiontatry.sk\/pl\/wp-json\/wp\/v2\/users\/3"}],"replies":[{"embeddable":true,"href":"https:\/\/regiontatry.sk\/pl\/wp-json\/wp\/v2\/comments?post=15993"}],"version-history":[{"count":6,"href":"https:\/\/regiontatry.sk\/pl\/wp-json\/wp\/v2\/pages\/15993\/revisions"}],"predecessor-version":[{"id":9211925,"href":"https:\/\/regiontatry.sk\/pl\/wp-json\/wp\/v2\/pages\/15993\/revisions\/9211925"}],"up":[{"embeddable":true,"href":"https:\/\/regiontatry.sk\/pl\/wp-json\/wp\/v2\/pages\/15994"}],"wp:featuredmedia":[{"embeddable":true,"href":"https:\/\/regiontatry.sk\/pl\/wp-json\/wp\/v2\/media\/8903439"}],"wp:attachment":[{"href":"https:\/\/regiontatry.sk\/pl\/wp-json\/wp\/v2\/media?parent=15993"}],"curies":[{"name":"wp","href":"https:\/\/api.w.org\/{rel}","templated":true}]}}