{"id":15995,"date":"2018-08-28T10:44:29","date_gmt":"2018-08-28T08:44:29","guid":{"rendered":"https:\/\/regiontatry.sk\/10-prirodnych-naj\/"},"modified":"2022-12-08T20:12:11","modified_gmt":"2022-12-08T19:12:11","slug":"10-skarbow-przyrody","status":"publish","type":"page","link":"https:\/\/regiontatry.sk\/pl\/region\/10-skarbow-przyrody\/","title":{"rendered":"Najlepsze doznania"},"content":{"rendered":"\n<p>Ciekawostek i atrakcji Tatr Wysokich nie spos\u00f3b zliczy\u0107 nawet na palcach obu r\u0105k. Mimo to wybrali\u015bmy dla Was dziesi\u0119\u0107 cud\u00f3w natury, kt\u00f3re na pewno warto zobaczy\u0107. Zachwyc\u0105 Was swoim majestatycznym pi\u0119knem.<br><br><\/p>\n\n\n\n<div class=\"wp-block-image\"><figure class=\"alignright is-resized\"><img decoding=\"async\" src=\"https:\/\/regiontatry.sk\/wp-content\/uploads\/2018\/10\/balianska-jaskyna-2.jpg\" alt=\"\" class=\"wp-image-5912\" width=\"400\" srcset=\"https:\/\/regiontatry.sk\/wp-content\/uploads\/2018\/10\/balianska-jaskyna-2.jpg 540w, https:\/\/regiontatry.sk\/wp-content\/uploads\/2018\/10\/balianska-jaskyna-2-300x225.jpg 300w\" sizes=\"(max-width: 540px) 100vw, 540px\" \/><\/figure><\/div>\n\n\n\n<h3 class=\"wp-block-heading\">Jaskinia Bielska <\/h3>\n\n\n\n<p>Jedn\u0105 z takich atrakcji z pewno\u015bci\u0105 jest Jaskinia Bielska. To jedyna\njaskinia udost\u0119pniona do zwiedzania. Znajduje si\u0119 w masywie Kobylego Wierchu\n(Kobyl\u00ed vrch) nad Tatrza\u0144sk\u0105 Kotlin\u0105 i stanowi Narodowy Pomnik Przyrody.\nJaskinia zosta\u0142a udost\u0119pniona w 1882 roku i spo\u015br\u00f3d wszystkich tatrza\u0144skich\njaski\u0144 odznacza si\u0119 najbogatszymi (sintrowymi) formami naciekowymi. Ca\u0142a\njaskinia liczy 3829 m d\u0142ugo\u015bci, do zwiedzania udost\u0119pniono za\u015b 1370 m.\nCiekawostk\u0105 jest tak\u017ce o\u015bwietlenie elektryczne, kt\u00f3re zosta\u0142o zamontowano ju\u017c w\n1896 roku.&nbsp;<\/p>\n\n\n\n<div class=\"wp-block-image\"><figure class=\"alignleft is-resized\"><img decoding=\"async\" src=\"https:\/\/regiontatry.sk\/wp-content\/uploads\/2018\/10\/vodopadskok.jpg\" alt=\"\" class=\"wp-image-5914\" width=\"400\" srcset=\"https:\/\/regiontatry.sk\/wp-content\/uploads\/2018\/10\/vodopadskok.jpg 620w, https:\/\/regiontatry.sk\/wp-content\/uploads\/2018\/10\/vodopadskok-300x194.jpg 300w\" sizes=\"(max-width: 620px) 100vw, 620px\" \/><\/figure><\/div>\n\n\n\n<h3 class=\"wp-block-heading\"> Wodospad Skok <\/h3>\n\n\n\n<p>W\u015br\u00f3d cud\u00f3w natury stworzonych przez wod\u0119 warto wymieni\u0107 Wodospad Skok i Po\u015brednia Niewcyrska Siklawa (Kme\u0165ov vodop\u00e1d). Wodospad Skok mo\u017cna podziwia\u0107 w Dolinie M\u0142ynickiej. Jest on zasilany potokiem M\u0142ynica, a woda spada z wysoko\u015bci 100 m, co rzeczywi\u015bcie przypomina skok. Sam wodospad ma 25 m d\u0142ugo\u015bci i jest to wodospad o najwi\u0119kszej ilo\u015bci wody w Tatrach Wysokich. R\u00f3wnie\u017c wodospad Po\u015brednia Niewcyrska Siklawa ma swoje \u201enaj\u201d. Jest to z kolei najd\u0142u\u017cszy wodospad Tatr Wysokich. Jest on po\u0142o\u017cony w dolinie Dolinie Niewcyrka (Dolina Nefcerka) i ma 80 m d\u0142ugo\u015bci.<br><\/p>\n\n\n\n<div class=\"wp-block-image\"><figure class=\"alignright is-resized\"><img decoding=\"async\" src=\"https:\/\/regiontatry.sk\/wp-content\/uploads\/2018\/10\/strbskepleso.jpg\" alt=\"\" class=\"wp-image-5916\" width=\"400\" srcset=\"https:\/\/regiontatry.sk\/wp-content\/uploads\/2018\/10\/strbskepleso.jpg 550w, https:\/\/regiontatry.sk\/wp-content\/uploads\/2018\/10\/strbskepleso-300x200.jpg 300w\" sizes=\"(max-width: 550px) 100vw, 550px\" \/><\/figure><\/div>\n\n\n\n<h3 class=\"wp-block-heading\">Jezioro Szczyrbskie <\/h3>\n\n\n\n<p> Nieod\u0142\u0105czn\u0105 cz\u0119\u015bci\u0105 historii i przyrody Tatr s\u0105 stawy i jeziora g\u00f3rskie. Najbardziej znanym i najcz\u0119\u015bciej odwiedzanym jest Jezioro Szczyrbskie (\u0160trbsk\u00e9 pleso). Jest r\u00f3wnie\u017c drugim pod wzgl\u0119dem wielko\u015bci na S\u0142owacji. Jego pi\u0119kno mo\u017cna podziwia\u0107 nie tylko z brzegu, lecz r\u00f3wnie\u017c p\u0142ywaj\u0105c \u0142\u00f3dk\u0105. <br><\/p>\n\n\n\n<div class=\"wp-block-image\"><figure class=\"alignleft is-resized\"><img decoding=\"async\" src=\"https:\/\/regiontatry.sk\/wp-content\/uploads\/2018\/10\/hincovo.jpg\" alt=\"\" class=\"wp-image-5918\" width=\"400\" srcset=\"https:\/\/regiontatry.sk\/wp-content\/uploads\/2018\/10\/hincovo.jpg 738w, https:\/\/regiontatry.sk\/wp-content\/uploads\/2018\/10\/hincovo-300x199.jpg 300w\" sizes=\"(max-width: 738px) 100vw, 738px\" \/><\/figure><\/div>\n\n\n\n<h3 class=\"wp-block-heading\"> Wielki Staw Hi\u0144czowy <\/h3>\n\n\n\n<p> Kolejnym dzie\u0142em natury zaliczaj\u0105cym si\u0119 do tej kategorii jest Wielki Staw Hi\u0144czowy (Ve\u013ek\u00e9 Hincovo pleso). Jest to najwi\u0119ksze i najg\u0142\u0119bsze jezioro cyrkowe w s\u0142owackich Tatrach Wysokich. Le\u017cy na wysoko\u015bci 1946 m n.p.m., zajmuje powierzchni\u0119 20,08 ha, a jego g\u0142\u0119boko\u015b\u0107 to 53 m. Wielki Staw Hinczowy znajduje si\u0119 w Dolinie Hi\u0144czowej, stanowi\u0105cej g\u00f3rn\u0105 cz\u0119\u015b\u0107 Doliny Mi\u0119guszowieckiej (Mengusovsk\u00e1 dolina). <br><br><br><\/p>\n\n\n\n<div class=\"wp-block-image\"><figure class=\"alignright is-resized\"><img decoding=\"async\" src=\"https:\/\/regiontatry.sk\/wp-content\/uploads\/2018\/10\/koprova-dolina.jpg\" alt=\"\" class=\"wp-image-5922\" width=\"400\" srcset=\"https:\/\/regiontatry.sk\/wp-content\/uploads\/2018\/10\/koprova-dolina.jpg 800w, https:\/\/regiontatry.sk\/wp-content\/uploads\/2018\/10\/koprova-dolina-300x200.jpg 300w, https:\/\/regiontatry.sk\/wp-content\/uploads\/2018\/10\/koprova-dolina-768x512.jpg 768w\" sizes=\"(max-width: 800px) 100vw, 800px\" \/><\/figure><\/div>\n\n\n\n<h3 class=\"wp-block-heading\">Dolina Koprowa <\/h3>\n\n\n\n<p>Dolinami u st\u00f3p g\u00f3r wiod\u0105 liczne szlaki turystyczne. Je\u015bli zdecydujecie si\u0119 z nich skorzysta\u0107, na pewno nie po\u017ca\u0142ujecie. Ze szlak\u00f3w mo\u017cna delektowa\u0107 si\u0119 niezapomnianymi widokami. Jednym z nich jest Dolina Koprowa (K\u00f4prov\u00e1 dolina). Jest to pas o d\u0142ugo\u015bci 12 km z wieloma bocznymi dolinami. Na szlaku prowadz\u0105cym tymi dolinami mo\u017cna podziwia\u0107 prawdziwe bogactwo przyrody. Zielone \u0142\u0105ki, bogate lasy i brzeg Koprowej Wody (K\u00f4provsk\u00fd potok). Szlak prowadzi Dolin\u0105 Hli\u0144sk\u0105 (Hlinsk\u00e1 dolina) do Wy\u017cniej Koprowej Prze\u0142\u0119czy (Vy\u0161n\u00e9 K\u00f4provsk\u00e9 sedlo) i do Doliny Mi\u0119guszowieckiej (Mengusovsk\u00e1 dolina), a dalej a\u017c na Koprowy Wierch (K\u00f4provsk\u00fd \u0161t\u00edt), kt\u00f3ry wraz z Krywaniem (Kriv\u00e1\u0148) g\u00f3ruje nad dolin\u0105. <br><br><\/p>\n\n\n\n<div class=\"wp-block-image\"><figure class=\"alignleft is-resized\"><img decoding=\"async\" src=\"https:\/\/regiontatry.sk\/wp-content\/uploads\/2018\/10\/krivan.jpg\" alt=\"\" class=\"wp-image-5924\" width=\"400\" srcset=\"https:\/\/regiontatry.sk\/wp-content\/uploads\/2018\/10\/krivan.jpg 800w, https:\/\/regiontatry.sk\/wp-content\/uploads\/2018\/10\/krivan-300x200.jpg 300w, https:\/\/regiontatry.sk\/wp-content\/uploads\/2018\/10\/krivan-768x511.jpg 768w\" sizes=\"(max-width: 800px) 100vw, 800px\" \/><\/figure><\/div>\n\n\n\n<h3 class=\"wp-block-heading\">Krywa\u0144 <\/h3>\n\n\n\n<p><\/p>\n\n\n\n<p>Krywa\u0144 (Kriv\u00e1\u0148) to imponuj\u0105cy szczyt po\u0142o\u017cony od zachodniej strony Tatr\nWysokich o wysoko\u015bci 2494,7 m n.p.m. Sk\u0142ada si\u0119 z kilku grani, przy czym dla\nturyst\u00f3w dost\u0119pne s\u0105 po\u0142udniowa i po\u0142udniowo-zachodnia.<\/p>\n\n\n\n<div class=\"wp-block-image\"><figure class=\"alignright is-resized\"><img decoding=\"async\" src=\"https:\/\/regiontatry.sk\/wp-content\/uploads\/2018\/10\/lomnickystit.jpg\" alt=\"\" class=\"wp-image-5926\" width=\"400\" srcset=\"https:\/\/regiontatry.sk\/wp-content\/uploads\/2018\/10\/lomnickystit.jpg 550w, https:\/\/regiontatry.sk\/wp-content\/uploads\/2018\/10\/lomnickystit-300x200.jpg 300w\" sizes=\"(max-width: 550px) 100vw, 550px\" \/><\/figure><\/div>\n\n\n\n<h3 class=\"wp-block-heading\">\u0141omnica <\/h3>\n\n\n\n<p>Jednym z najbardziej znanych tatrza\u0144skich szczyt\u00f3w jest \u0141omnica (Lomnick\u00fd \u0161t\u00edt). Jest to trzeci najwy\u017cszy szczyt S\u0142owacji. Jego wierzcho\u0142ek przypomina piramid\u0119 i wznosi si\u0119 na wysoko\u015bci 2633,8 m n.p.m. Swoj\u0105 popularno\u015b\u0107 zawdzi\u0119cza kolejce kabinowej, kt\u00f3ra wje\u017cd\u017ca na szczyt z \u0141omnickiego Stawu (Skalnat\u00e9 pleso). \u0141omnic\u0119 mo\u017cna zdoby\u0107 od strony \u0141omnickiej Prze\u0142\u0119czy (Lomnick\u00e9 sedla), ale wy\u0142\u0105cznie w towarzystwie przewodnika g\u00f3rskiego. <br><br><br><\/p>\n\n\n\n<div class=\"wp-block-image\"><figure class=\"alignleft is-resized\"><img decoding=\"async\" src=\"https:\/\/regiontatry.sk\/wp-content\/uploads\/2018\/10\/gerlachovsky.jpg\" alt=\"\" class=\"wp-image-5928\" width=\"400\" srcset=\"https:\/\/regiontatry.sk\/wp-content\/uploads\/2018\/10\/gerlachovsky.jpg 1920w, https:\/\/regiontatry.sk\/wp-content\/uploads\/2018\/10\/gerlachovsky-300x200.jpg 300w, https:\/\/regiontatry.sk\/wp-content\/uploads\/2018\/10\/gerlachovsky-768x512.jpg 768w, https:\/\/regiontatry.sk\/wp-content\/uploads\/2018\/10\/gerlachovsky-1024x683.jpg 1024w\" sizes=\"(max-width: 1920px) 100vw, 1920px\" \/><\/figure><\/div>\n\n\n\n<h3 class=\"wp-block-heading\">Gerlach<\/h3>\n\n\n\n<p><\/p>\n\n\n\n<p>Tr\u00f3jc\u0119 dope\u0142nia Gerlach (Gerlachovsk\u00fd \u0161t\u00edt), najwy\u017cszy szczyt Tatr i ca\u0142ych Karpat. Wznosi si\u0119 na wysoko\u015bci 2654,4 m n.p.m.<br><br><br><\/p>\n\n\n\n<div class=\"wp-block-image\"><figure class=\"alignright is-resized\"><img decoding=\"async\" src=\"https:\/\/regiontatry.sk\/wp-content\/uploads\/2018\/10\/sedielko.jpg\" alt=\"\" class=\"wp-image-5920\" width=\"400\" srcset=\"https:\/\/regiontatry.sk\/wp-content\/uploads\/2018\/10\/sedielko.jpg 800w, https:\/\/regiontatry.sk\/wp-content\/uploads\/2018\/10\/sedielko-698x524.jpg 698w, https:\/\/regiontatry.sk\/wp-content\/uploads\/2018\/10\/sedielko-552x414.jpg 552w, https:\/\/regiontatry.sk\/wp-content\/uploads\/2018\/10\/sedielko-300x225.jpg 300w, https:\/\/regiontatry.sk\/wp-content\/uploads\/2018\/10\/sedielko-768x576.jpg 768w\" sizes=\"(max-width: 800px) 100vw, 800px\" \/><\/figure><\/div>\n\n\n\n<h3 class=\"wp-block-heading\">SPrze\u0142\u0119cz Lodowa<\/h3>\n\n\n\n<p>Do pierwszej dziesi\u0105tki \u201enaj\u201c zalicza si\u0119 r\u00f3wnie\u017c jedna z prze\u0142\u0119czy, nazywana Prze\u0142\u0119cz\u0105 Lodow\u0105 (Sedielko). Znajduje si\u0119 ona mi\u0119dzy Lodowym Zwornikiem (Zadn\u00fd \u013dadov\u00fd \u0161t\u00edt) a Ma\u0142ym Lodowym Szczytem (\u0160irok\u00e1 ve\u017ea), na wysoko\u015bci 2 376 m n.p.m. Jest to najwy\u017cej po\u0142o\u017cona prze\u0142\u0119cz, \u0142\u0105cz\u0105ca Dolin\u0119 Ma\u0142ej Zimnej Wody (Mal\u00e1 Studen\u00e1 dolina) i Dolin\u0119 Zadni\u0105 Jaworow\u0105 (Zadn\u00fa Javorov\u00fa dolinu). Mo\u017cna j\u0105 przej\u015b\u0107 w obydwu kierunkach \u2013 ze Starego Smokowca albo z Tatrza\u0144skiej Jaworzyny.<br><br><br><\/p>\n\n\n\n<div class=\"wp-block-image\"><figure class=\"alignleft is-resized\"><img decoding=\"async\" src=\"https:\/\/regiontatry.sk\/wp-content\/uploads\/2018\/10\/malykezmarsky.jpg\" alt=\"\" class=\"wp-image-5930\" width=\"400\" srcset=\"https:\/\/regiontatry.sk\/wp-content\/uploads\/2018\/10\/malykezmarsky.jpg 750w, https:\/\/regiontatry.sk\/wp-content\/uploads\/2018\/10\/malykezmarsky-300x211.jpg 300w\" sizes=\"(max-width: 750px) 100vw, 750px\" \/><\/figure><\/div>\n\n\n\n<h3 class=\"wp-block-heading\">Ma\u0142y Kie\u017cmarski Szczyt<br><br><\/h3>\n\n\n\n<p>Dziesi\u0105tk\u0119 prezentowanych \u201enaj\u201c zamyka \u015bciana Ma\u0142ego Kie\u017cmarskiego Szczytu, zas\u0142uguj\u0105ca na miano najbardziej imponuj\u0105cej \u015bciany skalnej w Tatrach Wysokich. Ma ona wysoko\u015b\u0107 900 m i jest idealnym miejscem dla amator\u00f3w wspinaczki.<\/p>\n","protected":false},"excerpt":{"rendered":"<p>Ciekawostek i atrakcji Tatr Wysokich nie spos\u00f3b zliczy\u0107 nawet na palcach obu r\u0105k. Mimo to wybrali\u015bmy dla Was dziesi\u0119\u0107 cud\u00f3w natury, kt\u00f3re na pewno warto zobaczy\u0107. Zachwyc\u0105 Was swoim majestatycznym pi\u0119knem. Jaskinia Bielska Jedn\u0105 z takich atrakcji z pewno\u015bci\u0105 jest Jaskinia Bielska. To jedyna jaskinia udost\u0119pniona do zwiedzania. Znajduje si\u0119 w masywie Kobylego Wierchu (Kobyl\u00ed [&hellip;]<\/p>\n","protected":false},"author":4,"featured_media":8688229,"parent":15996,"menu_order":0,"comment_status":"closed","ping_status":"closed","template":"template-simple-page.php","meta":{"footnotes":""},"class_list":["post-15995","page","type-page","status-publish","has-post-thumbnail","hentry"],"_links":{"self":[{"href":"https:\/\/regiontatry.sk\/pl\/wp-json\/wp\/v2\/pages\/15995"}],"collection":[{"href":"https:\/\/regiontatry.sk\/pl\/wp-json\/wp\/v2\/pages"}],"about":[{"href":"https:\/\/regiontatry.sk\/pl\/wp-json\/wp\/v2\/types\/page"}],"author":[{"embeddable":true,"href":"https:\/\/regiontatry.sk\/pl\/wp-json\/wp\/v2\/users\/4"}],"replies":[{"embeddable":true,"href":"https:\/\/regiontatry.sk\/pl\/wp-json\/wp\/v2\/comments?post=15995"}],"version-history":[{"count":3,"href":"https:\/\/regiontatry.sk\/pl\/wp-json\/wp\/v2\/pages\/15995\/revisions"}],"predecessor-version":[{"id":8675423,"href":"https:\/\/regiontatry.sk\/pl\/wp-json\/wp\/v2\/pages\/15995\/revisions\/8675423"}],"up":[{"embeddable":true,"href":"https:\/\/regiontatry.sk\/pl\/wp-json\/wp\/v2\/pages\/15996"}],"wp:featuredmedia":[{"embeddable":true,"href":"https:\/\/regiontatry.sk\/pl\/wp-json\/wp\/v2\/media\/8688229"}],"wp:attachment":[{"href":"https:\/\/regiontatry.sk\/pl\/wp-json\/wp\/v2\/media?parent=15995"}],"curies":[{"name":"wp","href":"https:\/\/api.w.org\/{rel}","templated":true}]}}