{"id":15997,"date":"2018-09-28T10:21:28","date_gmt":"2018-09-28T08:21:28","guid":{"rendered":"https:\/\/regiontatry.sk\/zimne-vylety\/vysokohorske-chaty\/"},"modified":"2019-02-27T12:18:09","modified_gmt":"2019-02-27T11:18:09","slug":"schroniska-gorskie","status":"publish","type":"page","link":"https:\/\/regiontatry.sk\/pl\/zimowe-wycieczki\/schroniska-gorskie\/","title":{"rendered":"Schroniska g\u00f3rskie"},"content":{"rendered":"\n<p>Najbardziej ulubionym celem wypraw turystycznych zim\u0105 bywa przewa\u017cnie jedno z tatrza\u0144skich schronisk wysokog\u00f3rskich. W okresie zimowym szlaki turystyczne w Tatrach Wysokich doprowadz\u0105 turyst\u00f3w a\u017c do <strong>12 schronisk wysokog\u00f3rskich<\/strong>. Opr\u00f3cz ciep\u0142ej herbaty \u201eserwowane\u201d s\u0105 tak\u017ce przepi\u0119kne widoki na szczyty, rozleg\u0142e doliny lub zamarzni\u0119te stawy tatrza\u0144skie.<br><\/p>\n","protected":false},"excerpt":{"rendered":"<p>Najbardziej ulubionym celem wypraw turystycznych zim\u0105 bywa przewa\u017cnie jedno z tatrza\u0144skich schronisk wysokog\u00f3rskich. W okresie zimowym szlaki turystyczne w Tatrach Wysokich doprowadz\u0105 turyst\u00f3w a\u017c do 12 schronisk wysokog\u00f3rskich. Opr\u00f3cz ciep\u0142ej herbaty \u201eserwowane\u201d s\u0105 tak\u017ce przepi\u0119kne widoki na szczyty, rozleg\u0142e doliny lub zamarzni\u0119te stawy tatrza\u0144skie.<\/p>\n","protected":false},"author":2,"featured_media":0,"parent":1553,"menu_order":3,"comment_status":"closed","ping_status":"closed","template":"template-objects.php","meta":{"footnotes":""},"class_list":["post-15997","page","type-page","status-publish","hentry"],"_links":{"self":[{"href":"https:\/\/regiontatry.sk\/pl\/wp-json\/wp\/v2\/pages\/15997"}],"collection":[{"href":"https:\/\/regiontatry.sk\/pl\/wp-json\/wp\/v2\/pages"}],"about":[{"href":"https:\/\/regiontatry.sk\/pl\/wp-json\/wp\/v2\/types\/page"}],"author":[{"embeddable":true,"href":"https:\/\/regiontatry.sk\/pl\/wp-json\/wp\/v2\/users\/2"}],"replies":[{"embeddable":true,"href":"https:\/\/regiontatry.sk\/pl\/wp-json\/wp\/v2\/comments?post=15997"}],"version-history":[{"count":1,"href":"https:\/\/regiontatry.sk\/pl\/wp-json\/wp\/v2\/pages\/15997\/revisions"}],"predecessor-version":[{"id":16122,"href":"https:\/\/regiontatry.sk\/pl\/wp-json\/wp\/v2\/pages\/15997\/revisions\/16122"}],"up":[{"embeddable":true,"href":"https:\/\/regiontatry.sk\/pl\/wp-json\/wp\/v2\/pages\/1553"}],"wp:attachment":[{"href":"https:\/\/regiontatry.sk\/pl\/wp-json\/wp\/v2\/media?parent=15997"}],"curies":[{"name":"wp","href":"https:\/\/api.w.org\/{rel}","templated":true}]}}