{"id":15998,"date":"2018-09-13T16:11:57","date_gmt":"2018-09-13T14:11:57","guid":{"rendered":"https:\/\/regiontatry.sk\/region\/jedinecnost-regionu\/"},"modified":"2022-12-14T21:34:19","modified_gmt":"2022-12-14T20:34:19","slug":"jedinecnost-regionu","status":"publish","type":"page","link":"https:\/\/regiontatry.sk\/pl\/region\/jedinecnost-regionu\/","title":{"rendered":"Wyj\u0105tkowo\u015b\u0107 regionu"},"content":{"rendered":"\n<p>Prawdziw\u0105<strong> r\u00f3\u017cnorodno\u015b\u0107 historyczn\u0105 Tatr<\/strong>\u00a0mo\u017cna poczu\u0107 tak\u017ce dzisiaj. Ciekawe obiekty architektury uchyl\u0105 r\u0105bka tajemnicy i\u00a0przekonaj\u0105 Ci\u0119 o\u00a0swojej niepowtarzalno\u015bci.<\/p>\n\n\n\n<p>Sp\u0119d\u017a kr\u00f3lewsk\u0105 noc w jednym z luksusowych, secesyjnych grand hoteli, kt\u00f3re s\u0105 prawdziw\u0105 dum\u0105 Tatr Wysokich. Podziwiaj ponadczasowo\u015b\u0107 technologii kolejki linowej albo poszperaj w historii sportu nad Jeziorem Szczyrbskim. Poznaj czaruj\u0105ce zabytki sakralne regionu Spisz i histori\u0119 znalezisk archeologicznych. <br><br><strong>Tatry Wysokie s\u0105 wyj\u0105tkowe, odkryj pi\u0119kno ich historycznych skarb\u00f3w!!<\/strong><br><\/p>\n\n\n\n<ul class=\"wp-block-gallery columns-2 is-cropped wp-block-gallery-2 is-layout-flex wp-block-gallery-is-layout-flex\"><li class=\"blocks-gallery-item\"><figure><img loading=\"lazy\" decoding=\"async\" width=\"925\" height=\"434\" src=\"https:\/\/regiontatry.sk\/wp-content\/uploads\/2018\/09\/ghss.jpg\" alt=\"\" data-id=\"3590\" class=\"wp-image-3590\" srcset=\"https:\/\/regiontatry.sk\/wp-content\/uploads\/2018\/09\/ghss.jpg 925w, https:\/\/regiontatry.sk\/wp-content\/uploads\/2018\/09\/ghss-300x141.jpg 300w, https:\/\/regiontatry.sk\/wp-content\/uploads\/2018\/09\/ghss-768x360.jpg 768w\" sizes=\"(max-width: 925px) 100vw, 925px\" \/><\/figure><\/li><li class=\"blocks-gallery-item\"><figure><img loading=\"lazy\" decoding=\"async\" width=\"800\" height=\"531\" src=\"https:\/\/regiontatry.sk\/wp-content\/uploads\/2018\/10\/castro-caf_8532899761_o.jpg\" alt=\"\" data-id=\"5938\" data-link=\"https:\/\/regiontatry.sk\/za-historiou-regionu\/castro-caf_8532899761_o\/\" class=\"wp-image-5938\" srcset=\"https:\/\/regiontatry.sk\/wp-content\/uploads\/2018\/10\/castro-caf_8532899761_o.jpg 800w, https:\/\/regiontatry.sk\/wp-content\/uploads\/2018\/10\/castro-caf_8532899761_o-300x199.jpg 300w, https:\/\/regiontatry.sk\/wp-content\/uploads\/2018\/10\/castro-caf_8532899761_o-768x510.jpg 768w\" sizes=\"(max-width: 800px) 100vw, 800px\" \/><\/figure><\/li><\/ul>\n\n\n\n<h3 class=\"wp-block-heading\">KR\u00d3LEWSKIE ZAKWATEROWANIE Z\u00a0DUCHEM HISTORII<span id=\"mce_1_end\" style=\"overflow:hidden;line-height:0px\"><\/h3>\n\n\n\n<p><strong>Grand hotele<\/strong>, kt\u00f3re na pocz\u0105tku XX wieku pojawi\u0142y si\u0119 w Starym Smokowcu (1904), Tatrza\u0144skiej \u0141omnicy (1905) i\u00a0nad Jeziorem Szczyrbskim (1906) do dzi\u015b s\u0105<strong> symbolem tatrza\u0144skiego przepychu i\u00a0doskona\u0142o\u015bci architektonicznej<\/strong>. Wszystkie hotele do dzi\u015b zachowa\u0142y sw\u00f3j majestatyczny urok i\u00a0przyci\u0105gaj\u0105 tych, kt\u00f3rzy chc\u0105 na w\u0142asnej sk\u00f3rze poczu\u0107 kr\u00f3lewsk\u0105 atmosfer\u0119 imponuj\u0105cej tatrza\u0144skiej secesji. Podaruj sobie luksus i\u00a0pozw\u00f3l sobie na chwile zapomnienia w jednym z presti\u017cowych hoteli.<br><\/p>\n\n\n\n<ul class=\"wp-block-gallery columns-2 is-cropped wp-block-gallery-3 is-layout-flex wp-block-gallery-is-layout-flex\"><li class=\"blocks-gallery-item\"><figure><img loading=\"lazy\" decoding=\"async\" width=\"869\" height=\"528\" src=\"https:\/\/regiontatry.sk\/wp-content\/uploads\/2018\/09\/526590_635915516435110_1035313231_n_3.jpg\" alt=\"\" data-id=\"3600\" data-link=\"https:\/\/regiontatry.sk\/?attachment_id=3600\" class=\"wp-image-3600\" srcset=\"https:\/\/regiontatry.sk\/wp-content\/uploads\/2018\/09\/526590_635915516435110_1035313231_n_3.jpg 869w, https:\/\/regiontatry.sk\/wp-content\/uploads\/2018\/09\/526590_635915516435110_1035313231_n_3-300x182.jpg 300w, https:\/\/regiontatry.sk\/wp-content\/uploads\/2018\/09\/526590_635915516435110_1035313231_n_3-768x467.jpg 768w\" sizes=\"(max-width: 869px) 100vw, 869px\" \/><\/figure><\/li><li class=\"blocks-gallery-item\"><figure><img loading=\"lazy\" decoding=\"async\" width=\"501\" height=\"259\" src=\"https:\/\/regiontatry.sk\/wp-content\/uploads\/2018\/09\/522467_617586544934674_1900551514_n_3.jpg\" alt=\"\" data-id=\"3595\" data-link=\"https:\/\/regiontatry.sk\/?attachment_id=3595\" class=\"wp-image-3595\" srcset=\"https:\/\/regiontatry.sk\/wp-content\/uploads\/2018\/09\/522467_617586544934674_1900551514_n_3.jpg 501w, https:\/\/regiontatry.sk\/wp-content\/uploads\/2018\/09\/522467_617586544934674_1900551514_n_3-300x155.jpg 300w\" sizes=\"(max-width: 501px) 100vw, 501px\" \/><\/figure><\/li><\/ul>\n\n\n\n<h3 class=\"wp-block-heading\"><span id=\"mce_1_start\" style=\"overflow: hidden; line-height: 0px;\"><br><\/span><span id=\"mce_1_start\" style=\"overflow:hidden;line-height:0px\">CUDA TECHNIKI<span id=\"mce_1_end\" style=\"overflow:hidden;line-height:0px\"><\/h3>\n\n\n\n<p><strong>Kolejka linowa na \u0141omnic\u0119 <\/strong>to prawdziwy\ncud techniki na skal\u0119 europejsk\u0105! Do 1955 r. by\u0142a ca\u0142kowicie unikalna, dopiero\np\u00f3\u017aniej swoimi parametrami pokona\u0142a j\u0105 kolejka z Chamonix na Aiguille du Midi\nwe Francji. Obiekt ten jest dzie\u0142em wybitnego architekta Du\u0161ana Jurkovi\u010da,\nkt\u00f3ry na S\u0142owacji jest uwa\u017cany za prawdziwy fenomen. Tatry Wysokie maj\u0105 to\nszcz\u0119\u015bcie, \u017ce odcisn\u0105\u0142 w nich trwa\u0142y \u015blad w postaci kilku budynk\u00f3w kolei linowych.<\/p>\n\n\n\n<p>Kolejnym wyj\u0105tkowym tatrza\u0144skim\nunikatem jest <strong>Obserwatorium\nAstronomiczne nas \u0141omnickim Stawem (Observat\u00f3rium Skalnat\u00e9 Pleso)<\/strong>&nbsp;na\nwysoko\u015bci 1786 m n.p.m. Pierwotnie obserwatorium by\u0142o wyposa\u017cone w dwa\nteleskopy. Z okazji 70. rocznicy pierwszej obserwacji z obserwatorium nad\n\u0141omnickim Stawem, 30 pa\u017adziernika 2014 roku oddano do u\u017cytku nowy teleskop do\nmonitorowania bliskich Ziemi asteroid\u00f3w o \u015brednicy 1,3 metra.<\/p>\n\n\n\n<ul class=\"wp-block-gallery columns-2 is-cropped wp-block-gallery-4 is-layout-flex wp-block-gallery-is-layout-flex\"><li class=\"blocks-gallery-item\"><figure><img loading=\"lazy\" decoding=\"async\" width=\"849\" height=\"425\" src=\"https:\/\/regiontatry.sk\/wp-content\/uploads\/2018\/09\/lomnicak_3.jpg\" alt=\"\" data-id=\"3606\" data-link=\"https:\/\/regiontatry.sk\/za-historiou-regionu\/lomnicak_3\/\" class=\"wp-image-3606\" srcset=\"https:\/\/regiontatry.sk\/wp-content\/uploads\/2018\/09\/lomnicak_3.jpg 849w, https:\/\/regiontatry.sk\/wp-content\/uploads\/2018\/09\/lomnicak_3-300x150.jpg 300w, https:\/\/regiontatry.sk\/wp-content\/uploads\/2018\/09\/lomnicak_3-768x384.jpg 768w\" sizes=\"(max-width: 849px) 100vw, 849px\" \/><\/figure><\/li><li class=\"blocks-gallery-item\"><figure><img loading=\"lazy\" decoding=\"async\" width=\"1024\" height=\"510\" src=\"https:\/\/regiontatry.sk\/wp-content\/uploads\/2018\/09\/Observatorium_Skalnate-pleso_2-1024x510.jpg\" alt=\"\" data-id=\"3611\" data-link=\"https:\/\/regiontatry.sk\/za-historiou-regionu\/observatorium_skalnate-pleso_2-1024x510\/\" class=\"wp-image-3611\" srcset=\"https:\/\/regiontatry.sk\/wp-content\/uploads\/2018\/09\/Observatorium_Skalnate-pleso_2-1024x510.jpg 1024w, https:\/\/regiontatry.sk\/wp-content\/uploads\/2018\/09\/Observatorium_Skalnate-pleso_2-1024x510-300x149.jpg 300w, https:\/\/regiontatry.sk\/wp-content\/uploads\/2018\/09\/Observatorium_Skalnate-pleso_2-1024x510-768x383.jpg 768w\" sizes=\"(max-width: 1024px) 100vw, 1024px\" \/><\/figure><\/li><\/ul>\n\n\n\n<h3 class=\"wp-block-heading\"><span id=\"mce_1_start\" style=\"overflow: hidden; line-height: 0px;\"><br><span id=\"mce_1_start\" style=\"overflow:hidden;line-height:0px\">HISTORIA SPORTU<span id=\"mce_1_end\" style=\"overflow:hidden;line-height:0px\"><span id=\"mce_1_end\" style=\"overflow: hidden; line-height: 0px;\"><\/h3>\n\n\n\n<p>Tatry\nnieod\u0142\u0105cznie wi\u0105\u017c\u0105 si\u0119 z&nbsp;histori\u0105 sport\u00f3w zimowych.&nbsp;<strong>Narciarstwo zjazdowe i&nbsp;biegowe<\/strong>,\nczy&nbsp;<strong>skoki narciarskie <\/strong>przyci\u0105gn\u0119\u0142y\nw Tatry wielu turyst\u00f3w.<\/p>\n\n\n\n<p>Najwi\u0119kszy\nwp\u0142yw na modernizacj\u0119 i&nbsp;budow\u0119 o\u015brodk\u00f3w narciarskich w ca\u0142ych Tatrach\nWysokich mia\u0142a dyscyplina \u201enarciarstwo klasyczne\u201c.<\/p>\n\n\n\n<p>Ze wzgl\u0119du na\nwyj\u0105tkowy klimat r\u00f3wnie\u017c obecnie Tatry s\u0105 popularnym celem dla mi\u0142o\u015bnik\u00f3w\nsportu zar\u00f3wno w\u015br\u00f3d profesjonalist\u00f3w, jak i&nbsp;amator\u00f3w. Ty te\u017c daj sobie\nwycisk!<\/p>\n\n\n\n<ul class=\"wp-block-gallery columns-3 is-cropped wp-block-gallery-5 is-layout-flex wp-block-gallery-is-layout-flex\"><li class=\"blocks-gallery-item\"><figure><img loading=\"lazy\" decoding=\"async\" width=\"735\" height=\"518\" src=\"https:\/\/regiontatry.sk\/wp-content\/uploads\/2018\/09\/1459225_779523675407626_44220595_n_2.jpg\" alt=\"\" data-id=\"3628\" data-link=\"https:\/\/regiontatry.sk\/za-historiou-regionu\/1459225_779523675407626_44220595_n_2\/\" class=\"wp-image-3628\" srcset=\"https:\/\/regiontatry.sk\/wp-content\/uploads\/2018\/09\/1459225_779523675407626_44220595_n_2.jpg 735w, https:\/\/regiontatry.sk\/wp-content\/uploads\/2018\/09\/1459225_779523675407626_44220595_n_2-300x211.jpg 300w\" sizes=\"(max-width: 735px) 100vw, 735px\" \/><\/figure><\/li><li class=\"blocks-gallery-item\"><figure><img loading=\"lazy\" decoding=\"async\" width=\"284\" height=\"300\" src=\"https:\/\/regiontatry.sk\/wp-content\/uploads\/2018\/09\/63203_617567361603259_119909362_n_2-284x300.jpg\" alt=\"\" data-id=\"3618\" data-link=\"https:\/\/regiontatry.sk\/za-historiou-regionu\/63203_617567361603259_119909362_n_2-284x300\/\" class=\"wp-image-3618\"\/><\/figure><\/li><li class=\"blocks-gallery-item\"><figure><img loading=\"lazy\" decoding=\"async\" width=\"487\" height=\"702\" src=\"https:\/\/regiontatry.sk\/wp-content\/uploads\/2018\/09\/426537_617526848273977_1956364284_n.jpg\" alt=\"\" data-id=\"3623\" data-link=\"https:\/\/regiontatry.sk\/za-historiou-regionu\/426537_617526848273977_1956364284_n\/\" class=\"wp-image-3623\" srcset=\"https:\/\/regiontatry.sk\/wp-content\/uploads\/2018\/09\/426537_617526848273977_1956364284_n.jpg 487w, https:\/\/regiontatry.sk\/wp-content\/uploads\/2018\/09\/426537_617526848273977_1956364284_n-208x300.jpg 208w\" sizes=\"(max-width: 487px) 100vw, 487px\" \/><\/figure><\/li><\/ul>\n\n\n\n<h3 class=\"wp-block-heading\"><br><span id=\"mce_1_start\" style=\"overflow:hidden;line-height:0px\">ZABYTKI SAKRALNE TATR I\u00a0OKOLICY<span id=\"mce_1_end\" style=\"overflow:hidden;line-height:0px\"><\/h3>\n\n\n\n<p>Od zamierzch\u0142ej\nprzesz\u0142o\u015bci nad miasteczkami i&nbsp;wioskami po\u0142o\u017conymi na Spiszu g\u00f3rowa\u0142y&nbsp;<a href=\"http:\/\/regiontatry.sk\/sk\/region\/historia-a-kultura\/historicke-pamiatky\/\" class=\"broken_link\"><strong>ko\u015bcio\u0142y<\/strong><\/a>. Do najciekawszych zabytk\u00f3w architektury sakralnej zalicza si\u0119 pochodz\u0105cy\nz&nbsp;XIII wieku ko\u015bci\u00f3\u0142 \u015bw. Jerzego w dzielnicy Spiska Sobota.<\/p>\n\n\n\n<p>Charakterystycznym\nprzyk\u0142adem sakralnej architektury ludowej we wschodniej S\u0142owacji s\u0105<strong> drewniane cerkwie i&nbsp;ko\u015bcio\u0142y <\/strong>wpisane\nna list\u0119 UNESCO. W Tatrach Wysokich mo\u017cecie je zobaczy\u0107 w Starym i&nbsp;Dolnym Smokowcu,\nKotlinie Tatrza\u0144skiej, Jaworzynie Tatrza\u0144skiej, Popradzie i Kie\u017cmarku.<\/p>\n\n\n\n<p>Wa\u017cnym\nzabytkiem sakralnym jest tak\u017ce<strong> symboliczny\ncmentarz nad Stawem Popradzkim,<\/strong>&nbsp;kt\u00f3ry powsta\u0142 dla uczczenia\npami\u0119ci ofiar Tatr Wysokich.<\/p>\n\n\n\n<ul class=\"wp-block-gallery columns-3 is-cropped wp-block-gallery-6 is-layout-flex wp-block-gallery-is-layout-flex\"><li class=\"blocks-gallery-item\"><figure><img loading=\"lazy\" decoding=\"async\" width=\"400\" height=\"300\" src=\"https:\/\/regiontatry.sk\/wp-content\/uploads\/2018\/09\/Kostol-sv.-Juraja-Sp.-Sotota.jpg\" alt=\"\" data-id=\"3640\" data-link=\"https:\/\/regiontatry.sk\/za-historiou-regionu\/kostol-sv-juraja-sp-sotota\/\" class=\"wp-image-3640\" srcset=\"https:\/\/regiontatry.sk\/wp-content\/uploads\/2018\/09\/Kostol-sv.-Juraja-Sp.-Sotota.jpg 400w, https:\/\/regiontatry.sk\/wp-content\/uploads\/2018\/09\/Kostol-sv.-Juraja-Sp.-Sotota-300x225.jpg 300w\" sizes=\"(max-width: 400px) 100vw, 400px\" \/><\/figure><\/li><li class=\"blocks-gallery-item\"><figure><img loading=\"lazy\" decoding=\"async\" width=\"259\" height=\"194\" src=\"https:\/\/regiontatry.sk\/wp-content\/uploads\/2018\/09\/dreveny-kostolik-ss.jpg\" alt=\"\" data-id=\"3635\" data-link=\"https:\/\/regiontatry.sk\/za-historiou-regionu\/dreveny-kostolik-ss\/\" class=\"wp-image-3635\"\/><\/figure><\/li><li class=\"blocks-gallery-item\"><figure><img loading=\"lazy\" decoding=\"async\" width=\"300\" height=\"189\" src=\"https:\/\/regiontatry.sk\/wp-content\/uploads\/2018\/09\/symbolicky-cintorin-pp-300x189.jpg\" alt=\"\" data-id=\"3645\" data-link=\"https:\/\/regiontatry.sk\/za-historiou-regionu\/symbolicky-cintorin-pp-300x189\/\" class=\"wp-image-3645\"\/><\/figure><\/li><\/ul>\n","protected":false},"excerpt":{"rendered":"<p>Prawdziw\u0105 r\u00f3\u017cnorodno\u015b\u0107 historyczn\u0105 Tatr\u00a0mo\u017cna poczu\u0107 tak\u017ce dzisiaj. Ciekawe obiekty architektury uchyl\u0105 r\u0105bka tajemnicy i\u00a0przekonaj\u0105 Ci\u0119 o\u00a0swojej niepowtarzalno\u015bci. Sp\u0119d\u017a kr\u00f3lewsk\u0105 noc w jednym z luksusowych, secesyjnych grand hoteli, kt\u00f3re s\u0105 prawdziw\u0105 dum\u0105 Tatr Wysokich. Podziwiaj ponadczasowo\u015b\u0107 technologii kolejki linowej albo poszperaj w historii sportu nad Jeziorem Szczyrbskim. Poznaj czaruj\u0105ce zabytki sakralne regionu Spisz i histori\u0119 znalezisk [&hellip;]<\/p>\n","protected":false},"author":1,"featured_media":8869343,"parent":15996,"menu_order":3,"comment_status":"closed","ping_status":"closed","template":"template-simple-page.php","meta":{"footnotes":""},"class_list":["post-15998","page","type-page","status-publish","has-post-thumbnail","hentry"],"_links":{"self":[{"href":"https:\/\/regiontatry.sk\/pl\/wp-json\/wp\/v2\/pages\/15998"}],"collection":[{"href":"https:\/\/regiontatry.sk\/pl\/wp-json\/wp\/v2\/pages"}],"about":[{"href":"https:\/\/regiontatry.sk\/pl\/wp-json\/wp\/v2\/types\/page"}],"author":[{"embeddable":true,"href":"https:\/\/regiontatry.sk\/pl\/wp-json\/wp\/v2\/users\/1"}],"replies":[{"embeddable":true,"href":"https:\/\/regiontatry.sk\/pl\/wp-json\/wp\/v2\/comments?post=15998"}],"version-history":[{"count":3,"href":"https:\/\/regiontatry.sk\/pl\/wp-json\/wp\/v2\/pages\/15998\/revisions"}],"predecessor-version":[{"id":8688252,"href":"https:\/\/regiontatry.sk\/pl\/wp-json\/wp\/v2\/pages\/15998\/revisions\/8688252"}],"up":[{"embeddable":true,"href":"https:\/\/regiontatry.sk\/pl\/wp-json\/wp\/v2\/pages\/15996"}],"wp:featuredmedia":[{"embeddable":true,"href":"https:\/\/regiontatry.sk\/pl\/wp-json\/wp\/v2\/media\/8869343"}],"wp:attachment":[{"href":"https:\/\/regiontatry.sk\/pl\/wp-json\/wp\/v2\/media?parent=15998"}],"curies":[{"name":"wp","href":"https:\/\/api.w.org\/{rel}","templated":true}]}}