{"id":1601,"date":"2018-07-30T09:09:16","date_gmt":"2018-07-30T07:09:16","guid":{"rendered":"http:\/\/regiontatry.creanet.sk\/lyzovanie-2\/"},"modified":"2025-10-07T22:48:25","modified_gmt":"2025-10-07T20:48:25","slug":"narciarstwo","status":"publish","type":"page","link":"https:\/\/regiontatry.sk\/pl\/narciarstwo\/","title":{"rendered":"Narciarstwo"},"content":{"rendered":"\n<p>Pozw\u00f3l\nsobie na niepowtarzalny wypoczynek pe\u0142en zimowych przyg\u00f3d i bia\u0142e szale\u0144stwo na\nstoku. Przyjed\u017a w Tatry Wysokie i korzystaj z <strong>24 km zawsze doskonale wyratrakowanych tras narciarskich <\/strong>z\ngwarancj\u0105 \u015bniegu przez 5 miesi\u0119cy w roku. W najlepszych o\u015brodkach narciarskich Tatrza\u0144ska\n\u0141omnica (Tatransk\u00e1 Lomnica), Jezioro Szczyrbskie (\u0160trbsk\u00e9 Pleso) i Stary\nSmokowiec (Star\u00fd Smokovec) mo\u017cesz si\u0119gn\u0105\u0107 chmur dzi\u0119ki <strong>20 nowoczesnym kolejkom linowym i wyci\u0105gom<\/strong>.<\/p>\n\n\n\n<p>W Tatrza\u0144skiej \u0141omnicy na mi\u0142o\u015bnik\u00f3w narciarstwa zjazdowego czeka <strong>5,5 kilometrowa trasa carvingowa o szeroko\u015bci nawet do 60 m<\/strong>\u00a0i\u00a0<strong>mo\u017cliwo\u015bci\u0105 szusowania z wysoko\u015bci 2190 m n.p.m. po najbardziej<br>stromej trasie wiod\u0105cej z Prze\u0142\u0119czy \u0141omnickiej (Lomnick\u00e9 sedlo)<\/strong>. Jezioro Szczyrbskie ma do zaoferowania \u0142\u0105cznie 9 km tras oraz nowoczesny snowpark. W obydwu o\u015brodkach znajduj\u0105 si\u0119 jedyne ogrodzone place do nauki jazdy na nartach &#8211; Maxiland. Kr\u00f3tsze i \u0142atwiejsze trasy w Starym Smokowcu to idealne miejsce dla ma\u0142ych dzieci i pocz\u0105tkuj\u0105cych.\u00a0<\/p>\n\n\n\n<p>Udany\nwypad na narty nie mo\u017ce obej\u015b\u0107 si\u0119 bez zabawy w barze Apres Ski lub\nprzejazdu&nbsp;<strong>ekologicznym SKIbusem<\/strong>&nbsp;z hotelu bezpo\u015brednio na stok.\nW ca\u0142ych Tatrach Wysokich mo\u017cna szusowa\u0107 na&nbsp;<strong>jednym skipassie<\/strong>.<\/p>\n\n\n\n<p>W regionie Tatry Wysokie znajd\u0105 co\u015b dla siebie tak\u017ce mi\u0142o\u015bnicy<strong> narciarstwa biegowego<\/strong>. O\u015brodek <strong>Jezioro Szczyrbskie<\/strong> oferuje wiele tras o r\u00f3\u017cnym stopniu trudno\u015bci o \u0142\u0105cznej d\u0142ugo\u015bci <strong>25 km<\/strong>. Trasy biegowe mo\u017cna tak\u017ce znale\u017a\u0107 w Tatrza\u0144skiej \u0141omnicy, Starym Smokowcu, ale tak\u017ce u podn\u00f3\u017ca Tatr. Obiekt golfowy Black Stork w Wielkiej \u0141omnicy, zim\u0105 zamienia si\u0119 w liczne trasy biegowe o \u0142\u0105cznej d\u0142ugo\u015bci ponad 10 km. W ka\u017cdej z tatrza\u0144skich miejscowo\u015bci czekaj\u0105 na Pa\u0144stwa doskona\u0142e <strong>trasy biegowe o \u0142\u0105cznej d\u0142ugo\u015bci ponad 72 km.<\/strong><\/p>\n\n\n\n<p>Nie masz w\u0142asnego sprz\u0119tu? \u017baden problem! W Tatrach Wysokich bez problemu wypo\u017cyczysz wszystko, czego potrzebujesz \u2013 od nowoczesnych nart i snowboard\u00f3w, po kaski i akcesoria. <a href=\"https:\/\/regiontatry.sk\/pl\/narciarstwo\/wypozyczalnie-nart-i-sprzetu-narciarskiego\/\" target=\"_blank\" rel=\"noreferrer noopener\">Wypo\u017cyczalnie sprz\u0119tu <\/a>narciarskiego oferuj\u0105 wysokiej jako\u015bci, nowoczesny sprz\u0119t dla ka\u017cdego.<\/p>\n\n\n\n<p>A je\u015bli dopiero uczysz si\u0119 je\u017adzi\u0107 na nartach, do\u015bwiadczeni <a href=\"https:\/\/regiontatry.sk\/pl\/narciarstwo\/szkoly-narciarskie\/\" target=\"_blank\" rel=\"noreferrer noopener\">instruktorzy ze szk\u00f3\u0142ek<\/a> narciarskich, kt\u00f3re znajdziesz bezpo\u015brednio w tatrza\u0144skich o\u015brodkach, zadbaj\u0105 o Twoje pierwsze do\u015bwiadczenia na \u015bniegu.<\/p>\n\n\n\n<p>Podziwiaj wysokog\u00f3rskie panoramy i poczuj fantastyczn\u0105 atmosfer\u0119, kt\u00f3r\u0105 oferuj\u0105 zim\u0105 <strong>najmniejsze wysokie g\u00f3ry<\/strong> na \u015bwiecie.&nbsp; <\/p>\n\n\n\n<p>Zimowe Tatry to raj dla mi\u0142o\u015bnik\u00f3w narciarstwa. Oferujemy przegl\u0105d najlepszych tras zjazdowych, odpowiednich dla pocz\u0105tkuj\u0105cych i zaawansowanych narciarzy. Przygotuj si\u0119 na zimow\u0105 przygod\u0119, kt\u00f3ra zapiera dech w piersiach!<\/p>\n\n\n\t<div class=\"wp-block-cgb-block-creanet-grid category-list cell small-12 medium-4 cg\">\n\t\t<div class=\"cell small-12 medium-12 large-12 medium-order-1\">\n\t\t\t<a href=\"\/pl\/narciarstwo\/tatrzanska-lomnica\/\">\n\t\t\t\t<div class=\"background-grid-color\"><\/div>\n\t\t\t\t\t\t\t\t\t<figure><img decoding=\"async\" src=\"https:\/\/regiontatry.sk\/wp-content\/uploads\/2024\/11\/\u00a9-Marek-Hajkovsky-foto-VT-kampan-zima-2024_115-1024x563.jpg\" alt=\"ly\u017eovanie Skalnat\u00e9 pleso\n\"\n\t\t\t\t\t\t\t\t title=\"\u00a9 Marek Hajkovsky foto VT kampan zima 2024_115\"\/><\/figure>\n\t\t\t\t\t\t\t\t<h3>Tatrza\u0144ska \u0141omnica<\/h3>\t\t\t\t\t\t\t<\/a>\n\t\t<\/div>\n\t<\/div>\n\t\n\n\t<div class=\"wp-block-cgb-block-creanet-grid category-list cell small-12 medium-4 cg\">\n\t\t<div class=\"cell small-12 medium-12 large-12 medium-order-1\">\n\t\t\t<a href=\"\/pl\/narciarstwo\/jezioro-szczyrbskie\/\">\n\t\t\t\t<div class=\"background-grid-color\"><\/div>\n\t\t\t\t\t\t\t\t\t<figure><img decoding=\"async\" src=\"https:\/\/regiontatry.sk\/wp-content\/uploads\/2024\/11\/c-Marek-Hajkovsky-foto-STRBSKE-PLESO-lyziar-2020-19_11zon-1024x581.jpg\" alt=\"\"\n\t\t\t\t\t\t\t\t title=\"c Marek Hajkovsky foto STRBSKE PLESO lyziar 2020 19_11zon\"\/><\/figure>\n\t\t\t\t\t\t\t\t<h3>Jezioro Szczyrbskie<\/h3>\t\t\t\t\t\t\t<\/a>\n\t\t<\/div>\n\t<\/div>\n\t\n\n\t<div class=\"wp-block-cgb-block-creanet-grid category-list cell small-12 medium-4 cg\">\n\t\t<div class=\"cell small-12 medium-12 large-12 medium-order-1\">\n\t\t\t<a href=\"\/pl\/narciarstwo\/stary-smokowiec\/\">\n\t\t\t\t<div class=\"background-grid-color\"><\/div>\n\t\t\t\t\t\t\t\t\t<figure><img decoding=\"async\" src=\"https:\/\/regiontatry.sk\/wp-content\/uploads\/2018\/09\/Maxiland-for-children_800.jpg\" alt=\"\"\n\t\t\t\t\t\t\t\t title=\"Maxiland-for-children_800\"\/><\/figure>\n\t\t\t\t\t\t\t\t<h3>Stary Smokowiec<\/h3>\t\t\t\t\t\t\t<\/a>\n\t\t<\/div>\n\t<\/div>\n\t\n\n\t<div class=\"wp-block-cgb-block-creanet-grid category-list cell small-12 medium-4 cg\">\n\t\t<div class=\"cell small-12 medium-12 large-12 medium-order-1\">\n\t\t\t<a href=\"\/pl\/narciarstwo\/narciarstwo-biegowe\/\">\n\t\t\t\t<div class=\"background-grid-color\"><\/div>\n\t\t\t\t\t\t\t\t\t<figure><img decoding=\"async\" src=\"https:\/\/regiontatry.sk\/wp-content\/uploads\/2018\/09\/P1110316.jpg\" alt=\"\"\n\t\t\t\t\t\t\t\t title=\"P1110316\"\/><\/figure>\n\t\t\t\t\t\t\t\t<h3>Narciarstwo biegowe<\/h3>\t\t\t\t\t\t\t<\/a>\n\t\t<\/div>\n\t<\/div>\n\t\n\n\t<div class=\"wp-block-cgb-block-creanet-grid category-list cell small-12 medium-4 cg\">\n\t\t<div class=\"cell small-12 medium-12 large-12 medium-order-1\">\n\t\t\t<a href=\"\/pl\/narciarstwo\/ski-aqua-bus\/\">\n\t\t\t\t<div class=\"background-grid-color\"><\/div>\n\t\t\t\t\t\t\t\t\t<figure><img decoding=\"async\" src=\"https:\/\/regiontatry.sk\/wp-content\/uploads\/2024\/02\/ski-bus-foto-1024x547.png\" alt=\"\"\n\t\t\t\t\t\t\t\t title=\"ski bus foto\"\/><\/figure>\n\t\t\t\t\t\t\t\t<h3>SKI &amp; AQUA BUS<\/h3>\t\t\t\t\t\t\t<\/a>\n\t\t<\/div>\n\t<\/div>\n\t","protected":false},"excerpt":{"rendered":"<p>Pozw\u00f3l sobie na niepowtarzalny wypoczynek pe\u0142en zimowych przyg\u00f3d i bia\u0142e szale\u0144stwo na stoku. Przyjed\u017a w Tatry Wysokie i korzystaj z 24 km zawsze doskonale wyratrakowanych tras narciarskich z gwarancj\u0105 \u015bniegu przez 5 miesi\u0119cy w roku. W najlepszych o\u015brodkach narciarskich Tatrza\u0144ska \u0141omnica (Tatransk\u00e1 Lomnica), Jezioro Szczyrbskie (\u0160trbsk\u00e9 Pleso) i Stary Smokowiec (Star\u00fd Smokovec) mo\u017cesz si\u0119gn\u0105\u0107 chmur [&hellip;]<\/p>\n","protected":false},"author":1,"featured_media":9487904,"parent":0,"menu_order":0,"comment_status":"closed","ping_status":"closed","template":"template-list.php","meta":{"footnotes":""},"class_list":["post-1601","page","type-page","status-publish","has-post-thumbnail","hentry"],"_links":{"self":[{"href":"https:\/\/regiontatry.sk\/pl\/wp-json\/wp\/v2\/pages\/1601"}],"collection":[{"href":"https:\/\/regiontatry.sk\/pl\/wp-json\/wp\/v2\/pages"}],"about":[{"href":"https:\/\/regiontatry.sk\/pl\/wp-json\/wp\/v2\/types\/page"}],"author":[{"embeddable":true,"href":"https:\/\/regiontatry.sk\/pl\/wp-json\/wp\/v2\/users\/1"}],"replies":[{"embeddable":true,"href":"https:\/\/regiontatry.sk\/pl\/wp-json\/wp\/v2\/comments?post=1601"}],"version-history":[{"count":15,"href":"https:\/\/regiontatry.sk\/pl\/wp-json\/wp\/v2\/pages\/1601\/revisions"}],"predecessor-version":[{"id":11140490,"href":"https:\/\/regiontatry.sk\/pl\/wp-json\/wp\/v2\/pages\/1601\/revisions\/11140490"}],"wp:featuredmedia":[{"embeddable":true,"href":"https:\/\/regiontatry.sk\/pl\/wp-json\/wp\/v2\/media\/9487904"}],"wp:attachment":[{"href":"https:\/\/regiontatry.sk\/pl\/wp-json\/wp\/v2\/media?parent=1601"}],"curies":[{"name":"wp","href":"https:\/\/api.w.org\/{rel}","templated":true}]}}