{"id":1606,"date":"2018-07-17T11:29:01","date_gmt":"2018-07-17T09:29:01","guid":{"rendered":"http:\/\/regiontatry.creanet.sk\/horska-turistika\/"},"modified":"2019-02-15T15:32:03","modified_gmt":"2019-02-15T14:32:03","slug":"horska-turistika","status":"publish","type":"page","link":"https:\/\/regiontatry.sk\/pl\/horska-turistika\/","title":{"rendered":"Horsk\u00e1 turistika"},"content":{"rendered":"\n<p>Vo Vysok\u00fdch Tatr\u00e1ch sa nach\u00e1dza pribli\u017ene\u00a0<strong>600\u2005km zna\u010dkovan\u00fdch chodn\u00edkov<\/strong>, ktor\u00e9 umo\u017enia turistom objavi\u0165 tie najkraj\u0161ie miesta tejto horskej krajiny. Turistick\u00e9 chodn\u00edky\u00a0<strong>po\u00a0dolin\u00e1ch<\/strong>, v\u00fdstupy na\u00a0<strong>tatransk\u00e9 chaty<\/strong>, cesty k\u00a0najkraj\u0161\u00edm<strong>\u00a0tatransk\u00fdm ples\u00e1m<\/strong>, tatransk\u00e9\u00a0<strong>vrcholy<\/strong>\u00a0\u010di dvojtis\u00edcov\u00e9\u00a0<strong>\u0161t\u00edty<\/strong>, prechody cez\u00a0<strong>tatransk\u00e9 sedl\u00e1\u00a0\ufeff<\/strong>s\u00a0nebesk\u00fdmi v\u00fdh\u013eadmi, ako aj fascinuj\u00faci svet zvierat a\u00a0rastl\u00edn.<\/p>\n\n\n\n<p>Ak nav\u0161t\u00edvite tento malebn\u00fd k\u00fasok zeme, ur\u010dite si ho ob\u013e\u00fabite.<\/p>\n\n\n\n<p>Vysok\u00e9 Tatry s\u00fa\u00a0<strong>vhodn\u00e9 pre ka\u017ed\u00e9ho turistu<\/strong>, od nen\u00e1ro\u010dn\u00fdch prech\u00e1dzok pre rodiny s\u00a0de\u0165mi cez akt\u00edvnu turistiku pre n\u00e1ro\u010dnej\u0161\u00edch a\u017e po fyzick\u00e9 prekon\u00e1vanie t\u00fdch, ktor\u00fd chc\u00fa dosiahnu\u0165 tie najvy\u0161\u0161ie vrcholy.<\/p>\n\n\n\n<p>V\u0161etky turistick\u00e9 chodn\u00edky, ur\u010den\u00e9 pre pohyb n\u00e1v\u0161tevn\u00edkov v\u00a0Tatranskom n\u00e1rodnom parku, s\u00fa vyzna\u010den\u00e9 zna\u010dkami (\u010derven\u00e1, modr\u00e1, zelen\u00e1, \u017elt\u00e1). Pod\u013ea n\u00e1ro\u010dnosti jednotliv\u00fdch \u00fasekov s\u00fa rozdelen\u00e9 do nieko\u013ek\u00fdch skup\u00edn.<\/p>\n\n\n\n<figure class=\"wp-block-embed-youtube wp-block-embed aligncenter is-type-video is-provider-youtube\">\n\t<iframe loading=\"lazy\" title=\"Horsk\u00e1 turistika vo Vysok\u00fdch Tatr\u00e1ch\" width=\"640\" height=\"360\" src=\"https:\/\/www.youtube.com\/embed\/WOdnl5jNlAg?feature=oembed\" frameborder=\"0\" allow=\"accelerometer; autoplay; clipboard-write; encrypted-media; gyroscope; picture-in-picture; web-share\" referrerpolicy=\"strict-origin-when-cross-origin\" allowfullscreen><\/iframe>\n<\/figure>\n\n\n\n<div class=\"wp-block-columns has-2-columns is-layout-flex wp-container-core-columns-is-layout-1 wp-block-columns-is-layout-flex\">\n\t\n\t<div class=\"wp-block-column is-layout-flow wp-block-column-is-layout-flow\">\n\t\t\n\t\t<h2 class=\"wp-block-heading\">PRECH\u00c1DZKY KRAJINOU<\/h2>\n\t\t\n\n\t\t\n\t\t<p><strong>Pre menej n\u00e1ro\u010dn\u00fdch turistov<\/strong>\u00a0s\u00fa ide\u00e1lne kr\u00e1tke vych\u00e1dzky do 2 hod., ktor\u00e9 je mo\u017en\u00e9 absolvova\u0165 aj s\u00a0mal\u00fdmi de\u0165mi:<\/p>\n\t\t\n\n\t\t\n\t\t<ul class=\"wp-block-list\">\n\t\t\t<li> Zo zast\u00e1vky Popradsk\u00e9 pleso sa jednoducho a\u00a0r\u00fdchlo dostanete\u00a0<strong>k\u00a0Popradsk\u00e9mu plesu<\/strong>, \u0161tvrt\u00e9mu najv\u00e4\u010d\u0161iemu v\u00a0Tatr\u00e1ch.<\/li>\n\t\t\t<li> K zauj\u00edmav\u00fdm krat\u0161\u00edm tras\u00e1m patr\u00ed vych\u00e1dzka z Hrebienka\u00a0<strong>k Rainerovej \u00fatulni<\/strong>\u00a0(najstar\u0161ej chate vo Vysok\u00fdch Tatr\u00e1ch)\u00a0<strong>a Vodop\u00e1dom Studen\u00e9ho potoka<\/strong>.\u00a0<\/li>\n\t\t\t<li> Prech\u00e1dzka z Tatranskej Lomnice okolo \u00fadolnej stanice prvej lanovky na Skalnat\u00e9 pleso na\u00a0<strong>l\u00faky pri Tatransk\u00fdch Matliaroch.<\/strong> <\/li>\n\t\t\t<li><strong>Pr\u00edjemn\u00e1 prech\u00e1dzka\u00a0zo \u0160trbsk\u00e9ho plesa<strong>\u00a0k Jamsk\u00e9mu plesu<\/strong>\u00a0a sp\u00e4\u0165.<\/strong>\n\t\t\t<\/li>\n\t\t<\/ul>\n\t\t\n\n\t\t\n\t\t<p><strong>viac v \u010dl\u00e1nku\u00a0<a href=\"#\">RODINN\u00c1 TURISTIKA<\/a><\/strong><\/p>\n\t\t\n\t<\/div>\n\t\n\n\t\n\t<div class=\"wp-block-column is-layout-flow wp-block-column-is-layout-flow\">\n\t\t\n\t\t<figure class=\"wp-block-image is-resized\"><img loading=\"lazy\" decoding=\"async\" src=\"https:\/\/regiontatry.sk\/wp-content\/uploads\/2018\/07\/DSC_1181-TOP_1000-681x1024-1-681x1024.jpg\" alt=\"\" class=\"wp-image-423\" width=\"341\" height=\"512\" srcset=\"https:\/\/regiontatry.sk\/wp-content\/uploads\/2018\/07\/DSC_1181-TOP_1000-681x1024-1.jpg 681w, https:\/\/regiontatry.sk\/wp-content\/uploads\/2018\/07\/DSC_1181-TOP_1000-681x1024-1-200x300.jpg 200w\" sizes=\"(max-width: 341px) 100vw, 341px\" \/><\/figure>\n\t\t\n\t<\/div>\n\t\n<\/div>\n\n\n\n<h2 class=\"wp-block-heading\">T\u00daRY PO DOLIN\u00c1CH\ufeff<\/h2>\n\n\n\n<p><strong>Ak patr\u00edte k\u00a0n\u00e1ro\u010dnej\u0161\u00edm turistom<\/strong>,\u00a0ur\u010dite nevynechajte niektor\u00e9 dlh\u0161ie t\u00fary po dolin\u00e1ch. Obklopen\u00ed panor\u00e1mou vysokohorskej pr\u00edrody vyrazte k\u00a0ples\u00e1m a\u00a0chat\u00e1m po upraven\u00fdch chodn\u00edkoch.<\/p>\n\n\n\n<ul class=\"wp-block-list\">\n\t<li>K\u00a0zn\u00e1mym a\u00a0ob\u013e\u00faben\u00fdm t\u00faram patr\u00ed trasa\u00a0<strong>k\u00a0Wahlbergrov\u00fdm ples\u00e1m<\/strong>cez Furkotsk\u00fa dolinu.<\/li>\n\t<li><strong>K\u00a0ve\u013ek\u00e9mu Hincovmu plesu<\/strong>\u00a0sa dostanete Mengusovskou dolinou zo \u0160trbsk\u00e9ho, cez Popradsk\u00e9 pleso.<\/li>\n\t<li>Ak sa rozhodnete nav\u0161t\u00edvi\u0165\u00a0<strong>T\u00e9ryho<\/strong>\u00a0(2015 m. n. m) \u010di\u00a0<strong>Zbojn\u00edcku<\/strong>\u00a0(1960 m. n. m)\u00a0<strong>chatu<\/strong>, vydajte sa zo Star\u00e9ho Smokovca cez Hrebienok. Rozcestn\u00edk pri Rainerovej \u00fatulni v\u00e1s nasmeruje do Malej alebo Ve\u013ekej studenej doliny. \u00a0<\/li>\n\t<li>Z\u00a0Tatranskej Lomnice vedie \u010fal\u0161ia zauj\u00edmav\u00e1 trasa popri ceste Slobody do Tatransk\u00fdch Matliarov, kde za\u010d\u00edna turistick\u00fd chodn\u00edk\u00a0<strong>k\u00a0Bielemu<\/strong>\u00a0<strong>a\u00a0Zelen\u00e9mu plesu<\/strong>\u00a0po Doline Zelen\u00e9ho plesa.<\/li>\n\t<li>Z\u00a0Tatranskej Javoriny, ktor\u00e1 je presne kilometer nad morom, sa d\u00e1 vyrazi\u0165\u00a0<strong>do Javorovej doliny<\/strong>. Ide o 8 km dlh\u00fa, mohutn\u00fa, severne orientovan\u00fa dolinu s viacer\u00fdmi bo\u010dn\u00fdmi dolinami.<\/li>\n\t<li>K\u00a0zauj\u00edmav\u00fdm t\u00faram m\u00f4\u017eeme zaradi\u0165 tie\u017e t\u00faru\u00a0<strong>k\u00a0Litvorov\u00e9mu plesu<\/strong>.\u00a0Trasa za\u010d\u00edna v\u00a0Lysej Po\u013eane a\u00a0vedie Bielovodskou dolinou a\u00a0Po\u013eanou pod Vysokou.<\/li>\n<\/ul>\n\n\n\n<p><a href=\"http:\/\/alpregio.outdooractive.com\/ar-region-tatry\/sk\/alpregio.jsp#lat=49.116130191506805&amp;lng=19.7149658203125&amp;z=10&amp;mt=oa_osm&amp;activ=T%C3%BAry%20po%20dolin%C3%A1ch&amp;tab=ToursTab\" target=\"_blank\">Zobrazi\u0165 na mape<\/a><\/p>\n\n\n\n<h2 class=\"wp-block-heading\">V\u00ddSTUPY NA VRCHOLY\ufeff<\/h2>\n\n\n\n<p><strong>Pre t\u00fdch najn\u00e1ro\u010dnej\u0161\u00edch turistov<\/strong>,\u00a0ktor\u00ed s\u00fa odhodlan\u00ed zdol\u00e1va\u0165 n\u00e1ro\u010dn\u00fd ter\u00e9n a\u00a0prekon\u00e1va\u0165 ve\u013ek\u00e9 v\u00fd\u0161kov\u00e9 rozdiely s\u00fa ur\u010den\u00e9 v\u00fdstupy na vrcholy. Mnoh\u00e9 z\u00a0nich s\u00fa povolen\u00e9 len v\u00a0sprievode\u00a0<a href=\"http:\/\/regiontatry.sk\/sk\/aktivity\/horska-turistika-3\/horski-vodcovia-horolezectvo\/\" class=\"broken_link\">horsk\u00fdch vodcov<\/a>. Bezpe\u010dnos\u0165 je na prvom mieste, preto netreba \u017eiaden z\u00a0v\u00fdstupov podceni\u0165 a\u00a0poriadne sa na\u0148 pripravi\u0165.\u00a0<\/p>\n\n\n\n<div class=\"wp-block-columns has-2-columns is-layout-flex wp-container-core-columns-is-layout-2 wp-block-columns-is-layout-flex\">\n\t\n\t<div class=\"wp-block-column is-layout-flow wp-block-column-is-layout-flow\">\n\t\t\n\t\t<ul class=\"wp-block-list\">\n\t\t\t<li>Z\u00a0pomedzi vrcholov do 2000 m. n. m. odpor\u00fa\u010dame absolvova\u0165\u00a0v\u00fdstup\u00a0<strong>na Kasprov vrch<\/strong>\u00a0(1985 m. n. m.).<\/li>\n\t\t\t<li>Tesne nad dvojtis\u00edcovkou sa t\u00fd\u010di\u00a0<strong>Predn\u00e9 Solisko<\/strong>\u00a0(2093 m. n. m.).<\/li>\n\t\t\t<li>Na\u00a0<strong>Ve\u013ek\u00fa Svi\u0161\u0165ovku<\/strong>\u00a0(2037 m. n. m.) sa r\u00fdchlo dostanete zo Zelen\u00e9ho plesa.<\/li>\n\t\t\t<li>\u010casovo n\u00e1ro\u010dn\u00e1 t\u00fara predstavuje v\u00fdstup na\u00a0<strong>Jah\u0148ac\u00ed \u0161t\u00edt<\/strong>\u00a0(2229 m. n. m.).\u00a0V\u00fdstup na\u0148 vedie z\u00a0Tatranskej Lomnice cez Tatransk\u00e9 Matliare, okolo Zelen\u00e9ho plesa.<\/li>\n\t\t\t<li>K\u00a0\u010dasovo n\u00e1ro\u010dn\u00fdm v\u00fdstupom patria tie\u017e v\u00fdstupy na symboly Vysok\u00fdch Tatier ako s\u00fa\u00a0<strong>Kriv\u00e1\u0148,<\/strong>\u00a0<strong>Rysy,\u00a0<\/strong>alebo<strong>\u00a0Slavkovsk\u00fd \u0161t\u00edt<\/strong>.\u00a0<\/li>\n\t\t\t<li>V\u00fdstup na najvy\u0161\u0161\u00ed vrch Vysok\u00fdch Tatier,\u00a0<strong>Gerlachovsk\u00fd \u0161t\u00edt<\/strong>, je mo\u017en\u00e9 absolvova\u0165 jedine v\u00a0sprievode\u00a0<a href=\"http:\/\/regiontatry.sk\/sk\/aktivity\/horska-turistika-3\/horski-vodcovia-horolezectvo\/\" class=\"broken_link\">horsk\u00fdch vodcov<\/a>, ktor\u00fdch zdru\u017euje Spolok horsk\u00fdch vodcov Vysok\u00e9 Tatry.<\/li>\n\t\t<\/ul>\n\t\t\n\t<\/div>\n\t\n\n\t\n\t<div class=\"wp-block-column is-layout-flow wp-block-column-is-layout-flow\">\n\t\t\n\t\t<figure class=\"wp-block-image is-resized\"><img loading=\"lazy\" decoding=\"async\" src=\"https:\/\/regiontatry.sk\/wp-content\/uploads\/2018\/07\/DSC_4003_1000-768x511.jpg\" alt=\"\" class=\"wp-image-435\" width=\"384\" height=\"256\" srcset=\"https:\/\/regiontatry.sk\/wp-content\/uploads\/2018\/07\/DSC_4003_1000-768x511.jpg 768w, https:\/\/regiontatry.sk\/wp-content\/uploads\/2018\/07\/DSC_4003_1000-300x200.jpg 300w, https:\/\/regiontatry.sk\/wp-content\/uploads\/2018\/07\/DSC_4003_1000.jpg 1000w\" sizes=\"(max-width: 384px) 100vw, 384px\" \/><\/figure>\n\t\t\n\t<\/div>\n\t\n<\/div>\n\n\n\n<p><a href=\"http:\/\/alpregio.outdooractive.com\/ar-region-tatry\/sk\/alpregio.jsp#tab=ToursTab&amp;lat=49.116130191506805&amp;lng=19.7149658203125&amp;z=10&amp;mt=oa_osm&amp;activ=Vysokohorsk%C3%A1%20t%C3%BAra\">Zobrazi\u0165 na mape<\/a><\/p>\n\n\n\n<figure class=\"wp-block-image\"><img loading=\"lazy\" decoding=\"async\" width=\"1000\" height=\"349\" src=\"https:\/\/regiontatry.sk\/wp-content\/uploads\/2018\/07\/DSC_4573_stitch_1000.jpg\" alt=\"\" class=\"wp-image-440\" srcset=\"https:\/\/regiontatry.sk\/wp-content\/uploads\/2018\/07\/DSC_4573_stitch_1000.jpg 1000w, https:\/\/regiontatry.sk\/wp-content\/uploads\/2018\/07\/DSC_4573_stitch_1000-300x105.jpg 300w, https:\/\/regiontatry.sk\/wp-content\/uploads\/2018\/07\/DSC_4573_stitch_1000-768x268.jpg 768w\" sizes=\"(max-width: 1000px) 100vw, 1000px\" \/><\/figure>\n\n\n\n<h3 class=\"wp-block-heading\">TATRY BEZ BARI\u00c9R\ufeff<\/h3>\n\n\n\n<p>Na\u0161e najvy\u0161\u0161ie hory\u00a0spr\u00edstupnili\u00a0\u0160t\u00e1tne lesy TANAPu prostredn\u00edctvom projektu TATRY BEZ BARI\u00c9R \u00a0aj pre ob\u010danov so zn\u00ed\u017eenou schopnos\u0165ou pohybu. Na v\u00fdlet si po\u010das cel\u00e9ho roka m\u00f4\u017eu vybra\u0165 jednu z \u00f4smich turistick\u00fdch tr\u00e1s v celkovej d\u013a\u017eke viac ako tridsa\u0165 kilometrov turistick\u00fdch chodn\u00edkov. Spolo\u010dne s ostatn\u00fdmi maj\u00fa tak mo\u017enos\u0165 nahliadnu\u0165 do tajov a kr\u00e1s tatranskej pr\u00edrody. Bezbari\u00e9rov\u00e9 chodn\u00edky s ob\u013eubou vyu\u017e\u00edvaj\u00fa aj rodiny\u00a0s detsk\u00fdmi ko\u010d\u00edkmi. Patria medzi ne napr. lesn\u00e1 cesta\u00a0<strong>Tich\u00e1 dolina v\u00a0Oraviciach<\/strong>,\u00a0<strong>cesta na Popradsk\u00e9 pleso, cesta k\u00a0hor\u00e1rni v\u00a0Bielovodskej doline, Prielom Dunajca<\/strong>\u00a0a\u00a0in\u00e9.<\/p>\n\n\n\n<p><strong>viac v \u010dl\u00e1nku\u00a0<a href=\"#\">RODINN\u00c1 TURISTIKA<\/a><\/strong><\/p>\n\n\n\n<h3 class=\"wp-block-heading\">Chr\u00e1nen\u00e1 pr\u00edroda zbl\u00edzka priamo v\u00a0Tatranskom n\u00e1rodnom parku<\/h3>\n\n\n\n<p>Objavte a u\u017eite si \u00fachvatn\u00fa krajinu v\u0161etk\u00fdmi zmyslami. Opustite ka\u017edodenn\u00fd stereotyp dne\u0161nej civiliz\u00e1cie a\u00a0nau\u010dte sa znovu objavova\u0165 prirodzenos\u0165 na\u0161ej krajiny. Chr\u00e1nen\u00e1 oblas\u0165 Tatransk\u00fd n\u00e1rodn\u00fd park pon\u00faka v\u00e1\u0161mu telu i\u00a0mysli tu prav\u00fa harm\u00f3niu s\u00a0pr\u00edrodou.<\/p>\n\n\n\n<p><strong>viac o\u00a0<a href=\"#\">Tatranskom n\u00e1rodnom parku<\/a><\/strong><\/p>\n\n\n\n<div id=\"gallery\" class=\"wp-block-cgb-block-creanet-gallery grid-x grid-padding-x\">\n\t<div class=\"cell small-12\">\n\t\t<h3>Gal\u00e9ria<\/h3>\n\t<\/div>\n\t<div class=\"cell small-6 medium-4\"><a href=\"#\" class=\"thumbnail\" data-index=\"0\"><img decoding=\"async\" src=\"https:\/\/regiontatry.sk\/wp-content\/uploads\/2018\/07\/DSC_3048_stitch_resize.jpg\" alt=\"\" data-width=\"1200\" data-height=\"900\"\/><\/a><\/div>\n\t<div class=\"cell small-6 medium-4\"><a href=\"#\" class=\"thumbnail\" data-index=\"1\"><img decoding=\"async\" src=\"https:\/\/regiontatry.sk\/wp-content\/uploads\/2018\/07\/DSC_1784_stitch2.jpg\" alt=\"\" data-width=\"1200\" data-height=\"900\"\/><\/a><\/div>\n\t<div class=\"cell small-6 medium-4\"><a href=\"#\" class=\"thumbnail\" data-index=\"2\"><img decoding=\"async\" src=\"https:\/\/regiontatry.sk\/wp-content\/uploads\/2018\/07\/DSC_4573_stitch_1000-1.jpg\" alt=\"\" data-width=\"1200\" data-height=\"900\"\/><\/a><\/div>\n\t<div class=\"cell small-6 medium-4\"><a href=\"#\" class=\"thumbnail\" data-index=\"3\"><img decoding=\"async\" src=\"https:\/\/regiontatry.sk\/wp-content\/uploads\/2018\/07\/DSC_3136_stitch_1000-1.jpg\" alt=\"\" data-width=\"1200\" data-height=\"900\"\/><\/a><\/div>\n\t<div class=\"cell small-6 medium-4\"><a href=\"#\" class=\"thumbnail\" data-index=\"4\"><img decoding=\"async\" src=\"https:\/\/regiontatry.sk\/wp-content\/uploads\/2018\/07\/DSC_2649_stitch_1000.jpg\" alt=\"\" data-width=\"1200\" data-height=\"900\"\/><\/a><\/div>\n\t<div class=\"cell small-6 medium-4\"><a href=\"#\" class=\"thumbnail\" data-index=\"5\"><img decoding=\"async\" src=\"https:\/\/regiontatry.sk\/wp-content\/uploads\/2018\/07\/DSC_4003_1000-1.jpg\" alt=\"\" data-width=\"1200\" data-height=\"900\"\/><\/a><\/div>\n\t<div class=\"cell small-6 medium-4\"><a href=\"#\" class=\"thumbnail\" data-index=\"6\"><img decoding=\"async\" src=\"https:\/\/regiontatry.sk\/wp-content\/uploads\/2018\/07\/DSC_1181-TOP_1000.jpg\" alt=\"\" data-width=\"1200\" data-height=\"900\"\/><\/a><\/div>\n<\/div>\n","protected":false},"excerpt":{"rendered":"<p>Vo Vysok\u00fdch Tatr\u00e1ch sa nach\u00e1dza pribli\u017ene\u00a0600\u2005km zna\u010dkovan\u00fdch chodn\u00edkov, ktor\u00e9 umo\u017enia turistom objavi\u0165 tie najkraj\u0161ie miesta tejto horskej krajiny. Turistick\u00e9 chodn\u00edky\u00a0po\u00a0dolin\u00e1ch, v\u00fdstupy na\u00a0tatransk\u00e9 chaty, cesty k\u00a0najkraj\u0161\u00edm\u00a0tatransk\u00fdm ples\u00e1m, tatransk\u00e9\u00a0vrcholy\u00a0\u010di dvojtis\u00edcov\u00e9\u00a0\u0161t\u00edty, prechody cez\u00a0tatransk\u00e9 sedl\u00e1\u00a0\ufeffs\u00a0nebesk\u00fdmi v\u00fdh\u013eadmi, ako aj fascinuj\u00faci svet zvierat a\u00a0rastl\u00edn. Ak nav\u0161t\u00edvite tento malebn\u00fd k\u00fasok zeme, ur\u010dite si ho ob\u013e\u00fabite. Vysok\u00e9 Tatry s\u00fa\u00a0vhodn\u00e9 pre ka\u017ed\u00e9ho turistu, od [&hellip;]<\/p>\n","protected":false},"author":1,"featured_media":1145,"parent":0,"menu_order":0,"comment_status":"closed","ping_status":"closed","template":"template-cons.php","meta":{"footnotes":""},"class_list":["post-1606","page","type-page","status-publish","has-post-thumbnail","hentry"],"_links":{"self":[{"href":"https:\/\/regiontatry.sk\/pl\/wp-json\/wp\/v2\/pages\/1606"}],"collection":[{"href":"https:\/\/regiontatry.sk\/pl\/wp-json\/wp\/v2\/pages"}],"about":[{"href":"https:\/\/regiontatry.sk\/pl\/wp-json\/wp\/v2\/types\/page"}],"author":[{"embeddable":true,"href":"https:\/\/regiontatry.sk\/pl\/wp-json\/wp\/v2\/users\/1"}],"replies":[{"embeddable":true,"href":"https:\/\/regiontatry.sk\/pl\/wp-json\/wp\/v2\/comments?post=1606"}],"version-history":[{"count":2,"href":"https:\/\/regiontatry.sk\/pl\/wp-json\/wp\/v2\/pages\/1606\/revisions"}],"predecessor-version":[{"id":15773,"href":"https:\/\/regiontatry.sk\/pl\/wp-json\/wp\/v2\/pages\/1606\/revisions\/15773"}],"wp:featuredmedia":[{"embeddable":true,"href":"https:\/\/regiontatry.sk\/pl\/wp-json\/wp\/v2\/media\/1145"}],"wp:attachment":[{"href":"https:\/\/regiontatry.sk\/pl\/wp-json\/wp\/v2\/media?parent=1606"}],"curies":[{"name":"wp","href":"https:\/\/api.w.org\/{rel}","templated":true}]}}