{"id":1610,"date":"2018-07-11T09:43:00","date_gmt":"2018-07-11T07:43:00","guid":{"rendered":"http:\/\/regiontatry.creanet.sk\/gurmanstvo-a-emocie\/"},"modified":"2023-03-17T13:34:08","modified_gmt":"2023-03-17T12:34:08","slug":"doznania-kulinarne","status":"publish","type":"page","link":"https:\/\/regiontatry.sk\/pl\/gastronomia\/doznania-kulinarne\/","title":{"rendered":"Doznania kulinarne"},"content":{"rendered":"\n<p><strong>R\u00f3\u017cnorodne i niezast\u0105pione. Takie s\u0105 doznania kulinarne, kt\u00f3re zapami\u0119tasz na d\u0142ugo po sp\u0119dzeniu urlopu w Tatrach Wysokich.<\/strong><\/p>\n\n\n\n<p>Tatrza\u0144ski\nkrajobraz przygotuje Ci najlepszy koktajl emocji \u2013 zakochasz si\u0119 w\nniedost\u0119pnych szczytach, ch\u0142odnych wodospadach, a podczas degustacji\ntradycyjnych potraw s\u0142owackich doznasz uczucia harmonii i zadowolenia.<\/p>\n\n\n\n<p>W ci\u0105gu dnia\nmo\u017cesz rozkoszowa\u0107 si\u0119 romantycznymi spacerami po kr\u0119tych szlakach turystycznych,\na po zachodzie s\u0142o\u0144ca delektowa\u0107 si\u0119 specja\u0142ami lokalnej kuchni. Obfite dania\nkuchni s\u0142owackiej, jak i wyrafinowane posi\u0142ki mistrz\u00f3w kulinarnych zapewni\u0105\nwyj\u0105tkowe chwile pe\u0142ne smak\u00f3w i kulinarnych rozkoszy. <\/p>\n\n\n\n<p><strong>Tatry z pewno\u015bci\u0105 Ci posmakuj\u0105!<\/strong><br><br><\/p>\n\n\n\t<a href=\"https:\/\/regiontatry.sk\/pl\/rodzina-i-dzieci-lato\/gastronomia-az-nad-oblaky\/\" class=\"wp-block-cgb-block-creanet-list category-list grid-x grid-padding-x align-middle\">\n\t\t\t\t\t<div class=\"small-12 medium-6 large-5\">\n\t\t\t\t<figure><img src='https:\/\/regiontatry.sk\/wp-content\/uploads\/2023\/01\/Kulin\u00e1rske-lety.png'\n\t\t\t\t\t\talt=''\n\t\t\t\t\t\ttitle='Kulin\u00e1rske lety'\n\t\t\t\t\t\/><\/figure>\n\t\t\t<\/div>\n\t\t\n\n\t\t<div class=\"cell small-12 medium-5 large-7\">\n\t\t\t<h3>Gastronomia ponad chmurami  <\/h3>\n\t\t\t<p> Prze\u017cyj <strong>niezwyk\u0142\u0105 przygod\u0119 <\/strong>w postaci wyj\u0105tkowych dozna\u0144 kulinarnych bezpo\u015brednio w koszu balonu na ogrzane powietrze. Lot zaczyna si\u0119 u podn\u00f3\u017ca Tatr Wysokich, w g\u00f3rze sp\u0119dzimy wsp\u00f3lnie oko\u0142o 60-90 minut* niesamowitego lotu ze specja\u0142ami kulinarnymi od szef\u00f3w kuchni <strong>Hotelu Lomnica<\/strong>. <\/p>\n\t\t<\/div>\n\t<\/a>\n\n\t\n\n\t<a href=\"https:\/\/www.vt.sk\/zazitky\/bary-restauracie-obchody\/ranajky-u-deda\/\" class=\"wp-block-cgb-block-creanet-list category-list grid-x grid-padding-x align-middle\">\n\t\t\t\t\t<div class=\"small-12 medium-6 large-5\">\n\t\t\t\t<figure><img src='https:\/\/regiontatry.sk\/wp-content\/uploads\/2018\/10\/ranajky_u_deda.png'\n\t\t\t\t\t\talt=''\n\t\t\t\t\t\ttitle='ranajky_u_deda'\n\t\t\t\t\t\/><\/figure>\n\t\t\t<\/div>\n\t\t\n\n\t\t<div class=\"cell small-12 medium-5 large-7\">\n\t\t\t<h3>\u015aniadanie z g\u0142ow\u0105 w chmurach<\/h3>\n\t\t\t<p>Wyrusz pierwsz\u0105 porann\u0105 kolejk\u0105 z Tatrza\u0144skiej \u0141omnicy nad \u0141omnicki Staw i daj si\u0119 skusi\u0107 na tradycyjne <strong>s\u0142owackie \u015bniadanie <\/strong>w chmurach \u2013 na samym szczycie \u0141omnicy na wysoko\u015bci<strong> 2 634 m n.p.m<\/strong>. Ciesz si\u0119 niepowtarzalnymi widokami migocz\u0105cych w s\u0142o\u0144cu wierzcho\u0142k\u00f3w Tatr, g\u0142\u0119bokich dolin i okolicznej przyrody. Czy mo\u017ce by\u0107 co\u015b bardziej romantycznego?<\/p>\n\t\t<\/div>\n\t<\/a>\n\n\t\n\n\t<a href=\"\/turisticke-informacie\/restauracie-pizza\/\" class=\"wp-block-cgb-block-creanet-list category-list grid-x grid-padding-x align-middle\">\n\t\t\t\t\t<div class=\"small-12 medium-6 large-5\">\n\t\t\t\t<figure><img src='https:\/\/regiontatry.sk\/wp-content\/uploads\/2019\/05\/88c5738573af14711c71d7943b2552af.png'\n\t\t\t\t\t\talt=''\n\t\t\t\t\t\ttitle='88c5738573af14711c71d7943b2552af'\n\t\t\t\t\t\/><\/figure>\n\t\t\t<\/div>\n\t\t\n\n\t\t<div class=\"cell small-12 medium-5 large-7\">\n\t\t\t<h3>Uczta dla podniebienia<\/h3>\n\t\t\t<p><strong>Regionalne restauracje<\/strong> s\u0105 \u017ar\u00f3d\u0142em r\u00f3\u017cnorodnych dozna\u0144 kulinarnych, niezale\u017cnie od tego czy preferujesz tradycyjne i proste, albo wyrafinowane i eksperymentalne dania. Mi\u0142a atmosfera i <strong>znakomita kuchnia<\/strong> s\u0105 gwarancj\u0105 zadowolenia. Smacznego!<\/p>\n\t\t<\/div>\n\t<\/a>\n\n\t\n\n\t<a href=\"\/turisticke-informacie\/salase-koliby\/\" class=\"wp-block-cgb-block-creanet-list category-list grid-x grid-padding-x align-middle\">\n\t\t\t\t\t<div class=\"small-12 medium-6 large-5\">\n\t\t\t\t<figure><img src='https:\/\/regiontatry.sk\/wp-content\/uploads\/2018\/10\/koliba_kamzik.jpg'\n\t\t\t\t\t\talt=''\n\t\t\t\t\t\ttitle='koliba_kamzik'\n\t\t\t\t\t\/><\/figure>\n\t\t\t<\/div>\n\t\t\n\n\t\t<div class=\"cell small-12 medium-5 large-7\">\n\t\t\t<h3>Tradycyjna kuchnia s\u0142owacka<\/h3>\n\t\t\t<p>Je\u017celi nale\u017cysz do os\u00f3b, kt\u00f3re opr\u00f3cz g\u00f3rskich w\u0119dr\u00f3wek czy jazdy na rowerze lubi\u0105 r\u00f3wnie\u017c poznawa\u0107 gastronomi\u0119 smaki danego kawa\u0142ka ziemi, polecamy odwiedzi\u0107 tradycyjne <strong>s\u0142owackie koliby i sza\u0142asy.<\/strong><\/p>\n\t\t<\/div>\n\t<\/a>\n\n\t\n\n\n<h3 class=\"wp-block-heading\"><strong><br><\/strong>Czar historii tatrza\u0144skich hoteli<\/h3>\n\n\n\n<p>Na prze\u0142omie XIX i XX wieku w Europie zapanowa\u0142a pi\u0119kna epoka, z francuskiego nazywana La belle \u00e9poque. Nowoczesna arystokracja wiod\u0142a spokojne \u017cycie, a dzi\u0119ki sporym maj\u0105tkom mog\u0142a uprzyjemnia\u0107 sobie czas.<\/p>\n\n\n\n<p>Architekci\nstworzyli <strong>luksusowy styl <\/strong>oddaj\u0105cy\njego ducha &#8211; secesj\u0119. Z pewno\u015bci\u0105 urzekn\u0105 Ci\u0119 tatrza\u0144skie per\u0142y architektury.\nPoznawanie ich bogatej historii w po\u0142\u0105czeniu z dobroczynnym dzia\u0142aniem\ntutejszej przyrody to doskona\u0142a atrakcja dla wymagaj\u0105cych. Wiele z\nmajestatycznych hoteli go\u015bci\u0142o wybitne osobisto\u015bci.<\/p>\n\n\n\n<p><strong>Poczuj ducha historii <\/strong>i&nbsp;zafunduj\nsobie&nbsp;niezapomniane chwile z atmosfer\u0105 dawnej \u015bwietno\u015bci.<\/p>\n\n\n\n<ul class=\"wp-block-gallery columns-3 is-cropped wp-block-gallery-2 is-layout-flex wp-block-gallery-is-layout-flex\"><li class=\"blocks-gallery-item\"><figure><img loading=\"lazy\" decoding=\"async\" width=\"800\" height=\"531\" src=\"https:\/\/regiontatry.sk\/wp-content\/uploads\/2018\/10\/castro-caf_8532899761_o-1.jpg\" alt=\"\" data-id=\"11908\" data-link=\"https:\/\/regiontatry.sk\/gurmanstvo-a-emocie-3\/castro-caf_8532899761_o-2\/\" class=\"wp-image-11908\" srcset=\"https:\/\/regiontatry.sk\/wp-content\/uploads\/2018\/10\/castro-caf_8532899761_o-1.jpg 800w, https:\/\/regiontatry.sk\/wp-content\/uploads\/2018\/10\/castro-caf_8532899761_o-1-300x199.jpg 300w, https:\/\/regiontatry.sk\/wp-content\/uploads\/2018\/10\/castro-caf_8532899761_o-1-768x510.jpg 768w\" sizes=\"(max-width: 800px) 100vw, 800px\" \/><\/figure><\/li><li class=\"blocks-gallery-item\"><figure><img loading=\"lazy\" decoding=\"async\" width=\"800\" height=\"375\" src=\"https:\/\/regiontatry.sk\/wp-content\/uploads\/2018\/10\/castro-cafe_16638630777_o-1.jpg\" alt=\"\" data-id=\"11938\" data-link=\"https:\/\/regiontatry.sk\/gurmanstvo-a-emocie-3\/castro-cafe_16638630777_o-2\/\" class=\"wp-image-11938\" srcset=\"https:\/\/regiontatry.sk\/wp-content\/uploads\/2018\/10\/castro-cafe_16638630777_o-1.jpg 800w, https:\/\/regiontatry.sk\/wp-content\/uploads\/2018\/10\/castro-cafe_16638630777_o-1-300x141.jpg 300w, https:\/\/regiontatry.sk\/wp-content\/uploads\/2018\/10\/castro-cafe_16638630777_o-1-768x360.jpg 768w\" sizes=\"(max-width: 800px) 100vw, 800px\" \/><\/figure><\/li><li class=\"blocks-gallery-item\"><figure><img loading=\"lazy\" decoding=\"async\" width=\"800\" height=\"523\" src=\"https:\/\/regiontatry.sk\/wp-content\/uploads\/2018\/10\/24822759419_7555dd7b06_o.jpg\" alt=\"\" data-id=\"11985\" data-link=\"https:\/\/regiontatry.sk\/gurmanstvo-a-emocie-3\/24822759419_7555dd7b06_o\/\" class=\"wp-image-11985\" srcset=\"https:\/\/regiontatry.sk\/wp-content\/uploads\/2018\/10\/24822759419_7555dd7b06_o.jpg 800w, https:\/\/regiontatry.sk\/wp-content\/uploads\/2018\/10\/24822759419_7555dd7b06_o-300x196.jpg 300w, https:\/\/regiontatry.sk\/wp-content\/uploads\/2018\/10\/24822759419_7555dd7b06_o-768x502.jpg 768w\" sizes=\"(max-width: 800px) 100vw, 800px\" \/><\/figure><\/li><\/ul>\n\n\n\n<h2 class=\"wp-block-heading\"><strong><a href=\"https:\/\/regiontatry.sk\/turisticke-informacie\/restauracie-pizza\/\"><br>Restauracje \/ Pizza<\/a><\/strong><\/h2>\n\n\n\n<h2 class=\"wp-block-heading\"><strong><a href=\"https:\/\/regiontatry.sk\/turisticke-informacie\/salase-koliby\/\">Sza\u0142asy \/ Koliby<\/a><\/strong><\/h2>\n\n\n\n<h2 class=\"wp-block-heading\"><strong><a href=\"https:\/\/regiontatry.sk\/turisticke-informacie\/kaviarne\/\">Kawiarnie<\/a><\/strong><\/h2>\n\n\n\n<h2 class=\"wp-block-heading\"><strong><a href=\"https:\/\/regiontatry.sk\/turisticke-informacie\/bary-nocny-zivot\/\">Bary \/ \u017bycie nocne<\/a><\/strong><\/h2>\n","protected":false},"excerpt":{"rendered":"<p>R\u00f3\u017cnorodne i niezast\u0105pione. Takie s\u0105 doznania kulinarne, kt\u00f3re zapami\u0119tasz na d\u0142ugo po sp\u0119dzeniu urlopu w Tatrach Wysokich. Tatrza\u0144ski krajobraz przygotuje Ci najlepszy koktajl emocji \u2013 zakochasz si\u0119 w niedost\u0119pnych szczytach, ch\u0142odnych wodospadach, a podczas degustacji tradycyjnych potraw s\u0142owackich doznasz uczucia harmonii i zadowolenia. W ci\u0105gu dnia mo\u017cesz rozkoszowa\u0107 si\u0119 romantycznymi spacerami po kr\u0119tych szlakach turystycznych, [&hellip;]<\/p>\n","protected":false},"author":1,"featured_media":18353,"parent":8694510,"menu_order":10,"comment_status":"closed","ping_status":"closed","template":"template-simple-page.php","meta":{"footnotes":""},"class_list":["post-1610","page","type-page","status-publish","has-post-thumbnail","hentry"],"_links":{"self":[{"href":"https:\/\/regiontatry.sk\/pl\/wp-json\/wp\/v2\/pages\/1610"}],"collection":[{"href":"https:\/\/regiontatry.sk\/pl\/wp-json\/wp\/v2\/pages"}],"about":[{"href":"https:\/\/regiontatry.sk\/pl\/wp-json\/wp\/v2\/types\/page"}],"author":[{"embeddable":true,"href":"https:\/\/regiontatry.sk\/pl\/wp-json\/wp\/v2\/users\/1"}],"replies":[{"embeddable":true,"href":"https:\/\/regiontatry.sk\/pl\/wp-json\/wp\/v2\/comments?post=1610"}],"version-history":[{"count":49,"href":"https:\/\/regiontatry.sk\/pl\/wp-json\/wp\/v2\/pages\/1610\/revisions"}],"predecessor-version":[{"id":8845437,"href":"https:\/\/regiontatry.sk\/pl\/wp-json\/wp\/v2\/pages\/1610\/revisions\/8845437"}],"up":[{"embeddable":true,"href":"https:\/\/regiontatry.sk\/pl\/wp-json\/wp\/v2\/pages\/8694510"}],"wp:featuredmedia":[{"embeddable":true,"href":"https:\/\/regiontatry.sk\/pl\/wp-json\/wp\/v2\/media\/18353"}],"wp:attachment":[{"href":"https:\/\/regiontatry.sk\/pl\/wp-json\/wp\/v2\/media?parent=1610"}],"curies":[{"name":"wp","href":"https:\/\/api.w.org\/{rel}","templated":true}]}}