{"id":1618,"date":"2018-07-17T13:10:29","date_gmt":"2018-07-17T11:10:29","guid":{"rendered":"http:\/\/regiontatry.creanet.sk\/cykloturistika-v-tatrach\/"},"modified":"2025-08-23T23:17:54","modified_gmt":"2025-08-23T21:17:54","slug":"turystyka-rowerowa-w-tatrach","status":"publish","type":"page","link":"https:\/\/regiontatry.sk\/pl\/turystyka-rowerowa\/turystyka-rowerowa-w-tatrach\/","title":{"rendered":"Turystyka rowerowa w Tatrach"},"content":{"rendered":"\n<p><strong>Kolarstwo w Tatrach \u2013 podr\u00f3\u017c na dw\u00f3ch k\u00f3\u0142kach ku przygodom<\/strong><\/p>\n\n\n\n<p><strong>Odkryj ponad 300 km oznakowanych tras rowerowych o r\u00f3\u017cnym stopniu trudno\u015bci <\/strong>\u2014 od \u0142atwych tras dla rodzin z dzie\u0107mi i pocz\u0105tkuj\u0105cych, a\u017c po pe\u0142ne adrenaliny g\u00f3rskie wyzwania pod tatrza\u0144skimi szczytami, dla mi\u0142o\u015bnik\u00f3w MTB, kolarstwa szosowego czy sportowc\u00f3w.<br>Odkryj p\u0142askie trasy u podn\u00f3\u017ca g\u00f3r, wymagaj\u0105ce podjazdy, a tak\u017ce cyklomagistral\u0119, kt\u00f3ra prowadzi niemal dooko\u0142a ca\u0142ego pasma Tatr Wysokich.<\/p>\n\n\n\n<p>Turystyka rowerowa to doskona\u0142a okazja, by po\u0142\u0105czy\u0107 <strong>wysi\u0142ek sportowy z bezpo\u015brednim kontaktem z przyrod\u0105.<\/strong><br>Niezale\u017cnie od tego, czy jeste\u015b zapalonym rowerzyst\u0105, czy po prostu chcesz cieszy\u0107 si\u0119 przyrod\u0105 z siode\u0142ka roweru \u2013 w Tatrach znajdziesz idealn\u0105 tras\u0119 dla siebie. <strong>Wyrusz odkrywa\u0107 Tatry na dw\u00f3ch k\u00f3\u0142kach!<\/strong><\/p>\n\n\n\n<iframe loading=\"lazy\" src=\"https:\/\/www.youtube.com\/embed\/wLSUy_J_Ls8\" allow=\"autoplay; encrypted-media\" allowfullscreen=\"\" width=\"100%\" height=\"600\" frameborder=\"0\"><\/iframe>\n\n\n\n<h2 class=\"wp-block-heading custom-padding has-vivid-green-cyan-color has-text-color has-link-color wp-elements-16d01d6e83d31f2b940d0f0f7789d045\"><br>Trasy rowerowe w Tatrach Wysokich<\/h2>\n\n\n\n<figure class=\"wp-block-image size-large\"><a href=\"https:\/\/regiontatry.sk\/wp-content\/uploads\/2025\/06\/mapa-leto-2025.pdf\" target=\"_blank\" rel=\"noreferrer noopener\"><img loading=\"lazy\" decoding=\"async\" width=\"1024\" height=\"724\" src=\"https:\/\/regiontatry.sk\/wp-content\/uploads\/2025\/06\/cyklomapa-leto-2025-titulka-1024x724.png\" alt=\"\" class=\"wp-image-10286513\" srcset=\"https:\/\/regiontatry.sk\/wp-content\/uploads\/2025\/06\/cyklomapa-leto-2025-titulka-1024x724.png 1024w, https:\/\/regiontatry.sk\/wp-content\/uploads\/2025\/06\/cyklomapa-leto-2025-titulka-300x212.png 300w, https:\/\/regiontatry.sk\/wp-content\/uploads\/2025\/06\/cyklomapa-leto-2025-titulka-768x543.png 768w, https:\/\/regiontatry.sk\/wp-content\/uploads\/2025\/06\/cyklomapa-leto-2025-titulka-860x608.png 860w, https:\/\/regiontatry.sk\/wp-content\/uploads\/2025\/06\/cyklomapa-leto-2025-titulka-698x494.png 698w, https:\/\/regiontatry.sk\/wp-content\/uploads\/2025\/06\/cyklomapa-leto-2025-titulka-552x391.png 552w, https:\/\/regiontatry.sk\/wp-content\/uploads\/2025\/06\/cyklomapa-leto-2025-titulka.png 1128w\" sizes=\"(max-width: 1024px) 100vw, 1024px\" \/><\/a><\/figure>\n\n\n\n<p>Region Wysokie Tatry oferuje a\u017c <strong>39 oznakowanych <\/strong>lub rekomendowanych<strong> tras rowerowych.\u00a0<\/strong>Wybierz odpowiedni\u0105 tras\u0119, korzystaj\u0105c z <strong>kolorowego oznaczenia<\/strong>, kt\u00f3re dzieli szlaki rowerowe <strong>wed\u0142ug stopnia trudno\u015bci<\/strong>:<\/p>\n\n\n\n<h3 class=\"wp-block-heading has-text-color has-vivid-red-color\"><br><strong>Kolorem czerwonym<\/strong><\/h3>\n\n\n\n<p>oznaczone s\u0105 wy\u0142\u0105cznie cyklomagistrale \u2013 trasy d\u0142ugodystansowe, kt\u00f3re przebiegaj\u0105 przez kilka powiat\u00f3w, a cz\u0119sto tak\u017ce wojew\u00f3dztw. Najcz\u0119\u015bciej prowadz\u0105 dolinami rzek lub prze\u0142\u0119czami g\u00f3rskimi, prezentuj\u0105c rowerzystom najciekawsze miejsca regionu, przy jednoczesnym nacisku na stosunkowo niewielk\u0105 trudno\u015b\u0107. Najbardziej znane trasy w Tatrach to:<\/p>\n\n\n\n<ol class=\"wp-block-list\">\n<li>Podtatrza\u0144ska cyklomagistrala: prowadzi <strong>z Podbanskiego<\/strong>, drog\u0105 Slobody (Wolno\u015bci) <strong>a\u017c do Tatranskej Javoriny<\/strong><\/li>\n\n\n\n<li>Popradzka cyklomagistrala:\n<ul class=\"wp-block-list\">\n<li><strong>Od Bieleho potoka<\/strong>\u00a0prowadzi 22-kilometrowa trasa szlakiem CM 034 i CM 021 w kierunku <strong>Popradu.<\/strong><\/li>\n\n\n\n<li><strong>Od Bieleho potoka<\/strong>\u00a0prowadzi jeszcze jedna trasa rowerowa po CM 008 i CM 021, w kierunku Spi\u0161sk\u00e9 Bystr\u00e9 i Hranovnicy. Przed Betlanovcami trasa biegnie dalej na terenie samorz\u0105dowego kraju koszyckiego.<\/li>\n<\/ul>\n<\/li>\n<\/ol>\n\n\n\n<figure class=\"wp-block-table is-style-stripes\"><table class=\"has-vivid-red-background-color has-background\"><thead><tr><th class=\"has-text-align-center\" data-align=\"center\">Farba<\/th><th>N\u00e1zov trasy<\/th><th>D\u013a\u017eka<\/th><th>Charakter<\/th><th>Obtia\u017enos\u0165<\/th><th><p>Eviden\u010dn\u00e9<span style=\"color: initial;\"> \u010d\u00edslo<\/span><\/p><\/th><\/tr><\/thead><tbody><tr><td class=\"has-text-align-center\" data-align=\"center\"><mark style=\"background-color:rgba(0, 0, 0, 0)\" class=\"has-inline-color has-black-color\">A1<\/mark><\/td><td>Podtatransk\u00e1 cyklomagistr\u00e1la<\/td><td>70.6 km<\/td><td>MTB<\/td><td>REKREA<\/td><td>007<\/td><\/tr><tr><td class=\"has-text-align-center\" data-align=\"center\"><mark style=\"background-color:rgba(0, 0, 0, 0)\" class=\"has-inline-color has-black-color\">A2<\/mark><\/td><td>Popradsk\u00e1 cyklomagistr\u00e1la<\/td><td>25.4 km<\/td><td>MTB<\/td><td>REKREA<\/td><td>008<\/td><\/tr><\/tbody><\/table><\/figure>\n\n\n\n<p><\/p>\n\n\n\n<h3 class=\"wp-block-heading has-text-color has-vivid-cyan-blue-color\"><br><strong>Kolorem niebieskim<\/strong><\/h3>\n\n\n\n<p>oznaczono trasy r\u00f3wnoleg\u0142e do d\u0142ugodystansowych tras rowerowych. S\u0105 to d\u0142u\u017csze trasy poza magistralami lub trudniejsze trasy poza magistralami.<\/p>\n\n\n\n<figure class=\"wp-block-table is-style-stripes\"><table class=\"has-pale-cyan-blue-background-color has-background\"><thead><tr><th>Farba<\/th><th>N\u00e1zov trasy<\/th><th>D\u013a\u017eka<\/th><th>Charakter<\/th><th>Obtia\u017enos\u0165<\/th><th><p>Eviden\u010dn\u00e9<span style=\"color: initial;\"> \u010d\u00edslo<\/span><\/p><\/th><\/tr><\/thead><tbody><tr><td>B1<\/td><td>Biela voda &#8211; Chata pri Zel. plese<\/td><td>7.5 km<\/td><td>MTB<\/td><td>EXPERT<\/td><td>2860<\/td><\/tr><tr><td>B2<\/td><td>Sib\u00edr &#8211; \u017dakovsk\u00e1 Po\u013eana &#8211; Gerlachov<\/td><td>8.4 km<\/td><td>MTB<\/td><td>SPORT<\/td><td>2863<\/td><\/tr><tr><td>B3<\/td><td>Star\u00fd Smokovec &#8211; Hrebienok<\/td><td>2.8 km<\/td><td>CESTN\u00c1<\/td><td>SPORT<\/td><td>2864 &nbsp;<\/td><\/tr><tr><td>B4<\/td><td>Tatransk\u00e1 Polianka &#8211; Sliezsky dom<\/td><td>7 km<\/td><td>CESTN\u00c1<\/td><td>EXPERT<\/td><td>2865 &nbsp;<\/td><\/tr><tr><td>B5<\/td><td>Cesta Slobody &#8211; Popr. pleso<\/td><td>5.5 km<\/td><td>CESTN\u00c1<\/td><td>SPORT<\/td><td>2866 &nbsp;<\/td><\/tr><tr><td>B6<\/td><td>Podbansk\u00e9 &#8211; K\u00f4prov\u00e1 dolina<\/td><td>10.8 km<\/td><td>CESTN\u00c1<\/td><td>REKREA<\/td><td>2867 &nbsp;<\/td><\/tr><tr><td>B7<\/td><td>Lys\u00e1 Po\u013eana &#8211; Bielovodska dolina<\/td><td>3.2 km<\/td><td>MTB<\/td><td>REKREA<\/td><td>2868 &nbsp;<\/td><\/tr><tr><td>B8<\/td><td>Huncovce-Ke\u017emarok-Ke\u017emarsk\u00e9 \u017d\u013eaby<\/td><td>21.4 km<\/td><td>MTB<\/td><td>SPORT<\/td><td>2869<\/td><\/tr><tr><td>B9<\/td><td>Poprad &#8211; Spi\u0161sk\u00e9 Bystr\u00e9<\/td><td>10.3 km<\/td><td>MTB<\/td><td>REKREA<\/td><td>2872 &nbsp;<\/td><\/tr><tr><td>B10<\/td><td>Svit &#8211; \u010cierny V\u00e1h (hor\u00e1re\u0148 Murn\u00e1)<\/td><td>22.7 km<\/td><td>MTB<\/td><td>SPORT<\/td><td>2873<\/td><\/tr><tr><td>B11<\/td><td>Poprad &#8211; Horn\u00fd Smokovec<\/td><td>10.8 km<\/td><td>CESTN\u00c1<\/td><td>SPORT<\/td><td>2879 &nbsp;<\/td><\/tr><tr><td>B12<\/td><td>Spi\u0161sk\u00e1 Bel\u00e1 &#8211; Tatr. Kotlina<\/td><td>9.9 km<\/td><td>CESTN\u00c1<\/td><td>REKREA<\/td><td>2887 &nbsp;<\/td><\/tr><tr><td>B13<\/td><td>Podbansk\u00e9 &#8211; Hybe<\/td><td>16 km<\/td><td>MTB<\/td><td>REKREA<\/td><td>2341<\/td><\/tr><tr><td>B14<\/td><td>Hybe &#8211; Podbansk\u00e9<\/td><td>14.5 km<\/td><td>MTB<\/td><td>REKREA<\/td><td>2342<\/td><\/tr><\/tbody><\/table><\/figure>\n\n\n\n<p><\/p>\n\n\n\n<h3 class=\"wp-block-heading has-text-color has-vivid-green-cyan-color\"><br><strong>Kolorem zielonym<\/strong><\/h3>\n\n\n\n<p>oznaczone s\u0105 trasy \u015brednio trudne i \u0142atwe, p\u0119tle zdrowia oraz rodzinne szlaki rowerowe.<\/p>\n\n\n\n<figure class=\"wp-block-table is-style-stripes\"><table class=\"has-vivid-green-cyan-background-color has-background\"><thead><tr><th>Farba<\/th><th>N\u00e1zov trasy<\/th><th>D\u013a\u017eka<\/th><th>Charakter<\/th><th>Obtia\u017enos\u0165<\/th><th>Eviden\u010dn\u00e9 \u010d\u00edslo<\/th><\/tr><\/thead><tbody><tr><td>C1<\/td><td>Podbansk\u00e9 &#8211; Tich\u00e1 dolina<\/td><td>12 km<\/td><td>CESTN\u00c1<\/td><td>REKREA<\/td><td>5859 &nbsp;<\/td><\/tr><tr><td>C2<\/td><td>Tatransk\u00e1 Lomnica &#8211; \u0160tart<\/td><td>4.1 km<\/td><td>CESTN\u00c1<\/td><td>SPORT<\/td><td>5860<\/td><\/tr><tr><td>C3<\/td><td>Tatransk\u00e1 Kotlina &#8211; Slovensk\u00e1 Ves<\/td><td>9.1 km<\/td><td>CESTN\u00c1<\/td><td>REKREA<\/td><td>5862<\/td><\/tr><tr><td>C4<\/td><td>Ve\u013ek\u00e1 Lomnica &#8211; Tatransk\u00e1 Lomnica<\/td><td>12.4 km<\/td><td>CESTN\u00c1<\/td><td>REKREA<\/td><td>5863<\/td><\/tr><tr><td>C5<\/td><td>Poprad &#8211; Gerlachov &#8211; Tatransk\u00e1 Polianka<\/td><td>16.6 km<\/td><td>MTB<\/td><td>SPORT<\/td><td>5866<\/td><\/tr><tr><td>C6<\/td><td>Poprad &#8211; Lopu\u0161n\u00e1 dolina<\/td><td>11 km<\/td><td>CESTN\u00c1<\/td><td>SPORT<\/td><td>5867<\/td><\/tr><tr><td>C7<\/td><td>Poprad- Kvetnica (Lom) &#8211; Hrabu\u0161ice<\/td><td>13.5 km<\/td><td>MTB<\/td><td>REKREA<\/td><td>5868<\/td><\/tr><tr><td>C8<\/td><td>\u017dakovsk\u00e1 Po\u013eana &#8211; Nov\u00e1 Lesn\u00e1 &#8211; Tatransk\u00e1 Lomnica<\/td><td>13.5 km<\/td><td>MTB<\/td><td>SPORT<\/td><td>5879 &nbsp;<\/td><\/tr><tr><td>C9<\/td><td>Tatr. Matliare &#8211; Kri\u017eovatka na 7 potokov<\/td><td>8.8 km<\/td><td>CESTN\u00c1<\/td><td>REKREA<\/td><td>5895 &nbsp;<\/td><\/tr><tr><td>C10<\/td><td>Cesta Slobody &#8211; Chata Plesnivec<\/td><td>3.9 km<\/td><td>MTB<\/td><td>SPORT<\/td><td>5897 &nbsp;<\/td><\/tr><tr><td>C11<\/td><td>\u0160trba, \u0160oldov-\u0160trbsk\u00e9 Pleso<\/td><td>12.4 km<\/td><td>CESTN\u00c1<\/td><td>REKREA<\/td><td>5910 &nbsp;<\/td><\/tr><\/tbody><\/table><\/figure>\n\n\n\n<p><\/p>\n\n\n\n<h3 class=\"wp-block-heading has-text-color has-luminous-vivid-amber-color\"><br><strong>Kolorem \u017c\u00f3\u0142tym<\/strong><\/h3>\n\n\n\n<p>oznaczone s\u0105 \u0142\u0105czniki mi\u0119dzy trasami rowerowymi lub kr\u00f3tkie odga\u0142\u0119zienia prowadz\u0105ce do r\u00f3\u017cnych atrakcji przyrodniczych, historycznych i technicznych.<\/p>\n\n\n\n<figure class=\"wp-block-table is-style-stripes\"><table class=\"has-luminous-vivid-amber-background-color has-background\"><thead><tr><th>Farba<\/th><th>N\u00e1zov trasy<\/th><th>D\u013a\u017eka<\/th><th>Charakter<\/th><th>Obtia\u017enos\u0165<\/th><th>Eviden\u010dn\u00e9 \u010d\u00edslo<\/th><\/tr><\/thead><tbody><tr><td>D1<\/td><td>Vy\u0161n\u00e9 H\u00e1gy &#8211; \u0160t\u00f4la &#8211; Nov\u00e1 Polianka<\/td><td>6.8 km<\/td><td>MTB<\/td><td>SPORT<\/td><td>8858<\/td><\/tr><tr><td>D2<\/td><td>Star\u00e1 Lesn\u00e1 &#8211; trasa \u010d. 8860<\/td><td>4.1 km<\/td><td>MTB<\/td><td>SPORT<\/td><td>8859<\/td><\/tr><tr><td>D3<\/td><td>Okruh Nov\u00e1 Lesn\u00e1 &#8211; Dol. Smokovec<\/td><td>11.2 km<\/td><td>CESTN\u00c1<\/td><td>REKREA<\/td><td>8860 &nbsp;<\/td><\/tr><tr><td>D4<\/td><td>Hrebienok &#8211; Bil\u00edkova chata<\/td><td>0.25 km<\/td><td>CESTN\u00c1<\/td><td>REKREA<\/td><td>8861 &nbsp;<\/td><\/tr><tr><td>D5<\/td><td>Vrbov &#8211; Huncovce<\/td><td>6.1 km<\/td><td>CESTN\u00c1<\/td><td>REKREA<\/td><td>8869<\/td><\/tr><tr><td>D6<\/td><td>Podsp\u00e1dy &#8211; \u0161t. hranica<\/td><td>3 km<\/td><td>CESTN\u00c1<\/td><td>REKREA<\/td><td>8871<\/td><\/tr><tr><td>D7<\/td><td>\u0160trba &#8211; Vy\u0161n\u00e1 \u0160u\u0148ava<\/td><td>2.4 km<\/td><td>CESTN\u00c1<\/td><td>REKREA<\/td><td>8872<\/td><\/tr><tr><td>D8<\/td><td>Ni\u017en\u00e1 \u0160u\u0148ava &#8211; \u0160trba<\/td><td>2.8 km<\/td><td>CESTN\u00c1<\/td><td>REKREA<\/td><td>8873<\/td><\/tr><tr><td>D9<\/td><td>Tatransk\u00e1 Lomnica &#8211; Javorov\u00e1 cesta<\/td><td>1.9 km<\/td><td>MTB<\/td><td>SPORT<\/td><td>8876<\/td><\/tr><tr><td>D10<\/td><td>Poprad &#8211; Kvetnica<\/td><td>4.3 km<\/td><td>CESTN\u00c1<\/td><td>REKREA<\/td><td>8914<\/td><\/tr><tr><td>D11<\/td><td>Okruh Tatransk\u00e9 Matliare<\/td><td>8 km<\/td><td>CESTN\u00c1<\/td><td>REKREA<\/td><td>8915<\/td><\/tr><tr><td>D12<\/td><td>Mal\u00fd Slavkov &#8211; trasa \u010d. 5895<\/td><td>6.2 km<\/td><td>MTB<\/td><td>REKREA<\/td><td>8916<\/td><\/tr><\/tbody><\/table><\/figure>\n\n\n\n<p><\/p>\n\n\n\n<h3 class=\"wp-block-heading has-cyan-bluish-gray-color has-text-color has-link-color wp-elements-e072f098a7b8bacfcaa4a445878259a7\"><strong>Kolorem szarym<\/strong><\/h3>\n\n\n\n<p>oznaczono trasy, na kt\u00f3rych regulamin odwiedzania Tatrza\u0144skiego Parku Narodowego zezwala na jazd\u0119 na rowerze, ale trasa nie ma przypisanego numeru ewidencyjnego.<\/p>\n\n\n\n<figure class=\"wp-block-table is-style-stripes\"><table class=\"has-cyan-bluish-gray-background-color has-background\"><thead><tr><th>Farba<\/th><th>N\u00e1zov trasy<\/th><th>D\u013a\u017eka<\/th><th>Charakter<\/th><th>Obtia\u017enos\u0165<\/th><\/tr><\/thead><tbody><tr><td>V4<\/td><td>N\u00e1u\u010dn\u00fd chodn\u00edk F\u013eak &#8211; Tatransk\u00e1 Kotlina<\/td><td>1,7 km<\/td><td>MTB<\/td><td>SPORT<\/td><\/tr><tr><td>V5<\/td><td>Ko\u0161arisk\u00e1 &#8211; N\u00e1u\u010dn\u00fd chodn\u00edk F\u013eak<\/td><td>1,6 km<\/td><td>MTB<\/td><td>SPORT &nbsp;<\/td><\/tr><tr><td>V7<\/td><td>Kamenn\u00e1 cesta<\/td><td>3,2 km<\/td><td>CESTN\u00c1<\/td><td>REKREA<\/td><\/tr><tr><td>V11 &nbsp;<\/td><td>Doln\u00fd Smokovec &#8211; \u017dakovsk\u00e1 Po\u013eana &#8211; Tatransk\u00e9 Zruby<\/td><td>4,6 km<\/td><td>MTB<\/td><td>SPORT &nbsp;<\/td><\/tr><tr><td>V17<\/td><td>Kole\u010dkov\u00e1 &#8211; \u0160trbsk\u00e9 Pleso<\/td><td>9,2 km<\/td><td>CESTN\u00c1 &nbsp;<\/td><td>REKREA<\/td><\/tr><\/tbody><\/table><\/figure>\n\n\n\n<h2 class=\"wp-block-heading\">Wi\u0119cej informacji o oznakowanych trasach rowerowych w regionie<\/h2>\n\n\n\n<p>Najwa\u017cniejsze informacje o najlepszych tatrza\u0144skich trasach\nrowerowych, szczeg\u00f3\u0142owy opis poszczeg\u00f3lnych tras oraz pomys\u0142y na jednodniowe wycieczki\nrowerowe.<\/p>\n","protected":false},"excerpt":{"rendered":"<p>Kolarstwo w Tatrach \u2013 podr\u00f3\u017c na dw\u00f3ch k\u00f3\u0142kach ku przygodom Odkryj ponad 300 km oznakowanych tras rowerowych o r\u00f3\u017cnym stopniu trudno\u015bci \u2014 od \u0142atwych tras dla rodzin z dzie\u0107mi i pocz\u0105tkuj\u0105cych, a\u017c po pe\u0142ne adrenaliny g\u00f3rskie wyzwania pod tatrza\u0144skimi szczytami, dla mi\u0142o\u015bnik\u00f3w MTB, kolarstwa szosowego czy sportowc\u00f3w.Odkryj p\u0142askie trasy u podn\u00f3\u017ca g\u00f3r, wymagaj\u0105ce podjazdy, a [&hellip;]<\/p>\n","protected":false},"author":1,"featured_media":1193,"parent":1622,"menu_order":0,"comment_status":"closed","ping_status":"closed","template":"template-list.php","meta":{"footnotes":""},"class_list":["post-1618","page","type-page","status-publish","has-post-thumbnail","hentry"],"_links":{"self":[{"href":"https:\/\/regiontatry.sk\/pl\/wp-json\/wp\/v2\/pages\/1618"}],"collection":[{"href":"https:\/\/regiontatry.sk\/pl\/wp-json\/wp\/v2\/pages"}],"about":[{"href":"https:\/\/regiontatry.sk\/pl\/wp-json\/wp\/v2\/types\/page"}],"author":[{"embeddable":true,"href":"https:\/\/regiontatry.sk\/pl\/wp-json\/wp\/v2\/users\/1"}],"replies":[{"embeddable":true,"href":"https:\/\/regiontatry.sk\/pl\/wp-json\/wp\/v2\/comments?post=1618"}],"version-history":[{"count":25,"href":"https:\/\/regiontatry.sk\/pl\/wp-json\/wp\/v2\/pages\/1618\/revisions"}],"predecessor-version":[{"id":10405498,"href":"https:\/\/regiontatry.sk\/pl\/wp-json\/wp\/v2\/pages\/1618\/revisions\/10405498"}],"up":[{"embeddable":true,"href":"https:\/\/regiontatry.sk\/pl\/wp-json\/wp\/v2\/pages\/1622"}],"wp:featuredmedia":[{"embeddable":true,"href":"https:\/\/regiontatry.sk\/pl\/wp-json\/wp\/v2\/media\/1193"}],"wp:attachment":[{"href":"https:\/\/regiontatry.sk\/pl\/wp-json\/wp\/v2\/media?parent=1618"}],"curies":[{"name":"wp","href":"https:\/\/api.w.org\/{rel}","templated":true}]}}