{"id":1622,"date":"2018-07-27T13:32:58","date_gmt":"2018-07-27T11:32:58","guid":{"rendered":"http:\/\/regiontatry.creanet.sk\/cyklistika\/"},"modified":"2025-08-23T23:07:51","modified_gmt":"2025-08-23T21:07:51","slug":"turystyka-rowerowa","status":"publish","type":"page","link":"https:\/\/regiontatry.sk\/pl\/turystyka-rowerowa\/","title":{"rendered":"Turystyka rowerowa"},"content":{"rendered":"\n<p>Region Tatry Wysokie to miejsce, gdzie czekaj\u0105 na Ciebie niesamowite prze\u017cycia rowerowe, widoki i niezapomniane przygody. Tatry Wysokie s\u0105 idealnym miejscem dla mi\u0142o\u015bnik\u00f3w jazdy na rowerze, oferuj\u0105 niezliczone trasy i wycieczki rowerowe, kt\u00f3re zadowol\u0105 ka\u017cdego rowerzyst\u0119 \u2013 od rowerzyst\u00f3w rekreacyjnych i rodzin z dzie\u0107mi, po do\u015bwiadczonych sportowc\u00f3w i pasjonat\u00f3w kolarstwa g\u00f3rskiego.<\/p>\n\n\n\n<p>Poznaj region Tatr Wysokich na dw\u00f3ch k\u00f3\u0142kach z siode\u0142ka swojego roweru.&nbsp;<strong>Ponad 300 km&nbsp;<\/strong><a href=\"https:\/\/regiontatry.sk\/cyklistika\/cykloturistika\/\"><strong>oznakowanych tras rowerowych<\/strong><\/a><strong>&nbsp;o r\u00f3\u017cnym stopniu trudno\u015bci<\/strong>, przeznaczonych dla wszystkich \u2013&nbsp;<strong>rodzin z dzie\u0107mi, mi\u0142o\u015bnik\u00f3w kolarstwa g\u00f3rskiego i szosowego, sportowc\u00f3w i pocz\u0105tkuj\u0105cych rowerzyst\u00f3w<\/strong>.<\/p>\n\n\n\n<p>Znajdziesz tu:<\/p>\n\n\n\n<ul class=\"wp-block-list\">\n<li><strong>P\u0142askie trasy<\/strong> idealne na spokojne wycieczki i jazd\u0119 z dzie\u0107mi,<\/li>\n\n\n\n<li><strong>Podjazdy pod tatrza\u0144skie szczyty<\/strong> dla prawdziwych wyzwa\u0144 i adrenaliny,<\/li>\n\n\n\n<li><strong>Podtatrza\u0144ska magistrala rowerowa<\/strong>, kt\u00f3ra poprowadzi Ci\u0119 przez wyj\u0105tkowy krajobraz niemal wok\u00f3\u0142 ca\u0142ych Tatr.<\/li>\n<\/ul>\n\n\n\n<p>Odkryj region z siode\u0142ka roweru i po\u0142\u0105cz aktywny wypoczynek z pi\u0119knem natury.<\/p>\n\n\n\n<figure class=\"wp-block-embed is-type-video is-provider-youtube wp-block-embed-youtube wp-embed-aspect-16-9 wp-has-aspect-ratio\"><div class=\"wp-block-embed__wrapper\">\n<iframe loading=\"lazy\" title=\"Cykloturistika v Regi\u00f3ne Vysok\u00e9 Tatry\" width=\"640\" height=\"360\" src=\"https:\/\/www.youtube.com\/embed\/ZMXNBEXX4Wc?feature=oembed\" frameborder=\"0\" allow=\"accelerometer; autoplay; clipboard-write; encrypted-media; gyroscope; picture-in-picture; web-share\" referrerpolicy=\"strict-origin-when-cross-origin\" allowfullscreen><\/iframe>\n<\/div><\/figure>\n\n\n\n<p><\/p>\n\n\n\n<h3 class=\"wp-block-heading has-vivid-green-cyan-color has-text-color has-link-color wp-elements-9d6c799ef923fb2c5fa03807808afd27\"><strong>Trasy rowerowe w Tatrach<\/strong><\/h3>\n\n\n\n<p>W Tatrach znajdziesz <a href=\"https:\/\/regiontatry.sk\/cyklistika\/cykloturistika\/\">trasy rowerowe\u00a0<\/a>o r\u00f3\u017cnym stopniu trudno\u015bci i d\u0142ugo\u015bci. Od malowniczych \u015bcie\u017cek rowerowych prowadz\u0105cych przez pi\u0119kne krajobrazy, a\u017c po wymagaj\u0105ce szlaki MTB dla rower\u00f3w g\u00f3rskich, kt\u00f3re oferuj\u0105 spor\u0105 dawk\u0119 adrenaliny i wyzwania. Wybierz tras\u0119 zgodnie ze swoimi mo\u017cliwo\u015bciami i kondycj\u0105 \u2013 w ofercie s\u0105 kr\u00f3tkie wycieczki, jak i wymagaj\u0105ce przejazdy g\u00f3rskie:<\/p>\n\n\n\n<ol class=\"wp-block-list\">\n<li><strong>Popradzka trasa rowerowa<\/strong>\u2013 Idealna dla rodzin z dzie\u0107mi i rowerzyst\u00f3w rekreacyjnych. Niewielkie wzniesienia, pi\u0119kne widoki, dost\u0119pna tak\u017ce dla pocz\u0105tkuj\u0105cych. Popularny wyb\u00f3r na \u0142atw\u0105 wycieczk\u0119.<\/li>\n\n\n\n<li><strong>Star\u00fd Smokovec \u2192 Hrebienok lub Tatransk\u00e1 Polianka \u2192 Sliezsky dom<\/strong>\u00a0\u2013 \u015arednio trudna trasa g\u00f3rska, odpowiednia dla do\u015bwiadczonych rowerzyst\u00f3w szukaj\u0105cych wyzwa\u0144 i g\u00f3rskich panoram.<\/li>\n\n\n\n<li><strong>Podtatrza\u0144ska cyklomagistrala <\/strong><em>(Podbansk\u00e9 \u2192 Tatransk\u00e1 Kotlina)<\/em>\u00a0&#8211; D\u0142ugi odcinek z zapieraj\u0105cymi dech w piersiach widokami, przeznaczony dla wytrwa\u0142ych rowerzyst\u00f3w, kt\u00f3rzy szukaj\u0105 po\u0142\u0105czenia wysi\u0142ku z pi\u0119knymi krajobrazami.<\/li>\n<\/ol>\n\n\n\n<p>Turystyka rowerowa to doskona\u0142a okazja, aby po\u0142\u0105czy\u0107 <strong>aktywno\u015b\u0107 sportow\u0105 z bezpo\u015brednim kontaktem z natur\u0105.<\/strong><\/p>\n\n\n\n<h3 class=\"wp-block-heading has-vivid-green-cyan-color has-text-color has-link-color wp-elements-dd4086450123bc800f7c4f8b8031452d\"><strong>Rowery elektryczne \u2013 Tatry z lekko\u015bci\u0105<\/strong><\/h3>\n\n\n\n<p>Chcesz odkrywa\u0107 Tatry na rowerze, ale nie masz w\u0142asnego lub chcesz cieszy\u0107 si\u0119 wycieczkami rowerowymi bez wi\u0119kszego wysi\u0142ku? Skorzystaj z <a href=\"https:\/\/regiontatry.sk\/pozicovne-bicyklov\"><strong>wypo\u017cyczalni rower\u00f3w elektrycznych <\/strong><\/a>w Tatrach Wysokich! Rowery elektryczne to doskona\u0142y wyb\u00f3r dla tych, kt\u00f3rzy chc\u0105 pokonywa\u0107 wi\u0119ksze odleg\u0142o\u015bci bez du\u017cego wysi\u0142ku, zmierzy\u0107 si\u0119 z bardziej wymagaj\u0105cymi trasami rowerowymi albo wygodnie poznawa\u0107 region \u2013 r\u00f3wnie\u017c dla mniej do\u015bwiadczonych rowerzyst\u00f3w w Tatrach. Ka\u017cda wypo\u017cyczalnia rower\u00f3w elektrycznych w Tatrach oferuje szeroki wyb\u00f3r wysokiej jako\u015bci rower\u00f3w elektrycznych lub rower\u00f3w, kt\u00f3re s\u0105 regularnie serwisowane i gotowe do Twojej wycieczki rowerowej.<\/p>\n\n\n\n<p><strong>\u0141adowarki do rower\u00f3w elektrycznych w Tatrach<\/strong><\/p>\n\n\n\n<ul class=\"wp-block-list\">\n<li>Sanatorium Dr. Guhra \u00a0\u2013 Tatransk\u00e1 Polianka<\/li>\n\n\n\n<li>Poliankovo \u2013 Tatransk\u00e1 Polianka<\/li>\n\n\n\n<li>Horsk\u00e9 Vilky Po\u013eana \u2013 Nov\u00fd Smokovec<\/li>\n\n\n\n<li>Hotel Villa Siesta \u2013 Nov\u00fd Smokovec<\/li>\n\n\n\n<li>Dobr\u00e9 \u010casy \u2013 Star\u00fd Smokovec<\/li>\n\n\n\n<li>Penzi\u00f3n Po\u013eana \u2013 Horn\u00fd Smokovec<\/li>\n\n\n\n<li>Rezort pri jazere &#8211;\u00a0Podb\u00e1nske<\/li>\n\n\n\n<li>Restauracja U Furmana \u2013 Tatransk\u00e1 Kotlina<\/li>\n\n\n\n<li>BikePoint Kvetnica \u2013 Poprad<\/li>\n<\/ul>\n\n\n\n<p>Przygotuj si\u0119 na niezapomniane rowerowe wakacje w Tatrach. Na naszej stronie znajdziesz informacje, porady i ciekawostki na temat rower\u00f3w elektrycznych. Sprawd\u017a swoj\u0105 tras\u0119 i podziwiaj tatrza\u0144skie niebo na dw\u00f3ch facetach!<\/p>\n\n\n\t<div class=\"wp-block-cgb-block-creanet-grid category-list cell small-12 medium-4 cg\">\n\t\t<div class=\"cell small-12 medium-12 large-12 medium-order-1\">\n\t\t\t<a href=\"\/pl\/turystyka-rowerowa\/turystyka-rowerowa-w-tatrach\/\">\n\t\t\t\t<div class=\"background-grid-color\"><\/div>\n\t\t\t\t\t\t\t\t\t<figure><img decoding=\"async\" src=\"https:\/\/regiontatry.sk\/wp-content\/uploads\/2024\/08\/13.jpg\" alt=\"\"\n\t\t\t\t\t\t\t\t title=\"_13\"\/><\/figure>\n\t\t\t\t\t\t\t\t<h3>Turystyka rowerowa w Tatrach<\/h3>\t\t\t\t\t\t\t<\/a>\n\t\t<\/div>\n\t<\/div>\n\t\n\n\t<div class=\"wp-block-cgb-block-creanet-grid category-list cell small-12 medium-4 cg\">\n\t\t<div class=\"cell small-12 medium-12 large-12 medium-order-1\">\n\t\t\t<a href=\"\/pl\/turystyka-rowerowa\/trasy-rowerowe\/\">\n\t\t\t\t<div class=\"background-grid-color\"><\/div>\n\t\t\t\t\t\t\t\t\t<figure><img decoding=\"async\" src=\"https:\/\/regiontatry.sk\/wp-content\/uploads\/2021\/09\/Martin_Malicky_OOCR_ZCR_43.jpg\" alt=\"\"\n\t\t\t\t\t\t\t\t title=\"Martin_Malicky_OOCR_ZCR_43\"\/><\/figure>\n\t\t\t\t\t\t\t\t<h3><strong>Trasy rowerowe<\/strong><\/h3>\t\t\t\t\t\t\t<\/a>\n\t\t<\/div>\n\t<\/div>\n\t\n\n\t<div class=\"wp-block-cgb-block-creanet-grid category-list cell small-12 medium-4 cg\">\n\t\t<div class=\"cell small-12 medium-12 large-12 medium-order-1\">\n\t\t\t<a href=\"https:\/\/regiontatry.sk\/pl\/tips-for-cycling-trips-in-the-high-tatras\/\">\n\t\t\t\t<div class=\"background-grid-color\"><\/div>\n\t\t\t\t\t\t\t\t\t<figure><img decoding=\"async\" src=\"https:\/\/regiontatry.sk\/wp-content\/uploads\/2025\/08\/cyklo_Martin-Malicky-scaled.jpg\" alt=\"\"\n\t\t\t\t\t\t\t\t title=\"cyklo_Martin Mali\u010dk\u00fd\"\/><\/figure>\n\t\t\t\t\t\t\t\t<h3>Pomys\u0142y na wycieczki rowerowe w Tatrach Wysokich<\/h3>\t\t\t\t\t\t\t<\/a>\n\t\t<\/div>\n\t<\/div>\n\t\n\n\n\n\t<div class=\"wp-block-cgb-block-creanet-grid category-list cell small-12 medium-4 cg\">\n\t\t<div class=\"cell small-12 medium-12 large-12 medium-order-1\">\n\t\t\t<a href=\"\/pl\/turystyka-rowerowa\/wypozyczalnie-rowerow\/\">\n\t\t\t\t<div class=\"background-grid-color\"><\/div>\n\t\t\t\t\t\t\t\t\t<figure><img decoding=\"async\" src=\"https:\/\/regiontatry.sk\/wp-content\/uploads\/2018\/09\/galfy-predajna-Stary-smokovec-1.jpg\" alt=\"\"\n\t\t\t\t\t\t\t\t title=\"galfy-predajna-Stary-smokovec-1\"\/><\/figure>\n\t\t\t\t\t\t\t\t<h3>Wypo\u017cyczalnie rower\u00f3w<\/h3>\t\t\t\t\t\t\t<\/a>\n\t\t<\/div>\n\t<\/div>\n\t","protected":false},"excerpt":{"rendered":"<p>Region Tatry Wysokie to miejsce, gdzie czekaj\u0105 na Ciebie niesamowite prze\u017cycia rowerowe, widoki i niezapomniane przygody. Tatry Wysokie s\u0105 idealnym miejscem dla mi\u0142o\u015bnik\u00f3w jazdy na rowerze, oferuj\u0105 niezliczone trasy i wycieczki rowerowe, kt\u00f3re zadowol\u0105 ka\u017cdego rowerzyst\u0119 \u2013 od rowerzyst\u00f3w rekreacyjnych i rodzin z dzie\u0107mi, po do\u015bwiadczonych sportowc\u00f3w i pasjonat\u00f3w kolarstwa g\u00f3rskiego. Poznaj region Tatr Wysokich [&hellip;]<\/p>\n","protected":false},"author":1,"featured_media":10394702,"parent":0,"menu_order":0,"comment_status":"closed","ping_status":"closed","template":"template-list.php","meta":{"footnotes":""},"class_list":["post-1622","page","type-page","status-publish","has-post-thumbnail","hentry"],"_links":{"self":[{"href":"https:\/\/regiontatry.sk\/pl\/wp-json\/wp\/v2\/pages\/1622"}],"collection":[{"href":"https:\/\/regiontatry.sk\/pl\/wp-json\/wp\/v2\/pages"}],"about":[{"href":"https:\/\/regiontatry.sk\/pl\/wp-json\/wp\/v2\/types\/page"}],"author":[{"embeddable":true,"href":"https:\/\/regiontatry.sk\/pl\/wp-json\/wp\/v2\/users\/1"}],"replies":[{"embeddable":true,"href":"https:\/\/regiontatry.sk\/pl\/wp-json\/wp\/v2\/comments?post=1622"}],"version-history":[{"count":12,"href":"https:\/\/regiontatry.sk\/pl\/wp-json\/wp\/v2\/pages\/1622\/revisions"}],"predecessor-version":[{"id":10405491,"href":"https:\/\/regiontatry.sk\/pl\/wp-json\/wp\/v2\/pages\/1622\/revisions\/10405491"}],"wp:featuredmedia":[{"embeddable":true,"href":"https:\/\/regiontatry.sk\/pl\/wp-json\/wp\/v2\/media\/10394702"}],"wp:attachment":[{"href":"https:\/\/regiontatry.sk\/pl\/wp-json\/wp\/v2\/media?parent=1622"}],"curies":[{"name":"wp","href":"https:\/\/api.w.org\/{rel}","templated":true}]}}