{"id":1626,"date":"2018-07-18T14:50:44","date_gmt":"2018-07-18T12:50:44","guid":{"rendered":"http:\/\/regiontatry.creanet.sk\/aktivity-a-atrakcie\/"},"modified":"2025-10-14T21:13:09","modified_gmt":"2025-10-14T19:13:09","slug":"rekreacja-i-atrakcje","status":"publish","type":"page","link":"https:\/\/regiontatry.sk\/pl\/rekreacja-i-atrakcje\/","title":{"rendered":"Rekreacja i atrakcje"},"content":{"rendered":"\n<p>W regionie Tatr Wysokich istniej\u0105 r\u00f3\u017cnorodne mo\u017cliwo\u015bci sp\u0119dzenia wolnego czasu. Je\u015bli kochacie adrenalin\u0119, ch\u0119tnie pr\u00f3bujecie czego\u015b nowego, lub chcecie pokaza\u0107 swoim dzieciom, \u017ce na \u015blizgawk\u0119 mo\u017cna i\u015b\u0107 tak\u017ce zim\u0105, z pewno\u015bci\u0105 znajdziecie tu mn\u00f3stwo atrakcji.<br><strong>W okresie zimowym w regionie Tatr Wysokich przygotowano mn\u00f3stwo atrakcji, podczas kt\u00f3rych na pewno NIKT nie b\u0119dzie si\u0119 nudzi\u0142.<\/strong><br><br><\/p>\n\n\n\t<div class=\"wp-block-cgb-block-creanet-grid category-list cell small-12 medium-4 cg\">\n\t\t<div class=\"cell small-12 medium-12 large-12 medium-order-1\">\n\t\t\t<a href=\"\/pl\/rekreacja-i-atrakcje\/jazda-na-sankach\/?tour=824\">\n\t\t\t\t<div class=\"background-grid-color\"><\/div>\n\t\t\t\t\t\t\t\t\t<figure><img decoding=\"async\" src=\"https:\/\/regiontatry.sk\/wp-content\/uploads\/2018\/10\/sankovacka.jpeg\" alt=\"\"\n\t\t\t\t\t\t\t\t title=\"sankovacka\"\/><\/figure>\n\t\t\t\t\t\t\t\t<h3>Jazda na sankach<\/h3>\t\t\t\t\t\t\t<\/a>\n\t\t<\/div>\n\t<\/div>\n\t\n\n\t<div class=\"wp-block-cgb-block-creanet-grid category-list cell small-12 medium-4 cg\">\n\t\t<div class=\"cell small-12 medium-12 large-12 medium-order-1\">\n\t\t\t<a href=\"\/pl\/rekreacja-i-atrakcje\/bieganie-zima\/\">\n\t\t\t\t<div class=\"background-grid-color\"><\/div>\n\t\t\t\t\t\t\t\t\t<figure><img decoding=\"async\" src=\"https:\/\/regiontatry.sk\/wp-content\/uploads\/2018\/10\/IMG_78282.jpg\" alt=\"\"\n\t\t\t\t\t\t\t\t title=\"IMG_78282\"\/><\/figure>\n\t\t\t\t\t\t\t\t<h3>Bieganie zim\u0105<\/h3>\t\t\t\t\t\t\t<\/a>\n\t\t<\/div>\n\t<\/div>\n\t\n\n\t<div class=\"wp-block-cgb-block-creanet-grid category-list cell small-12 medium-4 cg\">\n\t\t<div class=\"cell small-12 medium-12 large-12 medium-order-1\">\n\t\t\t<a href=\"\/pl\/rekreacja-i-atrakcje\/rakiety-sniezne-nordic-walking\/\">\n\t\t\t\t<div class=\"background-grid-color\"><\/div>\n\t\t\t\t\t\t\t\t\t<figure><img decoding=\"async\" src=\"https:\/\/regiontatry.sk\/wp-content\/uploads\/2023\/04\/Snowshoeing-day-tour-adventures-in-Slovakia-Tatra-mountain-3_1_11zon-1024x644.jpg\" alt=\"\"\n\t\t\t\t\t\t\t\t title=\"Snowshoeing day tour adventures in Slovakia Tatra mountain 3_1_11zon\"\/><\/figure>\n\t\t\t\t\t\t\t\t<h3>Rakiety \u015bnie\u017cne \/ Nordic Walking<\/h3>\t\t\t\t\t\t\t<\/a>\n\t\t<\/div>\n\t<\/div>\n\t\n\n\t<div class=\"wp-block-cgb-block-creanet-grid category-list cell small-12 medium-4 cg\">\n\t\t<div class=\"cell small-12 medium-12 large-12 medium-order-1\">\n\t\t\t<a href=\"\/pl\/rekreacja-i-atrakcje\/jazda-na-lyzwach\/\">\n\t\t\t\t<div class=\"background-grid-color\"><\/div>\n\t\t\t\t\t\t\t\t\t<figure><img decoding=\"async\" src=\"https:\/\/regiontatry.sk\/wp-content\/uploads\/2018\/10\/DSC_0641.jpg\" alt=\"\"\n\t\t\t\t\t\t\t\t title=\"DSC_0641\"\/><\/figure>\n\t\t\t\t\t\t\t\t<h3>Jazda na \u0142y\u017cwach<\/h3>\t\t\t\t\t\t\t<\/a>\n\t\t<\/div>\n\t<\/div>\n\t\n\n\t<div class=\"wp-block-cgb-block-creanet-grid category-list cell small-12 medium-4 cg\">\n\t\t<div class=\"cell small-12 medium-12 large-12 medium-order-1\">\n\t\t\t<a href=\"\/pl\/rekreacja-i-atrakcje\/jazda-bryczka-sanie\/\">\n\t\t\t\t<div class=\"background-grid-color\"><\/div>\n\t\t\t\t\t\t\t\t\t<figure><img decoding=\"async\" src=\"https:\/\/regiontatry.sk\/wp-content\/uploads\/2023\/03\/jazda-na-ko\u010di-\u0160P-1024x682.png\" alt=\"\"\n\t\t\t\t\t\t\t\t title=\"jazda na ko\u010di \u0160P\"\/><\/figure>\n\t\t\t\t\t\t\t\t<h3>Jazda bryczk\u0105 \/ sanie<\/h3>\t\t\t\t\t\t\t<\/a>\n\t\t<\/div>\n\t<\/div>\n\t","protected":false},"excerpt":{"rendered":"<p>W regionie Tatr Wysokich istniej\u0105 r\u00f3\u017cnorodne mo\u017cliwo\u015bci sp\u0119dzenia wolnego czasu. Je\u015bli kochacie adrenalin\u0119, ch\u0119tnie pr\u00f3bujecie czego\u015b nowego, lub chcecie pokaza\u0107 swoim dzieciom, \u017ce na \u015blizgawk\u0119 mo\u017cna i\u015b\u0107 tak\u017ce zim\u0105, z pewno\u015bci\u0105 znajdziecie tu mn\u00f3stwo atrakcji.W okresie zimowym w regionie Tatr Wysokich przygotowano mn\u00f3stwo atrakcji, podczas kt\u00f3rych na pewno NIKT nie b\u0119dzie si\u0119 nudzi\u0142.<\/p>\n","protected":false},"author":1,"featured_media":1301,"parent":0,"menu_order":0,"comment_status":"closed","ping_status":"closed","template":"template-list.php","meta":{"footnotes":""},"class_list":["post-1626","page","type-page","status-publish","has-post-thumbnail","hentry"],"_links":{"self":[{"href":"https:\/\/regiontatry.sk\/pl\/wp-json\/wp\/v2\/pages\/1626"}],"collection":[{"href":"https:\/\/regiontatry.sk\/pl\/wp-json\/wp\/v2\/pages"}],"about":[{"href":"https:\/\/regiontatry.sk\/pl\/wp-json\/wp\/v2\/types\/page"}],"author":[{"embeddable":true,"href":"https:\/\/regiontatry.sk\/pl\/wp-json\/wp\/v2\/users\/1"}],"replies":[{"embeddable":true,"href":"https:\/\/regiontatry.sk\/pl\/wp-json\/wp\/v2\/comments?post=1626"}],"version-history":[{"count":12,"href":"https:\/\/regiontatry.sk\/pl\/wp-json\/wp\/v2\/pages\/1626\/revisions"}],"predecessor-version":[{"id":11145962,"href":"https:\/\/regiontatry.sk\/pl\/wp-json\/wp\/v2\/pages\/1626\/revisions\/11145962"}],"wp:featuredmedia":[{"embeddable":true,"href":"https:\/\/regiontatry.sk\/pl\/wp-json\/wp\/v2\/media\/1301"}],"wp:attachment":[{"href":"https:\/\/regiontatry.sk\/pl\/wp-json\/wp\/v2\/media?parent=1626"}],"curies":[{"name":"wp","href":"https:\/\/api.w.org\/{rel}","templated":true}]}}