{"id":16548,"date":"2019-03-19T13:14:30","date_gmt":"2019-03-19T12:14:30","guid":{"rendered":"https:\/\/regiontatry.sk\/jarna-dovolenka-vo-vysokych-tatrach\/"},"modified":"2019-03-23T14:54:49","modified_gmt":"2019-03-23T13:54:49","slug":"wiosenny-wypoczynek-w-tatrach-wysokich","status":"publish","type":"page","link":"https:\/\/regiontatry.sk\/pl\/wiosenny-wypoczynek-w-tatrach-wysokich\/","title":{"rendered":"Wiosenny wypoczynek <br> w Tatrach Wysokich"},"content":{"rendered":"\n<p>Przyjmij zaproszenie na wiosenny wypoczynek w Tatrach i ciesz si\u0119 g\u00f3rami wra\u017ce\u0144! Czeka na Ciebie wiosenne szusowanie, turystyka g\u00f3rska, wizyta w muzeach i galeriach oraz ulubione imprezy. Z kart\u0105 regionaln\u0105 TATRY Card przetestujesz najwi\u0119ksze atrakcje w Tatrach.<br><br><\/p>\n\n\n\t<a href=\"\/pl\/narciarstwo\/\" class=\"wp-block-cgb-block-creanet-list category-list grid-x grid-padding-x align-middle\">\n\t\t\t\t\t<div class=\"small-12 medium-6 large-5\">\n\t\t\t\t<figure><img src='https:\/\/regiontatry.sk\/wp-content\/uploads\/2018\/11\/DSC_3343c1_resize-1.jpg'\n\t\t\t\t\t\talt=''\n\t\t\t\t\t\ttitle='DSC_3343c1_resize'\n\t\t\t\t\t\/><\/figure>\n\t\t\t<\/div>\n\t\t\n\n\t\t<div class=\"cell small-12 medium-5 large-7\">\n\t\t\t<h3>WIOSENNE SZUSOWANIE DLA WSZYSTKICH<\/h3>\n\t\t\t<p>Narty w Tatrach a\u017c do maja z wysokiej jako\u015bci us\u0142ugami i dobr\u0105 zabaw\u0105!<br>Ciesz si\u0119 tak\u017ce w tym okresie wspania\u0142\u0105 wiosenn\u0105 jazd\u0105 na 24 km tras zjazdowych \u2013 13 km \u0142atwych niebieskich tras dla rodzin z dzie\u0107mi, 10 km czerwonych zaawansowanych tras i najwy\u017cej po\u0142o\u017cona czarna nartostrada z Prze\u0142\u0119czy \u0141omnickiej na \u0141omnicki Staw o d\u0142ugo\u015bci 1,2 km. 20 km sztucznie na\u015bnie\u017canych tras gwarantuje bia\u0142e szale\u0144stwo przez 5 miesi\u0119cy w roku.<br><\/p>\n\t\t<\/div>\n\t<\/a>\n\n\t\n\n\t<a href=\"\/pl\/narciarstwo\/narciarstwo-biegowe\/\" class=\"wp-block-cgb-block-creanet-list category-list grid-x grid-padding-x align-middle\">\n\t\t\t\t\t<div class=\"small-12 medium-6 large-5\">\n\t\t\t\t<figure><img src='https:\/\/regiontatry.sk\/wp-content\/uploads\/2018\/11\/c-Marek-Hajkovsky-SPmarketing-bezkovanie-146-1.jpg'\n\t\t\t\t\t\talt=''\n\t\t\t\t\t\ttitle='c Marek Hajkovsky SPmarketing bezkovanie 146'\n\t\t\t\t\t\/><\/figure>\n\t\t\t<\/div>\n\t\t\n\n\t\t<div class=\"cell small-12 medium-5 large-7\">\n\t\t\t<h3>NA NARTACH BIEGOWYCH WOK\u00d3\u0141 JEZIORA SZCZYRBSKIEGO<\/h3>\n\t\t\t<p>Najwi\u0119kszy teren narciarstwa biegowego Jezioro Szczyrbskie oferuje trasy do narciarstwa biegowego r\u00f3wnie\u017c w miesi\u0105cach wiosennych \u2013 6 profesjonalnie przygotowanych tras do narciarstwa biegowego o r\u00f3\u017cnym stopniu trudno\u015bci ze sztucznym i naturalnym \u015bniegiem.<\/p>\n\t\t<\/div>\n\t<\/a>\n\n\t\n\n\t<a href=\"\/pl\/zimowe-wycieczki\/schroniska-gorskie\/\" class=\"wp-block-cgb-block-creanet-list category-list grid-x grid-padding-x align-middle\">\n\t\t\t\t\t<div class=\"small-12 medium-6 large-5\">\n\t\t\t\t<figure><img src='https:\/\/regiontatry.sk\/wp-content\/uploads\/2019\/03\/skalnata-chata.jpg'\n\t\t\t\t\t\talt=''\n\t\t\t\t\t\ttitle='skalnata chata'\n\t\t\t\t\t\/><\/figure>\n\t\t\t<\/div>\n\t\t\n\n\t\t<div class=\"cell small-12 medium-5 large-7\">\n\t\t\t<h3>G\u00d3RY I WIDOKI<\/h3>\n\t\t\t<p>Pi\u0119kne widoki na za\u015bnie\u017cone szczyty Tatr przyci\u0105gaj\u0105 turyst\u00f3w tak\u017ce wiosn\u0105. Dost\u0119pnych jest tylko kilka szlak\u00f3w turystycznych do 12 schronisk wysokog\u00f3rskich. Sezonowe zamkni\u0119cie szlak\u00f3w wysokog\u00f3rskich potrwa do 15.06.2019 r.<br><\/p>\n\t\t<\/div>\n\t<\/a>\n\n\t\n\n\t<a href=\"\/pl\/zimowe-wycieczki\/wycieczki-kolejami-linowymi\/\" class=\"wp-block-cgb-block-creanet-list category-list grid-x grid-padding-x align-middle\">\n\t\t\t\t\t<div class=\"small-12 medium-6 large-5\">\n\t\t\t\t<figure><img src='https:\/\/regiontatry.sk\/wp-content\/uploads\/2018\/10\/69YdhY0w-1.jpeg'\n\t\t\t\t\t\talt=''\n\t\t\t\t\t\ttitle='69YdhY0w'\n\t\t\t\t\t\/><\/figure>\n\t\t\t<\/div>\n\t\t\n\n\t\t<div class=\"cell small-12 medium-5 large-7\">\n\t\t\t<h3>WYCIECZKI KOLEJK\u0104 LINOW\u0104<\/h3>\n\t\t\t<p>Na drugi najwy\u017cszy szczyt, \u0141omnic\u0119, popularny Hrebienok i s\u0142ynne Solisko mo\u017cna wygodnie wjecha\u0107 kolejkami linowymi.<\/p>\n\t\t<\/div>\n\t<\/a>\n\n\t\n\n\t<a href=\"\/pl\/wellness-i-relaks\/park-wodny-aquacity-poprad-zima\/\" class=\"wp-block-cgb-block-creanet-list category-list grid-x grid-padding-x align-middle\">\n\t\t\t\t\t<div class=\"small-12 medium-6 large-5\">\n\t\t\t\t<figure><img src='https:\/\/regiontatry.sk\/wp-content\/uploads\/2018\/08\/AquaCity_Poprad_Sapphire_1000.jpg'\n\t\t\t\t\t\talt=''\n\t\t\t\t\t\ttitle='AquaCity_Poprad_Sapphire_1000'\n\t\t\t\t\t\/><\/figure>\n\t\t\t<\/div>\n\t\t\n\n\t\t<div class=\"cell small-12 medium-5 large-7\">\n\t\t\t<h3>RELAKS W AQUAPARKU<\/h3>\n\t\t\t<p>Aby urozmaici\u0107 sobie urlop wystarczy odwiedzi\u0107 wyj\u0105tkowy kompleks, kt\u00f3ry zapewni nie tylko wypoczynek i relaks. \u0179r\u00f3d\u0142a tutejszej wody termalnej znajduj\u0105 si\u0119 na g\u0142\u0119boko\u015bci 1300 m i zawieraj\u0105 ponad 20 r\u00f3\u017cnych minera\u0142\u00f3w korzystnie dzia\u0142aj\u0105cych na zdrowie cz\u0142owieka. Zregeneruj si\u0119 w nowoczesnym ca\u0142orocznym kompleksie AquaCity Poprad \u2013 w centrum rozrywki wodnej i wellness pod Tatrami.<br><\/p>\n\t\t<\/div>\n\t<\/a>\n\n\t\n\n\t<a href=\"\/pl\/region\/w-poszukiwaniu-historii-i-tradycji\/\" class=\"wp-block-cgb-block-creanet-list category-list grid-x grid-padding-x align-middle\">\n\t\t\t\t\t<div class=\"small-12 medium-6 large-5\">\n\t\t\t\t<figure><img src='https:\/\/regiontatry.sk\/wp-content\/uploads\/2018\/10\/Ski-Muzeum-Tatranska-Lomnica.jpg'\n\t\t\t\t\t\talt=''\n\t\t\t\t\t\ttitle='Ski Muzeum Tatranska Lomnica'\n\t\t\t\t\t\/><\/figure>\n\t\t\t<\/div>\n\t\t\n\n\t\t<div class=\"cell small-12 medium-5 large-7\">\n\t\t\t<h3>KULTURA I HISTORIA<\/h3>\n\t\t\t<p>Nie tylko przy z\u0142ej pogodzie powitaj\u0105 Ci\u0119 naturalne i historyczne ekspozycje muze\u00f3w Tatrza\u0144skiego Parku Narodowego, narciarstwa, fotografii i kinematografii oraz historia regionu tatrza\u0144skiego. Dla dzieci o zabaw\u0119 zadba galeria Tricklandia, Dobra Zabawka, r\u00f3\u017cne sale zabaw, \u015bcianki wspinaczkowe, symulatory gry w golfa, Adventure minigolf itp. Zadowoleni b\u0119d\u0105 r\u00f3wnie\u017c fani sztuk plastycznych w Galerii Tatrza\u0144skiej i Villa Flora lub niedawno otwartej galerii Poliankovo.<\/p>\n\t\t<\/div>\n\t<\/a>\n\n\t\n\n\t<a href=\"\/pl\/event\/\" class=\"wp-block-cgb-block-creanet-list category-list grid-x grid-padding-x align-middle\">\n\t\t\t\t\t<div class=\"small-12 medium-6 large-5\">\n\t\t\t\t<figure><img src='https:\/\/regiontatry.sk\/wp-content\/uploads\/2018\/11\/tatransky_dom_2018_3.jpg'\n\t\t\t\t\t\talt=''\n\t\t\t\t\t\ttitle='tatransky_dom_2018_3'\n\t\t\t\t\t\/><\/figure>\n\t\t\t<\/div>\n\t\t\n\n\t\t<div class=\"cell small-12 medium-5 large-7\">\n\t\t\t<h3>ULUBIONE WYDARZENIA<\/h3>\n\t\t\t<p>Nawet bogata oferta wydarze\u0144 nie stopi si\u0119 jak zesz\u0142oroczny \u015bnieg. Sezon wiosenny zamyka projekty Tatrza\u0144ska \u015awi\u0105tynia Lodowa i Galeria Mistrz\u00f3w Rze\u017aby w Lodzie na Hrebienku, kt\u00f3re zostan\u0105 zamkni\u0119te 22.04.2019 r. Z innych sta\u0142ych wydarze\u0144 mo\u017cna oczekiwa\u0107 imprez wielkanocnych, takich jak Weso\u0142a Wielkanoc nad Jeziorem Szczyrbskim, Wielkanocne pluskanie w AquaCity Poprad, Wielkanocne Miasteczko w Nowym Smokowcu, Kr\u010dm\u00e1r skap i zakopanie soliskowej narty, w maju przywita nas Maj\u00f3wka i retro uroczysto\u015bci pierwszomajowe lub sportowe imprezy biegowe w ramach serii Tatry w ruchu i mi\u0119dzynarodowy wy\u015bcig rowerowy \u201eKarpackie zawody kurier\u00f3w 2019\u201d.<br><\/p>\n\t\t<\/div>\n\t<\/a>\n\n\t\n\n\n<p><br>Wiosna w Tatrach b\u0119dzie udana!<\/p>\n","protected":false},"excerpt":{"rendered":"<p>Przyjmij zaproszenie na wiosenny wypoczynek w Tatrach i ciesz si\u0119 g\u00f3rami wra\u017ce\u0144! Czeka na Ciebie wiosenne szusowanie, turystyka g\u00f3rska, wizyta w muzeach i galeriach oraz ulubione imprezy. Z kart\u0105 regionaln\u0105 TATRY Card przetestujesz najwi\u0119ksze atrakcje w Tatrach. Wiosna w Tatrach b\u0119dzie udana!<\/p>\n","protected":false},"author":2,"featured_media":16531,"parent":0,"menu_order":0,"comment_status":"closed","ping_status":"closed","template":"template-simple-page.php","meta":{"footnotes":""},"class_list":["post-16548","page","type-page","status-publish","has-post-thumbnail","hentry"],"_links":{"self":[{"href":"https:\/\/regiontatry.sk\/pl\/wp-json\/wp\/v2\/pages\/16548"}],"collection":[{"href":"https:\/\/regiontatry.sk\/pl\/wp-json\/wp\/v2\/pages"}],"about":[{"href":"https:\/\/regiontatry.sk\/pl\/wp-json\/wp\/v2\/types\/page"}],"author":[{"embeddable":true,"href":"https:\/\/regiontatry.sk\/pl\/wp-json\/wp\/v2\/users\/2"}],"replies":[{"embeddable":true,"href":"https:\/\/regiontatry.sk\/pl\/wp-json\/wp\/v2\/comments?post=16548"}],"version-history":[{"count":2,"href":"https:\/\/regiontatry.sk\/pl\/wp-json\/wp\/v2\/pages\/16548\/revisions"}],"predecessor-version":[{"id":16565,"href":"https:\/\/regiontatry.sk\/pl\/wp-json\/wp\/v2\/pages\/16548\/revisions\/16565"}],"wp:featuredmedia":[{"embeddable":true,"href":"https:\/\/regiontatry.sk\/pl\/wp-json\/wp\/v2\/media\/16531"}],"wp:attachment":[{"href":"https:\/\/regiontatry.sk\/pl\/wp-json\/wp\/v2\/media?parent=16548"}],"curies":[{"name":"wp","href":"https:\/\/api.w.org\/{rel}","templated":true}]}}